{"id":6485,"date":"2025-04-09T11:59:04","date_gmt":"2025-04-09T09:59:04","guid":{"rendered":"https:\/\/limpol.pl\/?post_type=product&#038;p=6485"},"modified":"2026-01-29T12:07:58","modified_gmt":"2026-01-29T11:07:58","slug":"grated-horseradish-1000g-bucket-vera","status":"publish","type":"product","link":"https:\/\/limpol.pl\/en\/products\/grated-horseradish-1000g-bucket-vera\/","title":{"rendered":"Grated horseradish, 1000g bucket, Vera"},"content":{"rendered":"<p>VERA horseradish in a bucket is a strong, natural grated horseradish created with the catering industry in mind. Ideal for meats, cold cuts and sauces - reliable in the professional kitchen.<br \/>\nPacked in practical, economical XL packaging, it provides convenience, consistent quality and high performance. Free from preservatives and artificial additives. Proven sharpness. A sure choice for a kitchen that operates at full capacity.<\/p>","protected":false},"excerpt":{"rendered":"<p>VERA horseradish in a bucket is a strong, natural grated horseradish created with the catering industry in mind. Ideal for meats, meats and sauces - reliable in the professional kitchen. Packaged in a practical, economical XL pack, it provides convenience, consistent quality and high performance. Free from preservatives and artificial additives. Proven sharpness. A sure choice for a kitchen that operates at full capacity.<\/p>","protected":false},"featured_media":6486,"template":"","meta":[],"product_brand":[],"product_cat":[57,263],"product_tag":[],"class_list":{"0":"post-6485","1":"product","2":"type-product","3":"status-publish","4":"has-post-thumbnail","6":"product_cat-produkty-vera","7":"product_cat-przetwory-warzywne","8":"pa_atrybut-detal-horeca-horeca","9":"pa_ilosc-sztuk-na-palecie-864","10":"pa_masa-netto-1000g","11":"pa_sztuk-w-kartonie-6-en","13":"first","14":"instock","15":"product-type-simple"},"yoast_head":"<!-- This site is optimized with the Yoast SEO plugin v27.3 - https:\/\/yoast.com\/product\/yoast-seo-wordpress\/ -->\n<title>Chrzan tarty, wiaderko 1000g, Vera - Limpol - Dystrybutor produkt\u00f3w spo\u017cywczych | Import Eksport<\/title>\n<meta name=\"robots\" content=\"index, follow, max-snippet:-1, max-image-preview:large, max-video-preview:-1\" \/>\n<link rel=\"canonical\" href=\"https:\/\/limpol.pl\/en\/products\/grated-horseradish-1000g-bucket-vera\/\" \/>\n<meta property=\"og:locale\" content=\"en_GB\" \/>\n<meta property=\"og:type\" content=\"article\" \/>\n<meta property=\"og:title\" content=\"Chrzan tarty, wiaderko 1000g, Vera - Limpol - Dystrybutor produkt\u00f3w spo\u017cywczych | Import Eksport\" \/>\n<meta property=\"og:description\" content=\"Chrzan VERA w wiaderku to mocny, naturalny chrzan tarty stworzony z my\u015bl\u0105 o gastronomii. Idealny do mi\u0119s, w\u0119dlin i sos\u00f3w \u2013 niezawodny w kuchni profesjonalnej. Pakowany w praktyczne, ekonomiczne opakowanie XL, zapewnia wygod\u0119, sta\u0142\u0105 jako\u015b\u0107 i wysok\u0105 wydajno\u015b\u0107. Bez konserwant\u00f3w i sztucznych dodatk\u00f3w. Sprawdzona ostro\u015b\u0107. Pewny wyb\u00f3r dla kuchni, kt\u00f3ra dzia\u0142a na pe\u0142nych obrotach.\" \/>\n<meta property=\"og:url\" content=\"https:\/\/limpol.pl\/en\/products\/grated-horseradish-1000g-bucket-vera\/\" \/>\n<meta property=\"og:site_name\" content=\"Limpol - Dystrybutor produkt\u00f3w spo\u017cywczych | Import Eksport\" \/>\n<meta property=\"article:publisher\" content=\"https:\/\/www.facebook.com\/firmalimpol\/\" \/>\n<meta property=\"article:modified_time\" content=\"2026-01-29T11:07:58+00:00\" \/>\n<meta property=\"og:image\" content=\"https:\/\/limpol.pl\/wp-content\/uploads\/2025\/04\/tarty-chrzan.webp\" \/>\n\t<meta property=\"og:image:width\" content=\"1000\" \/>\n\t<meta property=\"og:image:height\" content=\"1000\" \/>\n\t<meta property=\"og:image:type\" content=\"image\/webp\" \/>\n<meta name=\"twitter:card\" content=\"summary_large_image\" \/>\n<meta name=\"twitter:label1\" content=\"Estimated reading time\" \/>\n\t<meta name=\"twitter:data1\" content=\"1 minute\" \/>\n<script type=\"application\/ld+json\" class=\"yoast-schema-graph\">{\"@context\":\"https:\\\/\\\/schema.org\",\"@graph\":[{\"@type\":\"WebPage\",\"@id\":\"https:\\\/\\\/limpol.pl\\\/produkty\\\/chrzan-tarty-wiaderko-1000g-vera\\\/\",\"url\":\"https:\\\/\\\/limpol.pl\\\/produkty\\\/chrzan-tarty-wiaderko-1000g-vera\\\/\",\"name\":\"Chrzan tarty, wiaderko 1000g, Vera - Limpol - Dystrybutor produkt\u00f3w spo\u017cywczych | Import Eksport\",\"isPartOf\":{\"@id\":\"https:\\\/\\\/limpol.pl\\\/#website\"},\"primaryImageOfPage\":{\"@id\":\"https:\\\/\\\/limpol.pl\\\/produkty\\\/chrzan-tarty-wiaderko-1000g-vera\\\/#primaryimage\"},\"image\":{\"@id\":\"https:\\\/\\\/limpol.pl\\\/produkty\\\/chrzan-tarty-wiaderko-1000g-vera\\\/#primaryimage\"},\"thumbnailUrl\":\"https:\\\/\\\/limpol.pl\\\/wp-content\\\/uploads\\\/2025\\\/04\\\/tarty-chrzan.webp\",\"datePublished\":\"2025-04-09T09:59:04+00:00\",\"dateModified\":\"2026-01-29T11:07:58+00:00\",\"breadcrumb\":{\"@id\":\"https:\\\/\\\/limpol.pl\\\/produkty\\\/chrzan-tarty-wiaderko-1000g-vera\\\/#breadcrumb\"},\"inLanguage\":\"en-GB\",\"potentialAction\":[{\"@type\":\"ReadAction\",\"target\":[\"https:\\\/\\\/limpol.pl\\\/produkty\\\/chrzan-tarty-wiaderko-1000g-vera\\\/\"]}]},{\"@type\":\"ImageObject\",\"inLanguage\":\"en-GB\",\"@id\":\"https:\\\/\\\/limpol.pl\\\/produkty\\\/chrzan-tarty-wiaderko-1000g-vera\\\/#primaryimage\",\"url\":\"https:\\\/\\\/limpol.pl\\\/wp-content\\\/uploads\\\/2025\\\/04\\\/tarty-chrzan.webp\",\"contentUrl\":\"https:\\\/\\\/limpol.pl\\\/wp-content\\\/uploads\\\/2025\\\/04\\\/tarty-chrzan.webp\",\"width\":1000,\"height\":1000},{\"@type\":\"BreadcrumbList\",\"@id\":\"https:\\\/\\\/limpol.pl\\\/produkty\\\/chrzan-tarty-wiaderko-1000g-vera\\\/#breadcrumb\",\"itemListElement\":[{\"@type\":\"ListItem\",\"position\":1,\"name\":\"Strona g\u0142\u00f3wna\",\"item\":\"https:\\\/\\\/limpol.pl\\\/\"},{\"@type\":\"ListItem\",\"position\":2,\"name\":\"Produkty\",\"item\":\"https:\\\/\\\/limpol.pl\\\/shop\\\/\"},{\"@type\":\"ListItem\",\"position\":3,\"name\":\"Chrzan tarty, wiaderko 1000g, Vera\"}]},{\"@type\":\"WebSite\",\"@id\":\"https:\\\/\\\/limpol.pl\\\/#website\",\"url\":\"https:\\\/\\\/limpol.pl\\\/\",\"name\":\"Limpol - Dystrybutor produkt\u00f3w spo\u017cywczych | Import Eksport\",\"description\":\"Importer i eksporter produkt\u00f3w spo\u017cywczych\",\"potentialAction\":[{\"@type\":\"SearchAction\",\"target\":{\"@type\":\"EntryPoint\",\"urlTemplate\":\"https:\\\/\\\/limpol.pl\\\/?s={search_term_string}\"},\"query-input\":{\"@type\":\"PropertyValueSpecification\",\"valueRequired\":true,\"valueName\":\"search_term_string\"}}],\"inLanguage\":\"en-GB\"}]}<\/script>\n<!-- \/ Yoast SEO plugin. -->","yoast_head_json":{"title":"Grated horseradish, 1000g bucket, Vera - Limpol - Distributor of food products | Import Export","robots":{"index":"index","follow":"follow","max-snippet":"max-snippet:-1","max-image-preview":"max-image-preview:large","max-video-preview":"max-video-preview:-1"},"canonical":"https:\/\/limpol.pl\/en\/products\/grated-horseradish-1000g-bucket-vera\/","og_locale":"en_GB","og_type":"article","og_title":"Chrzan tarty, wiaderko 1000g, Vera - Limpol - Dystrybutor produkt\u00f3w spo\u017cywczych | Import Eksport","og_description":"Chrzan VERA w wiaderku to mocny, naturalny chrzan tarty stworzony z my\u015bl\u0105 o gastronomii. Idealny do mi\u0119s, w\u0119dlin i sos\u00f3w \u2013 niezawodny w kuchni profesjonalnej. Pakowany w praktyczne, ekonomiczne opakowanie XL, zapewnia wygod\u0119, sta\u0142\u0105 jako\u015b\u0107 i wysok\u0105 wydajno\u015b\u0107. Bez konserwant\u00f3w i sztucznych dodatk\u00f3w. Sprawdzona ostro\u015b\u0107. Pewny wyb\u00f3r dla kuchni, kt\u00f3ra dzia\u0142a na pe\u0142nych obrotach.","og_url":"https:\/\/limpol.pl\/en\/products\/grated-horseradish-1000g-bucket-vera\/","og_site_name":"Limpol - Dystrybutor produkt\u00f3w spo\u017cywczych | Import Eksport","article_publisher":"https:\/\/www.facebook.com\/firmalimpol\/","article_modified_time":"2026-01-29T11:07:58+00:00","og_image":[{"width":1000,"height":1000,"url":"https:\/\/limpol.pl\/wp-content\/uploads\/2025\/04\/tarty-chrzan.webp","type":"image\/webp"}],"twitter_card":"summary_large_image","twitter_misc":{"Estimated reading time":"1 minute"},"schema":{"@context":"https:\/\/schema.org","@graph":[{"@type":"WebPage","@id":"https:\/\/limpol.pl\/produkty\/chrzan-tarty-wiaderko-1000g-vera\/","url":"https:\/\/limpol.pl\/produkty\/chrzan-tarty-wiaderko-1000g-vera\/","name":"Grated horseradish, 1000g bucket, Vera - Limpol - Distributor of food products | Import Export","isPartOf":{"@id":"https:\/\/limpol.pl\/#website"},"primaryImageOfPage":{"@id":"https:\/\/limpol.pl\/produkty\/chrzan-tarty-wiaderko-1000g-vera\/#primaryimage"},"image":{"@id":"https:\/\/limpol.pl\/produkty\/chrzan-tarty-wiaderko-1000g-vera\/#primaryimage"},"thumbnailUrl":"https:\/\/limpol.pl\/wp-content\/uploads\/2025\/04\/tarty-chrzan.webp","datePublished":"2025-04-09T09:59:04+00:00","dateModified":"2026-01-29T11:07:58+00:00","breadcrumb":{"@id":"https:\/\/limpol.pl\/produkty\/chrzan-tarty-wiaderko-1000g-vera\/#breadcrumb"},"inLanguage":"en-GB","potentialAction":[{"@type":"ReadAction","target":["https:\/\/limpol.pl\/produkty\/chrzan-tarty-wiaderko-1000g-vera\/"]}]},{"@type":"ImageObject","inLanguage":"en-GB","@id":"https:\/\/limpol.pl\/produkty\/chrzan-tarty-wiaderko-1000g-vera\/#primaryimage","url":"https:\/\/limpol.pl\/wp-content\/uploads\/2025\/04\/tarty-chrzan.webp","contentUrl":"https:\/\/limpol.pl\/wp-content\/uploads\/2025\/04\/tarty-chrzan.webp","width":1000,"height":1000},{"@type":"BreadcrumbList","@id":"https:\/\/limpol.pl\/produkty\/chrzan-tarty-wiaderko-1000g-vera\/#breadcrumb","itemListElement":[{"@type":"ListItem","position":1,"name":"Strona g\u0142\u00f3wna","item":"https:\/\/limpol.pl\/"},{"@type":"ListItem","position":2,"name":"Produkty","item":"https:\/\/limpol.pl\/shop\/"},{"@type":"ListItem","position":3,"name":"Chrzan tarty, wiaderko 1000g, Vera"}]},{"@type":"WebSite","@id":"https:\/\/limpol.pl\/#website","url":"https:\/\/limpol.pl\/","name":"Limpol - Distributor of food products | Import Export","description":"Importer and exporter of food products","potentialAction":[{"@type":"SearchAction","target":{"@type":"EntryPoint","urlTemplate":"https:\/\/limpol.pl\/?s={search_term_string}"},"query-input":{"@type":"PropertyValueSpecification","valueRequired":true,"valueName":"search_term_string"}}],"inLanguage":"en-GB"}]}},"_links":{"self":[{"href":"https:\/\/limpol.pl\/en\/wp-json\/wp\/v2\/product\/6485","targetHints":{"allow":["GET"]}}],"collection":[{"href":"https:\/\/limpol.pl\/en\/wp-json\/wp\/v2\/product"}],"about":[{"href":"https:\/\/limpol.pl\/en\/wp-json\/wp\/v2\/types\/product"}],"wp:featuredmedia":[{"embeddable":true,"href":"https:\/\/limpol.pl\/en\/wp-json\/wp\/v2\/media\/6486"}],"wp:attachment":[{"href":"https:\/\/limpol.pl\/en\/wp-json\/wp\/v2\/media?parent=6485"}],"wp:term":[{"taxonomy":"product_brand","embeddable":true,"href":"https:\/\/limpol.pl\/en\/wp-json\/wp\/v2\/product_brand?post=6485"},{"taxonomy":"product_cat","embeddable":true,"href":"https:\/\/limpol.pl\/en\/wp-json\/wp\/v2\/product_cat?post=6485"},{"taxonomy":"product_tag","embeddable":true,"href":"https:\/\/limpol.pl\/en\/wp-json\/wp\/v2\/product_tag?post=6485"}],"curies":[{"name":"wp","href":"https:\/\/api.w.org\/{rel}","templated":true}]}}