{"id":6489,"date":"2025-04-09T12:40:19","date_gmt":"2025-04-09T10:40:19","guid":{"rendered":"https:\/\/limpol.pl\/?post_type=product&#038;p=6489"},"modified":"2026-01-29T12:07:42","modified_gmt":"2026-01-29T11:07:42","slug":"spiced-courgettes-in-jar-860-470g-vera","status":"publish","type":"product","link":"https:\/\/limpol.pl\/en\/products\/spiced-courgettes-in-jar-860-470g-vera\/","title":{"rendered":"Patisons in marinade with spices, 860\/470g jar, VERA"},"content":{"rendered":"<p>Patisons are vegetables from the cucurbit family, prized for their delicate flavour, decorative appearance and exceptional crunchiness.  Encased in an aromatic vinegar marinade, they are an ideal addition to cold dishes, starters, buffets and catering compositions. Patisons in marinade by VERA are a product created with catering in mind - in a large 1-litre jar, ready to use, durable and convenient to serve. Thanks to their stable recipe, they are perfect for both classic Polish cuisine and modern culinary proposals.<\/p>","protected":false},"excerpt":{"rendered":"<p>Patisony to warzywa z rodziny dyniowatych, cenione za sw\u00f3j delikatny smak, dekoracyjny wygl\u0105d i wyj\u0105tkow\u0105 chrupko\u015b\u0107. \u00a0Zamkni\u0119te w aromatycznej zalewie octowej, stanowi\u0105 idealny dodatek do da\u0144 zimnych, przystawek, bufet\u00f3w i kompozycji cateringowych. Patisony w zalewie marki VERA to produkt stworzony z my\u015bl\u0105 o gastronomii \u2013 w du\u017cym, 1-litrowym s\u0142oiku, gotowe do u\u017cycia, trwa\u0142e i wygodne [&hellip;]<\/p>\n","protected":false},"featured_media":6490,"template":"","meta":[],"product_brand":[],"product_cat":[57,263],"product_tag":[],"class_list":{"0":"post-6489","1":"product","2":"type-product","3":"status-publish","4":"has-post-thumbnail","6":"product_cat-produkty-vera","7":"product_cat-przetwory-warzywne","8":"pa_atrybut-detal-horeca-horeca","9":"pa_ilosc-sztuk-na-palecie-167","10":"pa_masa-netto-860g","11":"pa_masa-po-odsaczeniu-470g","12":"pa_sztuk-w-kartonie-6-en","14":"first","15":"instock","16":"product-type-simple"},"yoast_head":"<!-- This site is optimized with the Yoast SEO plugin v27.3 - https:\/\/yoast.com\/product\/yoast-seo-wordpress\/ -->\n<title>Patisony w zalewie z przyprawami, s\u0142oik 860\/470g, VERA - Limpol - Dystrybutor produkt\u00f3w spo\u017cywczych | Import Eksport<\/title>\n<meta name=\"robots\" content=\"index, follow, max-snippet:-1, max-image-preview:large, max-video-preview:-1\" \/>\n<link rel=\"canonical\" href=\"https:\/\/limpol.pl\/en\/products\/spiced-courgettes-in-jar-860-470g-vera\/\" \/>\n<meta property=\"og:locale\" content=\"en_GB\" \/>\n<meta property=\"og:type\" content=\"article\" \/>\n<meta property=\"og:title\" content=\"Patisony w zalewie z przyprawami, s\u0142oik 860\/470g, VERA - Limpol - Dystrybutor produkt\u00f3w spo\u017cywczych | Import Eksport\" \/>\n<meta property=\"og:description\" content=\"Patisony to warzywa z rodziny dyniowatych, cenione za sw\u00f3j delikatny smak, dekoracyjny wygl\u0105d i wyj\u0105tkow\u0105 chrupko\u015b\u0107. \u00a0Zamkni\u0119te w aromatycznej zalewie octowej, stanowi\u0105 idealny dodatek do da\u0144 zimnych, przystawek, bufet\u00f3w i kompozycji cateringowych. Patisony w zalewie marki VERA to produkt stworzony z my\u015bl\u0105 o gastronomii \u2013 w du\u017cym, 1-litrowym s\u0142oiku, gotowe do u\u017cycia, trwa\u0142e i wygodne [&hellip;]\" \/>\n<meta property=\"og:url\" content=\"https:\/\/limpol.pl\/en\/products\/spiced-courgettes-in-jar-860-470g-vera\/\" \/>\n<meta property=\"og:site_name\" content=\"Limpol - Dystrybutor produkt\u00f3w spo\u017cywczych | Import Eksport\" \/>\n<meta property=\"article:publisher\" content=\"https:\/\/www.facebook.com\/firmalimpol\/\" \/>\n<meta property=\"article:modified_time\" content=\"2026-01-29T11:07:42+00:00\" \/>\n<meta property=\"og:image\" content=\"https:\/\/limpol.pl\/wp-content\/uploads\/2025\/04\/patisony.webp\" \/>\n\t<meta property=\"og:image:width\" content=\"1000\" \/>\n\t<meta property=\"og:image:height\" content=\"1000\" \/>\n\t<meta property=\"og:image:type\" content=\"image\/webp\" \/>\n<meta name=\"twitter:card\" content=\"summary_large_image\" \/>\n<meta name=\"twitter:label1\" content=\"Estimated reading time\" \/>\n\t<meta name=\"twitter:data1\" content=\"1 minute\" \/>\n<script type=\"application\/ld+json\" class=\"yoast-schema-graph\">{\"@context\":\"https:\\\/\\\/schema.org\",\"@graph\":[{\"@type\":\"WebPage\",\"@id\":\"https:\\\/\\\/limpol.pl\\\/produkty\\\/patisony-w-zalewie-z-przyprawami-sloik-860-470g-vera\\\/\",\"url\":\"https:\\\/\\\/limpol.pl\\\/produkty\\\/patisony-w-zalewie-z-przyprawami-sloik-860-470g-vera\\\/\",\"name\":\"Patisony w zalewie z przyprawami, s\u0142oik 860\\\/470g, VERA - Limpol - Dystrybutor produkt\u00f3w spo\u017cywczych | Import Eksport\",\"isPartOf\":{\"@id\":\"https:\\\/\\\/limpol.pl\\\/#website\"},\"primaryImageOfPage\":{\"@id\":\"https:\\\/\\\/limpol.pl\\\/produkty\\\/patisony-w-zalewie-z-przyprawami-sloik-860-470g-vera\\\/#primaryimage\"},\"image\":{\"@id\":\"https:\\\/\\\/limpol.pl\\\/produkty\\\/patisony-w-zalewie-z-przyprawami-sloik-860-470g-vera\\\/#primaryimage\"},\"thumbnailUrl\":\"https:\\\/\\\/limpol.pl\\\/wp-content\\\/uploads\\\/2025\\\/04\\\/patisony.webp\",\"datePublished\":\"2025-04-09T10:40:19+00:00\",\"dateModified\":\"2026-01-29T11:07:42+00:00\",\"breadcrumb\":{\"@id\":\"https:\\\/\\\/limpol.pl\\\/produkty\\\/patisony-w-zalewie-z-przyprawami-sloik-860-470g-vera\\\/#breadcrumb\"},\"inLanguage\":\"en-GB\",\"potentialAction\":[{\"@type\":\"ReadAction\",\"target\":[\"https:\\\/\\\/limpol.pl\\\/produkty\\\/patisony-w-zalewie-z-przyprawami-sloik-860-470g-vera\\\/\"]}]},{\"@type\":\"ImageObject\",\"inLanguage\":\"en-GB\",\"@id\":\"https:\\\/\\\/limpol.pl\\\/produkty\\\/patisony-w-zalewie-z-przyprawami-sloik-860-470g-vera\\\/#primaryimage\",\"url\":\"https:\\\/\\\/limpol.pl\\\/wp-content\\\/uploads\\\/2025\\\/04\\\/patisony.webp\",\"contentUrl\":\"https:\\\/\\\/limpol.pl\\\/wp-content\\\/uploads\\\/2025\\\/04\\\/patisony.webp\",\"width\":1000,\"height\":1000},{\"@type\":\"BreadcrumbList\",\"@id\":\"https:\\\/\\\/limpol.pl\\\/produkty\\\/patisony-w-zalewie-z-przyprawami-sloik-860-470g-vera\\\/#breadcrumb\",\"itemListElement\":[{\"@type\":\"ListItem\",\"position\":1,\"name\":\"Strona g\u0142\u00f3wna\",\"item\":\"https:\\\/\\\/limpol.pl\\\/\"},{\"@type\":\"ListItem\",\"position\":2,\"name\":\"Produkty\",\"item\":\"https:\\\/\\\/limpol.pl\\\/shop\\\/\"},{\"@type\":\"ListItem\",\"position\":3,\"name\":\"Patisony w zalewie z przyprawami, s\u0142oik 860\\\/470g, VERA\"}]},{\"@type\":\"WebSite\",\"@id\":\"https:\\\/\\\/limpol.pl\\\/#website\",\"url\":\"https:\\\/\\\/limpol.pl\\\/\",\"name\":\"Limpol - Dystrybutor produkt\u00f3w spo\u017cywczych | Import Eksport\",\"description\":\"Importer i eksporter produkt\u00f3w spo\u017cywczych\",\"potentialAction\":[{\"@type\":\"SearchAction\",\"target\":{\"@type\":\"EntryPoint\",\"urlTemplate\":\"https:\\\/\\\/limpol.pl\\\/?s={search_term_string}\"},\"query-input\":{\"@type\":\"PropertyValueSpecification\",\"valueRequired\":true,\"valueName\":\"search_term_string\"}}],\"inLanguage\":\"en-GB\"}]}<\/script>\n<!-- \/ Yoast SEO plugin. -->","yoast_head_json":{"title":"Patisons in marinade with spices, 860\/470g jar, VERA - Limpol - Distributor of food products | Import Export","robots":{"index":"index","follow":"follow","max-snippet":"max-snippet:-1","max-image-preview":"max-image-preview:large","max-video-preview":"max-video-preview:-1"},"canonical":"https:\/\/limpol.pl\/en\/products\/spiced-courgettes-in-jar-860-470g-vera\/","og_locale":"en_GB","og_type":"article","og_title":"Patisony w zalewie z przyprawami, s\u0142oik 860\/470g, VERA - Limpol - Dystrybutor produkt\u00f3w spo\u017cywczych | Import Eksport","og_description":"Patisony to warzywa z rodziny dyniowatych, cenione za sw\u00f3j delikatny smak, dekoracyjny wygl\u0105d i wyj\u0105tkow\u0105 chrupko\u015b\u0107. \u00a0Zamkni\u0119te w aromatycznej zalewie octowej, stanowi\u0105 idealny dodatek do da\u0144 zimnych, przystawek, bufet\u00f3w i kompozycji cateringowych. Patisony w zalewie marki VERA to produkt stworzony z my\u015bl\u0105 o gastronomii \u2013 w du\u017cym, 1-litrowym s\u0142oiku, gotowe do u\u017cycia, trwa\u0142e i wygodne [&hellip;]","og_url":"https:\/\/limpol.pl\/en\/products\/spiced-courgettes-in-jar-860-470g-vera\/","og_site_name":"Limpol - Dystrybutor produkt\u00f3w spo\u017cywczych | Import Eksport","article_publisher":"https:\/\/www.facebook.com\/firmalimpol\/","article_modified_time":"2026-01-29T11:07:42+00:00","og_image":[{"width":1000,"height":1000,"url":"https:\/\/limpol.pl\/wp-content\/uploads\/2025\/04\/patisony.webp","type":"image\/webp"}],"twitter_card":"summary_large_image","twitter_misc":{"Estimated reading time":"1 minute"},"schema":{"@context":"https:\/\/schema.org","@graph":[{"@type":"WebPage","@id":"https:\/\/limpol.pl\/produkty\/patisony-w-zalewie-z-przyprawami-sloik-860-470g-vera\/","url":"https:\/\/limpol.pl\/produkty\/patisony-w-zalewie-z-przyprawami-sloik-860-470g-vera\/","name":"Patisons in marinade with spices, 860\/470g jar, VERA - Limpol - Distributor of food products | Import Export","isPartOf":{"@id":"https:\/\/limpol.pl\/#website"},"primaryImageOfPage":{"@id":"https:\/\/limpol.pl\/produkty\/patisony-w-zalewie-z-przyprawami-sloik-860-470g-vera\/#primaryimage"},"image":{"@id":"https:\/\/limpol.pl\/produkty\/patisony-w-zalewie-z-przyprawami-sloik-860-470g-vera\/#primaryimage"},"thumbnailUrl":"https:\/\/limpol.pl\/wp-content\/uploads\/2025\/04\/patisony.webp","datePublished":"2025-04-09T10:40:19+00:00","dateModified":"2026-01-29T11:07:42+00:00","breadcrumb":{"@id":"https:\/\/limpol.pl\/produkty\/patisony-w-zalewie-z-przyprawami-sloik-860-470g-vera\/#breadcrumb"},"inLanguage":"en-GB","potentialAction":[{"@type":"ReadAction","target":["https:\/\/limpol.pl\/produkty\/patisony-w-zalewie-z-przyprawami-sloik-860-470g-vera\/"]}]},{"@type":"ImageObject","inLanguage":"en-GB","@id":"https:\/\/limpol.pl\/produkty\/patisony-w-zalewie-z-przyprawami-sloik-860-470g-vera\/#primaryimage","url":"https:\/\/limpol.pl\/wp-content\/uploads\/2025\/04\/patisony.webp","contentUrl":"https:\/\/limpol.pl\/wp-content\/uploads\/2025\/04\/patisony.webp","width":1000,"height":1000},{"@type":"BreadcrumbList","@id":"https:\/\/limpol.pl\/produkty\/patisony-w-zalewie-z-przyprawami-sloik-860-470g-vera\/#breadcrumb","itemListElement":[{"@type":"ListItem","position":1,"name":"Strona g\u0142\u00f3wna","item":"https:\/\/limpol.pl\/"},{"@type":"ListItem","position":2,"name":"Produkty","item":"https:\/\/limpol.pl\/shop\/"},{"@type":"ListItem","position":3,"name":"Patisony w zalewie z przyprawami, s\u0142oik 860\/470g, VERA"}]},{"@type":"WebSite","@id":"https:\/\/limpol.pl\/#website","url":"https:\/\/limpol.pl\/","name":"Limpol - Distributor of food products | Import Export","description":"Importer and exporter of food products","potentialAction":[{"@type":"SearchAction","target":{"@type":"EntryPoint","urlTemplate":"https:\/\/limpol.pl\/?s={search_term_string}"},"query-input":{"@type":"PropertyValueSpecification","valueRequired":true,"valueName":"search_term_string"}}],"inLanguage":"en-GB"}]}},"_links":{"self":[{"href":"https:\/\/limpol.pl\/en\/wp-json\/wp\/v2\/product\/6489","targetHints":{"allow":["GET"]}}],"collection":[{"href":"https:\/\/limpol.pl\/en\/wp-json\/wp\/v2\/product"}],"about":[{"href":"https:\/\/limpol.pl\/en\/wp-json\/wp\/v2\/types\/product"}],"wp:featuredmedia":[{"embeddable":true,"href":"https:\/\/limpol.pl\/en\/wp-json\/wp\/v2\/media\/6490"}],"wp:attachment":[{"href":"https:\/\/limpol.pl\/en\/wp-json\/wp\/v2\/media?parent=6489"}],"wp:term":[{"taxonomy":"product_brand","embeddable":true,"href":"https:\/\/limpol.pl\/en\/wp-json\/wp\/v2\/product_brand?post=6489"},{"taxonomy":"product_cat","embeddable":true,"href":"https:\/\/limpol.pl\/en\/wp-json\/wp\/v2\/product_cat?post=6489"},{"taxonomy":"product_tag","embeddable":true,"href":"https:\/\/limpol.pl\/en\/wp-json\/wp\/v2\/product_tag?post=6489"}],"curies":[{"name":"wp","href":"https:\/\/api.w.org\/{rel}","templated":true}]}}