{"id":6558,"date":"2025-08-21T16:03:29","date_gmt":"2025-08-21T14:03:29","guid":{"rendered":"https:\/\/limpol.pl\/?post_type=product&#038;p=6558"},"modified":"2026-01-29T11:46:58","modified_gmt":"2026-01-29T10:46:58","slug":"cherry-peppers-stuffed-with-cheese-in-oil-1200g","status":"publish","type":"product","link":"https:\/\/limpol.pl\/en\/products\/cherry-peppers-stuffed-with-cheese-in-oil-1200g\/","title":{"rendered":"Cheese-stuffed cherry peppers in oil 1200g"},"content":{"rendered":"<p>Miniature cherry peppers of intense colour and delicate spiciness. Imported from Greece, filled with cheese stuffing and marinated in oil, they make an impressive and tasty addition to antipasti, sandwiches or tapas. The product is dedicated to the catering industry in a large convenient pack.<\/p>","protected":false},"excerpt":{"rendered":"<p>Miniature cherry peppers of intense colour and delicate spiciness. Imported from Greece, filled with cheese stuffing and marinated in oil, they make an impressive and tasty addition to antipasti, sandwiches or tapas. The product is dedicated to the catering industry in a large convenient pack.<\/p>","protected":false},"featured_media":6562,"template":"","meta":[],"product_brand":[],"product_cat":[855],"product_tag":[],"class_list":{"0":"post-6558","1":"product","2":"type-product","3":"status-publish","4":"has-post-thumbnail","6":"product_cat-przetwory-warzywne-produkty-brandowe","7":"pa_atrybut-detal-horeca-horeca","8":"pa_ilosc-sztuk-na-palecie-870","9":"pa_masa-netto-869","10":"pa_sztuk-w-kartonie-788","12":"first","13":"instock","14":"product-type-simple"},"yoast_head":"<!-- This site is optimized with the Yoast SEO plugin v27.3 - https:\/\/yoast.com\/product\/yoast-seo-wordpress\/ -->\n<title>Czere\u015bniowe papryczki nadziewane serem w oleju 1200g - Limpol - Dystrybutor produkt\u00f3w spo\u017cywczych | Import Eksport<\/title>\n<meta name=\"robots\" content=\"index, follow, max-snippet:-1, max-image-preview:large, max-video-preview:-1\" \/>\n<link rel=\"canonical\" href=\"https:\/\/limpol.pl\/en\/products\/cherry-peppers-stuffed-with-cheese-in-oil-1200g\/\" \/>\n<meta property=\"og:locale\" content=\"en_GB\" \/>\n<meta property=\"og:type\" content=\"article\" \/>\n<meta property=\"og:title\" content=\"Czere\u015bniowe papryczki nadziewane serem w oleju 1200g - Limpol - Dystrybutor produkt\u00f3w spo\u017cywczych | Import Eksport\" \/>\n<meta property=\"og:description\" content=\"Miniaturowe, czere\u015bniowe papryczki o intensywnym kolorze i delikatnej pikanterii. Sprowadzane z Grecji, wype\u0142nione serowym farszem, marynowane w oleju, stanowi\u0105 efektowne i smaczne uzupe\u0142nienie antipasti, kanapek czy tapas. Produkt dedykujemy gastronomii w du\u017cym wygodnym opakowaniu.\" \/>\n<meta property=\"og:url\" content=\"https:\/\/limpol.pl\/en\/products\/cherry-peppers-stuffed-with-cheese-in-oil-1200g\/\" \/>\n<meta property=\"og:site_name\" content=\"Limpol - Dystrybutor produkt\u00f3w spo\u017cywczych | Import Eksport\" \/>\n<meta property=\"article:publisher\" content=\"https:\/\/www.facebook.com\/firmalimpol\/\" \/>\n<meta property=\"article:modified_time\" content=\"2026-01-29T10:46:58+00:00\" \/>\n<meta property=\"og:image\" content=\"https:\/\/limpol.pl\/wp-content\/uploads\/2025\/08\/limpol-antipasti-papryczki-czerwone.webp\" \/>\n\t<meta property=\"og:image:width\" content=\"1000\" \/>\n\t<meta property=\"og:image:height\" content=\"1000\" \/>\n\t<meta property=\"og:image:type\" content=\"image\/webp\" \/>\n<meta name=\"twitter:card\" content=\"summary_large_image\" \/>\n<meta name=\"twitter:label1\" content=\"Estimated reading time\" \/>\n\t<meta name=\"twitter:data1\" content=\"1 minute\" \/>\n<script type=\"application\/ld+json\" class=\"yoast-schema-graph\">{\"@context\":\"https:\\\/\\\/schema.org\",\"@graph\":[{\"@type\":\"WebPage\",\"@id\":\"https:\\\/\\\/limpol.pl\\\/produkty\\\/czeresniowe-papryczki-nadziewane-serem-w-oleju-1200g\\\/\",\"url\":\"https:\\\/\\\/limpol.pl\\\/produkty\\\/czeresniowe-papryczki-nadziewane-serem-w-oleju-1200g\\\/\",\"name\":\"Czere\u015bniowe papryczki nadziewane serem w oleju 1200g - Limpol - Dystrybutor produkt\u00f3w spo\u017cywczych | Import Eksport\",\"isPartOf\":{\"@id\":\"https:\\\/\\\/limpol.pl\\\/#website\"},\"primaryImageOfPage\":{\"@id\":\"https:\\\/\\\/limpol.pl\\\/produkty\\\/czeresniowe-papryczki-nadziewane-serem-w-oleju-1200g\\\/#primaryimage\"},\"image\":{\"@id\":\"https:\\\/\\\/limpol.pl\\\/produkty\\\/czeresniowe-papryczki-nadziewane-serem-w-oleju-1200g\\\/#primaryimage\"},\"thumbnailUrl\":\"https:\\\/\\\/limpol.pl\\\/wp-content\\\/uploads\\\/2025\\\/08\\\/limpol-antipasti-papryczki-czerwone.webp\",\"datePublished\":\"2025-08-21T14:03:29+00:00\",\"dateModified\":\"2026-01-29T10:46:58+00:00\",\"breadcrumb\":{\"@id\":\"https:\\\/\\\/limpol.pl\\\/produkty\\\/czeresniowe-papryczki-nadziewane-serem-w-oleju-1200g\\\/#breadcrumb\"},\"inLanguage\":\"en-GB\",\"potentialAction\":[{\"@type\":\"ReadAction\",\"target\":[\"https:\\\/\\\/limpol.pl\\\/produkty\\\/czeresniowe-papryczki-nadziewane-serem-w-oleju-1200g\\\/\"]}]},{\"@type\":\"ImageObject\",\"inLanguage\":\"en-GB\",\"@id\":\"https:\\\/\\\/limpol.pl\\\/produkty\\\/czeresniowe-papryczki-nadziewane-serem-w-oleju-1200g\\\/#primaryimage\",\"url\":\"https:\\\/\\\/limpol.pl\\\/wp-content\\\/uploads\\\/2025\\\/08\\\/limpol-antipasti-papryczki-czerwone.webp\",\"contentUrl\":\"https:\\\/\\\/limpol.pl\\\/wp-content\\\/uploads\\\/2025\\\/08\\\/limpol-antipasti-papryczki-czerwone.webp\",\"width\":1000,\"height\":1000},{\"@type\":\"BreadcrumbList\",\"@id\":\"https:\\\/\\\/limpol.pl\\\/produkty\\\/czeresniowe-papryczki-nadziewane-serem-w-oleju-1200g\\\/#breadcrumb\",\"itemListElement\":[{\"@type\":\"ListItem\",\"position\":1,\"name\":\"Strona g\u0142\u00f3wna\",\"item\":\"https:\\\/\\\/limpol.pl\\\/\"},{\"@type\":\"ListItem\",\"position\":2,\"name\":\"Produkty\",\"item\":\"https:\\\/\\\/limpol.pl\\\/shop\\\/\"},{\"@type\":\"ListItem\",\"position\":3,\"name\":\"Czere\u015bniowe papryczki nadziewane serem w oleju 1200g\"}]},{\"@type\":\"WebSite\",\"@id\":\"https:\\\/\\\/limpol.pl\\\/#website\",\"url\":\"https:\\\/\\\/limpol.pl\\\/\",\"name\":\"Limpol - Dystrybutor produkt\u00f3w spo\u017cywczych | Import Eksport\",\"description\":\"Importer i eksporter produkt\u00f3w spo\u017cywczych\",\"potentialAction\":[{\"@type\":\"SearchAction\",\"target\":{\"@type\":\"EntryPoint\",\"urlTemplate\":\"https:\\\/\\\/limpol.pl\\\/?s={search_term_string}\"},\"query-input\":{\"@type\":\"PropertyValueSpecification\",\"valueRequired\":true,\"valueName\":\"search_term_string\"}}],\"inLanguage\":\"en-GB\"}]}<\/script>\n<!-- \/ Yoast SEO plugin. -->","yoast_head_json":{"title":"Cherry peppers stuffed with cheese in oil 1200g - Limpol - Distributor of food products | Import Export","robots":{"index":"index","follow":"follow","max-snippet":"max-snippet:-1","max-image-preview":"max-image-preview:large","max-video-preview":"max-video-preview:-1"},"canonical":"https:\/\/limpol.pl\/en\/products\/cherry-peppers-stuffed-with-cheese-in-oil-1200g\/","og_locale":"en_GB","og_type":"article","og_title":"Czere\u015bniowe papryczki nadziewane serem w oleju 1200g - Limpol - Dystrybutor produkt\u00f3w spo\u017cywczych | Import Eksport","og_description":"Miniaturowe, czere\u015bniowe papryczki o intensywnym kolorze i delikatnej pikanterii. Sprowadzane z Grecji, wype\u0142nione serowym farszem, marynowane w oleju, stanowi\u0105 efektowne i smaczne uzupe\u0142nienie antipasti, kanapek czy tapas. Produkt dedykujemy gastronomii w du\u017cym wygodnym opakowaniu.","og_url":"https:\/\/limpol.pl\/en\/products\/cherry-peppers-stuffed-with-cheese-in-oil-1200g\/","og_site_name":"Limpol - Dystrybutor produkt\u00f3w spo\u017cywczych | Import Eksport","article_publisher":"https:\/\/www.facebook.com\/firmalimpol\/","article_modified_time":"2026-01-29T10:46:58+00:00","og_image":[{"width":1000,"height":1000,"url":"https:\/\/limpol.pl\/wp-content\/uploads\/2025\/08\/limpol-antipasti-papryczki-czerwone.webp","type":"image\/webp"}],"twitter_card":"summary_large_image","twitter_misc":{"Estimated reading time":"1 minute"},"schema":{"@context":"https:\/\/schema.org","@graph":[{"@type":"WebPage","@id":"https:\/\/limpol.pl\/produkty\/czeresniowe-papryczki-nadziewane-serem-w-oleju-1200g\/","url":"https:\/\/limpol.pl\/produkty\/czeresniowe-papryczki-nadziewane-serem-w-oleju-1200g\/","name":"Cherry peppers stuffed with cheese in oil 1200g - Limpol - Distributor of food products | Import Export","isPartOf":{"@id":"https:\/\/limpol.pl\/#website"},"primaryImageOfPage":{"@id":"https:\/\/limpol.pl\/produkty\/czeresniowe-papryczki-nadziewane-serem-w-oleju-1200g\/#primaryimage"},"image":{"@id":"https:\/\/limpol.pl\/produkty\/czeresniowe-papryczki-nadziewane-serem-w-oleju-1200g\/#primaryimage"},"thumbnailUrl":"https:\/\/limpol.pl\/wp-content\/uploads\/2025\/08\/limpol-antipasti-papryczki-czerwone.webp","datePublished":"2025-08-21T14:03:29+00:00","dateModified":"2026-01-29T10:46:58+00:00","breadcrumb":{"@id":"https:\/\/limpol.pl\/produkty\/czeresniowe-papryczki-nadziewane-serem-w-oleju-1200g\/#breadcrumb"},"inLanguage":"en-GB","potentialAction":[{"@type":"ReadAction","target":["https:\/\/limpol.pl\/produkty\/czeresniowe-papryczki-nadziewane-serem-w-oleju-1200g\/"]}]},{"@type":"ImageObject","inLanguage":"en-GB","@id":"https:\/\/limpol.pl\/produkty\/czeresniowe-papryczki-nadziewane-serem-w-oleju-1200g\/#primaryimage","url":"https:\/\/limpol.pl\/wp-content\/uploads\/2025\/08\/limpol-antipasti-papryczki-czerwone.webp","contentUrl":"https:\/\/limpol.pl\/wp-content\/uploads\/2025\/08\/limpol-antipasti-papryczki-czerwone.webp","width":1000,"height":1000},{"@type":"BreadcrumbList","@id":"https:\/\/limpol.pl\/produkty\/czeresniowe-papryczki-nadziewane-serem-w-oleju-1200g\/#breadcrumb","itemListElement":[{"@type":"ListItem","position":1,"name":"Strona g\u0142\u00f3wna","item":"https:\/\/limpol.pl\/"},{"@type":"ListItem","position":2,"name":"Produkty","item":"https:\/\/limpol.pl\/shop\/"},{"@type":"ListItem","position":3,"name":"Czere\u015bniowe papryczki nadziewane serem w oleju 1200g"}]},{"@type":"WebSite","@id":"https:\/\/limpol.pl\/#website","url":"https:\/\/limpol.pl\/","name":"Limpol - Distributor of food products | Import Export","description":"Importer and exporter of food products","potentialAction":[{"@type":"SearchAction","target":{"@type":"EntryPoint","urlTemplate":"https:\/\/limpol.pl\/?s={search_term_string}"},"query-input":{"@type":"PropertyValueSpecification","valueRequired":true,"valueName":"search_term_string"}}],"inLanguage":"en-GB"}]}},"_links":{"self":[{"href":"https:\/\/limpol.pl\/en\/wp-json\/wp\/v2\/product\/6558","targetHints":{"allow":["GET"]}}],"collection":[{"href":"https:\/\/limpol.pl\/en\/wp-json\/wp\/v2\/product"}],"about":[{"href":"https:\/\/limpol.pl\/en\/wp-json\/wp\/v2\/types\/product"}],"wp:featuredmedia":[{"embeddable":true,"href":"https:\/\/limpol.pl\/en\/wp-json\/wp\/v2\/media\/6562"}],"wp:attachment":[{"href":"https:\/\/limpol.pl\/en\/wp-json\/wp\/v2\/media?parent=6558"}],"wp:term":[{"taxonomy":"product_brand","embeddable":true,"href":"https:\/\/limpol.pl\/en\/wp-json\/wp\/v2\/product_brand?post=6558"},{"taxonomy":"product_cat","embeddable":true,"href":"https:\/\/limpol.pl\/en\/wp-json\/wp\/v2\/product_cat?post=6558"},{"taxonomy":"product_tag","embeddable":true,"href":"https:\/\/limpol.pl\/en\/wp-json\/wp\/v2\/product_tag?post=6558"}],"curies":[{"name":"wp","href":"https:\/\/api.w.org\/{rel}","templated":true}]}}