{"id":6638,"date":"2025-12-04T15:29:41","date_gmt":"2025-12-04T14:29:41","guid":{"rendered":"https:\/\/limpol.pl\/?post_type=product&#038;p=6638"},"modified":"2025-12-04T15:30:18","modified_gmt":"2025-12-04T14:30:18","slug":"golden-onions-in-pickle-860-g","status":"publish","type":"product","link":"https:\/\/limpol.pl\/en\/products\/golden-onions-in-pickle-860-g\/","title":{"rendered":"GOLDEN CEBULKA IN ZEWIE 860 g"},"content":{"rendered":"<p>Golden pickled onions are distinguished by their more intense aroma and striking colour, making them a great enhancement for dry dishes. Its distinctive flavour goes well with meats, burgers, toothpick appetizers, salads and street-food style dishes. The stable structure and uniform colouring make the product look great on the plate and in the buffet display. It is a convenient, ready-made solution for the catering industry to quickly enrich dishes with a sweet and sour note and an attractive appearance.<\/p>","protected":false},"excerpt":{"rendered":"<p>Cebulka z\u0142ocista w zalewie wyr\u00f3\u017cnia si\u0119 intensywniejszym aromatem i efektownym kolorem, dzi\u0119ki czemu \u015bwietnie podkre\u015bla charakter wytrawnych da\u0144. Jej wyrazisty smak doskonale pasuje do mi\u0119s, burger\u00f3w, koreczk\u00f3w, sa\u0142atek i potraw w stylu street-food. Stabilna struktura i jednolite wybarwienie sprawiaj\u0105, \u017ce produkt \u015bwietnie prezentuje si\u0119 na talerzu i w ekspozycji bufetowej. To wygodne, gotowe rozwi\u0105zanie dla [&hellip;]<\/p>\n","protected":false},"featured_media":6637,"template":"","meta":[],"product_brand":[],"product_cat":[785,57,263],"product_tag":[],"class_list":{"0":"post-6638","1":"product","2":"type-product","3":"status-publish","4":"has-post-thumbnail","6":"product_cat-nowe-produkty","7":"product_cat-produkty-vera","8":"product_cat-przetwory-warzywne","9":"pa_atrybut-detal-horeca-detalhoreca-en","10":"pa_masa-netto-860g","12":"first","13":"instock","14":"shipping-taxable","15":"product-type-simple"},"yoast_head":"<!-- This site is optimized with the Yoast SEO plugin v27.3 - https:\/\/yoast.com\/product\/yoast-seo-wordpress\/ -->\n<title>CEBULKA Z\u0141OCISTA W ZALEWIE 860 g - Limpol - Dystrybutor produkt\u00f3w spo\u017cywczych | Import Eksport<\/title>\n<meta name=\"robots\" content=\"index, follow, max-snippet:-1, max-image-preview:large, max-video-preview:-1\" \/>\n<link rel=\"canonical\" href=\"https:\/\/limpol.pl\/en\/products\/golden-onions-in-pickle-860-g\/\" \/>\n<meta property=\"og:locale\" content=\"en_GB\" \/>\n<meta property=\"og:type\" content=\"article\" \/>\n<meta property=\"og:title\" content=\"CEBULKA Z\u0141OCISTA W ZALEWIE 860 g - Limpol - Dystrybutor produkt\u00f3w spo\u017cywczych | Import Eksport\" \/>\n<meta property=\"og:description\" content=\"Cebulka z\u0142ocista w zalewie wyr\u00f3\u017cnia si\u0119 intensywniejszym aromatem i efektownym kolorem, dzi\u0119ki czemu \u015bwietnie podkre\u015bla charakter wytrawnych da\u0144. Jej wyrazisty smak doskonale pasuje do mi\u0119s, burger\u00f3w, koreczk\u00f3w, sa\u0142atek i potraw w stylu street-food. Stabilna struktura i jednolite wybarwienie sprawiaj\u0105, \u017ce produkt \u015bwietnie prezentuje si\u0119 na talerzu i w ekspozycji bufetowej. To wygodne, gotowe rozwi\u0105zanie dla [&hellip;]\" \/>\n<meta property=\"og:url\" content=\"https:\/\/limpol.pl\/en\/products\/golden-onions-in-pickle-860-g\/\" \/>\n<meta property=\"og:site_name\" content=\"Limpol - Dystrybutor produkt\u00f3w spo\u017cywczych | Import Eksport\" \/>\n<meta property=\"article:publisher\" content=\"https:\/\/www.facebook.com\/firmalimpol\/\" \/>\n<meta property=\"article:modified_time\" content=\"2025-12-04T14:30:18+00:00\" \/>\n<meta property=\"og:image\" content=\"https:\/\/limpol.pl\/wp-content\/uploads\/2025\/12\/cebulka-zlocista-nowosc.webp\" \/>\n\t<meta property=\"og:image:width\" content=\"1000\" \/>\n\t<meta property=\"og:image:height\" content=\"1000\" \/>\n\t<meta property=\"og:image:type\" content=\"image\/webp\" \/>\n<meta name=\"twitter:card\" content=\"summary_large_image\" \/>\n<meta name=\"twitter:label1\" content=\"Estimated reading time\" \/>\n\t<meta name=\"twitter:data1\" content=\"1 minute\" \/>\n<script type=\"application\/ld+json\" class=\"yoast-schema-graph\">{\"@context\":\"https:\\\/\\\/schema.org\",\"@graph\":[{\"@type\":\"WebPage\",\"@id\":\"https:\\\/\\\/limpol.pl\\\/produkty\\\/cebulka-zlocista-w-zalewie-860-g\\\/\",\"url\":\"https:\\\/\\\/limpol.pl\\\/produkty\\\/cebulka-zlocista-w-zalewie-860-g\\\/\",\"name\":\"CEBULKA Z\u0141OCISTA W ZALEWIE 860 g - Limpol - Dystrybutor produkt\u00f3w spo\u017cywczych | Import Eksport\",\"isPartOf\":{\"@id\":\"https:\\\/\\\/limpol.pl\\\/#website\"},\"primaryImageOfPage\":{\"@id\":\"https:\\\/\\\/limpol.pl\\\/produkty\\\/cebulka-zlocista-w-zalewie-860-g\\\/#primaryimage\"},\"image\":{\"@id\":\"https:\\\/\\\/limpol.pl\\\/produkty\\\/cebulka-zlocista-w-zalewie-860-g\\\/#primaryimage\"},\"thumbnailUrl\":\"https:\\\/\\\/limpol.pl\\\/wp-content\\\/uploads\\\/2025\\\/12\\\/cebulka-zlocista-nowosc.webp\",\"datePublished\":\"2025-12-04T14:29:41+00:00\",\"dateModified\":\"2025-12-04T14:30:18+00:00\",\"breadcrumb\":{\"@id\":\"https:\\\/\\\/limpol.pl\\\/produkty\\\/cebulka-zlocista-w-zalewie-860-g\\\/#breadcrumb\"},\"inLanguage\":\"en-GB\",\"potentialAction\":[{\"@type\":\"ReadAction\",\"target\":[\"https:\\\/\\\/limpol.pl\\\/produkty\\\/cebulka-zlocista-w-zalewie-860-g\\\/\"]}]},{\"@type\":\"ImageObject\",\"inLanguage\":\"en-GB\",\"@id\":\"https:\\\/\\\/limpol.pl\\\/produkty\\\/cebulka-zlocista-w-zalewie-860-g\\\/#primaryimage\",\"url\":\"https:\\\/\\\/limpol.pl\\\/wp-content\\\/uploads\\\/2025\\\/12\\\/cebulka-zlocista-nowosc.webp\",\"contentUrl\":\"https:\\\/\\\/limpol.pl\\\/wp-content\\\/uploads\\\/2025\\\/12\\\/cebulka-zlocista-nowosc.webp\",\"width\":1000,\"height\":1000},{\"@type\":\"BreadcrumbList\",\"@id\":\"https:\\\/\\\/limpol.pl\\\/produkty\\\/cebulka-zlocista-w-zalewie-860-g\\\/#breadcrumb\",\"itemListElement\":[{\"@type\":\"ListItem\",\"position\":1,\"name\":\"Strona g\u0142\u00f3wna\",\"item\":\"https:\\\/\\\/limpol.pl\\\/\"},{\"@type\":\"ListItem\",\"position\":2,\"name\":\"Produkty\",\"item\":\"https:\\\/\\\/limpol.pl\\\/shop\\\/\"},{\"@type\":\"ListItem\",\"position\":3,\"name\":\"CEBULKA Z\u0141OCISTA W ZALEWIE 860 g\"}]},{\"@type\":\"WebSite\",\"@id\":\"https:\\\/\\\/limpol.pl\\\/#website\",\"url\":\"https:\\\/\\\/limpol.pl\\\/\",\"name\":\"Limpol - Dystrybutor produkt\u00f3w spo\u017cywczych | Import Eksport\",\"description\":\"Importer i eksporter produkt\u00f3w spo\u017cywczych\",\"potentialAction\":[{\"@type\":\"SearchAction\",\"target\":{\"@type\":\"EntryPoint\",\"urlTemplate\":\"https:\\\/\\\/limpol.pl\\\/?s={search_term_string}\"},\"query-input\":{\"@type\":\"PropertyValueSpecification\",\"valueRequired\":true,\"valueName\":\"search_term_string\"}}],\"inLanguage\":\"en-GB\"}]}<\/script>\n<!-- \/ Yoast SEO plugin. -->","yoast_head_json":{"title":"GOLDEN CEBULKA ZALEWIE 860 g - Limpol - Distributor of food products | Import Export","robots":{"index":"index","follow":"follow","max-snippet":"max-snippet:-1","max-image-preview":"max-image-preview:large","max-video-preview":"max-video-preview:-1"},"canonical":"https:\/\/limpol.pl\/en\/products\/golden-onions-in-pickle-860-g\/","og_locale":"en_GB","og_type":"article","og_title":"CEBULKA Z\u0141OCISTA W ZALEWIE 860 g - Limpol - Dystrybutor produkt\u00f3w spo\u017cywczych | Import Eksport","og_description":"Cebulka z\u0142ocista w zalewie wyr\u00f3\u017cnia si\u0119 intensywniejszym aromatem i efektownym kolorem, dzi\u0119ki czemu \u015bwietnie podkre\u015bla charakter wytrawnych da\u0144. Jej wyrazisty smak doskonale pasuje do mi\u0119s, burger\u00f3w, koreczk\u00f3w, sa\u0142atek i potraw w stylu street-food. Stabilna struktura i jednolite wybarwienie sprawiaj\u0105, \u017ce produkt \u015bwietnie prezentuje si\u0119 na talerzu i w ekspozycji bufetowej. To wygodne, gotowe rozwi\u0105zanie dla [&hellip;]","og_url":"https:\/\/limpol.pl\/en\/products\/golden-onions-in-pickle-860-g\/","og_site_name":"Limpol - Dystrybutor produkt\u00f3w spo\u017cywczych | Import Eksport","article_publisher":"https:\/\/www.facebook.com\/firmalimpol\/","article_modified_time":"2025-12-04T14:30:18+00:00","og_image":[{"width":1000,"height":1000,"url":"https:\/\/limpol.pl\/wp-content\/uploads\/2025\/12\/cebulka-zlocista-nowosc.webp","type":"image\/webp"}],"twitter_card":"summary_large_image","twitter_misc":{"Estimated reading time":"1 minute"},"schema":{"@context":"https:\/\/schema.org","@graph":[{"@type":"WebPage","@id":"https:\/\/limpol.pl\/produkty\/cebulka-zlocista-w-zalewie-860-g\/","url":"https:\/\/limpol.pl\/produkty\/cebulka-zlocista-w-zalewie-860-g\/","name":"GOLDEN CEBULKA ZALEWIE 860 g - Limpol - Distributor of food products | Import Export","isPartOf":{"@id":"https:\/\/limpol.pl\/#website"},"primaryImageOfPage":{"@id":"https:\/\/limpol.pl\/produkty\/cebulka-zlocista-w-zalewie-860-g\/#primaryimage"},"image":{"@id":"https:\/\/limpol.pl\/produkty\/cebulka-zlocista-w-zalewie-860-g\/#primaryimage"},"thumbnailUrl":"https:\/\/limpol.pl\/wp-content\/uploads\/2025\/12\/cebulka-zlocista-nowosc.webp","datePublished":"2025-12-04T14:29:41+00:00","dateModified":"2025-12-04T14:30:18+00:00","breadcrumb":{"@id":"https:\/\/limpol.pl\/produkty\/cebulka-zlocista-w-zalewie-860-g\/#breadcrumb"},"inLanguage":"en-GB","potentialAction":[{"@type":"ReadAction","target":["https:\/\/limpol.pl\/produkty\/cebulka-zlocista-w-zalewie-860-g\/"]}]},{"@type":"ImageObject","inLanguage":"en-GB","@id":"https:\/\/limpol.pl\/produkty\/cebulka-zlocista-w-zalewie-860-g\/#primaryimage","url":"https:\/\/limpol.pl\/wp-content\/uploads\/2025\/12\/cebulka-zlocista-nowosc.webp","contentUrl":"https:\/\/limpol.pl\/wp-content\/uploads\/2025\/12\/cebulka-zlocista-nowosc.webp","width":1000,"height":1000},{"@type":"BreadcrumbList","@id":"https:\/\/limpol.pl\/produkty\/cebulka-zlocista-w-zalewie-860-g\/#breadcrumb","itemListElement":[{"@type":"ListItem","position":1,"name":"Strona g\u0142\u00f3wna","item":"https:\/\/limpol.pl\/"},{"@type":"ListItem","position":2,"name":"Produkty","item":"https:\/\/limpol.pl\/shop\/"},{"@type":"ListItem","position":3,"name":"CEBULKA Z\u0141OCISTA W ZALEWIE 860 g"}]},{"@type":"WebSite","@id":"https:\/\/limpol.pl\/#website","url":"https:\/\/limpol.pl\/","name":"Limpol - Distributor of food products | Import Export","description":"Importer and exporter of food products","potentialAction":[{"@type":"SearchAction","target":{"@type":"EntryPoint","urlTemplate":"https:\/\/limpol.pl\/?s={search_term_string}"},"query-input":{"@type":"PropertyValueSpecification","valueRequired":true,"valueName":"search_term_string"}}],"inLanguage":"en-GB"}]}},"_links":{"self":[{"href":"https:\/\/limpol.pl\/en\/wp-json\/wp\/v2\/product\/6638","targetHints":{"allow":["GET"]}}],"collection":[{"href":"https:\/\/limpol.pl\/en\/wp-json\/wp\/v2\/product"}],"about":[{"href":"https:\/\/limpol.pl\/en\/wp-json\/wp\/v2\/types\/product"}],"wp:featuredmedia":[{"embeddable":true,"href":"https:\/\/limpol.pl\/en\/wp-json\/wp\/v2\/media\/6637"}],"wp:attachment":[{"href":"https:\/\/limpol.pl\/en\/wp-json\/wp\/v2\/media?parent=6638"}],"wp:term":[{"taxonomy":"product_brand","embeddable":true,"href":"https:\/\/limpol.pl\/en\/wp-json\/wp\/v2\/product_brand?post=6638"},{"taxonomy":"product_cat","embeddable":true,"href":"https:\/\/limpol.pl\/en\/wp-json\/wp\/v2\/product_cat?post=6638"},{"taxonomy":"product_tag","embeddable":true,"href":"https:\/\/limpol.pl\/en\/wp-json\/wp\/v2\/product_tag?post=6638"}],"curies":[{"name":"wp","href":"https:\/\/api.w.org\/{rel}","templated":true}]}}