{"id":6687,"date":"2026-03-10T12:38:53","date_gmt":"2026-03-10T11:38:53","guid":{"rendered":"https:\/\/limpol.pl\/?post_type=product&#038;p=6687"},"modified":"2026-03-11T10:41:37","modified_gmt":"2026-03-11T09:41:37","slug":"pedy-bambusa-w-plastrach-2950g-puszka","status":"publish","type":"product","link":"https:\/\/limpol.pl\/en\/products\/pedy-bambusa-w-plastrach-2950g-puszka\/","title":{"rendered":"P\u0119dy bambusa w plastrach 2950g puszka"},"content":{"rendered":"<p data-path-to-node=\"19\">Klasyczna forma bambusa, najcz\u0119\u015bciej wybierana przez profesjonaln\u0105 gastronomi\u0119 ze wzgl\u0119du na swoj\u0105 uniwersalno\u015b\u0107. Plastry o idealnej grubo\u015bci doskonale absorbuj\u0105 aromaty sos\u00f3w. Podstawa klasycznych da\u0144 kuchni chi\u0144skiej i tajskiej, dodatek do curry, da\u0144 z drobiu i owoc\u00f3w morza oraz wega\u0144skich misek (bowls). Optymalna grubo\u015b\u0107 plastra zapewnia balans mi\u0119dzy delikatno\u015bci\u0105 a chrupko\u015bci\u0105. Produkt wolny od przebarwie\u0144, o czystym, neutralnym aromacie. Produkt dedykowany dla sektora HoReCa.<\/p>","protected":false},"excerpt":{"rendered":"<p>Klasyczna forma bambusa, najcz\u0119\u015bciej wybierana przez profesjonaln\u0105 gastronomi\u0119 ze wzgl\u0119du na swoj\u0105 uniwersalno\u015b\u0107. Plastry o idealnej grubo\u015bci doskonale absorbuj\u0105 aromaty sos\u00f3w. Podstawa klasycznych da\u0144 kuchni chi\u0144skiej i tajskiej, dodatek do curry, da\u0144 z drobiu i owoc\u00f3w morza oraz wega\u0144skich misek (bowls). Optymalna grubo\u015b\u0107 plastra zapewnia balans mi\u0119dzy delikatno\u015bci\u0105 a chrupko\u015bci\u0105. Produkt wolny od przebarwie\u0144, o [&hellip;]<\/p>\n","protected":false},"featured_media":6690,"template":"","meta":[],"product_brand":[],"product_cat":[785,57,263],"product_tag":[],"class_list":{"0":"post-6687","1":"product","2":"type-product","3":"status-publish","4":"has-post-thumbnail","6":"product_cat-nowe-produkty","7":"product_cat-produkty-vera","8":"product_cat-przetwory-warzywne","9":"pa_atrybut-detal-horeca-horeca","10":"pa_ilosc-sztuk-na-palecie-203","11":"pa_masa-netto-2950g","12":"pa_masa-po-odsaczeniu-1800g","13":"pa_sztuk-w-kartonie-115","15":"first","16":"instock","17":"shipping-taxable","18":"product-type-simple"},"yoast_head":"<!-- This site is optimized with the Yoast SEO plugin v27.3 - https:\/\/yoast.com\/product\/yoast-seo-wordpress\/ -->\n<title>P\u0119dy bambusa w plastrach 2950g puszka - Limpol - Dystrybutor produkt\u00f3w spo\u017cywczych | Import Eksport<\/title>\n<meta name=\"robots\" content=\"index, follow, max-snippet:-1, max-image-preview:large, max-video-preview:-1\" \/>\n<link rel=\"canonical\" href=\"https:\/\/limpol.pl\/en\/products\/pedy-bambusa-w-plastrach-2950g-puszka\/\" \/>\n<meta property=\"og:locale\" content=\"en_GB\" \/>\n<meta property=\"og:type\" content=\"article\" \/>\n<meta property=\"og:title\" content=\"P\u0119dy bambusa w plastrach 2950g puszka - Limpol - Dystrybutor produkt\u00f3w spo\u017cywczych | Import Eksport\" \/>\n<meta property=\"og:description\" content=\"Klasyczna forma bambusa, najcz\u0119\u015bciej wybierana przez profesjonaln\u0105 gastronomi\u0119 ze wzgl\u0119du na swoj\u0105 uniwersalno\u015b\u0107. Plastry o idealnej grubo\u015bci doskonale absorbuj\u0105 aromaty sos\u00f3w. Podstawa klasycznych da\u0144 kuchni chi\u0144skiej i tajskiej, dodatek do curry, da\u0144 z drobiu i owoc\u00f3w morza oraz wega\u0144skich misek (bowls). Optymalna grubo\u015b\u0107 plastra zapewnia balans mi\u0119dzy delikatno\u015bci\u0105 a chrupko\u015bci\u0105. Produkt wolny od przebarwie\u0144, o [&hellip;]\" \/>\n<meta property=\"og:url\" content=\"https:\/\/limpol.pl\/en\/products\/pedy-bambusa-w-plastrach-2950g-puszka\/\" \/>\n<meta property=\"og:site_name\" content=\"Limpol - Dystrybutor produkt\u00f3w spo\u017cywczych | Import Eksport\" \/>\n<meta property=\"article:publisher\" content=\"https:\/\/www.facebook.com\/firmalimpol\/\" \/>\n<meta property=\"article:modified_time\" content=\"2026-03-11T09:41:37+00:00\" \/>\n<meta property=\"og:image\" content=\"https:\/\/limpol.pl\/wp-content\/uploads\/2026\/03\/bambus-plastry-2950g-nowosc.webp\" \/>\n\t<meta property=\"og:image:width\" content=\"1000\" \/>\n\t<meta property=\"og:image:height\" content=\"1000\" \/>\n\t<meta property=\"og:image:type\" content=\"image\/webp\" \/>\n<meta name=\"twitter:card\" content=\"summary_large_image\" \/>\n<meta name=\"twitter:label1\" content=\"Estimated reading time\" \/>\n\t<meta name=\"twitter:data1\" content=\"1 minute\" \/>\n<script type=\"application\/ld+json\" class=\"yoast-schema-graph\">{\"@context\":\"https:\\\/\\\/schema.org\",\"@graph\":[{\"@type\":\"WebPage\",\"@id\":\"https:\\\/\\\/limpol.pl\\\/produkty\\\/pedy-bambusa-w-plastrach-2950g-puszka\\\/\",\"url\":\"https:\\\/\\\/limpol.pl\\\/produkty\\\/pedy-bambusa-w-plastrach-2950g-puszka\\\/\",\"name\":\"P\u0119dy bambusa w plastrach 2950g puszka - Limpol - Dystrybutor produkt\u00f3w spo\u017cywczych | Import Eksport\",\"isPartOf\":{\"@id\":\"https:\\\/\\\/limpol.pl\\\/#website\"},\"primaryImageOfPage\":{\"@id\":\"https:\\\/\\\/limpol.pl\\\/produkty\\\/pedy-bambusa-w-plastrach-2950g-puszka\\\/#primaryimage\"},\"image\":{\"@id\":\"https:\\\/\\\/limpol.pl\\\/produkty\\\/pedy-bambusa-w-plastrach-2950g-puszka\\\/#primaryimage\"},\"thumbnailUrl\":\"https:\\\/\\\/limpol.pl\\\/wp-content\\\/uploads\\\/2026\\\/03\\\/bambus-plastry-2950g-nowosc.webp\",\"datePublished\":\"2026-03-10T11:38:53+00:00\",\"dateModified\":\"2026-03-11T09:41:37+00:00\",\"breadcrumb\":{\"@id\":\"https:\\\/\\\/limpol.pl\\\/produkty\\\/pedy-bambusa-w-plastrach-2950g-puszka\\\/#breadcrumb\"},\"inLanguage\":\"en-GB\",\"potentialAction\":[{\"@type\":\"ReadAction\",\"target\":[\"https:\\\/\\\/limpol.pl\\\/produkty\\\/pedy-bambusa-w-plastrach-2950g-puszka\\\/\"]}]},{\"@type\":\"ImageObject\",\"inLanguage\":\"en-GB\",\"@id\":\"https:\\\/\\\/limpol.pl\\\/produkty\\\/pedy-bambusa-w-plastrach-2950g-puszka\\\/#primaryimage\",\"url\":\"https:\\\/\\\/limpol.pl\\\/wp-content\\\/uploads\\\/2026\\\/03\\\/bambus-plastry-2950g-nowosc.webp\",\"contentUrl\":\"https:\\\/\\\/limpol.pl\\\/wp-content\\\/uploads\\\/2026\\\/03\\\/bambus-plastry-2950g-nowosc.webp\",\"width\":1000,\"height\":1000},{\"@type\":\"BreadcrumbList\",\"@id\":\"https:\\\/\\\/limpol.pl\\\/produkty\\\/pedy-bambusa-w-plastrach-2950g-puszka\\\/#breadcrumb\",\"itemListElement\":[{\"@type\":\"ListItem\",\"position\":1,\"name\":\"Strona g\u0142\u00f3wna\",\"item\":\"https:\\\/\\\/limpol.pl\\\/\"},{\"@type\":\"ListItem\",\"position\":2,\"name\":\"Produkty\",\"item\":\"https:\\\/\\\/limpol.pl\\\/shop\\\/\"},{\"@type\":\"ListItem\",\"position\":3,\"name\":\"P\u0119dy bambusa w plastrach 2950g puszka\"}]},{\"@type\":\"WebSite\",\"@id\":\"https:\\\/\\\/limpol.pl\\\/#website\",\"url\":\"https:\\\/\\\/limpol.pl\\\/\",\"name\":\"Limpol - Dystrybutor produkt\u00f3w spo\u017cywczych | Import Eksport\",\"description\":\"Importer i eksporter produkt\u00f3w spo\u017cywczych\",\"potentialAction\":[{\"@type\":\"SearchAction\",\"target\":{\"@type\":\"EntryPoint\",\"urlTemplate\":\"https:\\\/\\\/limpol.pl\\\/?s={search_term_string}\"},\"query-input\":{\"@type\":\"PropertyValueSpecification\",\"valueRequired\":true,\"valueName\":\"search_term_string\"}}],\"inLanguage\":\"en-GB\"}]}<\/script>\n<!-- \/ Yoast SEO plugin. -->","yoast_head_json":{"title":"P\u0119dy bambusa w plastrach 2950g puszka - Limpol - Dystrybutor produkt\u00f3w spo\u017cywczych | Import Eksport","robots":{"index":"index","follow":"follow","max-snippet":"max-snippet:-1","max-image-preview":"max-image-preview:large","max-video-preview":"max-video-preview:-1"},"canonical":"https:\/\/limpol.pl\/en\/products\/pedy-bambusa-w-plastrach-2950g-puszka\/","og_locale":"en_GB","og_type":"article","og_title":"P\u0119dy bambusa w plastrach 2950g puszka - Limpol - Dystrybutor produkt\u00f3w spo\u017cywczych | Import Eksport","og_description":"Klasyczna forma bambusa, najcz\u0119\u015bciej wybierana przez profesjonaln\u0105 gastronomi\u0119 ze wzgl\u0119du na swoj\u0105 uniwersalno\u015b\u0107. Plastry o idealnej grubo\u015bci doskonale absorbuj\u0105 aromaty sos\u00f3w. Podstawa klasycznych da\u0144 kuchni chi\u0144skiej i tajskiej, dodatek do curry, da\u0144 z drobiu i owoc\u00f3w morza oraz wega\u0144skich misek (bowls). Optymalna grubo\u015b\u0107 plastra zapewnia balans mi\u0119dzy delikatno\u015bci\u0105 a chrupko\u015bci\u0105. Produkt wolny od przebarwie\u0144, o [&hellip;]","og_url":"https:\/\/limpol.pl\/en\/products\/pedy-bambusa-w-plastrach-2950g-puszka\/","og_site_name":"Limpol - Dystrybutor produkt\u00f3w spo\u017cywczych | Import Eksport","article_publisher":"https:\/\/www.facebook.com\/firmalimpol\/","article_modified_time":"2026-03-11T09:41:37+00:00","og_image":[{"width":1000,"height":1000,"url":"https:\/\/limpol.pl\/wp-content\/uploads\/2026\/03\/bambus-plastry-2950g-nowosc.webp","type":"image\/webp"}],"twitter_card":"summary_large_image","twitter_misc":{"Estimated reading time":"1 minute"},"schema":{"@context":"https:\/\/schema.org","@graph":[{"@type":"WebPage","@id":"https:\/\/limpol.pl\/produkty\/pedy-bambusa-w-plastrach-2950g-puszka\/","url":"https:\/\/limpol.pl\/produkty\/pedy-bambusa-w-plastrach-2950g-puszka\/","name":"P\u0119dy bambusa w plastrach 2950g puszka - Limpol - Dystrybutor produkt\u00f3w spo\u017cywczych | Import Eksport","isPartOf":{"@id":"https:\/\/limpol.pl\/#website"},"primaryImageOfPage":{"@id":"https:\/\/limpol.pl\/produkty\/pedy-bambusa-w-plastrach-2950g-puszka\/#primaryimage"},"image":{"@id":"https:\/\/limpol.pl\/produkty\/pedy-bambusa-w-plastrach-2950g-puszka\/#primaryimage"},"thumbnailUrl":"https:\/\/limpol.pl\/wp-content\/uploads\/2026\/03\/bambus-plastry-2950g-nowosc.webp","datePublished":"2026-03-10T11:38:53+00:00","dateModified":"2026-03-11T09:41:37+00:00","breadcrumb":{"@id":"https:\/\/limpol.pl\/produkty\/pedy-bambusa-w-plastrach-2950g-puszka\/#breadcrumb"},"inLanguage":"en-GB","potentialAction":[{"@type":"ReadAction","target":["https:\/\/limpol.pl\/produkty\/pedy-bambusa-w-plastrach-2950g-puszka\/"]}]},{"@type":"ImageObject","inLanguage":"en-GB","@id":"https:\/\/limpol.pl\/produkty\/pedy-bambusa-w-plastrach-2950g-puszka\/#primaryimage","url":"https:\/\/limpol.pl\/wp-content\/uploads\/2026\/03\/bambus-plastry-2950g-nowosc.webp","contentUrl":"https:\/\/limpol.pl\/wp-content\/uploads\/2026\/03\/bambus-plastry-2950g-nowosc.webp","width":1000,"height":1000},{"@type":"BreadcrumbList","@id":"https:\/\/limpol.pl\/produkty\/pedy-bambusa-w-plastrach-2950g-puszka\/#breadcrumb","itemListElement":[{"@type":"ListItem","position":1,"name":"Strona g\u0142\u00f3wna","item":"https:\/\/limpol.pl\/"},{"@type":"ListItem","position":2,"name":"Produkty","item":"https:\/\/limpol.pl\/shop\/"},{"@type":"ListItem","position":3,"name":"P\u0119dy bambusa w plastrach 2950g puszka"}]},{"@type":"WebSite","@id":"https:\/\/limpol.pl\/#website","url":"https:\/\/limpol.pl\/","name":"Limpol - Distributor of food products | Import Export","description":"Importer and exporter of food products","potentialAction":[{"@type":"SearchAction","target":{"@type":"EntryPoint","urlTemplate":"https:\/\/limpol.pl\/?s={search_term_string}"},"query-input":{"@type":"PropertyValueSpecification","valueRequired":true,"valueName":"search_term_string"}}],"inLanguage":"en-GB"}]}},"_links":{"self":[{"href":"https:\/\/limpol.pl\/en\/wp-json\/wp\/v2\/product\/6687","targetHints":{"allow":["GET"]}}],"collection":[{"href":"https:\/\/limpol.pl\/en\/wp-json\/wp\/v2\/product"}],"about":[{"href":"https:\/\/limpol.pl\/en\/wp-json\/wp\/v2\/types\/product"}],"wp:featuredmedia":[{"embeddable":true,"href":"https:\/\/limpol.pl\/en\/wp-json\/wp\/v2\/media\/6690"}],"wp:attachment":[{"href":"https:\/\/limpol.pl\/en\/wp-json\/wp\/v2\/media?parent=6687"}],"wp:term":[{"taxonomy":"product_brand","embeddable":true,"href":"https:\/\/limpol.pl\/en\/wp-json\/wp\/v2\/product_brand?post=6687"},{"taxonomy":"product_cat","embeddable":true,"href":"https:\/\/limpol.pl\/en\/wp-json\/wp\/v2\/product_cat?post=6687"},{"taxonomy":"product_tag","embeddable":true,"href":"https:\/\/limpol.pl\/en\/wp-json\/wp\/v2\/product_tag?post=6687"}],"curies":[{"name":"wp","href":"https:\/\/api.w.org\/{rel}","templated":true}]}}