{"id":185,"date":"2016-08-22T13:45:57","date_gmt":"2016-08-22T11:45:57","guid":{"rendered":"https:\/\/limpol.pl\/?page_id=185"},"modified":"2025-09-30T14:57:47","modified_gmt":"2025-09-30T12:57:47","slug":"\u043a\u043e\u043d\u0442\u0430\u043a\u0442\u0438","status":"publish","type":"page","link":"https:\/\/limpol.pl\/uk\/\u043a\u043e\u043d\u0442\u0430\u043a\u0442\u0438\/","title":{"rendered":"\u041a\u043e\u043d\u0442\u0430\u043a\u0442\u0438"},"content":{"rendered":"<div class=\"wpb-content-wrapper\"><div class=\"vc_row wpb_row vc_row-fluid\"><div class=\"wpb_column vc_column_container vc_col-sm-12\"><div class=\"vc_column-inner\"><div class=\"wpb_wrapper\"><div class=\"vc_empty_space\"   style=\"height: 32px\"><span class=\"vc_empty_space_inner\"><\/span><\/div><\/div><\/div><\/div><\/div><div class=\"vc_row wpb_row vc_row-fluid\"><div class=\"wpb_column vc_column_container vc_col-sm-4\"><div class=\"vc_column-inner\"><div class=\"wpb_wrapper\"><h5 class=\"sc_title sc_title_regular margin_top_null margin_bottom_null\">Szybki kontakt:<\/h5>\n\t<div class=\"wpb_text_column wpb_content_element\" >\n\t\t<div class=\"wpb_wrapper\">\n\t\t\t<p><strong>mail:<\/strong> <a href=\"mailto:kontakt@limpol.pl\">kontakt@limpol.pl<\/a><\/p>\n<p><strong>tel.<\/strong><a href=\"tel:+48-12-427-31-75\">+48 12 427 31 75<\/a><\/p>\n\n\t\t<\/div>\n\t<\/div>\n<h5 class=\"sc_title sc_title_regular margin_top_small margin_bottom_null\">Dane firmowe<\/h5>\n\t<div class=\"wpb_text_column wpb_content_element\" >\n\t\t<div class=\"wpb_wrapper\">\n\t\t\t<p><strong>Limpol sp. z o.o.<\/strong><br \/>\nul. Ludwinowska 7<br \/>\n30-331 Krak\u00f3w, Polska<br \/>\n<strong>NIP:<\/strong> 6771735027<br \/>\n<strong>NIP UE:<\/strong> PL6771735027<br \/>\n<strong>mail:<\/strong> kontakt@limpol.pl<br \/>\n<strong>tel.<\/strong>+48 12 427 31 75<br \/>\n<strong>fax:<\/strong>\u00a0+48 12 349 07 16<br \/>\nProsimy o zapoznanie si\u0119 z nasz\u0105 <a href=\"\/polityka-prywatnosci\/\">Polityk\u0105 prywatno\u015bci Limpol Sp. z o.o.<\/a><\/p>\n\n\t\t<\/div>\n\t<\/div>\n<h5 class=\"sc_title sc_title_regular margin_top_small margin_bottom_null\">Przejd\u017a na stron\u0119 naszej marki<\/h5><div class=\"vc_row wpb_row vc_inner vc_row-fluid vc_custom_1668772606372 vc_row-o-content-middle vc_row-flex\"><div class=\"wpb_column vc_column_container vc_col-sm-6\"><div class=\"vc_column-inner\"><div class=\"wpb_wrapper\">\n\t<div  class=\"wpb_single_image wpb_content_element vc_align_center wpb_content_element\">\n\t\t\n\t\t<figure class=\"wpb_wrapper vc_figure\">\n\t\t\t<a href=\"https:\/\/smakivera.pl\/pl\/\" target=\"_self\" class=\"vc_single_image-wrapper   vc_box_border_grey\"><img decoding=\"async\" class=\"vc_single_image-img \" src=\"https:\/\/limpol.pl\/wp-content\/uploads\/2022\/11\/vera-170x170-1-100x100.png\" width=\"100\" height=\"100\" alt=\"vera-170x170-1\" title=\"vera-170x170-1\" \/><\/a>\n\t\t<\/figure>\n\t<\/div>\n<\/div><\/div><\/div><div class=\"wpb_column vc_column_container vc_col-sm-6\"><div class=\"vc_column-inner\"><div class=\"wpb_wrapper\">\n\t<div class=\"wpb_text_column wpb_content_element\" >\n\t\t<div class=\"wpb_wrapper\">\n\t\t\t<p><a href=\"https:\/\/smakivera.pl\/pl\/\">https:\/\/smakivera.pl\/<\/a><\/p>\n\n\t\t<\/div>\n\t<\/div>\n<\/div><\/div><\/div><\/div><\/div><\/div><\/div><div class=\"wpb_column vc_column_container vc_col-sm-8 vc_hidden-xs\"><div class=\"vc_column-inner\"><div class=\"wpb_wrapper\"><blockquote class=\"sc_quote\"><p>Na bie\u017c\u0105co \u015bledzimy rodzime i \u015bwiatowe trendy spo\u017cywcze, kulinarne oraz marketingowe, i staramy si\u0119, aby nasze produkty zaspakaja\u0142y rodz\u0105ce si\u0119 oczekiwania oraz by zawsze cechowa\u0142a je najwy\u017csza jako\u015b\u0107 i przyst\u0119pna cena [&#8230;] partnerstwo biznesowe, zasady uczciwego wsp\u00f3\u0142zawodnictwa, dzia\u0142alno\u015b\u0107 charytatywna i rodzinna atmosfera w firmie pomagaj\u0105 nam od lat systematycznie rozwija\u0107 si\u0119 i pozycjonowa\u0107 w gronie lider\u00f3w bran\u017cy spo\u017cywczej w Polsce.<\/p><p class=\"sc_quote_title\">Prezeska i W\u0142a\u015bcicielka Oksana Lubowiecka<\/p><\/blockquote><\/div><\/div><\/div><\/div><div class=\"vc_row wpb_row vc_row-fluid\"><div class=\"wpb_column vc_column_container vc_col-sm-6\"><div class=\"vc_column-inner\"><div class=\"wpb_wrapper\"><div class=\"vc_empty_space\"   style=\"height: 32px\"><span class=\"vc_empty_space_inner\"><\/span><\/div><div class=\"vc_empty_space\"   style=\"height: 0.8em\"><span class=\"vc_empty_space_inner\"><\/span><\/div>\n\t<div class=\"wpb_raw_code wpb_raw_html wpb_content_element\" >\n\t\t<div class=\"wpb_wrapper\">\n\t\t\t<iframe src=\"https:\/\/www.google.com\/maps\/embed?pb=!1m18!1m12!1m3!1d2562.2478243332275!2d19.936168377681398!3d50.04418867151752!2m3!1f0!2f0!3f0!3m2!1i1024!2i768!4f13.1!3m3!1m2!1s0x47165b67c71c4569%3A0xcc16d800cfed1c77!2sLimpol%20Sp.%20z%20o.o.!5e0!3m2!1spl!2spl!4v1759228242503!5m2!1spl!2spl\" height=\"450\" frameborder=\"0\" style=\"border:0; width: 100%;\" allowfullscreen><\/iframe>\n\t\t<\/div>\n\t<\/div>\n<\/div><\/div><\/div><div class=\"wpb_column vc_column_container vc_col-sm-6\"><div class=\"vc_column-inner\"><div class=\"wpb_wrapper\"><div class=\"vc_empty_space\"   style=\"height: 0.4em\"><span class=\"vc_empty_space_inner\"><\/span><\/div><\/div><\/div><\/div><\/div><div class=\"vc_row wpb_row vc_row-fluid\"><div class=\"wpb_column vc_column_container vc_col-sm-12\"><div class=\"vc_column-inner\"><div class=\"wpb_wrapper\"><div class=\"sc_line sc_line_position_center_center sc_line_style_solid\" style=\"border-top-style:solid;\"><\/div><h2 class=\"sc_title sc_title_regular sc_align_center margin_top_small margin_bottom_small\" style=\"text-align:center;\">Kontakt do poszczeg\u00f3lnych dzia\u0142\u00f3w<\/h2><div class=\"vc_empty_space\"   style=\"height: 1.2em\"><span class=\"vc_empty_space_inner\"><\/span><\/div><div class=\"columns_wrap sc_columns columns_nofluid sc_columns_count_3 margin_top_large\"><div class=\"column-1_3 sc_column_item sc_column_item_1 odd first\" style=\"text-align:center;\"><div class=\"sc_column_item_inner\" style=\"background-color:#f5f5f5;\"><div class=\"vc_empty_space\"   style=\"height: 0.65em\"><span class=\"vc_empty_space_inner\"><\/span><\/div><h6 class=\"sc_title sc_title_regular sc_align_center margin_top_tiny margin_bottom_null\" style=\"text-align:center;\">Dzia\u0142 Sprzeda\u017c<\/h6><div class=\"vc_empty_space\"   style=\"height: 0.35em\"><span class=\"vc_empty_space_inner\"><\/span><\/div><span class=\"sc_highlight\" style=\"font-size:0.857em; line-height: 1em;\"><a href=\"mailto:sprzedaz@limpol.pl - onClick='ga('send', 'event', 'Email', 'wyslij', 'sprzedaz@limpol.pl');\">sprzedaz@limpol.pl<\/a><\/span><div class=\"vc_empty_space\"   style=\"height: 1.45em\"><span class=\"vc_empty_space_inner\"><\/span><\/div><\/div><\/div><div class=\"column-1_3 sc_column_item sc_column_item_2 even\" style=\"text-align:center;\"><div class=\"sc_column_item_inner\" style=\"background-color:#f5f5f5;\"><div class=\"vc_empty_space\"   style=\"height: 0.65em\"><span class=\"vc_empty_space_inner\"><\/span><\/div><h6 class=\"sc_title sc_title_regular sc_align_center margin_top_tiny margin_bottom_null\" style=\"text-align:center;\">Dzia\u0142 Jako\u015bci<\/h6><div class=\"vc_empty_space\"   style=\"height: 0.35em\"><span class=\"vc_empty_space_inner\"><\/span><\/div><span class=\"sc_highlight\" style=\"font-size:0.857em; line-height: 1em;\"><a href=\"mailto:jakosc@limpol.pl\">jakosc@limpol.pl<\/a><\/span><div class=\"vc_empty_space\"   style=\"height: 1.45em\"><span class=\"vc_empty_space_inner\"><\/span><\/div><\/div><\/div><div class=\"column-1_3 sc_column_item sc_column_item_3 odd\" style=\"text-align:center;\"><div class=\"sc_column_item_inner\" style=\"background-color:#f5f5f5;\"><div class=\"vc_empty_space\"   style=\"height: 0.65em\"><span class=\"vc_empty_space_inner\"><\/span><\/div><h6 class=\"sc_title sc_title_regular sc_align_center margin_top_tiny margin_bottom_null\" style=\"text-align:center;\">Dzia\u0142 Zakup\u00f3w<\/h6><div class=\"vc_empty_space\"   style=\"height: 0.35em\"><span class=\"vc_empty_space_inner\"><\/span><\/div><span class=\"sc_highlight\" style=\"font-size:0.857em; line-height: 1em;\"><a href=\"mailto:zakupy@limpol.pl\">zakupy@limpol.pl<\/a><\/span><div class=\"vc_empty_space\"   style=\"height: 1.45em\"><span class=\"vc_empty_space_inner\"><\/span><\/div><\/div><\/div><\/div><div class=\"columns_wrap sc_columns columns_nofluid sc_columns_count_3 margin_top_large\"><div class=\"column-1_3 sc_column_item sc_column_item_1 odd first\" style=\"text-align:center;\"><div class=\"sc_column_item_inner\" style=\"background-color:#f5f5f5;\"><div class=\"vc_empty_space\"   style=\"height: 0.65em\"><span class=\"vc_empty_space_inner\"><\/span><\/div><h6 class=\"sc_title sc_title_regular sc_align_center margin_top_tiny margin_bottom_null\" style=\"text-align:center;\">Dzia\u0142 Znakowania i Opakowa\u0144<\/h6><div class=\"vc_empty_space\"   style=\"height: 0.35em\"><span class=\"vc_empty_space_inner\"><\/span><\/div><span class=\"sc_highlight\" style=\"font-size:0.857em; line-height: 1em;\"><a href=\"mailto:opakowania@limpol.pl\">opakowania@limpol.pl<\/a><\/span><div class=\"vc_empty_space\"   style=\"height: 1.45em\"><span class=\"vc_empty_space_inner\"><\/span><\/div><\/div><\/div><div class=\"column-1_3 sc_column_item sc_column_item_2 even\" style=\"text-align:center;\"><div class=\"sc_column_item_inner\" style=\"background-color:#f5f5f5;\"><div class=\"vc_empty_space\"   style=\"height: 0.65em\"><span class=\"vc_empty_space_inner\"><\/span><\/div><h6 class=\"sc_title sc_title_regular sc_align_center margin_top_tiny margin_bottom_null\" style=\"text-align:center;\">Dzia\u0142 Logistyki<\/h6><div class=\"vc_empty_space\"   style=\"height: 0.35em\"><span class=\"vc_empty_space_inner\"><\/span><\/div><span class=\"sc_highlight\" style=\"font-size:0.857em; line-height: 1em;\"><a href=\"mailto:logistyka@limpol.pl\">logistyka@limpol.pl<\/a><\/span><div class=\"vc_empty_space\"   style=\"height: 1.45em\"><span class=\"vc_empty_space_inner\"><\/span><\/div><\/div><\/div><div class=\"column-1_3 sc_column_item sc_column_item_3 odd\" style=\"text-align:center;\"><div class=\"sc_column_item_inner\" style=\"background-color:#f5f5f5;\"><div class=\"vc_empty_space\"   style=\"height: 0.65em\"><span class=\"vc_empty_space_inner\"><\/span><\/div><h6 class=\"sc_title sc_title_regular sc_align_center margin_top_tiny margin_bottom_null\" style=\"text-align:center;\">Dzia\u0142 Zam\u00f3wie\u0144 i Fakturowania<\/h6><div class=\"vc_empty_space\"   style=\"height: 0.35em\"><span class=\"vc_empty_space_inner\"><\/span><\/div><span class=\"sc_highlight\" style=\"font-size:0.857em; line-height: 1em;\"><a href=\"mailto:zamowienia@limpol.pl\">zamowienia@limpol.pl<\/a><\/span><div class=\"vc_empty_space\"   style=\"height: 1.45em\"><span class=\"vc_empty_space_inner\"><\/span><\/div><\/div><\/div><\/div><div class=\"columns_wrap sc_columns columns_nofluid sc_columns_count_3 margin_top_large\"><div class=\"column-1_3 sc_column_item sc_column_item_1 odd first\" style=\"text-align:center;\"><div class=\"sc_column_item_inner\" style=\"background-color:#f5f5f5;\"><div class=\"vc_empty_space\"   style=\"height: 0.65em\"><span class=\"vc_empty_space_inner\"><\/span><\/div><h6 class=\"sc_title sc_title_regular sc_align_center margin_top_tiny margin_bottom_null\" style=\"text-align:center;\">Dzia\u0142 Eksportu<\/h6><div class=\"vc_empty_space\"   style=\"height: 0.35em\"><span class=\"vc_empty_space_inner\"><\/span><\/div><span class=\"sc_highlight\" style=\"font-size:0.857em; line-height: 1em;\"><a href=\"mailto:eksport@limpol.pl\">eksport@limpol.pl<\/a><\/span><div class=\"vc_empty_space\"   style=\"height: 1.45em\"><span class=\"vc_empty_space_inner\"><\/span><\/div><\/div><\/div><div class=\"column-1_3 sc_column_item sc_column_item_2 even\" style=\"text-align:center;\"><div class=\"sc_column_item_inner\" style=\"background-color:#f5f5f5;\"><div class=\"vc_empty_space\"   style=\"height: 0.65em\"><span class=\"vc_empty_space_inner\"><\/span><\/div><h6 class=\"sc_title sc_title_regular sc_align_center margin_top_tiny margin_bottom_null\" style=\"text-align:center;\">Dzia\u0142 Marketingu<\/h6><div class=\"vc_empty_space\"   style=\"height: 0.35em\"><span class=\"vc_empty_space_inner\"><\/span><\/div><span class=\"sc_highlight\" style=\"font-size:0.857em; line-height: 1em;\"><a href=\"mailto:marketing@limpol.pl\">marketing@limpol.pl<\/a><\/span><div class=\"vc_empty_space\"   style=\"height: 1.45em\"><span class=\"vc_empty_space_inner\"><\/span><\/div><\/div><\/div><\/div><div class=\"vc_empty_space\"   style=\"height: 32px\"><span class=\"vc_empty_space_inner\"><\/span><\/div><\/div><\/div><\/div><\/div><div class=\"vc_row wpb_row vc_row-fluid\"><div class=\"wpb_column vc_column_container vc_col-sm-12\"><div class=\"vc_column-inner\"><div class=\"wpb_wrapper\"><div class=\"sc_line sc_line_position_center_center sc_line_style_solid\" style=\"border-top-style:solid;\"><\/div><h2 class=\"sc_title sc_title_regular sc_align_center margin_top_medium margin_bottom_null\" style=\"text-align:center;\">Magazyny Limpol w Polsce<\/h2><\/div><\/div><\/div><\/div><div class=\"vc_row wpb_row vc_row-fluid\"><div class=\"wpb_column vc_column_container vc_col-sm-6\"><div class=\"vc_column-inner\"><div class=\"wpb_wrapper\">\n\t<div class=\"wpb_text_column wpb_content_element\" >\n\t\t<div class=\"wpb_wrapper\">\n\t\t\t<h6 style=\"text-align: center; font-size: 16px; line-height: 1.5;\"><strong>MAGAZYN<\/strong><br \/>\nCENTRUM LOGISTYCZNE<br \/>\nGDA\u0143SK \/ KOWALE<br \/>\nul.<b>\u00a0Magnacka 15<\/b><br \/>\n80-180 Kowale, Polska<\/h6>\n\n\t\t<\/div>\n\t<\/div>\n<div class=\"vc_empty_space\"   style=\"height: 15px\"><span class=\"vc_empty_space_inner\"><\/span><\/div>\n\t<div  class=\"wpb_single_image wpb_content_element vc_align_left wpb_content_element\">\n\t\t\n\t\t<figure class=\"wpb_wrapper vc_figure\">\n\t\t\t<div class=\"vc_single_image-wrapper   vc_box_border_grey\"><img decoding=\"async\" width=\"590\" height=\"344\" src=\"https:\/\/limpol.pl\/wp-content\/uploads\/2019\/03\/magazyn.jpg\" class=\"vc_single_image-img attachment-full\" alt=\"\" title=\"magazyn\" srcset=\"https:\/\/limpol.pl\/wp-content\/uploads\/2019\/03\/magazyn.jpg 590w, https:\/\/limpol.pl\/wp-content\/uploads\/2019\/03\/magazyn-300x175.jpg 300w\" sizes=\"(max-width: 590px) 100vw, 590px\" \/><\/div>\n\t\t<\/figure>\n\t<\/div>\n\n\t<div class=\"wpb_raw_code wpb_raw_html wpb_content_element\" >\n\t\t<div class=\"wpb_wrapper\">\n\t\t\t<iframe src=\"https:\/\/www.google.com\/maps\/embed?pb=!1m18!1m12!1m3!1d2327.6466606784315!2d18.546271716004185!3d54.310198409777854!2m3!1f0!2f0!3f0!3m2!1i1024!2i768!4f13.1!3m3!1m2!1s0x46fd7697889b396b%3A0x8e38a3d9c4d2ea8c!2s7r%20Solution!5e0!3m2!1spl!2sus!4v1634561432866!5m2!1spl!2sus&zoom=14\" height=\"375\" frameborder=\"0\" style=\"border:0; width: 100%;\" allowfullscreen\"><\/iframe>\n\t\t<\/div>\n\t<\/div>\n<\/div><\/div><\/div><div class=\"wpb_column vc_column_container vc_col-sm-6\"><div class=\"vc_column-inner\"><div class=\"wpb_wrapper\">\n\t<div class=\"wpb_text_column wpb_content_element\" >\n\t\t<div class=\"wpb_wrapper\">\n\t\t\t<h6 style=\"text-align: center; font-size: 16px; line-height: 1.5;\"><strong>MAGAZYN<\/strong><br \/>\nCENTRUM LOGISTYCZNE<br \/>\nPIEKARY \u015aL\u0104SKIE<br \/>\nul. ks. J. Frenzla 5<br \/>\n41-946 Piekary \u015al\u0105skie, Polska<\/h6>\n\n\t\t<\/div>\n\t<\/div>\n<div class=\"vc_empty_space\"   style=\"height: 15px\"><span class=\"vc_empty_space_inner\"><\/span><\/div>\n\t<div  class=\"wpb_single_image wpb_content_element vc_align_left wpb_content_element\">\n\t\t\n\t\t<figure class=\"wpb_wrapper vc_figure\">\n\t\t\t<div class=\"vc_single_image-wrapper   vc_box_border_grey\"><img decoding=\"async\" width=\"590\" height=\"344\" src=\"https:\/\/limpol.pl\/wp-content\/uploads\/2019\/02\/limpol-magazyn-gdansk.jpg\" class=\"vc_single_image-img attachment-full\" alt=\"\" title=\"limpol-magazyn-gdansk\" srcset=\"https:\/\/limpol.pl\/wp-content\/uploads\/2019\/02\/limpol-magazyn-gdansk.jpg 590w, https:\/\/limpol.pl\/wp-content\/uploads\/2019\/02\/limpol-magazyn-gdansk-300x175.jpg 300w\" sizes=\"(max-width: 590px) 100vw, 590px\" \/><\/div>\n\t\t<\/figure>\n\t<\/div>\n\n\t<div class=\"wpb_raw_code wpb_raw_html wpb_content_element\" >\n\t\t<div class=\"wpb_wrapper\">\n\t\t\t<iframe src=\"https:\/\/www.google.com\/maps\/embed?pb=!1m18!1m12!1m3!1d24695.367442421863!2d18.94526318971128!3d50.34269275643359!2m3!1f0!2f0!3f0!3m2!1i1024!2i768!4f13.1!3m3!1m2!1s0x4716d3a6598043cf%3A0x56606fbb9a93b74!2sOmida%20Solutions!5e0!3m2!1spl!2spl!4v1759237032958!5m2!1spl!2spl\" height=\"375\" frameborder=\"0\" style=\"border:0; width: 100%;\" allowfullscreen><\/iframe>\n\t\t<\/div>\n\t<\/div>\n<div class=\"vc_empty_space\"   style=\"height: 32px\"><span class=\"vc_empty_space_inner\"><\/span><\/div><\/div><\/div><\/div><\/div>\n<\/div>","protected":false},"excerpt":{"rendered":"Szybki kontakt: mail: kontakt@limpol.pl tel.+48 12 427 31 75 Dane firmowe Limpol sp. z o.o. ul. Ludwinowska 7 30-331 Krak\u00f3w, Polska NIP: 6771735027 NIP UE: PL6771735027 mail: kontakt@limpol.pl tel.+48 12 427 31 75 fax:\u00a0+48 12 349 07 16 Prosimy o zapoznanie si\u0119 z nasz\u0105 Polityk\u0105 prywatno\u015bci Limpol Sp. z o.o. Przejd\u017a na stron\u0119 naszej marki [...]","protected":false},"author":1,"featured_media":0,"parent":0,"menu_order":0,"comment_status":"closed","ping_status":"closed","template":"","meta":{"footnotes":""},"class_list":["post-185","page","type-page","status-publish","hentry"],"yoast_head":"<!-- This site is optimized with the Yoast SEO plugin v27.3 - https:\/\/yoast.com\/product\/yoast-seo-wordpress\/ -->\n<title>Kontakt | Pe\u0142ne dane kontaktowe | Limpol Sp. z o.o.<\/title>\n<meta name=\"description\" content=\"Dzia\u0142 sprzeda\u017cy | Dzia\u0142 marketingu | Logistyka | Dzia\u0142 zakup\u00f3w | Adresy magazyn\u00f3w | Pe\u0142ne dane kontaktowe z naszymi pracownikami | Limpol Sp. z o.o.\" \/>\n<meta name=\"robots\" content=\"index, follow, max-snippet:-1, max-image-preview:large, max-video-preview:-1\" \/>\n<link rel=\"canonical\" href=\"https:\/\/limpol.pl\/uk\/\u043a\u043e\u043d\u0442\u0430\u043a\u0442\u0438\/\" \/>\n<meta property=\"og:locale\" content=\"uk_UA\" \/>\n<meta property=\"og:type\" content=\"article\" \/>\n<meta property=\"og:title\" content=\"Kontakt | Pe\u0142ne dane kontaktowe | Limpol Sp. z o.o.\" \/>\n<meta property=\"og:description\" content=\"Dzia\u0142 sprzeda\u017cy | Dzia\u0142 marketingu | Logistyka | Dzia\u0142 zakup\u00f3w | Adresy magazyn\u00f3w | Pe\u0142ne dane kontaktowe z naszymi pracownikami | Limpol Sp. z o.o.\" \/>\n<meta property=\"og:url\" content=\"https:\/\/limpol.pl\/uk\/\u043a\u043e\u043d\u0442\u0430\u043a\u0442\u0438\/\" \/>\n<meta property=\"og:site_name\" content=\"Limpol - Dystrybutor produkt\u00f3w spo\u017cywczych | Import Eksport\" \/>\n<meta property=\"article:publisher\" content=\"https:\/\/www.facebook.com\/firmalimpol\/\" \/>\n<meta property=\"article:modified_time\" content=\"2025-09-30T12:57:47+00:00\" \/>\n<meta name=\"twitter:card\" content=\"summary_large_image\" \/>\n<meta name=\"twitter:label1\" content=\"\u041f\u0440\u0438\u0431\u043b. \u0447\u0430\u0441 \u0447\u0438\u0442\u0430\u043d\u043d\u044f\" \/>\n\t<meta name=\"twitter:data1\" content=\"3 \u0445\u0432\u0438\u043b\u0438\u043d\u0438\" \/>\n<script type=\"application\/ld+json\" class=\"yoast-schema-graph\">{\"@context\":\"https:\\\/\\\/schema.org\",\"@graph\":[{\"@type\":\"WebPage\",\"@id\":\"https:\\\/\\\/limpol.pl\\\/kontakt\\\/\",\"url\":\"https:\\\/\\\/limpol.pl\\\/kontakt\\\/\",\"name\":\"Kontakt | Pe\u0142ne dane kontaktowe | Limpol Sp. z o.o.\",\"isPartOf\":{\"@id\":\"https:\\\/\\\/limpol.pl\\\/#website\"},\"datePublished\":\"2016-08-22T11:45:57+00:00\",\"dateModified\":\"2025-09-30T12:57:47+00:00\",\"description\":\"Dzia\u0142 sprzeda\u017cy | Dzia\u0142 marketingu | Logistyka | Dzia\u0142 zakup\u00f3w | Adresy magazyn\u00f3w | Pe\u0142ne dane kontaktowe z naszymi pracownikami | Limpol Sp. z o.o.\",\"breadcrumb\":{\"@id\":\"https:\\\/\\\/limpol.pl\\\/kontakt\\\/#breadcrumb\"},\"inLanguage\":\"uk\",\"potentialAction\":[{\"@type\":\"ReadAction\",\"target\":[\"https:\\\/\\\/limpol.pl\\\/kontakt\\\/\"]}]},{\"@type\":\"BreadcrumbList\",\"@id\":\"https:\\\/\\\/limpol.pl\\\/kontakt\\\/#breadcrumb\",\"itemListElement\":[{\"@type\":\"ListItem\",\"position\":1,\"name\":\"Strona g\u0142\u00f3wna\",\"item\":\"https:\\\/\\\/limpol.pl\\\/\"},{\"@type\":\"ListItem\",\"position\":2,\"name\":\"Kontakt\"}]},{\"@type\":\"WebSite\",\"@id\":\"https:\\\/\\\/limpol.pl\\\/#website\",\"url\":\"https:\\\/\\\/limpol.pl\\\/\",\"name\":\"Limpol - Dystrybutor produkt\u00f3w spo\u017cywczych | Import Eksport\",\"description\":\"Importer i eksporter produkt\u00f3w spo\u017cywczych\",\"potentialAction\":[{\"@type\":\"SearchAction\",\"target\":{\"@type\":\"EntryPoint\",\"urlTemplate\":\"https:\\\/\\\/limpol.pl\\\/?s={search_term_string}\"},\"query-input\":{\"@type\":\"PropertyValueSpecification\",\"valueRequired\":true,\"valueName\":\"search_term_string\"}}],\"inLanguage\":\"uk\"}]}<\/script>\n<!-- \/ Yoast SEO plugin. -->","yoast_head_json":{"title":"\u041a\u043e\u043d\u0442\u0430\u043a\u0442\u0438 | \u041f\u043e\u0432\u043d\u0430 \u043a\u043e\u043d\u0442\u0430\u043a\u0442\u043d\u0430 \u0456\u043d\u0444\u043e\u0440\u043c\u0430\u0446\u0456\u044f | Limpol Sp. z o.o.","description":"\u0412\u0456\u0434\u0434\u0456\u043b \u043f\u0440\u043e\u0434\u0430\u0436\u0456\u0432 | \u0412\u0456\u0434\u0434\u0456\u043b \u043c\u0430\u0440\u043a\u0435\u0442\u0438\u043d\u0433\u0443 | \u0412\u0456\u0434\u0434\u0456\u043b \u043b\u043e\u0433\u0456\u0441\u0442\u0438\u043a\u0438 | \u0412\u0456\u0434\u0434\u0456\u043b \u0437\u0430\u043a\u0443\u043f\u0456\u0432\u0435\u043b\u044c | \u0410\u0434\u0440\u0435\u0441\u0438 \u0441\u043a\u043b\u0430\u0434\u0456\u0432 | \u041f\u043e\u0432\u043d\u0456 \u043a\u043e\u043d\u0442\u0430\u043a\u0442\u043d\u0456 \u0434\u0430\u043d\u0456 \u043d\u0430\u0448\u0438\u0445 \u0441\u043f\u0456\u0432\u0440\u043e\u0431\u0456\u0442\u043d\u0438\u043a\u0456\u0432 | Limpol Sp. z o.o.","robots":{"index":"index","follow":"follow","max-snippet":"max-snippet:-1","max-image-preview":"max-image-preview:large","max-video-preview":"max-video-preview:-1"},"canonical":"https:\/\/limpol.pl\/uk\/\u043a\u043e\u043d\u0442\u0430\u043a\u0442\u0438\/","og_locale":"uk_UA","og_type":"article","og_title":"Kontakt | Pe\u0142ne dane kontaktowe | Limpol Sp. z o.o.","og_description":"Dzia\u0142 sprzeda\u017cy | Dzia\u0142 marketingu | Logistyka | Dzia\u0142 zakup\u00f3w | Adresy magazyn\u00f3w | Pe\u0142ne dane kontaktowe z naszymi pracownikami | Limpol Sp. z o.o.","og_url":"https:\/\/limpol.pl\/uk\/\u043a\u043e\u043d\u0442\u0430\u043a\u0442\u0438\/","og_site_name":"Limpol - Dystrybutor produkt\u00f3w spo\u017cywczych | Import Eksport","article_publisher":"https:\/\/www.facebook.com\/firmalimpol\/","article_modified_time":"2025-09-30T12:57:47+00:00","twitter_card":"summary_large_image","twitter_misc":{"\u041f\u0440\u0438\u0431\u043b. \u0447\u0430\u0441 \u0447\u0438\u0442\u0430\u043d\u043d\u044f":"3 \u0445\u0432\u0438\u043b\u0438\u043d\u0438"},"schema":{"@context":"https:\/\/schema.org","@graph":[{"@type":"WebPage","@id":"https:\/\/limpol.pl\/kontakt\/","url":"https:\/\/limpol.pl\/kontakt\/","name":"\u041a\u043e\u043d\u0442\u0430\u043a\u0442\u0438 | \u041f\u043e\u0432\u043d\u0430 \u043a\u043e\u043d\u0442\u0430\u043a\u0442\u043d\u0430 \u0456\u043d\u0444\u043e\u0440\u043c\u0430\u0446\u0456\u044f | Limpol Sp. z o.o.","isPartOf":{"@id":"https:\/\/limpol.pl\/#website"},"datePublished":"2016-08-22T11:45:57+00:00","dateModified":"2025-09-30T12:57:47+00:00","description":"\u0412\u0456\u0434\u0434\u0456\u043b \u043f\u0440\u043e\u0434\u0430\u0436\u0456\u0432 | \u0412\u0456\u0434\u0434\u0456\u043b \u043c\u0430\u0440\u043a\u0435\u0442\u0438\u043d\u0433\u0443 | \u0412\u0456\u0434\u0434\u0456\u043b \u043b\u043e\u0433\u0456\u0441\u0442\u0438\u043a\u0438 | \u0412\u0456\u0434\u0434\u0456\u043b \u0437\u0430\u043a\u0443\u043f\u0456\u0432\u0435\u043b\u044c | \u0410\u0434\u0440\u0435\u0441\u0438 \u0441\u043a\u043b\u0430\u0434\u0456\u0432 | \u041f\u043e\u0432\u043d\u0456 \u043a\u043e\u043d\u0442\u0430\u043a\u0442\u043d\u0456 \u0434\u0430\u043d\u0456 \u043d\u0430\u0448\u0438\u0445 \u0441\u043f\u0456\u0432\u0440\u043e\u0431\u0456\u0442\u043d\u0438\u043a\u0456\u0432 | Limpol Sp. z o.o.","breadcrumb":{"@id":"https:\/\/limpol.pl\/kontakt\/#breadcrumb"},"inLanguage":"uk","potentialAction":[{"@type":"ReadAction","target":["https:\/\/limpol.pl\/kontakt\/"]}]},{"@type":"BreadcrumbList","@id":"https:\/\/limpol.pl\/kontakt\/#breadcrumb","itemListElement":[{"@type":"ListItem","position":1,"name":"Strona g\u0142\u00f3wna","item":"https:\/\/limpol.pl\/"},{"@type":"ListItem","position":2,"name":"Kontakt"}]},{"@type":"WebSite","@id":"https:\/\/limpol.pl\/#website","url":"https:\/\/limpol.pl\/","name":"Limpol - \u0414\u0438\u0441\u0442\u0440\u0438\u0431'\u044e\u0442\u043e\u0440 \u043f\u0440\u043e\u0434\u0443\u043a\u0442\u0456\u0432 \u0445\u0430\u0440\u0447\u0443\u0432\u0430\u043d\u043d\u044f | \u0406\u043c\u043f\u043e\u0440\u0442 \u0415\u043a\u0441\u043f\u043e\u0440\u0442","description":"\u0406\u043c\u043f\u043e\u0440\u0442\u0435\u0440 \u0442\u0430 \u0435\u043a\u0441\u043f\u043e\u0440\u0442\u0435\u0440 \u043f\u0440\u043e\u0434\u0443\u043a\u0442\u0456\u0432 \u0445\u0430\u0440\u0447\u0443\u0432\u0430\u043d\u043d\u044f","potentialAction":[{"@type":"SearchAction","target":{"@type":"EntryPoint","urlTemplate":"https:\/\/limpol.pl\/?s={search_term_string}"},"query-input":{"@type":"PropertyValueSpecification","valueRequired":true,"valueName":"search_term_string"}}],"inLanguage":"uk"}]}},"_links":{"self":[{"href":"https:\/\/limpol.pl\/uk\/wp-json\/wp\/v2\/pages\/185","targetHints":{"allow":["GET"]}}],"collection":[{"href":"https:\/\/limpol.pl\/uk\/wp-json\/wp\/v2\/pages"}],"about":[{"href":"https:\/\/limpol.pl\/uk\/wp-json\/wp\/v2\/types\/page"}],"author":[{"embeddable":true,"href":"https:\/\/limpol.pl\/uk\/wp-json\/wp\/v2\/users\/1"}],"replies":[{"embeddable":true,"href":"https:\/\/limpol.pl\/uk\/wp-json\/wp\/v2\/comments?post=185"}],"version-history":[{"count":28,"href":"https:\/\/limpol.pl\/uk\/wp-json\/wp\/v2\/pages\/185\/revisions"}],"predecessor-version":[{"id":6592,"href":"https:\/\/limpol.pl\/uk\/wp-json\/wp\/v2\/pages\/185\/revisions\/6592"}],"wp:attachment":[{"href":"https:\/\/limpol.pl\/uk\/wp-json\/wp\/v2\/media?parent=185"}],"curies":[{"name":"wp","href":"https:\/\/api.w.org\/{rel}","templated":true}]}}