{"id":1817,"date":"2019-03-05T17:24:46","date_gmt":"2019-03-05T16:24:46","guid":{"rendered":"https:\/\/limpol.pl\/produkty\/ananas-w-plastrach-w-soku-wlasnym\/"},"modified":"2023-01-25T12:35:43","modified_gmt":"2023-01-25T11:35:43","slug":"\u043d\u0430\u0440\u0456\u0437\u0430\u043d\u0438\u0439-\u0430\u043d\u0430\u043d\u0430\u0441-\u0443-\u0432\u043b\u0430\u0441\u043d\u043e\u043c\u0443-\u0441\u043e\u043a\u0443","status":"publish","type":"product","link":"https:\/\/limpol.pl\/uk\/\u043f\u0440\u043e\u0434\u0443\u043a\u0442\u0438\/\u043d\u0430\u0440\u0456\u0437\u0430\u043d\u0438\u0439-\u0430\u043d\u0430\u043d\u0430\u0441-\u0443-\u0432\u043b\u0430\u0441\u043d\u043e\u043c\u0443-\u0441\u043e\u043a\u0443\/","title":{"rendered":"\u041d\u0430\u0440\u0456\u0437\u0430\u043d\u0438\u0439 \u0430\u043d\u0430\u043d\u0430\u0441 \u0443 \u0432\u043b\u0430\u0441\u043d\u043e\u043c\u0443 \u0441\u043e\u043a\u0443"},"content":{"rendered":"<p>\u0426\u0435 \u0441\u0442\u0438\u0433\u043b\u0438\u0439 \u0430\u043d\u0430\u043d\u0430\u0441, \u043d\u0430\u0440\u0456\u0437\u0430\u043d\u0438\u0439 \u0448\u043c\u0430\u0442\u043e\u0447\u043a\u0430\u043c\u0438 \u0442\u0430 \u0437\u0430\u043d\u0443\u0440\u0435\u043d\u0438\u0439 \u0443 \u043d\u0430\u0442\u0443\u0440\u0430\u043b\u044c\u043d\u0438\u0439 \u0441\u0456\u043a, \u0431\u0435\u0437 \u0436\u043e\u0434\u043d\u0438\u0445 \u0437\u0430\u0439\u0432\u0438\u0445 \u0434\u043e\u0431\u0430\u0432\u043e\u043a. \u0414\u0443\u0436\u0435 \u0441\u043e\u043a\u043e\u0432\u0438\u0442\u0430 \u043c'\u044f\u043a\u043e\u0442\u044c \u0430\u043d\u0430\u043d\u0430\u0441\u0430 \u043c\u0430\u0454 \u043f\u0440\u0438\u0454\u043c\u043d\u0438\u0439 \u0442\u0430 \u043e\u0441\u0432\u0456\u0436\u0430\u044e\u0447\u0438\u0439 \u0441\u043c\u0430\u043a \u0456 \u0430\u0440\u043e\u043c\u0430\u0442. \u0423 \u0431\u043b\u044f\u0448\u0430\u043d\u0446\u0456 \u0432\u0456\u0434\u043f\u043e\u0432\u0456\u0434\u043d\u043e\u0433\u043e \u0440\u043e\u0437\u043c\u0456\u0440\u0443 \u043c\u0456\u0441\u0442\u0438\u0442\u044c\u0441\u044f \u0441\u043c\u0430\u0447\u043d\u0430 \u0437\u0430\u043a\u0443\u0441\u043a\u0430, \u044f\u043a\u0443 \u043c\u043e\u0436\u043d\u0430 \u0432\u0438\u043a\u043e\u0440\u0438\u0441\u0442\u043e\u0432\u0443\u0432\u0430\u0442\u0438 \u0443 \u0432\u0438\u043f\u0456\u0447\u0446\u0456 \u0430\u0431\u043e \u0431\u0435\u0437\u043f\u043e\u0441\u0435\u0440\u0435\u0434\u043d\u044c\u043e \u0432 \u0439\u043e\u0433\u0443\u0440\u0442\u0456 \u043d\u0430 \u0441\u043d\u0456\u0434\u0430\u043d\u043e\u043a. \u0421\u043a\u0443\u0448\u0442\u0443\u0439\u0442\u0435 \u0431\u0456\u043b\u044c\u0448 \u0437\u0434\u043e\u0440\u043e\u0432\u0443 \u0432\u0435\u0440\u0441\u0456\u044e \u0446\u044c\u043e\u0433\u043e \u0444\u0440\u0443\u043a\u0442\u0430 \u0432 \u0430\u043d\u0430\u043d\u0430\u0441\u043e\u0432\u043e\u043c\u0443 \u0441\u043e\u043a\u0443.<\/p>","protected":false},"excerpt":{"rendered":"<p>\u0426\u0435 \u0441\u0442\u0438\u0433\u043b\u0438\u0439 \u0430\u043d\u0430\u043d\u0430\u0441, \u043d\u0430\u0440\u0456\u0437\u0430\u043d\u0438\u0439 \u0448\u043c\u0430\u0442\u043e\u0447\u043a\u0430\u043c\u0438 \u0442\u0430 \u0437\u0430\u043d\u0443\u0440\u0435\u043d\u0438\u0439 \u0443 \u043d\u0430\u0442\u0443\u0440\u0430\u043b\u044c\u043d\u0438\u0439 \u0441\u0456\u043a, \u0431\u0435\u0437 \u0436\u043e\u0434\u043d\u0438\u0445 \u0437\u0430\u0439\u0432\u0438\u0445 \u0434\u043e\u0431\u0430\u0432\u043e\u043a. \u0414\u0443\u0436\u0435 \u0441\u043e\u043a\u043e\u0432\u0438\u0442\u0430 \u043c'\u044f\u043a\u043e\u0442\u044c \u0430\u043d\u0430\u043d\u0430\u0441\u0430 \u043c\u0430\u0454 \u043f\u0440\u0438\u0454\u043c\u043d\u0438\u0439 \u0442\u0430 \u043e\u0441\u0432\u0456\u0436\u0430\u044e\u0447\u0438\u0439 \u0441\u043c\u0430\u043a \u0456 \u0430\u0440\u043e\u043c\u0430\u0442. \u0423 \u0431\u043b\u044f\u0448\u0430\u043d\u0446\u0456 \u0432\u0456\u0434\u043f\u043e\u0432\u0456\u0434\u043d\u043e\u0433\u043e \u0440\u043e\u0437\u043c\u0456\u0440\u0443 \u043c\u0456\u0441\u0442\u0438\u0442\u044c\u0441\u044f \u0441\u043c\u0430\u0447\u043d\u0430 \u0437\u0430\u043a\u0443\u0441\u043a\u0430, \u044f\u043a\u0443 \u043c\u043e\u0436\u043d\u0430 \u0432\u0438\u043a\u043e\u0440\u0438\u0441\u0442\u043e\u0432\u0443\u0432\u0430\u0442\u0438 \u0443 \u0432\u0438\u043f\u0456\u0447\u0446\u0456 \u0430\u0431\u043e \u0431\u0435\u0437\u043f\u043e\u0441\u0435\u0440\u0435\u0434\u043d\u044c\u043e \u0432 \u0439\u043e\u0433\u0443\u0440\u0442\u0456 \u043d\u0430 \u0441\u043d\u0456\u0434\u0430\u043d\u043e\u043a. \u0421\u043a\u0443\u0448\u0442\u0443\u0439\u0442\u0435 \u0431\u0456\u043b\u044c\u0448 \u0437\u0434\u043e\u0440\u043e\u0432\u0443 \u0432\u0435\u0440\u0441\u0456\u044e \u0446\u044c\u043e\u0433\u043e \u0444\u0440\u0443\u043a\u0442\u0430 \u0432 \u0430\u043d\u0430\u043d\u0430\u0441\u043e\u0432\u043e\u043c\u0443 \u0441\u043e\u043a\u0443.<\/p>","protected":false},"featured_media":5358,"template":"","meta":[],"product_brand":[],"product_cat":[258],"product_tag":[],"class_list":{"0":"post-1817","1":"product","2":"type-product","3":"status-publish","4":"has-post-thumbnail","6":"product_cat-przetwory-owocowe","7":"pa_atrybut-detal-horeca-detal","8":"pa_ilosc-sztuk-na-palecie-101","9":"pa_ilosc-sztuk-na-warstwie-369","10":"pa_masa-netto-565g","11":"pa_masa-po-odsaczeniu-340g","12":"pa_sztuk-w-kartonie-71","14":"first","15":"instock","16":"product-type-simple"},"yoast_head":"<!-- This site is optimized with the Yoast SEO plugin v27.3 - https:\/\/yoast.com\/product\/yoast-seo-wordpress\/ -->\n<title>Ananas w plastrach w soku w\u0142asnym - Limpol - Dystrybutor produkt\u00f3w spo\u017cywczych | Import Eksport<\/title>\n<meta name=\"robots\" content=\"index, follow, max-snippet:-1, max-image-preview:large, max-video-preview:-1\" \/>\n<link rel=\"canonical\" href=\"https:\/\/limpol.pl\/uk\/\u043f\u0440\u043e\u0434\u0443\u043a\u0442\u0438\/\u043d\u0430\u0440\u0456\u0437\u0430\u043d\u0438\u0439-\u0430\u043d\u0430\u043d\u0430\u0441-\u0443-\u0432\u043b\u0430\u0441\u043d\u043e\u043c\u0443-\u0441\u043e\u043a\u0443\/\" \/>\n<meta property=\"og:locale\" content=\"uk_UA\" \/>\n<meta property=\"og:type\" content=\"article\" \/>\n<meta property=\"og:title\" content=\"Ananas w plastrach w soku w\u0142asnym - Limpol - Dystrybutor produkt\u00f3w spo\u017cywczych | Import Eksport\" \/>\n<meta property=\"og:description\" content=\"To dojrza\u0142y ananas pokrojony w plastry, zanurzony w naturalnym soku, bez zb\u0119dnych dodatk\u00f3w. Bardzo soczysty mi\u0105\u017csz ananasa ma przyjemny i orze\u017awiaj\u0105cy smak oraz zapach. Odpowiedniej wielko\u015bci puszka zawiera pyszn\u0105 przek\u0105sk\u0105, kt\u00f3r\u0105 mo\u017cna wykorzysta\u0107 do ciast albo bezpo\u015brednio do jogurtu na \u015bniadanie. Skorzystaj ze zdrowszej wersji tego owocu w soku ananasowym.\" \/>\n<meta property=\"og:url\" content=\"https:\/\/limpol.pl\/uk\/\u043f\u0440\u043e\u0434\u0443\u043a\u0442\u0438\/\u043d\u0430\u0440\u0456\u0437\u0430\u043d\u0438\u0439-\u0430\u043d\u0430\u043d\u0430\u0441-\u0443-\u0432\u043b\u0430\u0441\u043d\u043e\u043c\u0443-\u0441\u043e\u043a\u0443\/\" \/>\n<meta property=\"og:site_name\" content=\"Limpol - Dystrybutor produkt\u00f3w spo\u017cywczych | Import Eksport\" \/>\n<meta property=\"article:publisher\" content=\"https:\/\/www.facebook.com\/firmalimpol\/\" \/>\n<meta property=\"article:modified_time\" content=\"2023-01-25T11:35:43+00:00\" \/>\n<meta property=\"og:image\" content=\"https:\/\/limpol.pl\/wp-content\/uploads\/2019\/03\/ananas-plastry-sok-565-CIEN.jpg\" \/>\n\t<meta property=\"og:image:width\" content=\"1000\" \/>\n\t<meta property=\"og:image:height\" content=\"1000\" \/>\n\t<meta property=\"og:image:type\" content=\"image\/jpeg\" \/>\n<meta name=\"twitter:card\" content=\"summary_large_image\" \/>\n<meta name=\"twitter:label1\" content=\"\u041f\u0440\u0438\u0431\u043b. \u0447\u0430\u0441 \u0447\u0438\u0442\u0430\u043d\u043d\u044f\" \/>\n\t<meta name=\"twitter:data1\" content=\"1 \u0445\u0432\u0438\u043b\u0438\u043d\u0430\" \/>\n<script type=\"application\/ld+json\" class=\"yoast-schema-graph\">{\"@context\":\"https:\\\/\\\/schema.org\",\"@graph\":[{\"@type\":\"WebPage\",\"@id\":\"https:\\\/\\\/limpol.pl\\\/produkty\\\/ananas-w-plastrach-w-soku-wlasnym\\\/\",\"url\":\"https:\\\/\\\/limpol.pl\\\/produkty\\\/ananas-w-plastrach-w-soku-wlasnym\\\/\",\"name\":\"Ananas w plastrach w soku w\u0142asnym - Limpol - Dystrybutor produkt\u00f3w spo\u017cywczych | Import Eksport\",\"isPartOf\":{\"@id\":\"https:\\\/\\\/limpol.pl\\\/#website\"},\"primaryImageOfPage\":{\"@id\":\"https:\\\/\\\/limpol.pl\\\/produkty\\\/ananas-w-plastrach-w-soku-wlasnym\\\/#primaryimage\"},\"image\":{\"@id\":\"https:\\\/\\\/limpol.pl\\\/produkty\\\/ananas-w-plastrach-w-soku-wlasnym\\\/#primaryimage\"},\"thumbnailUrl\":\"https:\\\/\\\/limpol.pl\\\/wp-content\\\/uploads\\\/2019\\\/03\\\/ananas-plastry-sok-565-CIEN.jpg\",\"datePublished\":\"2019-03-05T16:24:46+00:00\",\"dateModified\":\"2023-01-25T11:35:43+00:00\",\"breadcrumb\":{\"@id\":\"https:\\\/\\\/limpol.pl\\\/produkty\\\/ananas-w-plastrach-w-soku-wlasnym\\\/#breadcrumb\"},\"inLanguage\":\"uk\",\"potentialAction\":[{\"@type\":\"ReadAction\",\"target\":[\"https:\\\/\\\/limpol.pl\\\/produkty\\\/ananas-w-plastrach-w-soku-wlasnym\\\/\"]}]},{\"@type\":\"ImageObject\",\"inLanguage\":\"uk\",\"@id\":\"https:\\\/\\\/limpol.pl\\\/produkty\\\/ananas-w-plastrach-w-soku-wlasnym\\\/#primaryimage\",\"url\":\"https:\\\/\\\/limpol.pl\\\/wp-content\\\/uploads\\\/2019\\\/03\\\/ananas-plastry-sok-565-CIEN.jpg\",\"contentUrl\":\"https:\\\/\\\/limpol.pl\\\/wp-content\\\/uploads\\\/2019\\\/03\\\/ananas-plastry-sok-565-CIEN.jpg\",\"width\":1000,\"height\":1000},{\"@type\":\"BreadcrumbList\",\"@id\":\"https:\\\/\\\/limpol.pl\\\/produkty\\\/ananas-w-plastrach-w-soku-wlasnym\\\/#breadcrumb\",\"itemListElement\":[{\"@type\":\"ListItem\",\"position\":1,\"name\":\"Strona g\u0142\u00f3wna\",\"item\":\"https:\\\/\\\/limpol.pl\\\/\"},{\"@type\":\"ListItem\",\"position\":2,\"name\":\"Produkty\",\"item\":\"https:\\\/\\\/limpol.pl\\\/shop\\\/\"},{\"@type\":\"ListItem\",\"position\":3,\"name\":\"Ananas w plastrach w soku w\u0142asnym\"}]},{\"@type\":\"WebSite\",\"@id\":\"https:\\\/\\\/limpol.pl\\\/#website\",\"url\":\"https:\\\/\\\/limpol.pl\\\/\",\"name\":\"Limpol - Dystrybutor produkt\u00f3w spo\u017cywczych | Import Eksport\",\"description\":\"Importer i eksporter produkt\u00f3w spo\u017cywczych\",\"potentialAction\":[{\"@type\":\"SearchAction\",\"target\":{\"@type\":\"EntryPoint\",\"urlTemplate\":\"https:\\\/\\\/limpol.pl\\\/?s={search_term_string}\"},\"query-input\":{\"@type\":\"PropertyValueSpecification\",\"valueRequired\":true,\"valueName\":\"search_term_string\"}}],\"inLanguage\":\"uk\"}]}<\/script>\n<!-- \/ Yoast SEO plugin. -->","yoast_head_json":{"title":"\u0410\u043d\u0430\u043d\u0430\u0441 \u043d\u0430\u0440\u0456\u0437\u0430\u043d\u0438\u0439 \u0443 \u0432\u043b\u0430\u0441\u043d\u043e\u043c\u0443 \u0441\u043e\u043a\u0443 - Limpol - \u0414\u0438\u0441\u0442\u0440\u0438\u0431'\u044e\u0442\u043e\u0440 \u043f\u0440\u043e\u0434\u0443\u043a\u0442\u0456\u0432 \u0445\u0430\u0440\u0447\u0443\u0432\u0430\u043d\u043d\u044f | \u0406\u043c\u043f\u043e\u0440\u0442 \u0415\u043a\u0441\u043f\u043e\u0440\u0442","robots":{"index":"index","follow":"follow","max-snippet":"max-snippet:-1","max-image-preview":"max-image-preview:large","max-video-preview":"max-video-preview:-1"},"canonical":"https:\/\/limpol.pl\/uk\/\u043f\u0440\u043e\u0434\u0443\u043a\u0442\u0438\/\u043d\u0430\u0440\u0456\u0437\u0430\u043d\u0438\u0439-\u0430\u043d\u0430\u043d\u0430\u0441-\u0443-\u0432\u043b\u0430\u0441\u043d\u043e\u043c\u0443-\u0441\u043e\u043a\u0443\/","og_locale":"uk_UA","og_type":"article","og_title":"Ananas w plastrach w soku w\u0142asnym - Limpol - Dystrybutor produkt\u00f3w spo\u017cywczych | Import Eksport","og_description":"To dojrza\u0142y ananas pokrojony w plastry, zanurzony w naturalnym soku, bez zb\u0119dnych dodatk\u00f3w. Bardzo soczysty mi\u0105\u017csz ananasa ma przyjemny i orze\u017awiaj\u0105cy smak oraz zapach. Odpowiedniej wielko\u015bci puszka zawiera pyszn\u0105 przek\u0105sk\u0105, kt\u00f3r\u0105 mo\u017cna wykorzysta\u0107 do ciast albo bezpo\u015brednio do jogurtu na \u015bniadanie. Skorzystaj ze zdrowszej wersji tego owocu w soku ananasowym.","og_url":"https:\/\/limpol.pl\/uk\/\u043f\u0440\u043e\u0434\u0443\u043a\u0442\u0438\/\u043d\u0430\u0440\u0456\u0437\u0430\u043d\u0438\u0439-\u0430\u043d\u0430\u043d\u0430\u0441-\u0443-\u0432\u043b\u0430\u0441\u043d\u043e\u043c\u0443-\u0441\u043e\u043a\u0443\/","og_site_name":"Limpol - Dystrybutor produkt\u00f3w spo\u017cywczych | Import Eksport","article_publisher":"https:\/\/www.facebook.com\/firmalimpol\/","article_modified_time":"2023-01-25T11:35:43+00:00","og_image":[{"width":1000,"height":1000,"url":"https:\/\/limpol.pl\/wp-content\/uploads\/2019\/03\/ananas-plastry-sok-565-CIEN.jpg","type":"image\/jpeg"}],"twitter_card":"summary_large_image","twitter_misc":{"\u041f\u0440\u0438\u0431\u043b. \u0447\u0430\u0441 \u0447\u0438\u0442\u0430\u043d\u043d\u044f":"1 \u0445\u0432\u0438\u043b\u0438\u043d\u0430"},"schema":{"@context":"https:\/\/schema.org","@graph":[{"@type":"WebPage","@id":"https:\/\/limpol.pl\/produkty\/ananas-w-plastrach-w-soku-wlasnym\/","url":"https:\/\/limpol.pl\/produkty\/ananas-w-plastrach-w-soku-wlasnym\/","name":"\u0410\u043d\u0430\u043d\u0430\u0441 \u043d\u0430\u0440\u0456\u0437\u0430\u043d\u0438\u0439 \u0443 \u0432\u043b\u0430\u0441\u043d\u043e\u043c\u0443 \u0441\u043e\u043a\u0443 - Limpol - \u0414\u0438\u0441\u0442\u0440\u0438\u0431'\u044e\u0442\u043e\u0440 \u043f\u0440\u043e\u0434\u0443\u043a\u0442\u0456\u0432 \u0445\u0430\u0440\u0447\u0443\u0432\u0430\u043d\u043d\u044f | \u0406\u043c\u043f\u043e\u0440\u0442 \u0415\u043a\u0441\u043f\u043e\u0440\u0442","isPartOf":{"@id":"https:\/\/limpol.pl\/#website"},"primaryImageOfPage":{"@id":"https:\/\/limpol.pl\/produkty\/ananas-w-plastrach-w-soku-wlasnym\/#primaryimage"},"image":{"@id":"https:\/\/limpol.pl\/produkty\/ananas-w-plastrach-w-soku-wlasnym\/#primaryimage"},"thumbnailUrl":"https:\/\/limpol.pl\/wp-content\/uploads\/2019\/03\/ananas-plastry-sok-565-CIEN.jpg","datePublished":"2019-03-05T16:24:46+00:00","dateModified":"2023-01-25T11:35:43+00:00","breadcrumb":{"@id":"https:\/\/limpol.pl\/produkty\/ananas-w-plastrach-w-soku-wlasnym\/#breadcrumb"},"inLanguage":"uk","potentialAction":[{"@type":"ReadAction","target":["https:\/\/limpol.pl\/produkty\/ananas-w-plastrach-w-soku-wlasnym\/"]}]},{"@type":"ImageObject","inLanguage":"uk","@id":"https:\/\/limpol.pl\/produkty\/ananas-w-plastrach-w-soku-wlasnym\/#primaryimage","url":"https:\/\/limpol.pl\/wp-content\/uploads\/2019\/03\/ananas-plastry-sok-565-CIEN.jpg","contentUrl":"https:\/\/limpol.pl\/wp-content\/uploads\/2019\/03\/ananas-plastry-sok-565-CIEN.jpg","width":1000,"height":1000},{"@type":"BreadcrumbList","@id":"https:\/\/limpol.pl\/produkty\/ananas-w-plastrach-w-soku-wlasnym\/#breadcrumb","itemListElement":[{"@type":"ListItem","position":1,"name":"Strona g\u0142\u00f3wna","item":"https:\/\/limpol.pl\/"},{"@type":"ListItem","position":2,"name":"Produkty","item":"https:\/\/limpol.pl\/shop\/"},{"@type":"ListItem","position":3,"name":"Ananas w plastrach w soku w\u0142asnym"}]},{"@type":"WebSite","@id":"https:\/\/limpol.pl\/#website","url":"https:\/\/limpol.pl\/","name":"Limpol - \u0414\u0438\u0441\u0442\u0440\u0438\u0431'\u044e\u0442\u043e\u0440 \u043f\u0440\u043e\u0434\u0443\u043a\u0442\u0456\u0432 \u0445\u0430\u0440\u0447\u0443\u0432\u0430\u043d\u043d\u044f | \u0406\u043c\u043f\u043e\u0440\u0442 \u0415\u043a\u0441\u043f\u043e\u0440\u0442","description":"\u0406\u043c\u043f\u043e\u0440\u0442\u0435\u0440 \u0442\u0430 \u0435\u043a\u0441\u043f\u043e\u0440\u0442\u0435\u0440 \u043f\u0440\u043e\u0434\u0443\u043a\u0442\u0456\u0432 \u0445\u0430\u0440\u0447\u0443\u0432\u0430\u043d\u043d\u044f","potentialAction":[{"@type":"SearchAction","target":{"@type":"EntryPoint","urlTemplate":"https:\/\/limpol.pl\/?s={search_term_string}"},"query-input":{"@type":"PropertyValueSpecification","valueRequired":true,"valueName":"search_term_string"}}],"inLanguage":"uk"}]}},"_links":{"self":[{"href":"https:\/\/limpol.pl\/uk\/wp-json\/wp\/v2\/product\/1817","targetHints":{"allow":["GET"]}}],"collection":[{"href":"https:\/\/limpol.pl\/uk\/wp-json\/wp\/v2\/product"}],"about":[{"href":"https:\/\/limpol.pl\/uk\/wp-json\/wp\/v2\/types\/product"}],"wp:featuredmedia":[{"embeddable":true,"href":"https:\/\/limpol.pl\/uk\/wp-json\/wp\/v2\/media\/5358"}],"wp:attachment":[{"href":"https:\/\/limpol.pl\/uk\/wp-json\/wp\/v2\/media?parent=1817"}],"wp:term":[{"taxonomy":"product_brand","embeddable":true,"href":"https:\/\/limpol.pl\/uk\/wp-json\/wp\/v2\/product_brand?post=1817"},{"taxonomy":"product_cat","embeddable":true,"href":"https:\/\/limpol.pl\/uk\/wp-json\/wp\/v2\/product_cat?post=1817"},{"taxonomy":"product_tag","embeddable":true,"href":"https:\/\/limpol.pl\/uk\/wp-json\/wp\/v2\/product_tag?post=1817"}],"curies":[{"name":"wp","href":"https:\/\/api.w.org\/{rel}","templated":true}]}}