{"id":1850,"date":"2019-03-05T17:25:06","date_gmt":"2019-03-05T16:25:06","guid":{"rendered":"https:\/\/limpol.pl\/produkty\/kukurydza-slodka-pakowana-prozniowo-2\/"},"modified":"2023-04-06T10:43:38","modified_gmt":"2023-04-06T08:43:38","slug":"\u043a\u0443\u043a\u0443\u0440\u0443\u0434\u0437\u0430-\u0446\u0443\u043a\u0440\u043e\u0432\u0430-\u0443-\u0432\u0430\u043a\u0443\u0443\u043c\u043d\u0456\u0439-\u0443\u043f\u0430\u043a\u043e\u0432","status":"publish","type":"product","link":"https:\/\/limpol.pl\/uk\/\u043f\u0440\u043e\u0434\u0443\u043a\u0442\u0438\/\u043a\u0443\u043a\u0443\u0440\u0443\u0434\u0437\u0430-\u0446\u0443\u043a\u0440\u043e\u0432\u0430-\u0443-\u0432\u0430\u043a\u0443\u0443\u043c\u043d\u0456\u0439-\u0443\u043f\u0430\u043a\u043e\u0432\/","title":{"rendered":"\u041a\u0443\u043a\u0443\u0440\u0443\u0434\u0437\u0430 \u0443 \u0432\u0430\u043a\u0443\u0443\u043c\u043d\u0456\u0439 \u0443\u043f\u0430\u043a\u043e\u0432\u0446\u0456"},"content":{"rendered":"<p>\u041a\u0443\u043a\u0443\u0440\u0443\u0434\u0437\u0430 \u0432\u0436\u0435 \u0431\u0430\u0433\u0430\u0442\u043e \u0440\u043e\u043a\u0456\u0432 \u0454 \u0432 \u043d\u0430\u0448\u0438\u0445 \u0434\u043e\u043c\u0456\u0432\u043a\u0430\u0445 \u0449\u043e\u0434\u043d\u044f \u0442\u0430 \u043d\u0430 \u0441\u0432\u044f\u0442\u0430. \u041c\u0438 \u043d\u0435 \u043e\u0431\u043c\u0435\u0436\u0443\u0454\u043c\u043e \u0441\u0432\u043e\u044e \u043a\u0443\u043b\u0456\u043d\u0430\u0440\u043d\u0443 \u0444\u0430\u043d\u0442\u0430\u0437\u0456\u044e \u0443 \u0457\u0457 \u0432\u0438\u043a\u043e\u0440\u0438\u0441\u0442\u0430\u043d\u043d\u0456. \u0412\u043e\u043d\u0430 \u0447\u0443\u0434\u043e\u0432\u043e \u043f\u043e\u0454\u0434\u043d\u0443\u0454\u0442\u044c\u0441\u044f \u0437 \u0431\u0456\u043b\u044c\u0448\u0456\u0441\u0442\u044e \u043a\u043b\u0430\u0441\u0438\u0447\u043d\u0438\u0445 \u0456 \u0431\u0456\u043b\u044c\u0448 \u043e\u0440\u0438\u0433\u0456\u043d\u0430\u043b\u044c\u043d\u0438\u0445 \u0441\u0442\u0440\u0430\u0432. \u0419\u043e\u0433\u043e \u0437\u043b\u0435\u0433\u043a\u0430 \u0441\u043e\u043b\u043e\u0434\u043a\u0443\u0432\u0430\u0442\u0438\u0439 \u0441\u043c\u0430\u043a \u0456\u0434\u0435\u0430\u043b\u044c\u043d\u0438\u0439 \u0443 \u0431\u0443\u0434\u044c-\u044f\u043a\u043e\u043c\u0443 \u043f\u043e\u0454\u0434\u043d\u0430\u043d\u043d\u0456. \u0427\u0443\u0434\u043e\u0432\u043e \u0441\u043c\u0430\u043a\u0443\u0454 \u044f\u043a \u0433\u0430\u0440\u044f\u0447\u0438\u043c, \u0442\u0430\u043a \u0456 \u0445\u043e\u043b\u043e\u0434\u043d\u0438\u043c. \u0412\u0430\u0433\u0430 \u043f\u0456\u0441\u043b\u044f \u0437\u043b\u0438\u0432\u0430\u043d\u043d\u044f - 285 \u0433, \u0441\u0430\u043c\u0435 \u0442\u0435, \u0449\u043e \u0442\u0440\u0435\u0431\u0430 \u0434\u043b\u044f \u043d\u0435\u0432\u0435\u043b\u0438\u043a\u043e\u0433\u043e \u0456 \u0448\u0432\u0438\u0434\u043a\u043e\u0433\u043e \u043f\u0435\u0440\u0435\u043a\u0443\u0441\u0443.<\/p>","protected":false},"excerpt":{"rendered":"<p>Kukurydza s\u0142odka ju\u017c od lat go\u015bci w naszych domach na co dzie\u0144 i od \u015bwi\u0119ta. W jej zastosowaniu nie ogranicza nas kulinarna wyobra\u017ania. Pasuje do wi\u0119kszo\u015bci potraw klasycznych i tych bardziej fantazyjnych. Jej lekko s\u0142odki smak jest doskona\u0142y w ka\u017cdym po\u0142\u0105czeniu. \u015awietna zar\u00f3wno na ciep\u0142o jak i na zimno. Waga po ods\u0105czeniu to 285g, w [&hellip;]<\/p>\n","protected":false},"featured_media":5234,"template":"","meta":[],"product_brand":[],"product_cat":[845,263],"product_tag":[],"class_list":{"0":"post-1850","1":"product","2":"type-product","3":"status-publish","4":"has-post-thumbnail","6":"product_cat-dla-pizzerii-i-trattorii","7":"product_cat-przetwory-warzywne","8":"pa_atrybut-detal-horeca-detal","9":"pa_ilosc-sztuk-na-palecie-93","10":"pa_ilosc-sztuk-na-warstwie-629","11":"pa_masa-netto-340g","12":"pa_masa-po-odsaczeniu-285g","13":"pa_sztuk-w-kartonie-79","15":"first","16":"instock","17":"product-type-simple"},"yoast_head":"<!-- This site is optimized with the Yoast SEO plugin v27.3 - https:\/\/yoast.com\/product\/yoast-seo-wordpress\/ -->\n<title>Kukurydza s\u0142odka pakowana pr\u00f3\u017cniowo - Limpol - Dystrybutor produkt\u00f3w spo\u017cywczych | Import Eksport<\/title>\n<meta name=\"robots\" content=\"index, follow, max-snippet:-1, max-image-preview:large, max-video-preview:-1\" \/>\n<link rel=\"canonical\" href=\"https:\/\/limpol.pl\/uk\/\u043f\u0440\u043e\u0434\u0443\u043a\u0442\u0438\/\u043a\u0443\u043a\u0443\u0440\u0443\u0434\u0437\u0430-\u0446\u0443\u043a\u0440\u043e\u0432\u0430-\u0443-\u0432\u0430\u043a\u0443\u0443\u043c\u043d\u0456\u0439-\u0443\u043f\u0430\u043a\u043e\u0432\/\" \/>\n<meta property=\"og:locale\" content=\"uk_UA\" \/>\n<meta property=\"og:type\" content=\"article\" \/>\n<meta property=\"og:title\" content=\"Kukurydza s\u0142odka pakowana pr\u00f3\u017cniowo - Limpol - Dystrybutor produkt\u00f3w spo\u017cywczych | Import Eksport\" \/>\n<meta property=\"og:description\" content=\"Kukurydza s\u0142odka ju\u017c od lat go\u015bci w naszych domach na co dzie\u0144 i od \u015bwi\u0119ta. W jej zastosowaniu nie ogranicza nas kulinarna wyobra\u017ania. Pasuje do wi\u0119kszo\u015bci potraw klasycznych i tych bardziej fantazyjnych. Jej lekko s\u0142odki smak jest doskona\u0142y w ka\u017cdym po\u0142\u0105czeniu. \u015awietna zar\u00f3wno na ciep\u0142o jak i na zimno. Waga po ods\u0105czeniu to 285g, w [&hellip;]\" \/>\n<meta property=\"og:url\" content=\"https:\/\/limpol.pl\/uk\/\u043f\u0440\u043e\u0434\u0443\u043a\u0442\u0438\/\u043a\u0443\u043a\u0443\u0440\u0443\u0434\u0437\u0430-\u0446\u0443\u043a\u0440\u043e\u0432\u0430-\u0443-\u0432\u0430\u043a\u0443\u0443\u043c\u043d\u0456\u0439-\u0443\u043f\u0430\u043a\u043e\u0432\/\" \/>\n<meta property=\"og:site_name\" content=\"Limpol - Dystrybutor produkt\u00f3w spo\u017cywczych | Import Eksport\" \/>\n<meta property=\"article:publisher\" content=\"https:\/\/www.facebook.com\/firmalimpol\/\" \/>\n<meta property=\"article:modified_time\" content=\"2023-04-06T08:43:38+00:00\" \/>\n<meta property=\"og:image\" content=\"https:\/\/limpol.pl\/wp-content\/uploads\/2023\/01\/kukurydza-340-CIEN.jpg\" \/>\n\t<meta property=\"og:image:width\" content=\"800\" \/>\n\t<meta property=\"og:image:height\" content=\"800\" \/>\n\t<meta property=\"og:image:type\" content=\"image\/jpeg\" \/>\n<meta name=\"twitter:card\" content=\"summary_large_image\" \/>\n<meta name=\"twitter:label1\" content=\"\u041f\u0440\u0438\u0431\u043b. \u0447\u0430\u0441 \u0447\u0438\u0442\u0430\u043d\u043d\u044f\" \/>\n\t<meta name=\"twitter:data1\" content=\"1 \u0445\u0432\u0438\u043b\u0438\u043d\u0430\" \/>\n<script type=\"application\/ld+json\" class=\"yoast-schema-graph\">{\"@context\":\"https:\\\/\\\/schema.org\",\"@graph\":[{\"@type\":\"WebPage\",\"@id\":\"https:\\\/\\\/limpol.pl\\\/produkty\\\/kukurydza-slodka-pakowana-prozniowo-2\\\/\",\"url\":\"https:\\\/\\\/limpol.pl\\\/produkty\\\/kukurydza-slodka-pakowana-prozniowo-2\\\/\",\"name\":\"Kukurydza s\u0142odka pakowana pr\u00f3\u017cniowo - Limpol - Dystrybutor produkt\u00f3w spo\u017cywczych | Import Eksport\",\"isPartOf\":{\"@id\":\"https:\\\/\\\/limpol.pl\\\/#website\"},\"primaryImageOfPage\":{\"@id\":\"https:\\\/\\\/limpol.pl\\\/produkty\\\/kukurydza-slodka-pakowana-prozniowo-2\\\/#primaryimage\"},\"image\":{\"@id\":\"https:\\\/\\\/limpol.pl\\\/produkty\\\/kukurydza-slodka-pakowana-prozniowo-2\\\/#primaryimage\"},\"thumbnailUrl\":\"https:\\\/\\\/limpol.pl\\\/wp-content\\\/uploads\\\/2023\\\/01\\\/kukurydza-340-CIEN.jpg\",\"datePublished\":\"2019-03-05T16:25:06+00:00\",\"dateModified\":\"2023-04-06T08:43:38+00:00\",\"breadcrumb\":{\"@id\":\"https:\\\/\\\/limpol.pl\\\/produkty\\\/kukurydza-slodka-pakowana-prozniowo-2\\\/#breadcrumb\"},\"inLanguage\":\"uk\",\"potentialAction\":[{\"@type\":\"ReadAction\",\"target\":[\"https:\\\/\\\/limpol.pl\\\/produkty\\\/kukurydza-slodka-pakowana-prozniowo-2\\\/\"]}]},{\"@type\":\"ImageObject\",\"inLanguage\":\"uk\",\"@id\":\"https:\\\/\\\/limpol.pl\\\/produkty\\\/kukurydza-slodka-pakowana-prozniowo-2\\\/#primaryimage\",\"url\":\"https:\\\/\\\/limpol.pl\\\/wp-content\\\/uploads\\\/2023\\\/01\\\/kukurydza-340-CIEN.jpg\",\"contentUrl\":\"https:\\\/\\\/limpol.pl\\\/wp-content\\\/uploads\\\/2023\\\/01\\\/kukurydza-340-CIEN.jpg\",\"width\":800,\"height\":800},{\"@type\":\"BreadcrumbList\",\"@id\":\"https:\\\/\\\/limpol.pl\\\/produkty\\\/kukurydza-slodka-pakowana-prozniowo-2\\\/#breadcrumb\",\"itemListElement\":[{\"@type\":\"ListItem\",\"position\":1,\"name\":\"Strona g\u0142\u00f3wna\",\"item\":\"https:\\\/\\\/limpol.pl\\\/\"},{\"@type\":\"ListItem\",\"position\":2,\"name\":\"Produkty\",\"item\":\"https:\\\/\\\/limpol.pl\\\/shop\\\/\"},{\"@type\":\"ListItem\",\"position\":3,\"name\":\"Kukurydza s\u0142odka pakowana pr\u00f3\u017cniowo\"}]},{\"@type\":\"WebSite\",\"@id\":\"https:\\\/\\\/limpol.pl\\\/#website\",\"url\":\"https:\\\/\\\/limpol.pl\\\/\",\"name\":\"Limpol - Dystrybutor produkt\u00f3w spo\u017cywczych | Import Eksport\",\"description\":\"Importer i eksporter produkt\u00f3w spo\u017cywczych\",\"potentialAction\":[{\"@type\":\"SearchAction\",\"target\":{\"@type\":\"EntryPoint\",\"urlTemplate\":\"https:\\\/\\\/limpol.pl\\\/?s={search_term_string}\"},\"query-input\":{\"@type\":\"PropertyValueSpecification\",\"valueRequired\":true,\"valueName\":\"search_term_string\"}}],\"inLanguage\":\"uk\"}]}<\/script>\n<!-- \/ Yoast SEO plugin. -->","yoast_head_json":{"title":"\u041a\u0443\u043a\u0443\u0440\u0443\u0434\u0437\u0430 \u0441\u043e\u043b\u043e\u0434\u043a\u0430 \u0443 \u0432\u0430\u043a\u0443\u0443\u043c\u043d\u0456\u0439 \u0443\u043f\u0430\u043a\u043e\u0432\u0446\u0456 - Limpol - \u0414\u0438\u0441\u0442\u0440\u0438\u0431'\u044e\u0442\u043e\u0440 \u0445\u0430\u0440\u0447\u043e\u0432\u0438\u0445 \u043f\u0440\u043e\u0434\u0443\u043a\u0442\u0456\u0432 | \u0406\u043c\u043f\u043e\u0440\u0442 \u0415\u043a\u0441\u043f\u043e\u0440\u0442","robots":{"index":"index","follow":"follow","max-snippet":"max-snippet:-1","max-image-preview":"max-image-preview:large","max-video-preview":"max-video-preview:-1"},"canonical":"https:\/\/limpol.pl\/uk\/\u043f\u0440\u043e\u0434\u0443\u043a\u0442\u0438\/\u043a\u0443\u043a\u0443\u0440\u0443\u0434\u0437\u0430-\u0446\u0443\u043a\u0440\u043e\u0432\u0430-\u0443-\u0432\u0430\u043a\u0443\u0443\u043c\u043d\u0456\u0439-\u0443\u043f\u0430\u043a\u043e\u0432\/","og_locale":"uk_UA","og_type":"article","og_title":"Kukurydza s\u0142odka pakowana pr\u00f3\u017cniowo - Limpol - Dystrybutor produkt\u00f3w spo\u017cywczych | Import Eksport","og_description":"Kukurydza s\u0142odka ju\u017c od lat go\u015bci w naszych domach na co dzie\u0144 i od \u015bwi\u0119ta. W jej zastosowaniu nie ogranicza nas kulinarna wyobra\u017ania. Pasuje do wi\u0119kszo\u015bci potraw klasycznych i tych bardziej fantazyjnych. Jej lekko s\u0142odki smak jest doskona\u0142y w ka\u017cdym po\u0142\u0105czeniu. \u015awietna zar\u00f3wno na ciep\u0142o jak i na zimno. Waga po ods\u0105czeniu to 285g, w [&hellip;]","og_url":"https:\/\/limpol.pl\/uk\/\u043f\u0440\u043e\u0434\u0443\u043a\u0442\u0438\/\u043a\u0443\u043a\u0443\u0440\u0443\u0434\u0437\u0430-\u0446\u0443\u043a\u0440\u043e\u0432\u0430-\u0443-\u0432\u0430\u043a\u0443\u0443\u043c\u043d\u0456\u0439-\u0443\u043f\u0430\u043a\u043e\u0432\/","og_site_name":"Limpol - Dystrybutor produkt\u00f3w spo\u017cywczych | Import Eksport","article_publisher":"https:\/\/www.facebook.com\/firmalimpol\/","article_modified_time":"2023-04-06T08:43:38+00:00","og_image":[{"width":800,"height":800,"url":"https:\/\/limpol.pl\/wp-content\/uploads\/2023\/01\/kukurydza-340-CIEN.jpg","type":"image\/jpeg"}],"twitter_card":"summary_large_image","twitter_misc":{"\u041f\u0440\u0438\u0431\u043b. \u0447\u0430\u0441 \u0447\u0438\u0442\u0430\u043d\u043d\u044f":"1 \u0445\u0432\u0438\u043b\u0438\u043d\u0430"},"schema":{"@context":"https:\/\/schema.org","@graph":[{"@type":"WebPage","@id":"https:\/\/limpol.pl\/produkty\/kukurydza-slodka-pakowana-prozniowo-2\/","url":"https:\/\/limpol.pl\/produkty\/kukurydza-slodka-pakowana-prozniowo-2\/","name":"\u041a\u0443\u043a\u0443\u0440\u0443\u0434\u0437\u0430 \u0441\u043e\u043b\u043e\u0434\u043a\u0430 \u0443 \u0432\u0430\u043a\u0443\u0443\u043c\u043d\u0456\u0439 \u0443\u043f\u0430\u043a\u043e\u0432\u0446\u0456 - Limpol - \u0414\u0438\u0441\u0442\u0440\u0438\u0431'\u044e\u0442\u043e\u0440 \u0445\u0430\u0440\u0447\u043e\u0432\u0438\u0445 \u043f\u0440\u043e\u0434\u0443\u043a\u0442\u0456\u0432 | \u0406\u043c\u043f\u043e\u0440\u0442 \u0415\u043a\u0441\u043f\u043e\u0440\u0442","isPartOf":{"@id":"https:\/\/limpol.pl\/#website"},"primaryImageOfPage":{"@id":"https:\/\/limpol.pl\/produkty\/kukurydza-slodka-pakowana-prozniowo-2\/#primaryimage"},"image":{"@id":"https:\/\/limpol.pl\/produkty\/kukurydza-slodka-pakowana-prozniowo-2\/#primaryimage"},"thumbnailUrl":"https:\/\/limpol.pl\/wp-content\/uploads\/2023\/01\/kukurydza-340-CIEN.jpg","datePublished":"2019-03-05T16:25:06+00:00","dateModified":"2023-04-06T08:43:38+00:00","breadcrumb":{"@id":"https:\/\/limpol.pl\/produkty\/kukurydza-slodka-pakowana-prozniowo-2\/#breadcrumb"},"inLanguage":"uk","potentialAction":[{"@type":"ReadAction","target":["https:\/\/limpol.pl\/produkty\/kukurydza-slodka-pakowana-prozniowo-2\/"]}]},{"@type":"ImageObject","inLanguage":"uk","@id":"https:\/\/limpol.pl\/produkty\/kukurydza-slodka-pakowana-prozniowo-2\/#primaryimage","url":"https:\/\/limpol.pl\/wp-content\/uploads\/2023\/01\/kukurydza-340-CIEN.jpg","contentUrl":"https:\/\/limpol.pl\/wp-content\/uploads\/2023\/01\/kukurydza-340-CIEN.jpg","width":800,"height":800},{"@type":"BreadcrumbList","@id":"https:\/\/limpol.pl\/produkty\/kukurydza-slodka-pakowana-prozniowo-2\/#breadcrumb","itemListElement":[{"@type":"ListItem","position":1,"name":"Strona g\u0142\u00f3wna","item":"https:\/\/limpol.pl\/"},{"@type":"ListItem","position":2,"name":"Produkty","item":"https:\/\/limpol.pl\/shop\/"},{"@type":"ListItem","position":3,"name":"Kukurydza s\u0142odka pakowana pr\u00f3\u017cniowo"}]},{"@type":"WebSite","@id":"https:\/\/limpol.pl\/#website","url":"https:\/\/limpol.pl\/","name":"Limpol - \u0414\u0438\u0441\u0442\u0440\u0438\u0431'\u044e\u0442\u043e\u0440 \u043f\u0440\u043e\u0434\u0443\u043a\u0442\u0456\u0432 \u0445\u0430\u0440\u0447\u0443\u0432\u0430\u043d\u043d\u044f | \u0406\u043c\u043f\u043e\u0440\u0442 \u0415\u043a\u0441\u043f\u043e\u0440\u0442","description":"\u0406\u043c\u043f\u043e\u0440\u0442\u0435\u0440 \u0442\u0430 \u0435\u043a\u0441\u043f\u043e\u0440\u0442\u0435\u0440 \u043f\u0440\u043e\u0434\u0443\u043a\u0442\u0456\u0432 \u0445\u0430\u0440\u0447\u0443\u0432\u0430\u043d\u043d\u044f","potentialAction":[{"@type":"SearchAction","target":{"@type":"EntryPoint","urlTemplate":"https:\/\/limpol.pl\/?s={search_term_string}"},"query-input":{"@type":"PropertyValueSpecification","valueRequired":true,"valueName":"search_term_string"}}],"inLanguage":"uk"}]}},"_links":{"self":[{"href":"https:\/\/limpol.pl\/uk\/wp-json\/wp\/v2\/product\/1850","targetHints":{"allow":["GET"]}}],"collection":[{"href":"https:\/\/limpol.pl\/uk\/wp-json\/wp\/v2\/product"}],"about":[{"href":"https:\/\/limpol.pl\/uk\/wp-json\/wp\/v2\/types\/product"}],"wp:featuredmedia":[{"embeddable":true,"href":"https:\/\/limpol.pl\/uk\/wp-json\/wp\/v2\/media\/5234"}],"wp:attachment":[{"href":"https:\/\/limpol.pl\/uk\/wp-json\/wp\/v2\/media?parent=1850"}],"wp:term":[{"taxonomy":"product_brand","embeddable":true,"href":"https:\/\/limpol.pl\/uk\/wp-json\/wp\/v2\/product_brand?post=1850"},{"taxonomy":"product_cat","embeddable":true,"href":"https:\/\/limpol.pl\/uk\/wp-json\/wp\/v2\/product_cat?post=1850"},{"taxonomy":"product_tag","embeddable":true,"href":"https:\/\/limpol.pl\/uk\/wp-json\/wp\/v2\/product_tag?post=1850"}],"curies":[{"name":"wp","href":"https:\/\/api.w.org\/{rel}","templated":true}]}}