{"id":1861,"date":"2019-03-05T17:25:24","date_gmt":"2019-03-05T16:25:24","guid":{"rendered":"https:\/\/limpol.pl\/produkty\/mleczko-kokosowe\/"},"modified":"2023-04-05T14:05:06","modified_gmt":"2023-04-05T12:05:06","slug":"\u043a\u043e\u043a\u043e\u0441\u043e\u0432\u0435-\u043c\u043e\u043b\u043e\u043a\u043e","status":"publish","type":"product","link":"https:\/\/limpol.pl\/uk\/\u043f\u0440\u043e\u0434\u0443\u043a\u0442\u0438\/\u043a\u043e\u043a\u043e\u0441\u043e\u0432\u0435-\u043c\u043e\u043b\u043e\u043a\u043e\/","title":{"rendered":"\u041a\u043e\u043a\u043e\u0441\u043e\u0432\u0435 \u043c\u043e\u043b\u043e\u043a\u043e"},"content":{"rendered":"<p>\u0422\u0430\u0439\u0441\u044c\u043a\u0438\u0439 \u0435\u043a\u0441\u0442\u0440\u0430\u043a\u0442 \u043c'\u044f\u043a\u043e\u0442\u0456 \u043a\u043e\u043a\u043e\u0441\u043e\u0432\u043e\u0433\u043e \u0433\u043e\u0440\u0456\u0445\u0430, \u0437 \u0432\u043c\u0456\u0441\u0442\u043e\u043c \u0436\u0438\u0440\u0443 17-19%. \u041f\u0440\u043e\u0434\u0443\u043a\u0442 \u043c\u0456\u0441\u0442\u0438\u0442\u044c 80% \u0435\u043a\u0441\u0442\u0440\u0430\u043a\u0442\u0443 \u043a\u043e\u043a\u043e\u0441\u043e\u0432\u043e\u0457 \u043c'\u044f\u043a\u043e\u0442\u0456. \u041c\u0430\u0454 \u0431\u0456\u043b\u0438\u0439 \u043a\u043e\u043b\u0456\u0440, \u043d\u0456\u0436\u043d\u0443 \u043a\u0440\u0435\u043c\u043e\u043f\u043e\u0434\u0456\u0431\u043d\u0443 \u043a\u043e\u043d\u0441\u0438\u0441\u0442\u0435\u043d\u0446\u0456\u044e \u0442\u0430 \u0430\u0440\u043e\u043c\u0430\u0442\u043d\u0438\u0439 \u0441\u043c\u0430\u043a. \u0425\u0430\u0440\u0430\u043a\u0442\u0435\u0440\u043d\u0438\u0439 \u0456\u043d\u0433\u0440\u0435\u0434\u0456\u0454\u043d\u0442 \u0441\u0442\u0440\u0430\u0432 \u0430\u0437\u0456\u0430\u0442\u0441\u044c\u043a\u043e\u0457 \u043a\u0443\u0445\u043d\u0456. \u0423 \u041f\u043e\u043b\u044c\u0449\u0456 \u0432\u0441\u0435 \u0447\u0430\u0441\u0442\u0456\u0448\u0435 \u0432\u0438\u043a\u043e\u0440\u0438\u0441\u0442\u043e\u0432\u0443\u0454\u0442\u044c\u0441\u044f \u044f\u043a \u0437\u0430\u043c\u0456\u043d\u043d\u0438\u043a \u0432\u0435\u0440\u0448\u043a\u0456\u0432 \u0434\u043b\u044f \u0432\u0435\u0433\u0435\u0442\u0430\u0440\u0456\u0430\u043d\u0446\u0456\u0432 \u0442\u0430 \u043b\u044e\u0434\u0435\u0439 \u0437 \u043f\u0456\u0434\u0432\u0438\u0449\u0435\u043d\u043e\u044e \u0447\u0443\u0442\u043b\u0438\u0432\u0456\u0441\u0442\u044e \u0434\u043e \u043b\u0430\u043a\u0442\u043e\u0437\u0438 \u0432 \u0441\u0443\u043f\u0430\u0445, \u043a\u0430\u0440\u0456, \u043a\u043e\u043a\u0442\u0435\u0439\u043b\u044f\u0445, \u043c\u0430\u0440\u0438\u043d\u0430\u0434\u0430\u0445 \u0430\u0431\u043e \u0442\u0443\u0448\u043a\u043e\u0432\u0430\u043d\u043e\u043c\u0443 \u043c'\u044f\u0441\u0456.<\/p>","protected":false},"excerpt":{"rendered":"<p>\u0422\u0430\u0439\u0441\u044c\u043a\u0438\u0439 \u0435\u043a\u0441\u0442\u0440\u0430\u043a\u0442 \u043c'\u044f\u043a\u043e\u0442\u0456 \u043a\u043e\u043a\u043e\u0441\u043e\u0432\u043e\u0433\u043e \u0433\u043e\u0440\u0456\u0445\u0430, \u0437 \u0432\u043c\u0456\u0441\u0442\u043e\u043c \u0436\u0438\u0440\u0443 17-19%. \u041f\u0440\u043e\u0434\u0443\u043a\u0442 \u043c\u0456\u0441\u0442\u0438\u0442\u044c 80% \u0435\u043a\u0441\u0442\u0440\u0430\u043a\u0442\u0443 \u043a\u043e\u043a\u043e\u0441\u043e\u0432\u043e\u0457 \u043c'\u044f\u043a\u043e\u0442\u0456. \u041c\u0430\u0454 \u0431\u0456\u043b\u0438\u0439 \u043a\u043e\u043b\u0456\u0440, \u043d\u0456\u0436\u043d\u0443 \u043a\u0440\u0435\u043c\u043e\u043f\u043e\u0434\u0456\u0431\u043d\u0443 \u043a\u043e\u043d\u0441\u0438\u0441\u0442\u0435\u043d\u0446\u0456\u044e \u0442\u0430 \u0430\u0440\u043e\u043c\u0430\u0442\u043d\u0438\u0439 \u0441\u043c\u0430\u043a. \u0425\u0430\u0440\u0430\u043a\u0442\u0435\u0440\u043d\u0438\u0439 \u0456\u043d\u0433\u0440\u0435\u0434\u0456\u0454\u043d\u0442 \u0441\u0442\u0440\u0430\u0432 \u0430\u0437\u0456\u0430\u0442\u0441\u044c\u043a\u043e\u0457 \u043a\u0443\u0445\u043d\u0456. \u0423 \u041f\u043e\u043b\u044c\u0449\u0456 \u0432\u0441\u0435 \u0447\u0430\u0441\u0442\u0456\u0448\u0435 \u0432\u0438\u043a\u043e\u0440\u0438\u0441\u0442\u043e\u0432\u0443\u0454\u0442\u044c\u0441\u044f \u044f\u043a \u0437\u0430\u043c\u0456\u043d\u043d\u0438\u043a \u0432\u0435\u0440\u0448\u043a\u0456\u0432 \u0434\u043b\u044f \u0432\u0435\u0433\u0435\u0442\u0430\u0440\u0456\u0430\u043d\u0446\u0456\u0432 \u0442\u0430 \u043b\u044e\u0434\u0435\u0439 \u0437 \u043f\u0456\u0434\u0432\u0438\u0449\u0435\u043d\u043e\u044e \u0447\u0443\u0442\u043b\u0438\u0432\u0456\u0441\u0442\u044e \u0434\u043e \u043b\u0430\u043a\u0442\u043e\u0437\u0438 \u0432 \u0441\u0443\u043f\u0430\u0445, \u043a\u0430\u0440\u0456, \u043a\u043e\u043a\u0442\u0435\u0439\u043b\u044f\u0445, \u043c\u0430\u0440\u0438\u043d\u0430\u0434\u0430\u0445 \u0430\u0431\u043e \u0442\u0443\u0448\u043a\u043e\u0432\u0430\u043d\u043e\u043c\u0443 \u043c'\u044f\u0441\u0456.<\/p>","protected":false},"featured_media":5717,"template":"","meta":[],"product_brand":[],"product_cat":[315],"product_tag":[],"class_list":{"0":"post-1861","1":"product","2":"type-product","3":"status-publish","4":"has-post-thumbnail","6":"product_cat-produkty-z-kokosa","7":"pa_atrybut-detal-horeca-detalhoreca","8":"pa_ilosc-sztuk-na-palecie-93","9":"pa_ilosc-sztuk-na-warstwie-371","10":"pa_masa-netto-400ml","11":"pa_sztuk-w-kartonie-71","13":"first","14":"instock","15":"product-type-simple"},"yoast_head":"<!-- This site is optimized with the Yoast SEO plugin v27.3 - https:\/\/yoast.com\/product\/yoast-seo-wordpress\/ -->\n<title>Mleczko kokosowe - Limpol - Dystrybutor produkt\u00f3w spo\u017cywczych | Import Eksport<\/title>\n<meta name=\"robots\" content=\"index, follow, max-snippet:-1, max-image-preview:large, max-video-preview:-1\" \/>\n<link rel=\"canonical\" href=\"https:\/\/limpol.pl\/uk\/\u043f\u0440\u043e\u0434\u0443\u043a\u0442\u0438\/\u043a\u043e\u043a\u043e\u0441\u043e\u0432\u0435-\u043c\u043e\u043b\u043e\u043a\u043e\/\" \/>\n<meta property=\"og:locale\" content=\"uk_UA\" \/>\n<meta property=\"og:type\" content=\"article\" \/>\n<meta property=\"og:title\" content=\"Mleczko kokosowe - Limpol - Dystrybutor produkt\u00f3w spo\u017cywczych | Import Eksport\" \/>\n<meta property=\"og:description\" content=\"Tajski ekstrakt z mi\u0105\u017cszu kokosa, o zawarto\u015bci t\u0142uszczu 17-19%. Produkt zawiera 80% ekstraktu z mi\u0105\u017cszu kokosa. Posiada bia\u0142y kolor i delikatn\u0105 kremow\u0105 konsystencj\u0119 oraz aromatyczny smak. Charakterystyczny sk\u0142adnik potraw kuchni azjatyckiej. W Polsce coraz ch\u0119tniej u\u017cywany jako zamiennik \u015bmietany dla wegetarian i os\u00f3b wra\u017cliwych na laktoz\u0119 do zup, curry, koktajli, marynat czy gulaszy.\" \/>\n<meta property=\"og:url\" content=\"https:\/\/limpol.pl\/uk\/\u043f\u0440\u043e\u0434\u0443\u043a\u0442\u0438\/\u043a\u043e\u043a\u043e\u0441\u043e\u0432\u0435-\u043c\u043e\u043b\u043e\u043a\u043e\/\" \/>\n<meta property=\"og:site_name\" content=\"Limpol - Dystrybutor produkt\u00f3w spo\u017cywczych | Import Eksport\" \/>\n<meta property=\"article:publisher\" content=\"https:\/\/www.facebook.com\/firmalimpol\/\" \/>\n<meta property=\"article:modified_time\" content=\"2023-04-05T12:05:06+00:00\" \/>\n<meta property=\"og:image\" content=\"https:\/\/limpol.pl\/wp-content\/uploads\/2019\/03\/ekstrakt-z-miazszu-kokosa-400-CIEN-www.jpg\" \/>\n\t<meta property=\"og:image:width\" content=\"800\" \/>\n\t<meta property=\"og:image:height\" content=\"800\" \/>\n\t<meta property=\"og:image:type\" content=\"image\/jpeg\" \/>\n<meta name=\"twitter:card\" content=\"summary_large_image\" \/>\n<meta name=\"twitter:label1\" content=\"\u041f\u0440\u0438\u0431\u043b. \u0447\u0430\u0441 \u0447\u0438\u0442\u0430\u043d\u043d\u044f\" \/>\n\t<meta name=\"twitter:data1\" content=\"1 \u0445\u0432\u0438\u043b\u0438\u043d\u0430\" \/>\n<script type=\"application\/ld+json\" class=\"yoast-schema-graph\">{\"@context\":\"https:\\\/\\\/schema.org\",\"@graph\":[{\"@type\":\"WebPage\",\"@id\":\"https:\\\/\\\/limpol.pl\\\/produkty\\\/mleczko-kokosowe\\\/\",\"url\":\"https:\\\/\\\/limpol.pl\\\/produkty\\\/mleczko-kokosowe\\\/\",\"name\":\"Mleczko kokosowe - Limpol - Dystrybutor produkt\u00f3w spo\u017cywczych | Import Eksport\",\"isPartOf\":{\"@id\":\"https:\\\/\\\/limpol.pl\\\/#website\"},\"primaryImageOfPage\":{\"@id\":\"https:\\\/\\\/limpol.pl\\\/produkty\\\/mleczko-kokosowe\\\/#primaryimage\"},\"image\":{\"@id\":\"https:\\\/\\\/limpol.pl\\\/produkty\\\/mleczko-kokosowe\\\/#primaryimage\"},\"thumbnailUrl\":\"https:\\\/\\\/limpol.pl\\\/wp-content\\\/uploads\\\/2019\\\/03\\\/ekstrakt-z-miazszu-kokosa-400-CIEN-www.jpg\",\"datePublished\":\"2019-03-05T16:25:24+00:00\",\"dateModified\":\"2023-04-05T12:05:06+00:00\",\"breadcrumb\":{\"@id\":\"https:\\\/\\\/limpol.pl\\\/produkty\\\/mleczko-kokosowe\\\/#breadcrumb\"},\"inLanguage\":\"uk\",\"potentialAction\":[{\"@type\":\"ReadAction\",\"target\":[\"https:\\\/\\\/limpol.pl\\\/produkty\\\/mleczko-kokosowe\\\/\"]}]},{\"@type\":\"ImageObject\",\"inLanguage\":\"uk\",\"@id\":\"https:\\\/\\\/limpol.pl\\\/produkty\\\/mleczko-kokosowe\\\/#primaryimage\",\"url\":\"https:\\\/\\\/limpol.pl\\\/wp-content\\\/uploads\\\/2019\\\/03\\\/ekstrakt-z-miazszu-kokosa-400-CIEN-www.jpg\",\"contentUrl\":\"https:\\\/\\\/limpol.pl\\\/wp-content\\\/uploads\\\/2019\\\/03\\\/ekstrakt-z-miazszu-kokosa-400-CIEN-www.jpg\",\"width\":800,\"height\":800},{\"@type\":\"BreadcrumbList\",\"@id\":\"https:\\\/\\\/limpol.pl\\\/produkty\\\/mleczko-kokosowe\\\/#breadcrumb\",\"itemListElement\":[{\"@type\":\"ListItem\",\"position\":1,\"name\":\"Strona g\u0142\u00f3wna\",\"item\":\"https:\\\/\\\/limpol.pl\\\/\"},{\"@type\":\"ListItem\",\"position\":2,\"name\":\"Produkty\",\"item\":\"https:\\\/\\\/limpol.pl\\\/shop\\\/\"},{\"@type\":\"ListItem\",\"position\":3,\"name\":\"Mleczko kokosowe\"}]},{\"@type\":\"WebSite\",\"@id\":\"https:\\\/\\\/limpol.pl\\\/#website\",\"url\":\"https:\\\/\\\/limpol.pl\\\/\",\"name\":\"Limpol - Dystrybutor produkt\u00f3w spo\u017cywczych | Import Eksport\",\"description\":\"Importer i eksporter produkt\u00f3w spo\u017cywczych\",\"potentialAction\":[{\"@type\":\"SearchAction\",\"target\":{\"@type\":\"EntryPoint\",\"urlTemplate\":\"https:\\\/\\\/limpol.pl\\\/?s={search_term_string}\"},\"query-input\":{\"@type\":\"PropertyValueSpecification\",\"valueRequired\":true,\"valueName\":\"search_term_string\"}}],\"inLanguage\":\"uk\"}]}<\/script>\n<!-- \/ Yoast SEO plugin. -->","yoast_head_json":{"title":"\u041a\u043e\u043a\u043e\u0441\u043e\u0432\u0435 \u043c\u043e\u043b\u043e\u043a\u043e - Limpol - \u0414\u0438\u0441\u0442\u0440\u0438\u0431'\u044e\u0442\u043e\u0440 \u0445\u0430\u0440\u0447\u043e\u0432\u0438\u0445 \u043f\u0440\u043e\u0434\u0443\u043a\u0442\u0456\u0432 | \u0406\u043c\u043f\u043e\u0440\u0442 \u0415\u043a\u0441\u043f\u043e\u0440\u0442","robots":{"index":"index","follow":"follow","max-snippet":"max-snippet:-1","max-image-preview":"max-image-preview:large","max-video-preview":"max-video-preview:-1"},"canonical":"https:\/\/limpol.pl\/uk\/\u043f\u0440\u043e\u0434\u0443\u043a\u0442\u0438\/\u043a\u043e\u043a\u043e\u0441\u043e\u0432\u0435-\u043c\u043e\u043b\u043e\u043a\u043e\/","og_locale":"uk_UA","og_type":"article","og_title":"Mleczko kokosowe - Limpol - Dystrybutor produkt\u00f3w spo\u017cywczych | Import Eksport","og_description":"Tajski ekstrakt z mi\u0105\u017cszu kokosa, o zawarto\u015bci t\u0142uszczu 17-19%. Produkt zawiera 80% ekstraktu z mi\u0105\u017cszu kokosa. Posiada bia\u0142y kolor i delikatn\u0105 kremow\u0105 konsystencj\u0119 oraz aromatyczny smak. Charakterystyczny sk\u0142adnik potraw kuchni azjatyckiej. W Polsce coraz ch\u0119tniej u\u017cywany jako zamiennik \u015bmietany dla wegetarian i os\u00f3b wra\u017cliwych na laktoz\u0119 do zup, curry, koktajli, marynat czy gulaszy.","og_url":"https:\/\/limpol.pl\/uk\/\u043f\u0440\u043e\u0434\u0443\u043a\u0442\u0438\/\u043a\u043e\u043a\u043e\u0441\u043e\u0432\u0435-\u043c\u043e\u043b\u043e\u043a\u043e\/","og_site_name":"Limpol - Dystrybutor produkt\u00f3w spo\u017cywczych | Import Eksport","article_publisher":"https:\/\/www.facebook.com\/firmalimpol\/","article_modified_time":"2023-04-05T12:05:06+00:00","og_image":[{"width":800,"height":800,"url":"https:\/\/limpol.pl\/wp-content\/uploads\/2019\/03\/ekstrakt-z-miazszu-kokosa-400-CIEN-www.jpg","type":"image\/jpeg"}],"twitter_card":"summary_large_image","twitter_misc":{"\u041f\u0440\u0438\u0431\u043b. \u0447\u0430\u0441 \u0447\u0438\u0442\u0430\u043d\u043d\u044f":"1 \u0445\u0432\u0438\u043b\u0438\u043d\u0430"},"schema":{"@context":"https:\/\/schema.org","@graph":[{"@type":"WebPage","@id":"https:\/\/limpol.pl\/produkty\/mleczko-kokosowe\/","url":"https:\/\/limpol.pl\/produkty\/mleczko-kokosowe\/","name":"\u041a\u043e\u043a\u043e\u0441\u043e\u0432\u0435 \u043c\u043e\u043b\u043e\u043a\u043e - Limpol - \u0414\u0438\u0441\u0442\u0440\u0438\u0431'\u044e\u0442\u043e\u0440 \u0445\u0430\u0440\u0447\u043e\u0432\u0438\u0445 \u043f\u0440\u043e\u0434\u0443\u043a\u0442\u0456\u0432 | \u0406\u043c\u043f\u043e\u0440\u0442 \u0415\u043a\u0441\u043f\u043e\u0440\u0442","isPartOf":{"@id":"https:\/\/limpol.pl\/#website"},"primaryImageOfPage":{"@id":"https:\/\/limpol.pl\/produkty\/mleczko-kokosowe\/#primaryimage"},"image":{"@id":"https:\/\/limpol.pl\/produkty\/mleczko-kokosowe\/#primaryimage"},"thumbnailUrl":"https:\/\/limpol.pl\/wp-content\/uploads\/2019\/03\/ekstrakt-z-miazszu-kokosa-400-CIEN-www.jpg","datePublished":"2019-03-05T16:25:24+00:00","dateModified":"2023-04-05T12:05:06+00:00","breadcrumb":{"@id":"https:\/\/limpol.pl\/produkty\/mleczko-kokosowe\/#breadcrumb"},"inLanguage":"uk","potentialAction":[{"@type":"ReadAction","target":["https:\/\/limpol.pl\/produkty\/mleczko-kokosowe\/"]}]},{"@type":"ImageObject","inLanguage":"uk","@id":"https:\/\/limpol.pl\/produkty\/mleczko-kokosowe\/#primaryimage","url":"https:\/\/limpol.pl\/wp-content\/uploads\/2019\/03\/ekstrakt-z-miazszu-kokosa-400-CIEN-www.jpg","contentUrl":"https:\/\/limpol.pl\/wp-content\/uploads\/2019\/03\/ekstrakt-z-miazszu-kokosa-400-CIEN-www.jpg","width":800,"height":800},{"@type":"BreadcrumbList","@id":"https:\/\/limpol.pl\/produkty\/mleczko-kokosowe\/#breadcrumb","itemListElement":[{"@type":"ListItem","position":1,"name":"Strona g\u0142\u00f3wna","item":"https:\/\/limpol.pl\/"},{"@type":"ListItem","position":2,"name":"Produkty","item":"https:\/\/limpol.pl\/shop\/"},{"@type":"ListItem","position":3,"name":"Mleczko kokosowe"}]},{"@type":"WebSite","@id":"https:\/\/limpol.pl\/#website","url":"https:\/\/limpol.pl\/","name":"Limpol - \u0414\u0438\u0441\u0442\u0440\u0438\u0431'\u044e\u0442\u043e\u0440 \u043f\u0440\u043e\u0434\u0443\u043a\u0442\u0456\u0432 \u0445\u0430\u0440\u0447\u0443\u0432\u0430\u043d\u043d\u044f | \u0406\u043c\u043f\u043e\u0440\u0442 \u0415\u043a\u0441\u043f\u043e\u0440\u0442","description":"\u0406\u043c\u043f\u043e\u0440\u0442\u0435\u0440 \u0442\u0430 \u0435\u043a\u0441\u043f\u043e\u0440\u0442\u0435\u0440 \u043f\u0440\u043e\u0434\u0443\u043a\u0442\u0456\u0432 \u0445\u0430\u0440\u0447\u0443\u0432\u0430\u043d\u043d\u044f","potentialAction":[{"@type":"SearchAction","target":{"@type":"EntryPoint","urlTemplate":"https:\/\/limpol.pl\/?s={search_term_string}"},"query-input":{"@type":"PropertyValueSpecification","valueRequired":true,"valueName":"search_term_string"}}],"inLanguage":"uk"}]}},"_links":{"self":[{"href":"https:\/\/limpol.pl\/uk\/wp-json\/wp\/v2\/product\/1861","targetHints":{"allow":["GET"]}}],"collection":[{"href":"https:\/\/limpol.pl\/uk\/wp-json\/wp\/v2\/product"}],"about":[{"href":"https:\/\/limpol.pl\/uk\/wp-json\/wp\/v2\/types\/product"}],"wp:featuredmedia":[{"embeddable":true,"href":"https:\/\/limpol.pl\/uk\/wp-json\/wp\/v2\/media\/5717"}],"wp:attachment":[{"href":"https:\/\/limpol.pl\/uk\/wp-json\/wp\/v2\/media?parent=1861"}],"wp:term":[{"taxonomy":"product_brand","embeddable":true,"href":"https:\/\/limpol.pl\/uk\/wp-json\/wp\/v2\/product_brand?post=1861"},{"taxonomy":"product_cat","embeddable":true,"href":"https:\/\/limpol.pl\/uk\/wp-json\/wp\/v2\/product_cat?post=1861"},{"taxonomy":"product_tag","embeddable":true,"href":"https:\/\/limpol.pl\/uk\/wp-json\/wp\/v2\/product_tag?post=1861"}],"curies":[{"name":"wp","href":"https:\/\/api.w.org\/{rel}","templated":true}]}}