{"id":1875,"date":"2019-03-05T17:25:40","date_gmt":"2019-03-05T16:25:40","guid":{"rendered":"https:\/\/limpol.pl\/produkty\/oliwa-z-oliwek-najwyzszej-jakosci-z-pierwszego-tloczenia-z-oregano\/"},"modified":"2024-12-11T12:32:21","modified_gmt":"2024-12-11T11:32:21","slug":"\u043e\u043b\u0438\u0432\u043a\u043e\u0432\u0430-\u043e\u043b\u0456\u044f-\u043f\u0435\u0440\u0448\u043e\u0433\u043e-\u0432\u0456\u0434\u0436\u0438\u043c\u0443-\u0437-\u043e\u0440\u0435\u0433\u0430","status":"publish","type":"product","link":"https:\/\/limpol.pl\/uk\/\u043f\u0440\u043e\u0434\u0443\u043a\u0442\u0438\/\u043e\u043b\u0438\u0432\u043a\u043e\u0432\u0430-\u043e\u043b\u0456\u044f-\u043f\u0435\u0440\u0448\u043e\u0433\u043e-\u0432\u0456\u0434\u0436\u0438\u043c\u0443-\u0437-\u043e\u0440\u0435\u0433\u0430\/","title":{"rendered":"\u041e\u043b\u0438\u0432\u043a\u043e\u0432\u0430 \u043e\u043b\u0456\u044f \u043f\u0435\u0440\u0448\u043e\u0433\u043e \u0432\u0456\u0434\u0436\u0438\u043c\u0443 \u0437 \u043e\u0440\u0435\u0433\u0430\u043d\u043e"},"content":{"rendered":"<p>\u041e\u043b\u0456\u044f \u043f\u0435\u0440\u0448\u043e\u0433\u043e \u0432\u0456\u0434\u0436\u0438\u043c\u0443 Cretan Mill \u0437 \u0430\u0440\u043e\u043c\u0430\u0442\u043e\u043c \u043e\u0440\u0435\u0433\u0430\u043d\u043e - \u0446\u0435 \u0443\u043d\u0456\u043a\u0430\u043b\u044c\u043d\u0438\u0439 \u043f\u0440\u043e\u0434\u0443\u043a\u0442, \u044f\u043a\u0438\u0439 \u043f\u043e\u0454\u0434\u043d\u0443\u0454 \u0432 \u0441\u043e\u0431\u0456 \u043e\u043b\u0438\u0432\u043a\u043e\u0432\u0443 \u043e\u043b\u0456\u044e \u043d\u0430\u0439\u0432\u0438\u0449\u043e\u0457 \u044f\u043a\u043e\u0441\u0442\u0456 \u0442\u0430 \u0430\u0440\u043e\u043c\u0430\u0442 \u0441\u0432\u0456\u0436\u043e\u0433\u043e \u043e\u0440\u0435\u0433\u0430\u043d\u043e. \u0412\u043e\u043d\u0430 \u0456\u0434\u0435\u0430\u043b\u044c\u043d\u043e \u043f\u0456\u0434\u0445\u043e\u0434\u0438\u0442\u044c \u044f\u043a \u0434\u043e\u043f\u043e\u0432\u043d\u0435\u043d\u043d\u044f \u0434\u043e \u0441\u0430\u043b\u0430\u0442\u0456\u0432, \u0445\u043b\u0456\u0431\u0430, \u043c\u0430\u0440\u0438\u043d\u0430\u0434\u0456\u0432 \u0442\u0430 \u0441\u0435\u0440\u0435\u0434\u0437\u0435\u043c\u043d\u043e\u043c\u043e\u0440\u0441\u044c\u043a\u0438\u0445 \u0441\u0442\u0440\u0430\u0432, \u043d\u0430\u0434\u0430\u044e\u0447\u0438 \u0457\u043c \u0432\u0438\u0440\u0430\u0437\u043d\u043e\u0433\u043e \u0442\u0440\u0430\u0432'\u044f\u043d\u043e\u0433\u043e \u0432\u0456\u0434\u0442\u0456\u043d\u043a\u0443. \u0426\u044f \u0430\u0440\u043e\u043c\u0430\u0442\u043d\u0430 \u043e\u043b\u0456\u044f \u043f\u0435\u0440\u0435\u043d\u0435\u0441\u0435 \u0432\u0430\u0448\u0456 \u0441\u0442\u0440\u0430\u0432\u0438 \u043f\u0440\u044f\u043c\u043e \u043d\u0430 \u0441\u043e\u043d\u044f\u0447\u043d\u0438\u0439 \u041a\u0440\u0438\u0442, \u0437\u0431\u0430\u0433\u0430\u0442\u0438\u0432\u0448\u0438 \u0457\u0445 \u0441\u043f\u0440\u0430\u0432\u0436\u043d\u0456\u043c \u0433\u0440\u0435\u0446\u044c\u043a\u0438\u043c \u0441\u043c\u0430\u043a\u043e\u043c.<\/p>","protected":false},"excerpt":{"rendered":"<p>Oliwa extra virgin Cretan Mill o smaku oregano to wyj\u0105tkowy produkt, kt\u00f3ry \u0142\u0105czy w sobie najwy\u017cszej jako\u015bci oliw\u0119 z oliwek i aromat \u015bwie\u017cego oregano. Idealnie sprawdzi si\u0119 jako dodatek do sa\u0142atek, pieczywa, marynat i da\u0144 kuchni \u015br\u00f3dziemnomorskiej, nadaj\u0105c im wyrazisty, zio\u0142owy akcent. Ta aromatyczna oliwa przeniesie Twoje dania prosto na s\u0142oneczn\u0105 Kret\u0119, wzbogacaj\u0105c je o [&hellip;]<\/p>\n","protected":false},"featured_media":1993,"template":"","meta":[],"product_brand":[],"product_cat":[845,322],"product_tag":[],"class_list":{"0":"post-1875","1":"product","2":"type-product","3":"status-publish","4":"has-post-thumbnail","6":"product_cat-dla-pizzerii-i-trattorii","7":"product_cat-oliwy-z-oliwek","8":"pa_atrybut-detal-horeca-detalhoreca","9":"pa_ilosc-sztuk-na-palecie-188","10":"pa_ilosc-sztuk-na-warstwie-385","11":"pa_masa-netto-250ml","12":"pa_sztuk-w-kartonie-79","14":"first","15":"instock","16":"product-type-simple"},"yoast_head":"<!-- This site is optimized with the Yoast SEO plugin v27.3 - https:\/\/yoast.com\/product\/yoast-seo-wordpress\/ -->\n<title>Oliwa z oliwek najwy\u017cszej jako\u015bci z pierwszego t\u0142oczenia z oregano - Limpol - Dystrybutor produkt\u00f3w spo\u017cywczych | Import Eksport<\/title>\n<meta name=\"robots\" content=\"index, follow, max-snippet:-1, max-image-preview:large, max-video-preview:-1\" \/>\n<link rel=\"canonical\" href=\"https:\/\/limpol.pl\/uk\/\u043f\u0440\u043e\u0434\u0443\u043a\u0442\u0438\/\u043e\u043b\u0438\u0432\u043a\u043e\u0432\u0430-\u043e\u043b\u0456\u044f-\u043f\u0435\u0440\u0448\u043e\u0433\u043e-\u0432\u0456\u0434\u0436\u0438\u043c\u0443-\u0437-\u043e\u0440\u0435\u0433\u0430\/\" \/>\n<meta property=\"og:locale\" content=\"uk_UA\" \/>\n<meta property=\"og:type\" content=\"article\" \/>\n<meta property=\"og:title\" content=\"Oliwa z oliwek najwy\u017cszej jako\u015bci z pierwszego t\u0142oczenia z oregano - Limpol - Dystrybutor produkt\u00f3w spo\u017cywczych | Import Eksport\" \/>\n<meta property=\"og:description\" content=\"Oliwa extra virgin Cretan Mill o smaku oregano to wyj\u0105tkowy produkt, kt\u00f3ry \u0142\u0105czy w sobie najwy\u017cszej jako\u015bci oliw\u0119 z oliwek i aromat \u015bwie\u017cego oregano. Idealnie sprawdzi si\u0119 jako dodatek do sa\u0142atek, pieczywa, marynat i da\u0144 kuchni \u015br\u00f3dziemnomorskiej, nadaj\u0105c im wyrazisty, zio\u0142owy akcent. Ta aromatyczna oliwa przeniesie Twoje dania prosto na s\u0142oneczn\u0105 Kret\u0119, wzbogacaj\u0105c je o [&hellip;]\" \/>\n<meta property=\"og:url\" content=\"https:\/\/limpol.pl\/uk\/\u043f\u0440\u043e\u0434\u0443\u043a\u0442\u0438\/\u043e\u043b\u0438\u0432\u043a\u043e\u0432\u0430-\u043e\u043b\u0456\u044f-\u043f\u0435\u0440\u0448\u043e\u0433\u043e-\u0432\u0456\u0434\u0436\u0438\u043c\u0443-\u0437-\u043e\u0440\u0435\u0433\u0430\/\" \/>\n<meta property=\"og:site_name\" content=\"Limpol - Dystrybutor produkt\u00f3w spo\u017cywczych | Import Eksport\" \/>\n<meta property=\"article:publisher\" content=\"https:\/\/www.facebook.com\/firmalimpol\/\" \/>\n<meta property=\"article:modified_time\" content=\"2024-12-11T11:32:21+00:00\" \/>\n<meta property=\"og:image\" content=\"https:\/\/limpol.pl\/wp-content\/uploads\/2019\/03\/oliwa-z-krety-oregano.jpg\" \/>\n\t<meta property=\"og:image:width\" content=\"1000\" \/>\n\t<meta property=\"og:image:height\" content=\"1000\" \/>\n\t<meta property=\"og:image:type\" content=\"image\/jpeg\" \/>\n<meta name=\"twitter:card\" content=\"summary_large_image\" \/>\n<meta name=\"twitter:label1\" content=\"\u041f\u0440\u0438\u0431\u043b. \u0447\u0430\u0441 \u0447\u0438\u0442\u0430\u043d\u043d\u044f\" \/>\n\t<meta name=\"twitter:data1\" content=\"1 \u0445\u0432\u0438\u043b\u0438\u043d\u0430\" \/>\n<script type=\"application\/ld+json\" class=\"yoast-schema-graph\">{\"@context\":\"https:\\\/\\\/schema.org\",\"@graph\":[{\"@type\":\"WebPage\",\"@id\":\"https:\\\/\\\/limpol.pl\\\/produkty\\\/oliwa-z-oliwek-najwyzszej-jakosci-z-pierwszego-tloczenia-z-oregano\\\/\",\"url\":\"https:\\\/\\\/limpol.pl\\\/produkty\\\/oliwa-z-oliwek-najwyzszej-jakosci-z-pierwszego-tloczenia-z-oregano\\\/\",\"name\":\"Oliwa z oliwek najwy\u017cszej jako\u015bci z pierwszego t\u0142oczenia z oregano - Limpol - Dystrybutor produkt\u00f3w spo\u017cywczych | Import Eksport\",\"isPartOf\":{\"@id\":\"https:\\\/\\\/limpol.pl\\\/#website\"},\"primaryImageOfPage\":{\"@id\":\"https:\\\/\\\/limpol.pl\\\/produkty\\\/oliwa-z-oliwek-najwyzszej-jakosci-z-pierwszego-tloczenia-z-oregano\\\/#primaryimage\"},\"image\":{\"@id\":\"https:\\\/\\\/limpol.pl\\\/produkty\\\/oliwa-z-oliwek-najwyzszej-jakosci-z-pierwszego-tloczenia-z-oregano\\\/#primaryimage\"},\"thumbnailUrl\":\"https:\\\/\\\/limpol.pl\\\/wp-content\\\/uploads\\\/2019\\\/03\\\/oliwa-z-krety-oregano.jpg\",\"datePublished\":\"2019-03-05T16:25:40+00:00\",\"dateModified\":\"2024-12-11T11:32:21+00:00\",\"breadcrumb\":{\"@id\":\"https:\\\/\\\/limpol.pl\\\/produkty\\\/oliwa-z-oliwek-najwyzszej-jakosci-z-pierwszego-tloczenia-z-oregano\\\/#breadcrumb\"},\"inLanguage\":\"uk\",\"potentialAction\":[{\"@type\":\"ReadAction\",\"target\":[\"https:\\\/\\\/limpol.pl\\\/produkty\\\/oliwa-z-oliwek-najwyzszej-jakosci-z-pierwszego-tloczenia-z-oregano\\\/\"]}]},{\"@type\":\"ImageObject\",\"inLanguage\":\"uk\",\"@id\":\"https:\\\/\\\/limpol.pl\\\/produkty\\\/oliwa-z-oliwek-najwyzszej-jakosci-z-pierwszego-tloczenia-z-oregano\\\/#primaryimage\",\"url\":\"https:\\\/\\\/limpol.pl\\\/wp-content\\\/uploads\\\/2019\\\/03\\\/oliwa-z-krety-oregano.jpg\",\"contentUrl\":\"https:\\\/\\\/limpol.pl\\\/wp-content\\\/uploads\\\/2019\\\/03\\\/oliwa-z-krety-oregano.jpg\",\"width\":1000,\"height\":1000},{\"@type\":\"BreadcrumbList\",\"@id\":\"https:\\\/\\\/limpol.pl\\\/produkty\\\/oliwa-z-oliwek-najwyzszej-jakosci-z-pierwszego-tloczenia-z-oregano\\\/#breadcrumb\",\"itemListElement\":[{\"@type\":\"ListItem\",\"position\":1,\"name\":\"Strona g\u0142\u00f3wna\",\"item\":\"https:\\\/\\\/limpol.pl\\\/\"},{\"@type\":\"ListItem\",\"position\":2,\"name\":\"Produkty\",\"item\":\"https:\\\/\\\/limpol.pl\\\/shop\\\/\"},{\"@type\":\"ListItem\",\"position\":3,\"name\":\"Oliwa z oliwek najwy\u017cszej jako\u015bci z pierwszego t\u0142oczenia z oregano\"}]},{\"@type\":\"WebSite\",\"@id\":\"https:\\\/\\\/limpol.pl\\\/#website\",\"url\":\"https:\\\/\\\/limpol.pl\\\/\",\"name\":\"Limpol - Dystrybutor produkt\u00f3w spo\u017cywczych | Import Eksport\",\"description\":\"Importer i eksporter produkt\u00f3w spo\u017cywczych\",\"potentialAction\":[{\"@type\":\"SearchAction\",\"target\":{\"@type\":\"EntryPoint\",\"urlTemplate\":\"https:\\\/\\\/limpol.pl\\\/?s={search_term_string}\"},\"query-input\":{\"@type\":\"PropertyValueSpecification\",\"valueRequired\":true,\"valueName\":\"search_term_string\"}}],\"inLanguage\":\"uk\"}]}<\/script>\n<!-- \/ Yoast SEO plugin. -->","yoast_head_json":{"title":"\u041e\u043b\u0438\u0432\u043a\u043e\u0432\u0430 \u043e\u043b\u0456\u044f \u043f\u0435\u0440\u0448\u043e\u0433\u043e \u0432\u0456\u0434\u0436\u0438\u043c\u0443 \u0437 \u043e\u0440\u0435\u0433\u0430\u043d\u043e - Limpol - \u0414\u0438\u0441\u0442\u0440\u0438\u0431'\u044e\u0442\u043e\u0440 \u0445\u0430\u0440\u0447\u043e\u0432\u0438\u0445 \u043f\u0440\u043e\u0434\u0443\u043a\u0442\u0456\u0432 | \u0406\u043c\u043f\u043e\u0440\u0442 \u0415\u043a\u0441\u043f\u043e\u0440\u0442","robots":{"index":"index","follow":"follow","max-snippet":"max-snippet:-1","max-image-preview":"max-image-preview:large","max-video-preview":"max-video-preview:-1"},"canonical":"https:\/\/limpol.pl\/uk\/\u043f\u0440\u043e\u0434\u0443\u043a\u0442\u0438\/\u043e\u043b\u0438\u0432\u043a\u043e\u0432\u0430-\u043e\u043b\u0456\u044f-\u043f\u0435\u0440\u0448\u043e\u0433\u043e-\u0432\u0456\u0434\u0436\u0438\u043c\u0443-\u0437-\u043e\u0440\u0435\u0433\u0430\/","og_locale":"uk_UA","og_type":"article","og_title":"Oliwa z oliwek najwy\u017cszej jako\u015bci z pierwszego t\u0142oczenia z oregano - Limpol - Dystrybutor produkt\u00f3w spo\u017cywczych | Import Eksport","og_description":"Oliwa extra virgin Cretan Mill o smaku oregano to wyj\u0105tkowy produkt, kt\u00f3ry \u0142\u0105czy w sobie najwy\u017cszej jako\u015bci oliw\u0119 z oliwek i aromat \u015bwie\u017cego oregano. Idealnie sprawdzi si\u0119 jako dodatek do sa\u0142atek, pieczywa, marynat i da\u0144 kuchni \u015br\u00f3dziemnomorskiej, nadaj\u0105c im wyrazisty, zio\u0142owy akcent. Ta aromatyczna oliwa przeniesie Twoje dania prosto na s\u0142oneczn\u0105 Kret\u0119, wzbogacaj\u0105c je o [&hellip;]","og_url":"https:\/\/limpol.pl\/uk\/\u043f\u0440\u043e\u0434\u0443\u043a\u0442\u0438\/\u043e\u043b\u0438\u0432\u043a\u043e\u0432\u0430-\u043e\u043b\u0456\u044f-\u043f\u0435\u0440\u0448\u043e\u0433\u043e-\u0432\u0456\u0434\u0436\u0438\u043c\u0443-\u0437-\u043e\u0440\u0435\u0433\u0430\/","og_site_name":"Limpol - Dystrybutor produkt\u00f3w spo\u017cywczych | Import Eksport","article_publisher":"https:\/\/www.facebook.com\/firmalimpol\/","article_modified_time":"2024-12-11T11:32:21+00:00","og_image":[{"width":1000,"height":1000,"url":"https:\/\/limpol.pl\/wp-content\/uploads\/2019\/03\/oliwa-z-krety-oregano.jpg","type":"image\/jpeg"}],"twitter_card":"summary_large_image","twitter_misc":{"\u041f\u0440\u0438\u0431\u043b. \u0447\u0430\u0441 \u0447\u0438\u0442\u0430\u043d\u043d\u044f":"1 \u0445\u0432\u0438\u043b\u0438\u043d\u0430"},"schema":{"@context":"https:\/\/schema.org","@graph":[{"@type":"WebPage","@id":"https:\/\/limpol.pl\/produkty\/oliwa-z-oliwek-najwyzszej-jakosci-z-pierwszego-tloczenia-z-oregano\/","url":"https:\/\/limpol.pl\/produkty\/oliwa-z-oliwek-najwyzszej-jakosci-z-pierwszego-tloczenia-z-oregano\/","name":"\u041e\u043b\u0438\u0432\u043a\u043e\u0432\u0430 \u043e\u043b\u0456\u044f \u043f\u0435\u0440\u0448\u043e\u0433\u043e \u0432\u0456\u0434\u0436\u0438\u043c\u0443 \u0437 \u043e\u0440\u0435\u0433\u0430\u043d\u043e - Limpol - \u0414\u0438\u0441\u0442\u0440\u0438\u0431'\u044e\u0442\u043e\u0440 \u0445\u0430\u0440\u0447\u043e\u0432\u0438\u0445 \u043f\u0440\u043e\u0434\u0443\u043a\u0442\u0456\u0432 | \u0406\u043c\u043f\u043e\u0440\u0442 \u0415\u043a\u0441\u043f\u043e\u0440\u0442","isPartOf":{"@id":"https:\/\/limpol.pl\/#website"},"primaryImageOfPage":{"@id":"https:\/\/limpol.pl\/produkty\/oliwa-z-oliwek-najwyzszej-jakosci-z-pierwszego-tloczenia-z-oregano\/#primaryimage"},"image":{"@id":"https:\/\/limpol.pl\/produkty\/oliwa-z-oliwek-najwyzszej-jakosci-z-pierwszego-tloczenia-z-oregano\/#primaryimage"},"thumbnailUrl":"https:\/\/limpol.pl\/wp-content\/uploads\/2019\/03\/oliwa-z-krety-oregano.jpg","datePublished":"2019-03-05T16:25:40+00:00","dateModified":"2024-12-11T11:32:21+00:00","breadcrumb":{"@id":"https:\/\/limpol.pl\/produkty\/oliwa-z-oliwek-najwyzszej-jakosci-z-pierwszego-tloczenia-z-oregano\/#breadcrumb"},"inLanguage":"uk","potentialAction":[{"@type":"ReadAction","target":["https:\/\/limpol.pl\/produkty\/oliwa-z-oliwek-najwyzszej-jakosci-z-pierwszego-tloczenia-z-oregano\/"]}]},{"@type":"ImageObject","inLanguage":"uk","@id":"https:\/\/limpol.pl\/produkty\/oliwa-z-oliwek-najwyzszej-jakosci-z-pierwszego-tloczenia-z-oregano\/#primaryimage","url":"https:\/\/limpol.pl\/wp-content\/uploads\/2019\/03\/oliwa-z-krety-oregano.jpg","contentUrl":"https:\/\/limpol.pl\/wp-content\/uploads\/2019\/03\/oliwa-z-krety-oregano.jpg","width":1000,"height":1000},{"@type":"BreadcrumbList","@id":"https:\/\/limpol.pl\/produkty\/oliwa-z-oliwek-najwyzszej-jakosci-z-pierwszego-tloczenia-z-oregano\/#breadcrumb","itemListElement":[{"@type":"ListItem","position":1,"name":"Strona g\u0142\u00f3wna","item":"https:\/\/limpol.pl\/"},{"@type":"ListItem","position":2,"name":"Produkty","item":"https:\/\/limpol.pl\/shop\/"},{"@type":"ListItem","position":3,"name":"Oliwa z oliwek najwy\u017cszej jako\u015bci z pierwszego t\u0142oczenia z oregano"}]},{"@type":"WebSite","@id":"https:\/\/limpol.pl\/#website","url":"https:\/\/limpol.pl\/","name":"Limpol - \u0414\u0438\u0441\u0442\u0440\u0438\u0431'\u044e\u0442\u043e\u0440 \u043f\u0440\u043e\u0434\u0443\u043a\u0442\u0456\u0432 \u0445\u0430\u0440\u0447\u0443\u0432\u0430\u043d\u043d\u044f | \u0406\u043c\u043f\u043e\u0440\u0442 \u0415\u043a\u0441\u043f\u043e\u0440\u0442","description":"\u0406\u043c\u043f\u043e\u0440\u0442\u0435\u0440 \u0442\u0430 \u0435\u043a\u0441\u043f\u043e\u0440\u0442\u0435\u0440 \u043f\u0440\u043e\u0434\u0443\u043a\u0442\u0456\u0432 \u0445\u0430\u0440\u0447\u0443\u0432\u0430\u043d\u043d\u044f","potentialAction":[{"@type":"SearchAction","target":{"@type":"EntryPoint","urlTemplate":"https:\/\/limpol.pl\/?s={search_term_string}"},"query-input":{"@type":"PropertyValueSpecification","valueRequired":true,"valueName":"search_term_string"}}],"inLanguage":"uk"}]}},"_links":{"self":[{"href":"https:\/\/limpol.pl\/uk\/wp-json\/wp\/v2\/product\/1875","targetHints":{"allow":["GET"]}}],"collection":[{"href":"https:\/\/limpol.pl\/uk\/wp-json\/wp\/v2\/product"}],"about":[{"href":"https:\/\/limpol.pl\/uk\/wp-json\/wp\/v2\/types\/product"}],"wp:featuredmedia":[{"embeddable":true,"href":"https:\/\/limpol.pl\/uk\/wp-json\/wp\/v2\/media\/1993"}],"wp:attachment":[{"href":"https:\/\/limpol.pl\/uk\/wp-json\/wp\/v2\/media?parent=1875"}],"wp:term":[{"taxonomy":"product_brand","embeddable":true,"href":"https:\/\/limpol.pl\/uk\/wp-json\/wp\/v2\/product_brand?post=1875"},{"taxonomy":"product_cat","embeddable":true,"href":"https:\/\/limpol.pl\/uk\/wp-json\/wp\/v2\/product_cat?post=1875"},{"taxonomy":"product_tag","embeddable":true,"href":"https:\/\/limpol.pl\/uk\/wp-json\/wp\/v2\/product_tag?post=1875"}],"curies":[{"name":"wp","href":"https:\/\/api.w.org\/{rel}","templated":true}]}}