{"id":1880,"date":"2019-03-05T17:25:40","date_gmt":"2019-03-05T16:25:40","guid":{"rendered":"https:\/\/limpol.pl\/produkty\/oliwa-z-oliwek-najwyzszej-jakosci-z-pierwszego-tloczenia-z-cytryna\/"},"modified":"2024-12-11T12:32:51","modified_gmt":"2024-12-11T11:32:51","slug":"\u043e\u043b\u0438\u0432\u043a\u043e\u0432\u0430-\u043e\u043b\u0456\u044f-\u043f\u0435\u0440\u0448\u043e\u0433\u043e-\u0432\u0456\u0434\u0436\u0438\u043c\u0443-\u0437-\u043b\u0438\u043c\u043e\u043d","status":"publish","type":"product","link":"https:\/\/limpol.pl\/uk\/\u043f\u0440\u043e\u0434\u0443\u043a\u0442\u0438\/\u043e\u043b\u0438\u0432\u043a\u043e\u0432\u0430-\u043e\u043b\u0456\u044f-\u043f\u0435\u0440\u0448\u043e\u0433\u043e-\u0432\u0456\u0434\u0436\u0438\u043c\u0443-\u0437-\u043b\u0438\u043c\u043e\u043d\/","title":{"rendered":"\u041e\u043b\u0438\u0432\u043a\u043e\u0432\u0430 \u043e\u043b\u0456\u044f \u043f\u0435\u0440\u0448\u043e\u0433\u043e \u0432\u0456\u0434\u0436\u0438\u043c\u0443 \u0437 \u043b\u0438\u043c\u043e\u043d\u043e\u043c"},"content":{"rendered":"<p>\u041e\u043b\u0438\u0432\u043a\u043e\u0432\u0430 \u043e\u043b\u0456\u044f \u043f\u0435\u0440\u0448\u043e\u0433\u043e \u0432\u0456\u0434\u0436\u0438\u043c\u0443 \u0437 \u043b\u0438\u043c\u043e\u043d\u043e\u043c \u0432\u0456\u0434 Cretan Mill - \u0446\u0435 \u0443\u043d\u0456\u043a\u0430\u043b\u044c\u043d\u0438\u0439 \u043f\u0440\u043e\u0434\u0443\u043a\u0442, \u044f\u043a\u0438\u0439 \u043f\u043e\u0454\u0434\u043d\u0443\u0454 \u0432 \u0441\u043e\u0431\u0456 \u043c'\u044f\u043a\u0456\u0441\u0442\u044c \u043e\u043b\u0456\u0457 \u043f\u0435\u0440\u0448\u043e\u0433\u043e \u0432\u0456\u0434\u0436\u0438\u043c\u0443 \u0437 \u043e\u0441\u0432\u0456\u0436\u0430\u044e\u0447\u0438\u043c \u0432\u0456\u0434\u0442\u0456\u043d\u043a\u043e\u043c \u043b\u0438\u043c\u043e\u043d\u0443. \u0426\u044f \u0430\u0440\u043e\u043c\u0430\u0442\u0438\u0437\u043e\u0432\u0430\u043d\u0430 \u043e\u043b\u0456\u044f \u0456\u0434\u0435\u0430\u043b\u044c\u043d\u043e \u043f\u0456\u0434\u0445\u043e\u0434\u0438\u0442\u044c \u0434\u043b\u044f \u0441\u0430\u043b\u0430\u0442\u0456\u0432, \u043e\u0432\u043e\u0447\u0456\u0432-\u0433\u0440\u0438\u043b\u044c, \u0440\u0438\u0431\u0438, \u043c\u043e\u0440\u0435\u043f\u0440\u043e\u0434\u0443\u043a\u0442\u0456\u0432 \u0442\u0430 \u043c\u0430\u0440\u0438\u043d\u0430\u0434\u0456\u0432, \u0434\u043e\u0434\u0430\u044e\u0447\u0438 \u0441\u0442\u0440\u0430\u0432\u0430\u043c \u0441\u0435\u0440\u0435\u0434\u0437\u0435\u043c\u043d\u043e\u043c\u043e\u0440\u0441\u044c\u043a\u043e\u0433\u043e \u0441\u043c\u0430\u043a\u0443 \u0442\u0430 \u043d\u0456\u0436\u043d\u043e\u0457 \u0446\u0438\u0442\u0440\u0443\u0441\u043e\u0432\u043e\u0457 \u0441\u0432\u0456\u0436\u043e\u0441\u0442\u0456. \u0412\u0438\u0441\u043e\u043a\u0430 \u044f\u043a\u0456\u0441\u0442\u044c \u043e\u043b\u0456\u0457 \u043f\u0435\u0440\u0448\u043e\u0433\u043e \u0445\u043e\u043b\u043e\u0434\u043d\u043e\u0433\u043e \u0432\u0456\u0434\u0436\u0438\u043c\u0443 \u0433\u0430\u0440\u0430\u043d\u0442\u0443\u0454 \u043f\u043e\u0432\u043d\u0438\u0439 \u0441\u043c\u0430\u043a \u0456 \u0431\u0430\u0433\u0430\u0442\u0441\u0442\u0432\u043e \u043f\u0440\u0438\u0440\u043e\u0434\u043d\u0438\u0445 \u0430\u0440\u043e\u043c\u0430\u0442\u0456\u0432, \u0430 \u0434\u043e\u0434\u0430\u0432\u0430\u043d\u043d\u044f \u043b\u0438\u043c\u043e\u043d\u0443 \u0434\u043e\u0434\u0430\u0454 \u0432\u0438\u0448\u0443\u043a\u0430\u043d\u043e\u0457, \u0437\u043b\u0435\u0433\u043a\u0430 \u043a\u0438\u0441\u043b\u0443\u0432\u0430\u0442\u043e\u0457 \u043d\u043e\u0442\u043a\u0438 \u0434\u043e \u0431\u0443\u0434\u044c-\u044f\u043a\u043e\u0457 \u0441\u0442\u0440\u0430\u0432\u0438. \u0426\u0435 \u0447\u0443\u0434\u043e\u0432\u0438\u0439 \u0432\u0438\u0431\u0456\u0440 \u0434\u043b\u044f \u0442\u0438\u0445, \u0445\u0442\u043e \u0448\u0443\u043a\u0430\u0454 \u043e\u0440\u0438\u0433\u0456\u043d\u0430\u043b\u044c\u043d\u0456 \u0442\u0430 \u043d\u0430\u0442\u0443\u0440\u0430\u043b\u044c\u043d\u0456 \u0456\u043d\u0433\u0440\u0435\u0434\u0456\u0454\u043d\u0442\u0438 \u043d\u0430 \u043a\u0443\u0445\u043d\u0456.<\/p>","protected":false},"excerpt":{"rendered":"<p>Oliwa z oliwek najwy\u017cszej jako\u015bci z pierwszego t\u0142oczenia z dodatkiem cytryny od Cretan Mill to wyj\u0105tkowy produkt, kt\u00f3ry \u0142\u0105czy w sobie \u0142agodno\u015b\u0107 oliwy extra virgin z od\u015bwie\u017caj\u0105c\u0105 nut\u0105 cytryny. Ta aromatyzowana oliwa jest idealna do sa\u0142atek, grillowanych warzyw, ryb, owoc\u00f3w morza oraz marynat, dodaj\u0105c potrawom \u015br\u00f3dziemnomorskiego charakteru i delikatnej cytrusowej \u015bwie\u017co\u015bci. Wysoka jako\u015b\u0107 oliwy z [&hellip;]<\/p>\n","protected":false},"featured_media":1998,"template":"","meta":[],"product_brand":[],"product_cat":[845,322],"product_tag":[],"class_list":{"0":"post-1880","1":"product","2":"type-product","3":"status-publish","4":"has-post-thumbnail","6":"product_cat-dla-pizzerii-i-trattorii","7":"product_cat-oliwy-z-oliwek","8":"pa_atrybut-detal-horeca-detalhoreca","9":"pa_ilosc-sztuk-na-palecie-188","10":"pa_ilosc-sztuk-na-warstwie-385","11":"pa_masa-netto-250ml","12":"pa_sztuk-w-kartonie-79","14":"first","15":"instock","16":"product-type-simple"},"yoast_head":"<!-- This site is optimized with the Yoast SEO plugin v27.3 - https:\/\/yoast.com\/product\/yoast-seo-wordpress\/ -->\n<title>Oliwa z oliwek najwy\u017cszej jako\u015bci z pierwszego t\u0142oczenia z cytryn\u0105 - Limpol - Dystrybutor produkt\u00f3w spo\u017cywczych | Import Eksport<\/title>\n<meta name=\"robots\" content=\"index, follow, max-snippet:-1, max-image-preview:large, max-video-preview:-1\" \/>\n<link rel=\"canonical\" href=\"https:\/\/limpol.pl\/uk\/\u043f\u0440\u043e\u0434\u0443\u043a\u0442\u0438\/\u043e\u043b\u0438\u0432\u043a\u043e\u0432\u0430-\u043e\u043b\u0456\u044f-\u043f\u0435\u0440\u0448\u043e\u0433\u043e-\u0432\u0456\u0434\u0436\u0438\u043c\u0443-\u0437-\u043b\u0438\u043c\u043e\u043d\/\" \/>\n<meta property=\"og:locale\" content=\"uk_UA\" \/>\n<meta property=\"og:type\" content=\"article\" \/>\n<meta property=\"og:title\" content=\"Oliwa z oliwek najwy\u017cszej jako\u015bci z pierwszego t\u0142oczenia z cytryn\u0105 - Limpol - Dystrybutor produkt\u00f3w spo\u017cywczych | Import Eksport\" \/>\n<meta property=\"og:description\" content=\"Oliwa z oliwek najwy\u017cszej jako\u015bci z pierwszego t\u0142oczenia z dodatkiem cytryny od Cretan Mill to wyj\u0105tkowy produkt, kt\u00f3ry \u0142\u0105czy w sobie \u0142agodno\u015b\u0107 oliwy extra virgin z od\u015bwie\u017caj\u0105c\u0105 nut\u0105 cytryny. Ta aromatyzowana oliwa jest idealna do sa\u0142atek, grillowanych warzyw, ryb, owoc\u00f3w morza oraz marynat, dodaj\u0105c potrawom \u015br\u00f3dziemnomorskiego charakteru i delikatnej cytrusowej \u015bwie\u017co\u015bci. Wysoka jako\u015b\u0107 oliwy z [&hellip;]\" \/>\n<meta property=\"og:url\" content=\"https:\/\/limpol.pl\/uk\/\u043f\u0440\u043e\u0434\u0443\u043a\u0442\u0438\/\u043e\u043b\u0438\u0432\u043a\u043e\u0432\u0430-\u043e\u043b\u0456\u044f-\u043f\u0435\u0440\u0448\u043e\u0433\u043e-\u0432\u0456\u0434\u0436\u0438\u043c\u0443-\u0437-\u043b\u0438\u043c\u043e\u043d\/\" \/>\n<meta property=\"og:site_name\" content=\"Limpol - Dystrybutor produkt\u00f3w spo\u017cywczych | Import Eksport\" \/>\n<meta property=\"article:publisher\" content=\"https:\/\/www.facebook.com\/firmalimpol\/\" \/>\n<meta property=\"article:modified_time\" content=\"2024-12-11T11:32:51+00:00\" \/>\n<meta property=\"og:image\" content=\"https:\/\/limpol.pl\/wp-content\/uploads\/2019\/03\/oliwa-z-krety-z-cytryna.jpg\" \/>\n\t<meta property=\"og:image:width\" content=\"1000\" \/>\n\t<meta property=\"og:image:height\" content=\"1000\" \/>\n\t<meta property=\"og:image:type\" content=\"image\/jpeg\" \/>\n<meta name=\"twitter:card\" content=\"summary_large_image\" \/>\n<meta name=\"twitter:label1\" content=\"\u041f\u0440\u0438\u0431\u043b. \u0447\u0430\u0441 \u0447\u0438\u0442\u0430\u043d\u043d\u044f\" \/>\n\t<meta name=\"twitter:data1\" content=\"1 \u0445\u0432\u0438\u043b\u0438\u043d\u0430\" \/>\n<script type=\"application\/ld+json\" class=\"yoast-schema-graph\">{\"@context\":\"https:\\\/\\\/schema.org\",\"@graph\":[{\"@type\":\"WebPage\",\"@id\":\"https:\\\/\\\/limpol.pl\\\/produkty\\\/oliwa-z-oliwek-najwyzszej-jakosci-z-pierwszego-tloczenia-z-cytryna\\\/\",\"url\":\"https:\\\/\\\/limpol.pl\\\/produkty\\\/oliwa-z-oliwek-najwyzszej-jakosci-z-pierwszego-tloczenia-z-cytryna\\\/\",\"name\":\"Oliwa z oliwek najwy\u017cszej jako\u015bci z pierwszego t\u0142oczenia z cytryn\u0105 - Limpol - Dystrybutor produkt\u00f3w spo\u017cywczych | Import Eksport\",\"isPartOf\":{\"@id\":\"https:\\\/\\\/limpol.pl\\\/#website\"},\"primaryImageOfPage\":{\"@id\":\"https:\\\/\\\/limpol.pl\\\/produkty\\\/oliwa-z-oliwek-najwyzszej-jakosci-z-pierwszego-tloczenia-z-cytryna\\\/#primaryimage\"},\"image\":{\"@id\":\"https:\\\/\\\/limpol.pl\\\/produkty\\\/oliwa-z-oliwek-najwyzszej-jakosci-z-pierwszego-tloczenia-z-cytryna\\\/#primaryimage\"},\"thumbnailUrl\":\"https:\\\/\\\/limpol.pl\\\/wp-content\\\/uploads\\\/2019\\\/03\\\/oliwa-z-krety-z-cytryna.jpg\",\"datePublished\":\"2019-03-05T16:25:40+00:00\",\"dateModified\":\"2024-12-11T11:32:51+00:00\",\"breadcrumb\":{\"@id\":\"https:\\\/\\\/limpol.pl\\\/produkty\\\/oliwa-z-oliwek-najwyzszej-jakosci-z-pierwszego-tloczenia-z-cytryna\\\/#breadcrumb\"},\"inLanguage\":\"uk\",\"potentialAction\":[{\"@type\":\"ReadAction\",\"target\":[\"https:\\\/\\\/limpol.pl\\\/produkty\\\/oliwa-z-oliwek-najwyzszej-jakosci-z-pierwszego-tloczenia-z-cytryna\\\/\"]}]},{\"@type\":\"ImageObject\",\"inLanguage\":\"uk\",\"@id\":\"https:\\\/\\\/limpol.pl\\\/produkty\\\/oliwa-z-oliwek-najwyzszej-jakosci-z-pierwszego-tloczenia-z-cytryna\\\/#primaryimage\",\"url\":\"https:\\\/\\\/limpol.pl\\\/wp-content\\\/uploads\\\/2019\\\/03\\\/oliwa-z-krety-z-cytryna.jpg\",\"contentUrl\":\"https:\\\/\\\/limpol.pl\\\/wp-content\\\/uploads\\\/2019\\\/03\\\/oliwa-z-krety-z-cytryna.jpg\",\"width\":1000,\"height\":1000},{\"@type\":\"BreadcrumbList\",\"@id\":\"https:\\\/\\\/limpol.pl\\\/produkty\\\/oliwa-z-oliwek-najwyzszej-jakosci-z-pierwszego-tloczenia-z-cytryna\\\/#breadcrumb\",\"itemListElement\":[{\"@type\":\"ListItem\",\"position\":1,\"name\":\"Strona g\u0142\u00f3wna\",\"item\":\"https:\\\/\\\/limpol.pl\\\/\"},{\"@type\":\"ListItem\",\"position\":2,\"name\":\"Produkty\",\"item\":\"https:\\\/\\\/limpol.pl\\\/shop\\\/\"},{\"@type\":\"ListItem\",\"position\":3,\"name\":\"Oliwa z oliwek najwy\u017cszej jako\u015bci z pierwszego t\u0142oczenia z cytryn\u0105\"}]},{\"@type\":\"WebSite\",\"@id\":\"https:\\\/\\\/limpol.pl\\\/#website\",\"url\":\"https:\\\/\\\/limpol.pl\\\/\",\"name\":\"Limpol - Dystrybutor produkt\u00f3w spo\u017cywczych | Import Eksport\",\"description\":\"Importer i eksporter produkt\u00f3w spo\u017cywczych\",\"potentialAction\":[{\"@type\":\"SearchAction\",\"target\":{\"@type\":\"EntryPoint\",\"urlTemplate\":\"https:\\\/\\\/limpol.pl\\\/?s={search_term_string}\"},\"query-input\":{\"@type\":\"PropertyValueSpecification\",\"valueRequired\":true,\"valueName\":\"search_term_string\"}}],\"inLanguage\":\"uk\"}]}<\/script>\n<!-- \/ Yoast SEO plugin. -->","yoast_head_json":{"title":"\u041e\u043b\u0438\u0432\u043a\u043e\u0432\u0430 \u043e\u043b\u0456\u044f \u043f\u0435\u0440\u0448\u043e\u0433\u043e \u0432\u0456\u0434\u0436\u0438\u043c\u0443 \u0437 \u043b\u0438\u043c\u043e\u043d\u043e\u043c - Limpol - \u0414\u0438\u0441\u0442\u0440\u0438\u0431'\u044e\u0442\u043e\u0440 \u043f\u0440\u043e\u0434\u0443\u043a\u0442\u0456\u0432 \u0445\u0430\u0440\u0447\u0443\u0432\u0430\u043d\u043d\u044f | \u0406\u043c\u043f\u043e\u0440\u0442 \u0415\u043a\u0441\u043f\u043e\u0440\u0442","robots":{"index":"index","follow":"follow","max-snippet":"max-snippet:-1","max-image-preview":"max-image-preview:large","max-video-preview":"max-video-preview:-1"},"canonical":"https:\/\/limpol.pl\/uk\/\u043f\u0440\u043e\u0434\u0443\u043a\u0442\u0438\/\u043e\u043b\u0438\u0432\u043a\u043e\u0432\u0430-\u043e\u043b\u0456\u044f-\u043f\u0435\u0440\u0448\u043e\u0433\u043e-\u0432\u0456\u0434\u0436\u0438\u043c\u0443-\u0437-\u043b\u0438\u043c\u043e\u043d\/","og_locale":"uk_UA","og_type":"article","og_title":"Oliwa z oliwek najwy\u017cszej jako\u015bci z pierwszego t\u0142oczenia z cytryn\u0105 - Limpol - Dystrybutor produkt\u00f3w spo\u017cywczych | Import Eksport","og_description":"Oliwa z oliwek najwy\u017cszej jako\u015bci z pierwszego t\u0142oczenia z dodatkiem cytryny od Cretan Mill to wyj\u0105tkowy produkt, kt\u00f3ry \u0142\u0105czy w sobie \u0142agodno\u015b\u0107 oliwy extra virgin z od\u015bwie\u017caj\u0105c\u0105 nut\u0105 cytryny. Ta aromatyzowana oliwa jest idealna do sa\u0142atek, grillowanych warzyw, ryb, owoc\u00f3w morza oraz marynat, dodaj\u0105c potrawom \u015br\u00f3dziemnomorskiego charakteru i delikatnej cytrusowej \u015bwie\u017co\u015bci. Wysoka jako\u015b\u0107 oliwy z [&hellip;]","og_url":"https:\/\/limpol.pl\/uk\/\u043f\u0440\u043e\u0434\u0443\u043a\u0442\u0438\/\u043e\u043b\u0438\u0432\u043a\u043e\u0432\u0430-\u043e\u043b\u0456\u044f-\u043f\u0435\u0440\u0448\u043e\u0433\u043e-\u0432\u0456\u0434\u0436\u0438\u043c\u0443-\u0437-\u043b\u0438\u043c\u043e\u043d\/","og_site_name":"Limpol - Dystrybutor produkt\u00f3w spo\u017cywczych | Import Eksport","article_publisher":"https:\/\/www.facebook.com\/firmalimpol\/","article_modified_time":"2024-12-11T11:32:51+00:00","og_image":[{"width":1000,"height":1000,"url":"https:\/\/limpol.pl\/wp-content\/uploads\/2019\/03\/oliwa-z-krety-z-cytryna.jpg","type":"image\/jpeg"}],"twitter_card":"summary_large_image","twitter_misc":{"\u041f\u0440\u0438\u0431\u043b. \u0447\u0430\u0441 \u0447\u0438\u0442\u0430\u043d\u043d\u044f":"1 \u0445\u0432\u0438\u043b\u0438\u043d\u0430"},"schema":{"@context":"https:\/\/schema.org","@graph":[{"@type":"WebPage","@id":"https:\/\/limpol.pl\/produkty\/oliwa-z-oliwek-najwyzszej-jakosci-z-pierwszego-tloczenia-z-cytryna\/","url":"https:\/\/limpol.pl\/produkty\/oliwa-z-oliwek-najwyzszej-jakosci-z-pierwszego-tloczenia-z-cytryna\/","name":"\u041e\u043b\u0438\u0432\u043a\u043e\u0432\u0430 \u043e\u043b\u0456\u044f \u043f\u0435\u0440\u0448\u043e\u0433\u043e \u0432\u0456\u0434\u0436\u0438\u043c\u0443 \u0437 \u043b\u0438\u043c\u043e\u043d\u043e\u043c - Limpol - \u0414\u0438\u0441\u0442\u0440\u0438\u0431'\u044e\u0442\u043e\u0440 \u043f\u0440\u043e\u0434\u0443\u043a\u0442\u0456\u0432 \u0445\u0430\u0440\u0447\u0443\u0432\u0430\u043d\u043d\u044f | \u0406\u043c\u043f\u043e\u0440\u0442 \u0415\u043a\u0441\u043f\u043e\u0440\u0442","isPartOf":{"@id":"https:\/\/limpol.pl\/#website"},"primaryImageOfPage":{"@id":"https:\/\/limpol.pl\/produkty\/oliwa-z-oliwek-najwyzszej-jakosci-z-pierwszego-tloczenia-z-cytryna\/#primaryimage"},"image":{"@id":"https:\/\/limpol.pl\/produkty\/oliwa-z-oliwek-najwyzszej-jakosci-z-pierwszego-tloczenia-z-cytryna\/#primaryimage"},"thumbnailUrl":"https:\/\/limpol.pl\/wp-content\/uploads\/2019\/03\/oliwa-z-krety-z-cytryna.jpg","datePublished":"2019-03-05T16:25:40+00:00","dateModified":"2024-12-11T11:32:51+00:00","breadcrumb":{"@id":"https:\/\/limpol.pl\/produkty\/oliwa-z-oliwek-najwyzszej-jakosci-z-pierwszego-tloczenia-z-cytryna\/#breadcrumb"},"inLanguage":"uk","potentialAction":[{"@type":"ReadAction","target":["https:\/\/limpol.pl\/produkty\/oliwa-z-oliwek-najwyzszej-jakosci-z-pierwszego-tloczenia-z-cytryna\/"]}]},{"@type":"ImageObject","inLanguage":"uk","@id":"https:\/\/limpol.pl\/produkty\/oliwa-z-oliwek-najwyzszej-jakosci-z-pierwszego-tloczenia-z-cytryna\/#primaryimage","url":"https:\/\/limpol.pl\/wp-content\/uploads\/2019\/03\/oliwa-z-krety-z-cytryna.jpg","contentUrl":"https:\/\/limpol.pl\/wp-content\/uploads\/2019\/03\/oliwa-z-krety-z-cytryna.jpg","width":1000,"height":1000},{"@type":"BreadcrumbList","@id":"https:\/\/limpol.pl\/produkty\/oliwa-z-oliwek-najwyzszej-jakosci-z-pierwszego-tloczenia-z-cytryna\/#breadcrumb","itemListElement":[{"@type":"ListItem","position":1,"name":"Strona g\u0142\u00f3wna","item":"https:\/\/limpol.pl\/"},{"@type":"ListItem","position":2,"name":"Produkty","item":"https:\/\/limpol.pl\/shop\/"},{"@type":"ListItem","position":3,"name":"Oliwa z oliwek najwy\u017cszej jako\u015bci z pierwszego t\u0142oczenia z cytryn\u0105"}]},{"@type":"WebSite","@id":"https:\/\/limpol.pl\/#website","url":"https:\/\/limpol.pl\/","name":"Limpol - \u0414\u0438\u0441\u0442\u0440\u0438\u0431'\u044e\u0442\u043e\u0440 \u043f\u0440\u043e\u0434\u0443\u043a\u0442\u0456\u0432 \u0445\u0430\u0440\u0447\u0443\u0432\u0430\u043d\u043d\u044f | \u0406\u043c\u043f\u043e\u0440\u0442 \u0415\u043a\u0441\u043f\u043e\u0440\u0442","description":"\u0406\u043c\u043f\u043e\u0440\u0442\u0435\u0440 \u0442\u0430 \u0435\u043a\u0441\u043f\u043e\u0440\u0442\u0435\u0440 \u043f\u0440\u043e\u0434\u0443\u043a\u0442\u0456\u0432 \u0445\u0430\u0440\u0447\u0443\u0432\u0430\u043d\u043d\u044f","potentialAction":[{"@type":"SearchAction","target":{"@type":"EntryPoint","urlTemplate":"https:\/\/limpol.pl\/?s={search_term_string}"},"query-input":{"@type":"PropertyValueSpecification","valueRequired":true,"valueName":"search_term_string"}}],"inLanguage":"uk"}]}},"_links":{"self":[{"href":"https:\/\/limpol.pl\/uk\/wp-json\/wp\/v2\/product\/1880","targetHints":{"allow":["GET"]}}],"collection":[{"href":"https:\/\/limpol.pl\/uk\/wp-json\/wp\/v2\/product"}],"about":[{"href":"https:\/\/limpol.pl\/uk\/wp-json\/wp\/v2\/types\/product"}],"wp:featuredmedia":[{"embeddable":true,"href":"https:\/\/limpol.pl\/uk\/wp-json\/wp\/v2\/media\/1998"}],"wp:attachment":[{"href":"https:\/\/limpol.pl\/uk\/wp-json\/wp\/v2\/media?parent=1880"}],"wp:term":[{"taxonomy":"product_brand","embeddable":true,"href":"https:\/\/limpol.pl\/uk\/wp-json\/wp\/v2\/product_brand?post=1880"},{"taxonomy":"product_cat","embeddable":true,"href":"https:\/\/limpol.pl\/uk\/wp-json\/wp\/v2\/product_cat?post=1880"},{"taxonomy":"product_tag","embeddable":true,"href":"https:\/\/limpol.pl\/uk\/wp-json\/wp\/v2\/product_tag?post=1880"}],"curies":[{"name":"wp","href":"https:\/\/api.w.org\/{rel}","templated":true}]}}