{"id":1890,"date":"2019-03-05T17:25:40","date_gmt":"2019-03-05T16:25:40","guid":{"rendered":"https:\/\/limpol.pl\/produkty\/oliwki-czarne-drylowane-3\/"},"modified":"2023-01-25T14:46:42","modified_gmt":"2023-01-25T13:46:42","slug":"\u0447\u043e\u0440\u043d\u0456-\u043e\u043b\u0438\u0432\u043a\u0438-\u0431\u0435\u0437-\u043a\u0456\u0441\u0442\u043e\u0447\u043e\u043a-3","status":"publish","type":"product","link":"https:\/\/limpol.pl\/uk\/\u043f\u0440\u043e\u0434\u0443\u043a\u0442\u0438\/\u0447\u043e\u0440\u043d\u0456-\u043e\u043b\u0438\u0432\u043a\u0438-\u0431\u0435\u0437-\u043a\u0456\u0441\u0442\u043e\u0447\u043e\u043a-3\/","title":{"rendered":"\u0427\u043e\u0440\u043d\u0456 \u043e\u043b\u0438\u0432\u043a\u0438 \u0437 \u043a\u0430\u043c\u0456\u043d\u043d\u044f\u043c"},"content":{"rendered":"<p>\u0427\u043e\u0440\u043d\u0456 \u043e\u043b\u0438\u0432\u043a\u0438 - \u043f\u0440\u043e\u0434\u0443\u043a\u0442 \u0440\u043e\u0434\u043e\u043c \u0437 \u0406\u0441\u043f\u0430\u043d\u0456\u0457. \u0412\u043e\u043d\u0438 \u043c\u0430\u044e\u0442\u044c \u043c'\u044f\u043a\u0448\u0438\u0439 \u0441\u043c\u0430\u043a, \u043d\u0456\u0436 \u0457\u0445\u043d\u044f \u0437\u0435\u043b\u0435\u043d\u0430 \u0432\u0435\u0440\u0441\u0456\u044f, \u0456 \u0456\u0434\u0435\u0430\u043b\u044c\u043d\u043e \u043f\u0456\u0434\u0445\u043e\u0434\u044f\u0442\u044c \u0434\u043b\u044f \u0432\u0438\u043a\u043e\u0440\u0438\u0441\u0442\u0430\u043d\u043d\u044f \u0432 \u0433\u0440\u0435\u0446\u044c\u043a\u0456\u0439, \u0456\u0442\u0430\u043b\u0456\u0439\u0441\u044c\u043a\u0456\u0439 \u0430\u0431\u043e \u0456\u0441\u043f\u0430\u043d\u0441\u044c\u043a\u0456\u0439 \u043a\u0443\u0445\u043d\u0456. \u0417\u0440\u0443\u0447\u043d\u0430 \u0434\u043b\u044f \u0432\u0456\u0434\u043a\u0440\u0438\u0432\u0430\u043d\u043d\u044f \u0431\u0430\u043d\u043e\u0447\u043a\u0430 \u043c\u0456\u0441\u0442\u0438\u0442\u044c 150 \u0433 \u0447\u043e\u0440\u043d\u0438\u0445 \u043e\u043b\u0438\u0432\u043e\u043a \u043f\u0456\u0441\u043b\u044f \u0432\u0456\u0434\u0446\u0456\u0434\u0436\u0443\u0432\u0430\u043d\u043d\u044f.<\/p>","protected":false},"excerpt":{"rendered":"<p>\u0427\u043e\u0440\u043d\u0456 \u043e\u043b\u0438\u0432\u043a\u0438 - \u043f\u0440\u043e\u0434\u0443\u043a\u0442 \u0440\u043e\u0434\u043e\u043c \u0437 \u0406\u0441\u043f\u0430\u043d\u0456\u0457. \u0412\u043e\u043d\u0438 \u043c\u0430\u044e\u0442\u044c \u043c'\u044f\u043a\u0448\u0438\u0439 \u0441\u043c\u0430\u043a, \u043d\u0456\u0436 \u0457\u0445\u043d\u044f \u0437\u0435\u043b\u0435\u043d\u0430 \u0432\u0435\u0440\u0441\u0456\u044f, \u0456 \u0456\u0434\u0435\u0430\u043b\u044c\u043d\u043e \u043f\u0456\u0434\u0445\u043e\u0434\u044f\u0442\u044c \u0434\u043b\u044f \u0432\u0438\u043a\u043e\u0440\u0438\u0441\u0442\u0430\u043d\u043d\u044f \u0432 \u0433\u0440\u0435\u0446\u044c\u043a\u0456\u0439, \u0456\u0442\u0430\u043b\u0456\u0439\u0441\u044c\u043a\u0456\u0439 \u0430\u0431\u043e \u0456\u0441\u043f\u0430\u043d\u0441\u044c\u043a\u0456\u0439 \u043a\u0443\u0445\u043d\u0456. \u0417\u0440\u0443\u0447\u043d\u0430 \u0434\u043b\u044f \u0432\u0456\u0434\u043a\u0440\u0438\u0432\u0430\u043d\u043d\u044f \u0431\u0430\u043d\u043e\u0447\u043a\u0430 \u043c\u0456\u0441\u0442\u0438\u0442\u044c 150 \u0433 \u0447\u043e\u0440\u043d\u0438\u0445 \u043e\u043b\u0438\u0432\u043e\u043a \u043f\u0456\u0441\u043b\u044f \u0432\u0456\u0434\u0446\u0456\u0434\u0436\u0443\u0432\u0430\u043d\u043d\u044f.<\/p>","protected":false},"featured_media":5502,"template":"","meta":[],"product_brand":[],"product_cat":[324],"product_tag":[],"class_list":{"0":"post-1890","1":"product","2":"type-product","3":"status-publish","4":"has-post-thumbnail","6":"product_cat-oliwki","7":"pa_atrybut-detal-horeca-detal","8":"pa_ilosc-sztuk-na-palecie-77","9":"pa_ilosc-sztuk-na-warstwie-380","10":"pa_masa-netto-860g","11":"pa_masa-po-odsaczeniu-450g","12":"pa_sztuk-w-kartonie-115","14":"first","15":"instock","16":"product-type-simple"},"yoast_head":"<!-- This site is optimized with the Yoast SEO plugin v27.3 - https:\/\/yoast.com\/product\/yoast-seo-wordpress\/ -->\n<title>Oliwki czarne drylowane - Limpol - Dystrybutor produkt\u00f3w spo\u017cywczych | Import Eksport<\/title>\n<meta name=\"robots\" content=\"index, follow, max-snippet:-1, max-image-preview:large, max-video-preview:-1\" \/>\n<link rel=\"canonical\" href=\"https:\/\/limpol.pl\/uk\/\u043f\u0440\u043e\u0434\u0443\u043a\u0442\u0438\/\u0447\u043e\u0440\u043d\u0456-\u043e\u043b\u0438\u0432\u043a\u0438-\u0431\u0435\u0437-\u043a\u0456\u0441\u0442\u043e\u0447\u043e\u043a-3\/\" \/>\n<meta property=\"og:locale\" content=\"uk_UA\" \/>\n<meta property=\"og:type\" content=\"article\" \/>\n<meta property=\"og:title\" content=\"Oliwki czarne drylowane - Limpol - Dystrybutor produkt\u00f3w spo\u017cywczych | Import Eksport\" \/>\n<meta property=\"og:description\" content=\"Czarne oliwki to produkt prosto z Hiszpanii. S\u0105 delikatniejsze w smaku ni\u017c ich zielona wersja, idealne do wykorzystania w kuchni greckiej, w\u0142oskiej czy hiszpa\u0144skiej. Wygodny do otwarcia s\u0142oik zawiera 150 g czarnych oliwek po odcieku.\" \/>\n<meta property=\"og:url\" content=\"https:\/\/limpol.pl\/uk\/\u043f\u0440\u043e\u0434\u0443\u043a\u0442\u0438\/\u0447\u043e\u0440\u043d\u0456-\u043e\u043b\u0438\u0432\u043a\u0438-\u0431\u0435\u0437-\u043a\u0456\u0441\u0442\u043e\u0447\u043e\u043a-3\/\" \/>\n<meta property=\"og:site_name\" content=\"Limpol - Dystrybutor produkt\u00f3w spo\u017cywczych | Import Eksport\" \/>\n<meta property=\"article:publisher\" content=\"https:\/\/www.facebook.com\/firmalimpol\/\" \/>\n<meta property=\"article:modified_time\" content=\"2023-01-25T13:46:42+00:00\" \/>\n<meta property=\"og:image\" content=\"https:\/\/limpol.pl\/wp-content\/uploads\/2019\/03\/oliwki-czarne-drylowane-860-CIEN.jpg\" \/>\n\t<meta property=\"og:image:width\" content=\"1000\" \/>\n\t<meta property=\"og:image:height\" content=\"1000\" \/>\n\t<meta property=\"og:image:type\" content=\"image\/jpeg\" \/>\n<meta name=\"twitter:card\" content=\"summary_large_image\" \/>\n<meta name=\"twitter:label1\" content=\"\u041f\u0440\u0438\u0431\u043b. \u0447\u0430\u0441 \u0447\u0438\u0442\u0430\u043d\u043d\u044f\" \/>\n\t<meta name=\"twitter:data1\" content=\"1 \u0445\u0432\u0438\u043b\u0438\u043d\u0430\" \/>\n<script type=\"application\/ld+json\" class=\"yoast-schema-graph\">{\"@context\":\"https:\\\/\\\/schema.org\",\"@graph\":[{\"@type\":\"WebPage\",\"@id\":\"https:\\\/\\\/limpol.pl\\\/produkty\\\/oliwki-czarne-drylowane-3\\\/\",\"url\":\"https:\\\/\\\/limpol.pl\\\/produkty\\\/oliwki-czarne-drylowane-3\\\/\",\"name\":\"Oliwki czarne drylowane - Limpol - Dystrybutor produkt\u00f3w spo\u017cywczych | Import Eksport\",\"isPartOf\":{\"@id\":\"https:\\\/\\\/limpol.pl\\\/#website\"},\"primaryImageOfPage\":{\"@id\":\"https:\\\/\\\/limpol.pl\\\/produkty\\\/oliwki-czarne-drylowane-3\\\/#primaryimage\"},\"image\":{\"@id\":\"https:\\\/\\\/limpol.pl\\\/produkty\\\/oliwki-czarne-drylowane-3\\\/#primaryimage\"},\"thumbnailUrl\":\"https:\\\/\\\/limpol.pl\\\/wp-content\\\/uploads\\\/2019\\\/03\\\/oliwki-czarne-drylowane-860-CIEN.jpg\",\"datePublished\":\"2019-03-05T16:25:40+00:00\",\"dateModified\":\"2023-01-25T13:46:42+00:00\",\"breadcrumb\":{\"@id\":\"https:\\\/\\\/limpol.pl\\\/produkty\\\/oliwki-czarne-drylowane-3\\\/#breadcrumb\"},\"inLanguage\":\"uk\",\"potentialAction\":[{\"@type\":\"ReadAction\",\"target\":[\"https:\\\/\\\/limpol.pl\\\/produkty\\\/oliwki-czarne-drylowane-3\\\/\"]}]},{\"@type\":\"ImageObject\",\"inLanguage\":\"uk\",\"@id\":\"https:\\\/\\\/limpol.pl\\\/produkty\\\/oliwki-czarne-drylowane-3\\\/#primaryimage\",\"url\":\"https:\\\/\\\/limpol.pl\\\/wp-content\\\/uploads\\\/2019\\\/03\\\/oliwki-czarne-drylowane-860-CIEN.jpg\",\"contentUrl\":\"https:\\\/\\\/limpol.pl\\\/wp-content\\\/uploads\\\/2019\\\/03\\\/oliwki-czarne-drylowane-860-CIEN.jpg\",\"width\":1000,\"height\":1000},{\"@type\":\"BreadcrumbList\",\"@id\":\"https:\\\/\\\/limpol.pl\\\/produkty\\\/oliwki-czarne-drylowane-3\\\/#breadcrumb\",\"itemListElement\":[{\"@type\":\"ListItem\",\"position\":1,\"name\":\"Strona g\u0142\u00f3wna\",\"item\":\"https:\\\/\\\/limpol.pl\\\/\"},{\"@type\":\"ListItem\",\"position\":2,\"name\":\"Produkty\",\"item\":\"https:\\\/\\\/limpol.pl\\\/shop\\\/\"},{\"@type\":\"ListItem\",\"position\":3,\"name\":\"Oliwki czarne drylowane\"}]},{\"@type\":\"WebSite\",\"@id\":\"https:\\\/\\\/limpol.pl\\\/#website\",\"url\":\"https:\\\/\\\/limpol.pl\\\/\",\"name\":\"Limpol - Dystrybutor produkt\u00f3w spo\u017cywczych | Import Eksport\",\"description\":\"Importer i eksporter produkt\u00f3w spo\u017cywczych\",\"potentialAction\":[{\"@type\":\"SearchAction\",\"target\":{\"@type\":\"EntryPoint\",\"urlTemplate\":\"https:\\\/\\\/limpol.pl\\\/?s={search_term_string}\"},\"query-input\":{\"@type\":\"PropertyValueSpecification\",\"valueRequired\":true,\"valueName\":\"search_term_string\"}}],\"inLanguage\":\"uk\"}]}<\/script>\n<!-- \/ Yoast SEO plugin. -->","yoast_head_json":{"title":"\u0421\u0443\u0448\u0435\u043d\u0456 \u0447\u043e\u0440\u043d\u0456 \u043e\u043b\u0438\u0432\u043a\u0438 - Limpol - \u0414\u0438\u0441\u0442\u0440\u0438\u0431'\u044e\u0442\u043e\u0440 \u043f\u0440\u043e\u0434\u0443\u043a\u0442\u0456\u0432 \u0445\u0430\u0440\u0447\u0443\u0432\u0430\u043d\u043d\u044f | \u0406\u043c\u043f\u043e\u0440\u0442 \u0415\u043a\u0441\u043f\u043e\u0440\u0442","robots":{"index":"index","follow":"follow","max-snippet":"max-snippet:-1","max-image-preview":"max-image-preview:large","max-video-preview":"max-video-preview:-1"},"canonical":"https:\/\/limpol.pl\/uk\/\u043f\u0440\u043e\u0434\u0443\u043a\u0442\u0438\/\u0447\u043e\u0440\u043d\u0456-\u043e\u043b\u0438\u0432\u043a\u0438-\u0431\u0435\u0437-\u043a\u0456\u0441\u0442\u043e\u0447\u043e\u043a-3\/","og_locale":"uk_UA","og_type":"article","og_title":"Oliwki czarne drylowane - Limpol - Dystrybutor produkt\u00f3w spo\u017cywczych | Import Eksport","og_description":"Czarne oliwki to produkt prosto z Hiszpanii. S\u0105 delikatniejsze w smaku ni\u017c ich zielona wersja, idealne do wykorzystania w kuchni greckiej, w\u0142oskiej czy hiszpa\u0144skiej. Wygodny do otwarcia s\u0142oik zawiera 150 g czarnych oliwek po odcieku.","og_url":"https:\/\/limpol.pl\/uk\/\u043f\u0440\u043e\u0434\u0443\u043a\u0442\u0438\/\u0447\u043e\u0440\u043d\u0456-\u043e\u043b\u0438\u0432\u043a\u0438-\u0431\u0435\u0437-\u043a\u0456\u0441\u0442\u043e\u0447\u043e\u043a-3\/","og_site_name":"Limpol - Dystrybutor produkt\u00f3w spo\u017cywczych | Import Eksport","article_publisher":"https:\/\/www.facebook.com\/firmalimpol\/","article_modified_time":"2023-01-25T13:46:42+00:00","og_image":[{"width":1000,"height":1000,"url":"https:\/\/limpol.pl\/wp-content\/uploads\/2019\/03\/oliwki-czarne-drylowane-860-CIEN.jpg","type":"image\/jpeg"}],"twitter_card":"summary_large_image","twitter_misc":{"\u041f\u0440\u0438\u0431\u043b. \u0447\u0430\u0441 \u0447\u0438\u0442\u0430\u043d\u043d\u044f":"1 \u0445\u0432\u0438\u043b\u0438\u043d\u0430"},"schema":{"@context":"https:\/\/schema.org","@graph":[{"@type":"WebPage","@id":"https:\/\/limpol.pl\/produkty\/oliwki-czarne-drylowane-3\/","url":"https:\/\/limpol.pl\/produkty\/oliwki-czarne-drylowane-3\/","name":"\u0421\u0443\u0448\u0435\u043d\u0456 \u0447\u043e\u0440\u043d\u0456 \u043e\u043b\u0438\u0432\u043a\u0438 - Limpol - \u0414\u0438\u0441\u0442\u0440\u0438\u0431'\u044e\u0442\u043e\u0440 \u043f\u0440\u043e\u0434\u0443\u043a\u0442\u0456\u0432 \u0445\u0430\u0440\u0447\u0443\u0432\u0430\u043d\u043d\u044f | \u0406\u043c\u043f\u043e\u0440\u0442 \u0415\u043a\u0441\u043f\u043e\u0440\u0442","isPartOf":{"@id":"https:\/\/limpol.pl\/#website"},"primaryImageOfPage":{"@id":"https:\/\/limpol.pl\/produkty\/oliwki-czarne-drylowane-3\/#primaryimage"},"image":{"@id":"https:\/\/limpol.pl\/produkty\/oliwki-czarne-drylowane-3\/#primaryimage"},"thumbnailUrl":"https:\/\/limpol.pl\/wp-content\/uploads\/2019\/03\/oliwki-czarne-drylowane-860-CIEN.jpg","datePublished":"2019-03-05T16:25:40+00:00","dateModified":"2023-01-25T13:46:42+00:00","breadcrumb":{"@id":"https:\/\/limpol.pl\/produkty\/oliwki-czarne-drylowane-3\/#breadcrumb"},"inLanguage":"uk","potentialAction":[{"@type":"ReadAction","target":["https:\/\/limpol.pl\/produkty\/oliwki-czarne-drylowane-3\/"]}]},{"@type":"ImageObject","inLanguage":"uk","@id":"https:\/\/limpol.pl\/produkty\/oliwki-czarne-drylowane-3\/#primaryimage","url":"https:\/\/limpol.pl\/wp-content\/uploads\/2019\/03\/oliwki-czarne-drylowane-860-CIEN.jpg","contentUrl":"https:\/\/limpol.pl\/wp-content\/uploads\/2019\/03\/oliwki-czarne-drylowane-860-CIEN.jpg","width":1000,"height":1000},{"@type":"BreadcrumbList","@id":"https:\/\/limpol.pl\/produkty\/oliwki-czarne-drylowane-3\/#breadcrumb","itemListElement":[{"@type":"ListItem","position":1,"name":"Strona g\u0142\u00f3wna","item":"https:\/\/limpol.pl\/"},{"@type":"ListItem","position":2,"name":"Produkty","item":"https:\/\/limpol.pl\/shop\/"},{"@type":"ListItem","position":3,"name":"Oliwki czarne drylowane"}]},{"@type":"WebSite","@id":"https:\/\/limpol.pl\/#website","url":"https:\/\/limpol.pl\/","name":"Limpol - \u0414\u0438\u0441\u0442\u0440\u0438\u0431'\u044e\u0442\u043e\u0440 \u043f\u0440\u043e\u0434\u0443\u043a\u0442\u0456\u0432 \u0445\u0430\u0440\u0447\u0443\u0432\u0430\u043d\u043d\u044f | \u0406\u043c\u043f\u043e\u0440\u0442 \u0415\u043a\u0441\u043f\u043e\u0440\u0442","description":"\u0406\u043c\u043f\u043e\u0440\u0442\u0435\u0440 \u0442\u0430 \u0435\u043a\u0441\u043f\u043e\u0440\u0442\u0435\u0440 \u043f\u0440\u043e\u0434\u0443\u043a\u0442\u0456\u0432 \u0445\u0430\u0440\u0447\u0443\u0432\u0430\u043d\u043d\u044f","potentialAction":[{"@type":"SearchAction","target":{"@type":"EntryPoint","urlTemplate":"https:\/\/limpol.pl\/?s={search_term_string}"},"query-input":{"@type":"PropertyValueSpecification","valueRequired":true,"valueName":"search_term_string"}}],"inLanguage":"uk"}]}},"_links":{"self":[{"href":"https:\/\/limpol.pl\/uk\/wp-json\/wp\/v2\/product\/1890","targetHints":{"allow":["GET"]}}],"collection":[{"href":"https:\/\/limpol.pl\/uk\/wp-json\/wp\/v2\/product"}],"about":[{"href":"https:\/\/limpol.pl\/uk\/wp-json\/wp\/v2\/types\/product"}],"wp:featuredmedia":[{"embeddable":true,"href":"https:\/\/limpol.pl\/uk\/wp-json\/wp\/v2\/media\/5502"}],"wp:attachment":[{"href":"https:\/\/limpol.pl\/uk\/wp-json\/wp\/v2\/media?parent=1890"}],"wp:term":[{"taxonomy":"product_brand","embeddable":true,"href":"https:\/\/limpol.pl\/uk\/wp-json\/wp\/v2\/product_brand?post=1890"},{"taxonomy":"product_cat","embeddable":true,"href":"https:\/\/limpol.pl\/uk\/wp-json\/wp\/v2\/product_cat?post=1890"},{"taxonomy":"product_tag","embeddable":true,"href":"https:\/\/limpol.pl\/uk\/wp-json\/wp\/v2\/product_tag?post=1890"}],"curies":[{"name":"wp","href":"https:\/\/api.w.org\/{rel}","templated":true}]}}