{"id":1940,"date":"2019-03-05T17:26:53","date_gmt":"2019-03-05T16:26:53","guid":{"rendered":"https:\/\/limpol.pl\/produkty\/makarony-spaghetti-linguine\/"},"modified":"2024-12-11T12:23:44","modified_gmt":"2024-12-11T11:23:44","slug":"\u0441\u043f\u0430\u0433\u0435\u0442\u0442\u0456-\u043b\u0456\u043d\u0433\u0432\u0456\u043d\u0456-\u043c\u0430\u043a\u0430\u0440\u043e\u043d\u0438","status":"publish","type":"product","link":"https:\/\/limpol.pl\/uk\/\u043f\u0440\u043e\u0434\u0443\u043a\u0442\u0438\/\u0441\u043f\u0430\u0433\u0435\u0442\u0442\u0456-\u043b\u0456\u043d\u0433\u0432\u0456\u043d\u0456-\u043c\u0430\u043a\u0430\u0440\u043e\u043d\u0438\/","title":{"rendered":"\u041f\u0430\u0441\u0442\u0430 \u0441\u043f\u0430\u0433\u0435\u0442\u0442\u0456 \u043b\u0456\u043d\u0433\u0432\u0456\u043d\u0435"},"content":{"rendered":"<p>\u041f\u0430\u0441\u0442\u0430 \u043b\u0456\u043d\u0433\u0432\u0456\u043d\u0435 - \u0446\u0435 \u0434\u043e\u0432\u0433\u0456 \u043f\u043b\u043e\u0441\u043a\u0456 \u043c\u0430\u043a\u0430\u0440\u043e\u043d\u0438, \u0442\u0440\u043e\u0445\u0438 \u0442\u043e\u043d\u0448\u0456 \u0437\u0430 \u0444\u0435\u0442\u0443\u0447\u0456\u043d\u0456, \u0430\u043b\u0435 \u0448\u0438\u0440\u0448\u0456 \u0437\u0430 \u043a\u043b\u0430\u0441\u0438\u0447\u043d\u0456 \u0441\u043f\u0430\u0433\u0435\u0442\u0456. \u0417\u0430\u0432\u0434\u044f\u043a\u0438 \u0441\u0432\u043e\u0457\u0439 \u0444\u043e\u0440\u043c\u0456 \u0432\u043e\u043d\u0430 \u0456\u0434\u0435\u0430\u043b\u044c\u043d\u043e \u043f\u0456\u0434\u0445\u043e\u0434\u0438\u0442\u044c \u0434\u043b\u044f \u0441\u0442\u0440\u0430\u0432 \u0437 \u043c\u043e\u0440\u0435\u043f\u0440\u043e\u0434\u0443\u043a\u0442\u0430\u043c\u0438, \u043b\u0435\u0433\u043a\u0438\u0445 \u0441\u043e\u0443\u0441\u0456\u0432 \u043d\u0430 \u043e\u043b\u0438\u0432\u043a\u043e\u0432\u0456\u0439 \u043e\u043b\u0456\u0457, \u043f\u0435\u0441\u0442\u043e, \u0430 \u0442\u0430\u043a\u043e\u0436 \u0443 \u043a\u043e\u043c\u043f\u043e\u0437\u0438\u0446\u0456\u044f\u0445 \u0437 \u043e\u0432\u043e\u0447\u0430\u043c\u0438. \u041b\u0456\u043d\u0433\u0432\u0456\u043d\u0435 \u043f\u043e\u0445\u043e\u0434\u0438\u0442\u044c \u0437 \u041b\u0456\u0433\u0443\u0440\u0456\u0439\u0441\u044c\u043a\u043e\u0433\u043e \u0440\u0435\u0433\u0456\u043e\u043d\u0443, \u0434\u0435 \u0457\u0457 \u0442\u0440\u0430\u0434\u0438\u0446\u0456\u0439\u043d\u043e \u043f\u043e\u0454\u0434\u043d\u0443\u044e\u0442\u044c \u0437 \u043f\u0435\u0441\u0442\u043e \u0434\u0436\u0435\u043d\u043e\u0432\u0435\u0437\u0435. \u0419\u043e\u0433\u043e \u043c'\u044f\u043a\u043e \u0437\u0430\u043a\u0440\u0443\u0433\u043b\u0435\u043d\u0430, \u043f\u043b\u043e\u0441\u043a\u0430 \u0444\u043e\u0440\u043c\u0430 \u0456\u0434\u0435\u0430\u043b\u044c\u043d\u043e \u0443\u0442\u0440\u0438\u043c\u0443\u0454 \u0441\u043e\u0443\u0441, \u043d\u0430\u0434\u0430\u044e\u0447\u0438 \u0441\u0442\u0440\u0430\u0432\u0456 \u043a\u0440\u0435\u043c\u043e\u0432\u0443 \u0442\u0430 \u0430\u0440\u043e\u043c\u0430\u0442\u043d\u0443 \u0442\u0435\u043a\u0441\u0442\u0443\u0440\u0443. \u041b\u0456\u043d\u0433\u0432\u0456\u043d\u0435 - \u0446\u0435 \u0435\u043b\u0435\u0433\u0430\u043d\u0442\u043d\u0430 \u043f\u0430\u0441\u0442\u0430, \u044f\u043a\u0430 \u043f\u0440\u0438\u043a\u0440\u0430\u0441\u0438\u0442\u044c \u0431\u0443\u0434\u044c-\u044f\u043a\u0443 \u0441\u0442\u0440\u0430\u0432\u0443, \u0434\u043e\u0434\u0430\u0432\u0448\u0438 \u0457\u0439 \u0441\u0435\u0440\u0435\u0434\u0437\u0435\u043c\u043d\u043e\u043c\u043e\u0440\u0441\u044c\u043a\u043e\u0433\u043e \u0432\u0456\u0434\u0442\u0456\u043d\u043a\u0443 \u0442\u0430 \u0432\u0438\u0448\u0443\u043a\u0430\u043d\u043e\u0433\u043e \u0441\u043c\u0430\u043a\u0443.<\/p>","protected":false},"excerpt":{"rendered":"<p>Makaron linguine to d\u0142ugi, p\u0142aski makaron, nieco cie\u0144szy ni\u017c fettuccine, ale szerszy ni\u017c klasyczne spaghetti. Dzi\u0119ki swojemu kszta\u0142towi doskonale sprawdza si\u0119 w daniach z owocami morza, lekkimi sosami oliwnymi, pesto, a tak\u017ce w kompozycjach z warzywami. Linguine pochodzi z regionu Ligurii, gdzie tradycyjnie \u0142\u0105czy si\u0119 je z pesto genovese. Jego delikatnie zaokr\u0105glony, p\u0142aski kszta\u0142t \u015bwietnie [&hellip;]<\/p>\n","protected":false},"featured_media":2033,"template":"","meta":[],"product_brand":[],"product_cat":[845,280],"product_tag":[],"class_list":{"0":"post-1940","1":"product","2":"type-product","3":"status-publish","4":"has-post-thumbnail","6":"product_cat-dla-pizzerii-i-trattorii","7":"product_cat-makarony-wloskie","8":"pa_atrybut-detal-horeca-detalhoreca","9":"pa_ilosc-sztuk-na-palecie-101","10":"pa_ilosc-sztuk-na-warstwie-396","11":"pa_masa-netto-500g","12":"pa_sztuk-w-kartonie-71","14":"first","15":"instock","16":"product-type-simple"},"yoast_head":"<!-- This site is optimized with the Yoast SEO plugin v27.3 - https:\/\/yoast.com\/product\/yoast-seo-wordpress\/ -->\n<title>Makarony spaghetti linguine - Limpol - Dystrybutor produkt\u00f3w spo\u017cywczych | Import Eksport<\/title>\n<meta name=\"robots\" content=\"index, follow, max-snippet:-1, max-image-preview:large, max-video-preview:-1\" \/>\n<link rel=\"canonical\" href=\"https:\/\/limpol.pl\/uk\/\u043f\u0440\u043e\u0434\u0443\u043a\u0442\u0438\/\u0441\u043f\u0430\u0433\u0435\u0442\u0442\u0456-\u043b\u0456\u043d\u0433\u0432\u0456\u043d\u0456-\u043c\u0430\u043a\u0430\u0440\u043e\u043d\u0438\/\" \/>\n<meta property=\"og:locale\" content=\"uk_UA\" \/>\n<meta property=\"og:type\" content=\"article\" \/>\n<meta property=\"og:title\" content=\"Makarony spaghetti linguine - Limpol - Dystrybutor produkt\u00f3w spo\u017cywczych | Import Eksport\" \/>\n<meta property=\"og:description\" content=\"Makaron linguine to d\u0142ugi, p\u0142aski makaron, nieco cie\u0144szy ni\u017c fettuccine, ale szerszy ni\u017c klasyczne spaghetti. Dzi\u0119ki swojemu kszta\u0142towi doskonale sprawdza si\u0119 w daniach z owocami morza, lekkimi sosami oliwnymi, pesto, a tak\u017ce w kompozycjach z warzywami. Linguine pochodzi z regionu Ligurii, gdzie tradycyjnie \u0142\u0105czy si\u0119 je z pesto genovese. Jego delikatnie zaokr\u0105glony, p\u0142aski kszta\u0142t \u015bwietnie [&hellip;]\" \/>\n<meta property=\"og:url\" content=\"https:\/\/limpol.pl\/uk\/\u043f\u0440\u043e\u0434\u0443\u043a\u0442\u0438\/\u0441\u043f\u0430\u0433\u0435\u0442\u0442\u0456-\u043b\u0456\u043d\u0433\u0432\u0456\u043d\u0456-\u043c\u0430\u043a\u0430\u0440\u043e\u043d\u0438\/\" \/>\n<meta property=\"og:site_name\" content=\"Limpol - Dystrybutor produkt\u00f3w spo\u017cywczych | Import Eksport\" \/>\n<meta property=\"article:publisher\" content=\"https:\/\/www.facebook.com\/firmalimpol\/\" \/>\n<meta property=\"article:modified_time\" content=\"2024-12-11T11:23:44+00:00\" \/>\n<meta property=\"og:image\" content=\"https:\/\/limpol.pl\/wp-content\/uploads\/2019\/03\/reggia-linguine.jpg\" \/>\n\t<meta property=\"og:image:width\" content=\"1000\" \/>\n\t<meta property=\"og:image:height\" content=\"1000\" \/>\n\t<meta property=\"og:image:type\" content=\"image\/jpeg\" \/>\n<meta name=\"twitter:card\" content=\"summary_large_image\" \/>\n<meta name=\"twitter:label1\" content=\"\u041f\u0440\u0438\u0431\u043b. \u0447\u0430\u0441 \u0447\u0438\u0442\u0430\u043d\u043d\u044f\" \/>\n\t<meta name=\"twitter:data1\" content=\"1 \u0445\u0432\u0438\u043b\u0438\u043d\u0430\" \/>\n<script type=\"application\/ld+json\" class=\"yoast-schema-graph\">{\"@context\":\"https:\\\/\\\/schema.org\",\"@graph\":[{\"@type\":\"WebPage\",\"@id\":\"https:\\\/\\\/limpol.pl\\\/produkty\\\/makarony-spaghetti-linguine\\\/\",\"url\":\"https:\\\/\\\/limpol.pl\\\/produkty\\\/makarony-spaghetti-linguine\\\/\",\"name\":\"Makarony spaghetti linguine - Limpol - Dystrybutor produkt\u00f3w spo\u017cywczych | Import Eksport\",\"isPartOf\":{\"@id\":\"https:\\\/\\\/limpol.pl\\\/#website\"},\"primaryImageOfPage\":{\"@id\":\"https:\\\/\\\/limpol.pl\\\/produkty\\\/makarony-spaghetti-linguine\\\/#primaryimage\"},\"image\":{\"@id\":\"https:\\\/\\\/limpol.pl\\\/produkty\\\/makarony-spaghetti-linguine\\\/#primaryimage\"},\"thumbnailUrl\":\"https:\\\/\\\/limpol.pl\\\/wp-content\\\/uploads\\\/2019\\\/03\\\/reggia-linguine.jpg\",\"datePublished\":\"2019-03-05T16:26:53+00:00\",\"dateModified\":\"2024-12-11T11:23:44+00:00\",\"breadcrumb\":{\"@id\":\"https:\\\/\\\/limpol.pl\\\/produkty\\\/makarony-spaghetti-linguine\\\/#breadcrumb\"},\"inLanguage\":\"uk\",\"potentialAction\":[{\"@type\":\"ReadAction\",\"target\":[\"https:\\\/\\\/limpol.pl\\\/produkty\\\/makarony-spaghetti-linguine\\\/\"]}]},{\"@type\":\"ImageObject\",\"inLanguage\":\"uk\",\"@id\":\"https:\\\/\\\/limpol.pl\\\/produkty\\\/makarony-spaghetti-linguine\\\/#primaryimage\",\"url\":\"https:\\\/\\\/limpol.pl\\\/wp-content\\\/uploads\\\/2019\\\/03\\\/reggia-linguine.jpg\",\"contentUrl\":\"https:\\\/\\\/limpol.pl\\\/wp-content\\\/uploads\\\/2019\\\/03\\\/reggia-linguine.jpg\",\"width\":1000,\"height\":1000},{\"@type\":\"BreadcrumbList\",\"@id\":\"https:\\\/\\\/limpol.pl\\\/produkty\\\/makarony-spaghetti-linguine\\\/#breadcrumb\",\"itemListElement\":[{\"@type\":\"ListItem\",\"position\":1,\"name\":\"Strona g\u0142\u00f3wna\",\"item\":\"https:\\\/\\\/limpol.pl\\\/\"},{\"@type\":\"ListItem\",\"position\":2,\"name\":\"Produkty\",\"item\":\"https:\\\/\\\/limpol.pl\\\/shop\\\/\"},{\"@type\":\"ListItem\",\"position\":3,\"name\":\"Makarony spaghetti linguine\"}]},{\"@type\":\"WebSite\",\"@id\":\"https:\\\/\\\/limpol.pl\\\/#website\",\"url\":\"https:\\\/\\\/limpol.pl\\\/\",\"name\":\"Limpol - Dystrybutor produkt\u00f3w spo\u017cywczych | Import Eksport\",\"description\":\"Importer i eksporter produkt\u00f3w spo\u017cywczych\",\"potentialAction\":[{\"@type\":\"SearchAction\",\"target\":{\"@type\":\"EntryPoint\",\"urlTemplate\":\"https:\\\/\\\/limpol.pl\\\/?s={search_term_string}\"},\"query-input\":{\"@type\":\"PropertyValueSpecification\",\"valueRequired\":true,\"valueName\":\"search_term_string\"}}],\"inLanguage\":\"uk\"}]}<\/script>\n<!-- \/ Yoast SEO plugin. -->","yoast_head_json":{"title":"\u041c\u0430\u043a\u0430\u0440\u043e\u043d\u043d\u0456 \u0432\u0438\u0440\u043e\u0431\u0438 \u0441\u043f\u0430\u0433\u0435\u0442\u0442\u0456 \u043b\u0456\u043d\u0433\u0432\u0456\u043d\u0456 - \u041b\u0456\u043c\u043f\u043e\u043b\u044c - \u0414\u0438\u0441\u0442\u0440\u0438\u0431'\u044e\u0442\u043e\u0440 \u043f\u0440\u043e\u0434\u0443\u043a\u0442\u0456\u0432 \u0445\u0430\u0440\u0447\u0443\u0432\u0430\u043d\u043d\u044f | \u0406\u043c\u043f\u043e\u0440\u0442 \u0415\u043a\u0441\u043f\u043e\u0440\u0442","robots":{"index":"index","follow":"follow","max-snippet":"max-snippet:-1","max-image-preview":"max-image-preview:large","max-video-preview":"max-video-preview:-1"},"canonical":"https:\/\/limpol.pl\/uk\/\u043f\u0440\u043e\u0434\u0443\u043a\u0442\u0438\/\u0441\u043f\u0430\u0433\u0435\u0442\u0442\u0456-\u043b\u0456\u043d\u0433\u0432\u0456\u043d\u0456-\u043c\u0430\u043a\u0430\u0440\u043e\u043d\u0438\/","og_locale":"uk_UA","og_type":"article","og_title":"Makarony spaghetti linguine - Limpol - Dystrybutor produkt\u00f3w spo\u017cywczych | Import Eksport","og_description":"Makaron linguine to d\u0142ugi, p\u0142aski makaron, nieco cie\u0144szy ni\u017c fettuccine, ale szerszy ni\u017c klasyczne spaghetti. Dzi\u0119ki swojemu kszta\u0142towi doskonale sprawdza si\u0119 w daniach z owocami morza, lekkimi sosami oliwnymi, pesto, a tak\u017ce w kompozycjach z warzywami. Linguine pochodzi z regionu Ligurii, gdzie tradycyjnie \u0142\u0105czy si\u0119 je z pesto genovese. Jego delikatnie zaokr\u0105glony, p\u0142aski kszta\u0142t \u015bwietnie [&hellip;]","og_url":"https:\/\/limpol.pl\/uk\/\u043f\u0440\u043e\u0434\u0443\u043a\u0442\u0438\/\u0441\u043f\u0430\u0433\u0435\u0442\u0442\u0456-\u043b\u0456\u043d\u0433\u0432\u0456\u043d\u0456-\u043c\u0430\u043a\u0430\u0440\u043e\u043d\u0438\/","og_site_name":"Limpol - Dystrybutor produkt\u00f3w spo\u017cywczych | Import Eksport","article_publisher":"https:\/\/www.facebook.com\/firmalimpol\/","article_modified_time":"2024-12-11T11:23:44+00:00","og_image":[{"width":1000,"height":1000,"url":"https:\/\/limpol.pl\/wp-content\/uploads\/2019\/03\/reggia-linguine.jpg","type":"image\/jpeg"}],"twitter_card":"summary_large_image","twitter_misc":{"\u041f\u0440\u0438\u0431\u043b. \u0447\u0430\u0441 \u0447\u0438\u0442\u0430\u043d\u043d\u044f":"1 \u0445\u0432\u0438\u043b\u0438\u043d\u0430"},"schema":{"@context":"https:\/\/schema.org","@graph":[{"@type":"WebPage","@id":"https:\/\/limpol.pl\/produkty\/makarony-spaghetti-linguine\/","url":"https:\/\/limpol.pl\/produkty\/makarony-spaghetti-linguine\/","name":"\u041c\u0430\u043a\u0430\u0440\u043e\u043d\u043d\u0456 \u0432\u0438\u0440\u043e\u0431\u0438 \u0441\u043f\u0430\u0433\u0435\u0442\u0442\u0456 \u043b\u0456\u043d\u0433\u0432\u0456\u043d\u0456 - \u041b\u0456\u043c\u043f\u043e\u043b\u044c - \u0414\u0438\u0441\u0442\u0440\u0438\u0431'\u044e\u0442\u043e\u0440 \u043f\u0440\u043e\u0434\u0443\u043a\u0442\u0456\u0432 \u0445\u0430\u0440\u0447\u0443\u0432\u0430\u043d\u043d\u044f | \u0406\u043c\u043f\u043e\u0440\u0442 \u0415\u043a\u0441\u043f\u043e\u0440\u0442","isPartOf":{"@id":"https:\/\/limpol.pl\/#website"},"primaryImageOfPage":{"@id":"https:\/\/limpol.pl\/produkty\/makarony-spaghetti-linguine\/#primaryimage"},"image":{"@id":"https:\/\/limpol.pl\/produkty\/makarony-spaghetti-linguine\/#primaryimage"},"thumbnailUrl":"https:\/\/limpol.pl\/wp-content\/uploads\/2019\/03\/reggia-linguine.jpg","datePublished":"2019-03-05T16:26:53+00:00","dateModified":"2024-12-11T11:23:44+00:00","breadcrumb":{"@id":"https:\/\/limpol.pl\/produkty\/makarony-spaghetti-linguine\/#breadcrumb"},"inLanguage":"uk","potentialAction":[{"@type":"ReadAction","target":["https:\/\/limpol.pl\/produkty\/makarony-spaghetti-linguine\/"]}]},{"@type":"ImageObject","inLanguage":"uk","@id":"https:\/\/limpol.pl\/produkty\/makarony-spaghetti-linguine\/#primaryimage","url":"https:\/\/limpol.pl\/wp-content\/uploads\/2019\/03\/reggia-linguine.jpg","contentUrl":"https:\/\/limpol.pl\/wp-content\/uploads\/2019\/03\/reggia-linguine.jpg","width":1000,"height":1000},{"@type":"BreadcrumbList","@id":"https:\/\/limpol.pl\/produkty\/makarony-spaghetti-linguine\/#breadcrumb","itemListElement":[{"@type":"ListItem","position":1,"name":"Strona g\u0142\u00f3wna","item":"https:\/\/limpol.pl\/"},{"@type":"ListItem","position":2,"name":"Produkty","item":"https:\/\/limpol.pl\/shop\/"},{"@type":"ListItem","position":3,"name":"Makarony spaghetti linguine"}]},{"@type":"WebSite","@id":"https:\/\/limpol.pl\/#website","url":"https:\/\/limpol.pl\/","name":"Limpol - \u0414\u0438\u0441\u0442\u0440\u0438\u0431'\u044e\u0442\u043e\u0440 \u043f\u0440\u043e\u0434\u0443\u043a\u0442\u0456\u0432 \u0445\u0430\u0440\u0447\u0443\u0432\u0430\u043d\u043d\u044f | \u0406\u043c\u043f\u043e\u0440\u0442 \u0415\u043a\u0441\u043f\u043e\u0440\u0442","description":"\u0406\u043c\u043f\u043e\u0440\u0442\u0435\u0440 \u0442\u0430 \u0435\u043a\u0441\u043f\u043e\u0440\u0442\u0435\u0440 \u043f\u0440\u043e\u0434\u0443\u043a\u0442\u0456\u0432 \u0445\u0430\u0440\u0447\u0443\u0432\u0430\u043d\u043d\u044f","potentialAction":[{"@type":"SearchAction","target":{"@type":"EntryPoint","urlTemplate":"https:\/\/limpol.pl\/?s={search_term_string}"},"query-input":{"@type":"PropertyValueSpecification","valueRequired":true,"valueName":"search_term_string"}}],"inLanguage":"uk"}]}},"_links":{"self":[{"href":"https:\/\/limpol.pl\/uk\/wp-json\/wp\/v2\/product\/1940","targetHints":{"allow":["GET"]}}],"collection":[{"href":"https:\/\/limpol.pl\/uk\/wp-json\/wp\/v2\/product"}],"about":[{"href":"https:\/\/limpol.pl\/uk\/wp-json\/wp\/v2\/types\/product"}],"wp:featuredmedia":[{"embeddable":true,"href":"https:\/\/limpol.pl\/uk\/wp-json\/wp\/v2\/media\/2033"}],"wp:attachment":[{"href":"https:\/\/limpol.pl\/uk\/wp-json\/wp\/v2\/media?parent=1940"}],"wp:term":[{"taxonomy":"product_brand","embeddable":true,"href":"https:\/\/limpol.pl\/uk\/wp-json\/wp\/v2\/product_brand?post=1940"},{"taxonomy":"product_cat","embeddable":true,"href":"https:\/\/limpol.pl\/uk\/wp-json\/wp\/v2\/product_cat?post=1940"},{"taxonomy":"product_tag","embeddable":true,"href":"https:\/\/limpol.pl\/uk\/wp-json\/wp\/v2\/product_tag?post=1940"}],"curies":[{"name":"wp","href":"https:\/\/api.w.org\/{rel}","templated":true}]}}