{"id":1956,"date":"2019-03-05T17:27:07","date_gmt":"2019-03-05T16:27:07","guid":{"rendered":"https:\/\/limpol.pl\/produkty\/tunczyk-w-kawalkach-w-sosie-wlasnym\/"},"modified":"2023-01-25T16:36:17","modified_gmt":"2023-01-25T15:36:17","slug":"\u0442\u0443\u043d\u0435\u0446\u044c-\u0448\u043c\u0430\u0442\u043e\u0447\u043a\u0430\u043c\u0438-\u0443-\u0432\u043b\u0430\u0441\u043d\u043e\u043c\u0443-\u0441\u043e\u0443\u0441\u0456","status":"publish","type":"product","link":"https:\/\/limpol.pl\/uk\/\u043f\u0440\u043e\u0434\u0443\u043a\u0442\u0438\/\u0442\u0443\u043d\u0435\u0446\u044c-\u0448\u043c\u0430\u0442\u043e\u0447\u043a\u0430\u043c\u0438-\u0443-\u0432\u043b\u0430\u0441\u043d\u043e\u043c\u0443-\u0441\u043e\u0443\u0441\u0456\/","title":{"rendered":"\u0428\u043c\u0430\u0442\u043e\u0447\u043a\u0438 \u0442\u0443\u043d\u0446\u044f \u0443 \u0432\u043b\u0430\u0441\u043d\u043e\u043c\u0443 \u0441\u043e\u0443\u0441\u0456"},"content":{"rendered":"<p>\u0422\u0443\u043d\u0435\u0446\u044c - \u0446\u0435 \u0432\u0441\u0435 \u0449\u0435 \u0434\u0438\u043a\u0430 \u0440\u0438\u0431\u0430, \u044f\u043a\u0443 \u0432\u0438\u043b\u043e\u0432\u043b\u044e\u044e\u0442\u044c \u0443 \u0432\u043e\u0434\u0430\u0445 \u0422\u0438\u0445\u043e\u0433\u043e \u043e\u043a\u0435\u0430\u043d\u0443. \u0419\u043e\u0433\u043e \u0441\u043e\u043a\u043e\u0432\u0438\u0442\u0435 \u043c'\u044f\u0441\u043e \u0443 \u0432\u043b\u0430\u0441\u043d\u043e\u043c\u0443 \u0441\u043e\u0443\u0441\u0456 - \u043b\u0435\u0433\u043a\u0438\u0439 \u0432\u0438\u0431\u0456\u0440 \u0434\u043b\u044f \u0431\u0443\u0442\u0435\u0440\u0431\u0440\u043e\u0434\u0456\u0432 \u0456 \u0441\u0430\u043b\u0430\u0442\u0456\u0432, \u0430 \u0442\u0430\u043a\u043e\u0436 \u0447\u0443\u0434\u043e\u0432\u0435 \u0434\u043e\u043f\u043e\u0432\u043d\u0435\u043d\u043d\u044f \u0434\u043e \u0442\u0435\u043f\u043b\u0438\u0445 \u0441\u0442\u0440\u0430\u0432, \u043e\u0441\u043e\u0431\u043b\u0438\u0432\u043e \u043f\u0430\u0441\u0442\u0438. \u0423 \u0431\u0443\u0434\u044c-\u044f\u043a\u043e\u043c\u0443 \u0432\u0438\u0433\u043b\u044f\u0434\u0456 \u0432\u0456\u043d \u043c\u0430\u0454 \u0447\u0443\u0434\u043e\u0432\u0438\u0439 \u0441\u043c\u0430\u043a \u0456 \u0454 \u0431\u0430\u0433\u0430\u0442\u0438\u043c \u0434\u0436\u0435\u0440\u0435\u043b\u043e\u043c \u043a\u043e\u0440\u0438\u0441\u043d\u0438\u0445 \u043e\u043c\u0435\u0433\u0430-\u0436\u0438\u0440\u0456\u0432.<\/p>","protected":false},"excerpt":{"rendered":"<p>\u0422\u0443\u043d\u0435\u0446\u044c - \u0446\u0435 \u0432\u0441\u0435 \u0449\u0435 \u0434\u0438\u043a\u0430 \u0440\u0438\u0431\u0430, \u044f\u043a\u0443 \u0432\u0438\u043b\u043e\u0432\u043b\u044e\u044e\u0442\u044c \u0443 \u0432\u043e\u0434\u0430\u0445 \u0422\u0438\u0445\u043e\u0433\u043e \u043e\u043a\u0435\u0430\u043d\u0443. \u0419\u043e\u0433\u043e \u0441\u043e\u043a\u043e\u0432\u0438\u0442\u0435 \u043c'\u044f\u0441\u043e \u0443 \u0432\u043b\u0430\u0441\u043d\u043e\u043c\u0443 \u0441\u043e\u0443\u0441\u0456 - \u043b\u0435\u0433\u043a\u0438\u0439 \u0432\u0438\u0431\u0456\u0440 \u0434\u043b\u044f \u0431\u0443\u0442\u0435\u0440\u0431\u0440\u043e\u0434\u0456\u0432 \u0456 \u0441\u0430\u043b\u0430\u0442\u0456\u0432, \u0430 \u0442\u0430\u043a\u043e\u0436 \u0447\u0443\u0434\u043e\u0432\u0435 \u0434\u043e\u043f\u043e\u0432\u043d\u0435\u043d\u043d\u044f \u0434\u043e \u0442\u0435\u043f\u043b\u0438\u0445 \u0441\u0442\u0440\u0430\u0432, \u043e\u0441\u043e\u0431\u043b\u0438\u0432\u043e \u043f\u0430\u0441\u0442\u0438. \u0423 \u0431\u0443\u0434\u044c-\u044f\u043a\u043e\u043c\u0443 \u0432\u0438\u0433\u043b\u044f\u0434\u0456 \u0432\u0456\u043d \u043c\u0430\u0454 \u0447\u0443\u0434\u043e\u0432\u0438\u0439 \u0441\u043c\u0430\u043a \u0456 \u0454 \u0431\u0430\u0433\u0430\u0442\u0438\u043c \u0434\u0436\u0435\u0440\u0435\u043b\u043e\u043c \u043a\u043e\u0440\u0438\u0441\u043d\u0438\u0445 \u043e\u043c\u0435\u0433\u0430-\u0436\u0438\u0440\u0456\u0432.<\/p>","protected":false},"featured_media":5601,"template":"","meta":[],"product_brand":[],"product_cat":[361],"product_tag":[],"class_list":{"0":"post-1956","1":"product","2":"type-product","3":"status-publish","4":"has-post-thumbnail","6":"product_cat-przetwory-rybne-vera","7":"pa_atrybut-detal-horeca-detal","8":"pa_ilosc-sztuk-na-palecie-121","9":"pa_ilosc-sztuk-na-warstwie-396","10":"pa_masa-netto-170g","11":"pa_masa-po-odsaczeniu-120g","12":"pa_sztuk-w-kartonie-120","14":"first","15":"instock","16":"product-type-simple"},"yoast_head":"<!-- This site is optimized with the Yoast SEO plugin v27.3 - https:\/\/yoast.com\/product\/yoast-seo-wordpress\/ -->\n<title>Tu\u0144czyk w kawa\u0142kach w sosie w\u0142asnym - Limpol - Dystrybutor produkt\u00f3w spo\u017cywczych | Import Eksport<\/title>\n<meta name=\"robots\" content=\"index, follow, max-snippet:-1, max-image-preview:large, max-video-preview:-1\" \/>\n<link rel=\"canonical\" href=\"https:\/\/limpol.pl\/uk\/\u043f\u0440\u043e\u0434\u0443\u043a\u0442\u0438\/\u0442\u0443\u043d\u0435\u0446\u044c-\u0448\u043c\u0430\u0442\u043e\u0447\u043a\u0430\u043c\u0438-\u0443-\u0432\u043b\u0430\u0441\u043d\u043e\u043c\u0443-\u0441\u043e\u0443\u0441\u0456\/\" \/>\n<meta property=\"og:locale\" content=\"uk_UA\" \/>\n<meta property=\"og:type\" content=\"article\" \/>\n<meta property=\"og:title\" content=\"Tu\u0144czyk w kawa\u0142kach w sosie w\u0142asnym - Limpol - Dystrybutor produkt\u00f3w spo\u017cywczych | Import Eksport\" \/>\n<meta property=\"og:description\" content=\"Tu\u0144czyk to wci\u0105\u017c dzika ryba, kt\u00f3rej po\u0142owy odbywaj\u0105 si\u0119 w wodach Oceanu Spokojnego. Jego soczyste mi\u0119so w sosie w\u0142asnym to lekka propozycja do kanapek i sa\u0142atek ale r\u00f3wnie\u017c \u015bwietny dodatek do ciep\u0142ych da\u0144 \u2013 szczeg\u00f3lnie makaron\u00f3w. W ka\u017cdym wydaniu smakuje wspaniale i jest bogatym \u017ar\u00f3d\u0142em dobrych t\u0142uszczy Omega.\" \/>\n<meta property=\"og:url\" content=\"https:\/\/limpol.pl\/uk\/\u043f\u0440\u043e\u0434\u0443\u043a\u0442\u0438\/\u0442\u0443\u043d\u0435\u0446\u044c-\u0448\u043c\u0430\u0442\u043e\u0447\u043a\u0430\u043c\u0438-\u0443-\u0432\u043b\u0430\u0441\u043d\u043e\u043c\u0443-\u0441\u043e\u0443\u0441\u0456\/\" \/>\n<meta property=\"og:site_name\" content=\"Limpol - Dystrybutor produkt\u00f3w spo\u017cywczych | Import Eksport\" \/>\n<meta property=\"article:publisher\" content=\"https:\/\/www.facebook.com\/firmalimpol\/\" \/>\n<meta property=\"article:modified_time\" content=\"2023-01-25T15:36:17+00:00\" \/>\n<meta property=\"og:image\" content=\"https:\/\/limpol.pl\/wp-content\/uploads\/2019\/03\/VERA-2022-wiz-tunczyk-sos-wlasny-170-niebieski-CIEN.jpg\" \/>\n\t<meta property=\"og:image:width\" content=\"1000\" \/>\n\t<meta property=\"og:image:height\" content=\"1000\" \/>\n\t<meta property=\"og:image:type\" content=\"image\/jpeg\" \/>\n<meta name=\"twitter:card\" content=\"summary_large_image\" \/>\n<meta name=\"twitter:label1\" content=\"\u041f\u0440\u0438\u0431\u043b. \u0447\u0430\u0441 \u0447\u0438\u0442\u0430\u043d\u043d\u044f\" \/>\n\t<meta name=\"twitter:data1\" content=\"1 \u0445\u0432\u0438\u043b\u0438\u043d\u0430\" \/>\n<script type=\"application\/ld+json\" class=\"yoast-schema-graph\">{\"@context\":\"https:\\\/\\\/schema.org\",\"@graph\":[{\"@type\":\"WebPage\",\"@id\":\"https:\\\/\\\/limpol.pl\\\/produkty\\\/tunczyk-w-kawalkach-w-sosie-wlasnym\\\/\",\"url\":\"https:\\\/\\\/limpol.pl\\\/produkty\\\/tunczyk-w-kawalkach-w-sosie-wlasnym\\\/\",\"name\":\"Tu\u0144czyk w kawa\u0142kach w sosie w\u0142asnym - Limpol - Dystrybutor produkt\u00f3w spo\u017cywczych | Import Eksport\",\"isPartOf\":{\"@id\":\"https:\\\/\\\/limpol.pl\\\/#website\"},\"primaryImageOfPage\":{\"@id\":\"https:\\\/\\\/limpol.pl\\\/produkty\\\/tunczyk-w-kawalkach-w-sosie-wlasnym\\\/#primaryimage\"},\"image\":{\"@id\":\"https:\\\/\\\/limpol.pl\\\/produkty\\\/tunczyk-w-kawalkach-w-sosie-wlasnym\\\/#primaryimage\"},\"thumbnailUrl\":\"https:\\\/\\\/limpol.pl\\\/wp-content\\\/uploads\\\/2019\\\/03\\\/VERA-2022-wiz-tunczyk-sos-wlasny-170-niebieski-CIEN.jpg\",\"datePublished\":\"2019-03-05T16:27:07+00:00\",\"dateModified\":\"2023-01-25T15:36:17+00:00\",\"breadcrumb\":{\"@id\":\"https:\\\/\\\/limpol.pl\\\/produkty\\\/tunczyk-w-kawalkach-w-sosie-wlasnym\\\/#breadcrumb\"},\"inLanguage\":\"uk\",\"potentialAction\":[{\"@type\":\"ReadAction\",\"target\":[\"https:\\\/\\\/limpol.pl\\\/produkty\\\/tunczyk-w-kawalkach-w-sosie-wlasnym\\\/\"]}]},{\"@type\":\"ImageObject\",\"inLanguage\":\"uk\",\"@id\":\"https:\\\/\\\/limpol.pl\\\/produkty\\\/tunczyk-w-kawalkach-w-sosie-wlasnym\\\/#primaryimage\",\"url\":\"https:\\\/\\\/limpol.pl\\\/wp-content\\\/uploads\\\/2019\\\/03\\\/VERA-2022-wiz-tunczyk-sos-wlasny-170-niebieski-CIEN.jpg\",\"contentUrl\":\"https:\\\/\\\/limpol.pl\\\/wp-content\\\/uploads\\\/2019\\\/03\\\/VERA-2022-wiz-tunczyk-sos-wlasny-170-niebieski-CIEN.jpg\",\"width\":1000,\"height\":1000},{\"@type\":\"BreadcrumbList\",\"@id\":\"https:\\\/\\\/limpol.pl\\\/produkty\\\/tunczyk-w-kawalkach-w-sosie-wlasnym\\\/#breadcrumb\",\"itemListElement\":[{\"@type\":\"ListItem\",\"position\":1,\"name\":\"Strona g\u0142\u00f3wna\",\"item\":\"https:\\\/\\\/limpol.pl\\\/\"},{\"@type\":\"ListItem\",\"position\":2,\"name\":\"Produkty\",\"item\":\"https:\\\/\\\/limpol.pl\\\/shop\\\/\"},{\"@type\":\"ListItem\",\"position\":3,\"name\":\"Tu\u0144czyk w kawa\u0142kach w sosie w\u0142asnym\"}]},{\"@type\":\"WebSite\",\"@id\":\"https:\\\/\\\/limpol.pl\\\/#website\",\"url\":\"https:\\\/\\\/limpol.pl\\\/\",\"name\":\"Limpol - Dystrybutor produkt\u00f3w spo\u017cywczych | Import Eksport\",\"description\":\"Importer i eksporter produkt\u00f3w spo\u017cywczych\",\"potentialAction\":[{\"@type\":\"SearchAction\",\"target\":{\"@type\":\"EntryPoint\",\"urlTemplate\":\"https:\\\/\\\/limpol.pl\\\/?s={search_term_string}\"},\"query-input\":{\"@type\":\"PropertyValueSpecification\",\"valueRequired\":true,\"valueName\":\"search_term_string\"}}],\"inLanguage\":\"uk\"}]}<\/script>\n<!-- \/ Yoast SEO plugin. -->","yoast_head_json":{"title":"\u0422\u0443\u043d\u0435\u0446\u044c \u0448\u043c\u0430\u0442\u043e\u0447\u043a\u0430\u043c\u0438 \u0443 \u0432\u043b\u0430\u0441\u043d\u043e\u043c\u0443 \u0441\u043e\u0443\u0441\u0456 - Limpol - \u0414\u0438\u0441\u0442\u0440\u0438\u0431'\u044e\u0442\u043e\u0440 \u043f\u0440\u043e\u0434\u0443\u043a\u0442\u0456\u0432 \u0445\u0430\u0440\u0447\u0443\u0432\u0430\u043d\u043d\u044f | \u0406\u043c\u043f\u043e\u0440\u0442 \u0415\u043a\u0441\u043f\u043e\u0440\u0442","robots":{"index":"index","follow":"follow","max-snippet":"max-snippet:-1","max-image-preview":"max-image-preview:large","max-video-preview":"max-video-preview:-1"},"canonical":"https:\/\/limpol.pl\/uk\/\u043f\u0440\u043e\u0434\u0443\u043a\u0442\u0438\/\u0442\u0443\u043d\u0435\u0446\u044c-\u0448\u043c\u0430\u0442\u043e\u0447\u043a\u0430\u043c\u0438-\u0443-\u0432\u043b\u0430\u0441\u043d\u043e\u043c\u0443-\u0441\u043e\u0443\u0441\u0456\/","og_locale":"uk_UA","og_type":"article","og_title":"Tu\u0144czyk w kawa\u0142kach w sosie w\u0142asnym - Limpol - Dystrybutor produkt\u00f3w spo\u017cywczych | Import Eksport","og_description":"Tu\u0144czyk to wci\u0105\u017c dzika ryba, kt\u00f3rej po\u0142owy odbywaj\u0105 si\u0119 w wodach Oceanu Spokojnego. Jego soczyste mi\u0119so w sosie w\u0142asnym to lekka propozycja do kanapek i sa\u0142atek ale r\u00f3wnie\u017c \u015bwietny dodatek do ciep\u0142ych da\u0144 \u2013 szczeg\u00f3lnie makaron\u00f3w. W ka\u017cdym wydaniu smakuje wspaniale i jest bogatym \u017ar\u00f3d\u0142em dobrych t\u0142uszczy Omega.","og_url":"https:\/\/limpol.pl\/uk\/\u043f\u0440\u043e\u0434\u0443\u043a\u0442\u0438\/\u0442\u0443\u043d\u0435\u0446\u044c-\u0448\u043c\u0430\u0442\u043e\u0447\u043a\u0430\u043c\u0438-\u0443-\u0432\u043b\u0430\u0441\u043d\u043e\u043c\u0443-\u0441\u043e\u0443\u0441\u0456\/","og_site_name":"Limpol - Dystrybutor produkt\u00f3w spo\u017cywczych | Import Eksport","article_publisher":"https:\/\/www.facebook.com\/firmalimpol\/","article_modified_time":"2023-01-25T15:36:17+00:00","og_image":[{"width":1000,"height":1000,"url":"https:\/\/limpol.pl\/wp-content\/uploads\/2019\/03\/VERA-2022-wiz-tunczyk-sos-wlasny-170-niebieski-CIEN.jpg","type":"image\/jpeg"}],"twitter_card":"summary_large_image","twitter_misc":{"\u041f\u0440\u0438\u0431\u043b. \u0447\u0430\u0441 \u0447\u0438\u0442\u0430\u043d\u043d\u044f":"1 \u0445\u0432\u0438\u043b\u0438\u043d\u0430"},"schema":{"@context":"https:\/\/schema.org","@graph":[{"@type":"WebPage","@id":"https:\/\/limpol.pl\/produkty\/tunczyk-w-kawalkach-w-sosie-wlasnym\/","url":"https:\/\/limpol.pl\/produkty\/tunczyk-w-kawalkach-w-sosie-wlasnym\/","name":"\u0422\u0443\u043d\u0435\u0446\u044c \u0448\u043c\u0430\u0442\u043e\u0447\u043a\u0430\u043c\u0438 \u0443 \u0432\u043b\u0430\u0441\u043d\u043e\u043c\u0443 \u0441\u043e\u0443\u0441\u0456 - Limpol - \u0414\u0438\u0441\u0442\u0440\u0438\u0431'\u044e\u0442\u043e\u0440 \u043f\u0440\u043e\u0434\u0443\u043a\u0442\u0456\u0432 \u0445\u0430\u0440\u0447\u0443\u0432\u0430\u043d\u043d\u044f | \u0406\u043c\u043f\u043e\u0440\u0442 \u0415\u043a\u0441\u043f\u043e\u0440\u0442","isPartOf":{"@id":"https:\/\/limpol.pl\/#website"},"primaryImageOfPage":{"@id":"https:\/\/limpol.pl\/produkty\/tunczyk-w-kawalkach-w-sosie-wlasnym\/#primaryimage"},"image":{"@id":"https:\/\/limpol.pl\/produkty\/tunczyk-w-kawalkach-w-sosie-wlasnym\/#primaryimage"},"thumbnailUrl":"https:\/\/limpol.pl\/wp-content\/uploads\/2019\/03\/VERA-2022-wiz-tunczyk-sos-wlasny-170-niebieski-CIEN.jpg","datePublished":"2019-03-05T16:27:07+00:00","dateModified":"2023-01-25T15:36:17+00:00","breadcrumb":{"@id":"https:\/\/limpol.pl\/produkty\/tunczyk-w-kawalkach-w-sosie-wlasnym\/#breadcrumb"},"inLanguage":"uk","potentialAction":[{"@type":"ReadAction","target":["https:\/\/limpol.pl\/produkty\/tunczyk-w-kawalkach-w-sosie-wlasnym\/"]}]},{"@type":"ImageObject","inLanguage":"uk","@id":"https:\/\/limpol.pl\/produkty\/tunczyk-w-kawalkach-w-sosie-wlasnym\/#primaryimage","url":"https:\/\/limpol.pl\/wp-content\/uploads\/2019\/03\/VERA-2022-wiz-tunczyk-sos-wlasny-170-niebieski-CIEN.jpg","contentUrl":"https:\/\/limpol.pl\/wp-content\/uploads\/2019\/03\/VERA-2022-wiz-tunczyk-sos-wlasny-170-niebieski-CIEN.jpg","width":1000,"height":1000},{"@type":"BreadcrumbList","@id":"https:\/\/limpol.pl\/produkty\/tunczyk-w-kawalkach-w-sosie-wlasnym\/#breadcrumb","itemListElement":[{"@type":"ListItem","position":1,"name":"Strona g\u0142\u00f3wna","item":"https:\/\/limpol.pl\/"},{"@type":"ListItem","position":2,"name":"Produkty","item":"https:\/\/limpol.pl\/shop\/"},{"@type":"ListItem","position":3,"name":"Tu\u0144czyk w kawa\u0142kach w sosie w\u0142asnym"}]},{"@type":"WebSite","@id":"https:\/\/limpol.pl\/#website","url":"https:\/\/limpol.pl\/","name":"Limpol - \u0414\u0438\u0441\u0442\u0440\u0438\u0431'\u044e\u0442\u043e\u0440 \u043f\u0440\u043e\u0434\u0443\u043a\u0442\u0456\u0432 \u0445\u0430\u0440\u0447\u0443\u0432\u0430\u043d\u043d\u044f | \u0406\u043c\u043f\u043e\u0440\u0442 \u0415\u043a\u0441\u043f\u043e\u0440\u0442","description":"\u0406\u043c\u043f\u043e\u0440\u0442\u0435\u0440 \u0442\u0430 \u0435\u043a\u0441\u043f\u043e\u0440\u0442\u0435\u0440 \u043f\u0440\u043e\u0434\u0443\u043a\u0442\u0456\u0432 \u0445\u0430\u0440\u0447\u0443\u0432\u0430\u043d\u043d\u044f","potentialAction":[{"@type":"SearchAction","target":{"@type":"EntryPoint","urlTemplate":"https:\/\/limpol.pl\/?s={search_term_string}"},"query-input":{"@type":"PropertyValueSpecification","valueRequired":true,"valueName":"search_term_string"}}],"inLanguage":"uk"}]}},"_links":{"self":[{"href":"https:\/\/limpol.pl\/uk\/wp-json\/wp\/v2\/product\/1956","targetHints":{"allow":["GET"]}}],"collection":[{"href":"https:\/\/limpol.pl\/uk\/wp-json\/wp\/v2\/product"}],"about":[{"href":"https:\/\/limpol.pl\/uk\/wp-json\/wp\/v2\/types\/product"}],"wp:featuredmedia":[{"embeddable":true,"href":"https:\/\/limpol.pl\/uk\/wp-json\/wp\/v2\/media\/5601"}],"wp:attachment":[{"href":"https:\/\/limpol.pl\/uk\/wp-json\/wp\/v2\/media?parent=1956"}],"wp:term":[{"taxonomy":"product_brand","embeddable":true,"href":"https:\/\/limpol.pl\/uk\/wp-json\/wp\/v2\/product_brand?post=1956"},{"taxonomy":"product_cat","embeddable":true,"href":"https:\/\/limpol.pl\/uk\/wp-json\/wp\/v2\/product_cat?post=1956"},{"taxonomy":"product_tag","embeddable":true,"href":"https:\/\/limpol.pl\/uk\/wp-json\/wp\/v2\/product_tag?post=1956"}],"curies":[{"name":"wp","href":"https:\/\/api.w.org\/{rel}","templated":true}]}}