{"id":3568,"date":"2020-02-14T10:35:31","date_gmt":"2020-02-14T09:35:31","guid":{"rendered":"https:\/\/limpol.pl\/?post_type=product&#038;p=3568"},"modified":"2023-01-25T14:25:12","modified_gmt":"2023-01-25T13:25:12","slug":"\u043a\u043e\u043d\u0441\u0435\u0440\u0432\u043e\u0432\u0430\u043d\u0456-\u043e\u0433\u0456\u0440\u043a\u0438-4000\u0433","status":"publish","type":"product","link":"https:\/\/limpol.pl\/uk\/\u043f\u0440\u043e\u0434\u0443\u043a\u0442\u0438\/\u043a\u043e\u043d\u0441\u0435\u0440\u0432\u043e\u0432\u0430\u043d\u0456-\u043e\u0433\u0456\u0440\u043a\u0438-4000\u0433\/","title":{"rendered":"\u041a\u043e\u043d\u0441\u0435\u0440\u0432\u043e\u0432\u0430\u043d\u0456 \u043e\u0433\u0456\u0440\u043a\u0438"},"content":{"rendered":"<p>\u0421\u043e\u043b\u043e\u043d\u0456 \u043e\u0433\u0456\u0440\u043a\u0438 - \u0446\u0435 \u043f\u043e\u0434\u0440\u0456\u0431\u043d\u0435\u043d\u0456 \u043e\u0433\u0456\u0440\u043a\u0438, \u043c\u0430\u0440\u0438\u043d\u043e\u0432\u0430\u043d\u0456 \u0432 \u043e\u0446\u0442\u0456 \u0437\u0456 \u0441\u043f\u0435\u0446\u0456\u044f\u043c\u0438, \u0449\u043e \u043f\u043e\u0445\u043e\u0434\u044f\u0442\u044c \u0437 \u041f\u043e\u043b\u044c\u0449\u0456. \u0412\u043e\u043d\u0438 \u0454 \u043f\u043e\u0441\u0442\u0456\u0439\u043d\u0438\u043c \u0430\u0442\u0440\u0438\u0431\u0443\u0442\u043e\u043c \u043f\u043e\u043b\u044c\u0441\u044c\u043a\u043e\u0457 \u043a\u0443\u0445\u043d\u0456. \u0425\u0440\u0443\u0441\u0442\u043a\u0456 \u0442\u0430 \u0441\u043e\u043a\u043e\u0432\u0438\u0442\u0456, \u0432\u043e\u043d\u0438 \u0456\u0434\u0435\u0430\u043b\u044c\u043d\u043e \u043f\u0456\u0434\u0445\u043e\u0434\u044f\u0442\u044c \u0434\u043b\u044f \u0431\u0443\u0434\u044c-\u044f\u043a\u043e\u0433\u043e \u043a\u0443\u043b\u0456\u043d\u0430\u0440\u043d\u043e\u0433\u043e \u0432\u0438\u043f\u0430\u0434\u043a\u0443. \u0412\u043e\u043d\u0438 \u0447\u0443\u0434\u043e\u0432\u043e \u043f\u043e\u0454\u0434\u043d\u0443\u044e\u0442\u044c\u0441\u044f \u0437 \u0441\u0430\u043b\u0430\u0442\u0430\u043c\u0438 \u0442\u0430 \u0431\u0443\u0442\u0435\u0440\u0431\u0440\u043e\u0434\u0430\u043c\u0438, \u0430 \u0442\u0430\u043a\u043e\u0436 \u0454 \u043a\u043b\u0430\u0441\u0438\u0447\u043d\u0438\u043c \u0434\u043e\u043f\u043e\u0432\u043d\u0435\u043d\u043d\u044f\u043c \u0434\u043e \u0445\u043e\u043b\u043e\u0434\u043d\u0438\u0445 \u0441\u0442\u0440\u0430\u0432 \u0456 \u043c'\u044f\u0441\u0430. \u0422\u0435\u043f\u0435\u0440 \u0443 \u0432\u0435\u043b\u0438\u043a\u0456\u0439 \u0435\u043a\u043e\u043d\u043e\u043c\u0456\u0447\u043d\u0456\u0439 \u0431\u0430\u043d\u0446\u0456, \u043f\u0440\u0438\u0437\u043d\u0430\u0447\u0435\u043d\u0456\u0439 \u0434\u043b\u044f \u043a\u0435\u0439\u0442\u0435\u0440\u0438\u043d\u0433\u0443.<\/p>","protected":false},"excerpt":{"rendered":"<p>\u0421\u043e\u043b\u043e\u043d\u0456 \u043e\u0433\u0456\u0440\u043a\u0438 - \u0446\u0435 \u043f\u043e\u0434\u0440\u0456\u0431\u043d\u0435\u043d\u0456 \u043e\u0433\u0456\u0440\u043a\u0438, \u043c\u0430\u0440\u0438\u043d\u043e\u0432\u0430\u043d\u0456 \u0432 \u043e\u0446\u0442\u0456 \u0437\u0456 \u0441\u043f\u0435\u0446\u0456\u044f\u043c\u0438, \u0449\u043e \u043f\u043e\u0445\u043e\u0434\u044f\u0442\u044c \u0437 \u041f\u043e\u043b\u044c\u0449\u0456. \u0412\u043e\u043d\u0438 \u0454 \u043f\u043e\u0441\u0442\u0456\u0439\u043d\u0438\u043c \u0430\u0442\u0440\u0438\u0431\u0443\u0442\u043e\u043c \u043f\u043e\u043b\u044c\u0441\u044c\u043a\u043e\u0457 \u043a\u0443\u0445\u043d\u0456. \u0425\u0440\u0443\u0441\u0442\u043a\u0456 \u0442\u0430 \u0441\u043e\u043a\u043e\u0432\u0438\u0442\u0456, \u0432\u043e\u043d\u0438 \u0456\u0434\u0435\u0430\u043b\u044c\u043d\u043e \u043f\u0456\u0434\u0445\u043e\u0434\u044f\u0442\u044c \u0434\u043b\u044f \u0431\u0443\u0434\u044c-\u044f\u043a\u043e\u0433\u043e \u043a\u0443\u043b\u0456\u043d\u0430\u0440\u043d\u043e\u0433\u043e \u0432\u0438\u043f\u0430\u0434\u043a\u0443. \u0412\u043e\u043d\u0438 \u0447\u0443\u0434\u043e\u0432\u043e \u043f\u043e\u0454\u0434\u043d\u0443\u044e\u0442\u044c\u0441\u044f \u0437 \u0441\u0430\u043b\u0430\u0442\u0430\u043c\u0438 \u0442\u0430 \u0431\u0443\u0442\u0435\u0440\u0431\u0440\u043e\u0434\u0430\u043c\u0438, \u0430 \u0442\u0430\u043a\u043e\u0436 \u0454 \u043a\u043b\u0430\u0441\u0438\u0447\u043d\u0438\u043c \u0434\u043e\u043f\u043e\u0432\u043d\u0435\u043d\u043d\u044f\u043c \u0434\u043e \u0445\u043e\u043b\u043e\u0434\u043d\u0438\u0445 \u0441\u0442\u0440\u0430\u0432 \u0456 \u043c'\u044f\u0441\u0430. \u0422\u0435\u043f\u0435\u0440 \u0443 \u0432\u0435\u043b\u0438\u043a\u0456\u0439 \u0435\u043a\u043e\u043d\u043e\u043c\u0456\u0447\u043d\u0456\u0439 \u0431\u0430\u043d\u0446\u0456, \u043f\u0440\u0438\u0437\u043d\u0430\u0447\u0435\u043d\u0456\u0439 \u0434\u043b\u044f \u043a\u0435\u0439\u0442\u0435\u0440\u0438\u043d\u0433\u0443.<\/p>","protected":false},"featured_media":5481,"template":"","meta":[],"product_brand":[],"product_cat":[263],"product_tag":[],"class_list":{"0":"post-3568","1":"product","2":"type-product","3":"status-publish","4":"has-post-thumbnail","6":"product_cat-przetwory-warzywne","7":"pa_ilosc-sztuk-na-palecie-790","8":"pa_ilosc-sztuk-na-warstwie-789","9":"pa_masa-netto-4000g","10":"pa_sztuk-w-kartonie-788","12":"first","13":"instock","14":"shipping-taxable","15":"product-type-simple"},"yoast_head":"<!-- This site is optimized with the Yoast SEO plugin v27.3 - https:\/\/yoast.com\/product\/yoast-seo-wordpress\/ -->\n<title>Og\u00f3rki konserwowe - Limpol - Dystrybutor produkt\u00f3w spo\u017cywczych | Import Eksport<\/title>\n<meta name=\"robots\" content=\"index, follow, max-snippet:-1, max-image-preview:large, max-video-preview:-1\" \/>\n<link rel=\"canonical\" href=\"https:\/\/limpol.pl\/uk\/\u043f\u0440\u043e\u0434\u0443\u043a\u0442\u0438\/\u043a\u043e\u043d\u0441\u0435\u0440\u0432\u043e\u0432\u0430\u043d\u0456-\u043e\u0433\u0456\u0440\u043a\u0438-4000\u0433\/\" \/>\n<meta property=\"og:locale\" content=\"uk_UA\" \/>\n<meta property=\"og:type\" content=\"article\" \/>\n<meta property=\"og:title\" content=\"Og\u00f3rki konserwowe - Limpol - Dystrybutor produkt\u00f3w spo\u017cywczych | Import Eksport\" \/>\n<meta property=\"og:description\" content=\"Og\u00f3rki konserwowe to marynowane w occie z dodatkiem przypraw, pochodz\u0105ce z polskich upraw og\u00f3rki gruntowe. S\u0105 sta\u0142ym elementem w kuchni polskiej. Kruche i soczyste sprawdz\u0105 si\u0119 w ka\u017cdym kulinarnym wydaniu. Doskonale pasuj\u0105 zar\u00f3wno do sa\u0142atek i kanapek, ale r\u00f3wnie\u017c jako klasyczny dodatek do w\u0119dlin i mi\u0119s. Teraz w du\u017cym ekonomicznym s\u0142oiku dedykowanym gastronomii.\" \/>\n<meta property=\"og:url\" content=\"https:\/\/limpol.pl\/uk\/\u043f\u0440\u043e\u0434\u0443\u043a\u0442\u0438\/\u043a\u043e\u043d\u0441\u0435\u0440\u0432\u043e\u0432\u0430\u043d\u0456-\u043e\u0433\u0456\u0440\u043a\u0438-4000\u0433\/\" \/>\n<meta property=\"og:site_name\" content=\"Limpol - Dystrybutor produkt\u00f3w spo\u017cywczych | Import Eksport\" \/>\n<meta property=\"article:publisher\" content=\"https:\/\/www.facebook.com\/firmalimpol\/\" \/>\n<meta property=\"article:modified_time\" content=\"2023-01-25T13:25:12+00:00\" \/>\n<meta property=\"og:image\" content=\"https:\/\/limpol.pl\/wp-content\/uploads\/2019\/03\/ogorki-konserwowe-4000-CIEN.jpg\" \/>\n\t<meta property=\"og:image:width\" content=\"1000\" \/>\n\t<meta property=\"og:image:height\" content=\"1000\" \/>\n\t<meta property=\"og:image:type\" content=\"image\/jpeg\" \/>\n<meta name=\"twitter:card\" content=\"summary_large_image\" \/>\n<meta name=\"twitter:label1\" content=\"\u041f\u0440\u0438\u0431\u043b. \u0447\u0430\u0441 \u0447\u0438\u0442\u0430\u043d\u043d\u044f\" \/>\n\t<meta name=\"twitter:data1\" content=\"1 \u0445\u0432\u0438\u043b\u0438\u043d\u0430\" \/>\n<script type=\"application\/ld+json\" class=\"yoast-schema-graph\">{\"@context\":\"https:\\\/\\\/schema.org\",\"@graph\":[{\"@type\":\"WebPage\",\"@id\":\"https:\\\/\\\/limpol.pl\\\/produkty\\\/ogorki-konserwowe-4000g\\\/\",\"url\":\"https:\\\/\\\/limpol.pl\\\/produkty\\\/ogorki-konserwowe-4000g\\\/\",\"name\":\"Og\u00f3rki konserwowe - Limpol - Dystrybutor produkt\u00f3w spo\u017cywczych | Import Eksport\",\"isPartOf\":{\"@id\":\"https:\\\/\\\/limpol.pl\\\/#website\"},\"primaryImageOfPage\":{\"@id\":\"https:\\\/\\\/limpol.pl\\\/produkty\\\/ogorki-konserwowe-4000g\\\/#primaryimage\"},\"image\":{\"@id\":\"https:\\\/\\\/limpol.pl\\\/produkty\\\/ogorki-konserwowe-4000g\\\/#primaryimage\"},\"thumbnailUrl\":\"https:\\\/\\\/limpol.pl\\\/wp-content\\\/uploads\\\/2019\\\/03\\\/ogorki-konserwowe-4000-CIEN.jpg\",\"datePublished\":\"2020-02-14T09:35:31+00:00\",\"dateModified\":\"2023-01-25T13:25:12+00:00\",\"breadcrumb\":{\"@id\":\"https:\\\/\\\/limpol.pl\\\/produkty\\\/ogorki-konserwowe-4000g\\\/#breadcrumb\"},\"inLanguage\":\"uk\",\"potentialAction\":[{\"@type\":\"ReadAction\",\"target\":[\"https:\\\/\\\/limpol.pl\\\/produkty\\\/ogorki-konserwowe-4000g\\\/\"]}]},{\"@type\":\"ImageObject\",\"inLanguage\":\"uk\",\"@id\":\"https:\\\/\\\/limpol.pl\\\/produkty\\\/ogorki-konserwowe-4000g\\\/#primaryimage\",\"url\":\"https:\\\/\\\/limpol.pl\\\/wp-content\\\/uploads\\\/2019\\\/03\\\/ogorki-konserwowe-4000-CIEN.jpg\",\"contentUrl\":\"https:\\\/\\\/limpol.pl\\\/wp-content\\\/uploads\\\/2019\\\/03\\\/ogorki-konserwowe-4000-CIEN.jpg\",\"width\":1000,\"height\":1000},{\"@type\":\"BreadcrumbList\",\"@id\":\"https:\\\/\\\/limpol.pl\\\/produkty\\\/ogorki-konserwowe-4000g\\\/#breadcrumb\",\"itemListElement\":[{\"@type\":\"ListItem\",\"position\":1,\"name\":\"Strona g\u0142\u00f3wna\",\"item\":\"https:\\\/\\\/limpol.pl\\\/\"},{\"@type\":\"ListItem\",\"position\":2,\"name\":\"Produkty\",\"item\":\"https:\\\/\\\/limpol.pl\\\/shop\\\/\"},{\"@type\":\"ListItem\",\"position\":3,\"name\":\"Og\u00f3rki konserwowe\"}]},{\"@type\":\"WebSite\",\"@id\":\"https:\\\/\\\/limpol.pl\\\/#website\",\"url\":\"https:\\\/\\\/limpol.pl\\\/\",\"name\":\"Limpol - Dystrybutor produkt\u00f3w spo\u017cywczych | Import Eksport\",\"description\":\"Importer i eksporter produkt\u00f3w spo\u017cywczych\",\"potentialAction\":[{\"@type\":\"SearchAction\",\"target\":{\"@type\":\"EntryPoint\",\"urlTemplate\":\"https:\\\/\\\/limpol.pl\\\/?s={search_term_string}\"},\"query-input\":{\"@type\":\"PropertyValueSpecification\",\"valueRequired\":true,\"valueName\":\"search_term_string\"}}],\"inLanguage\":\"uk\"}]}<\/script>\n<!-- \/ Yoast SEO plugin. -->","yoast_head_json":{"title":"\u041e\u0433\u0456\u0440\u043a\u0438 \u043a\u043e\u043d\u0441\u0435\u0440\u0432\u043e\u0432\u0430\u043d\u0456 - \u041b\u0456\u043c\u043f\u043e\u043b - \u0414\u0438\u0441\u0442\u0440\u0438\u0431'\u044e\u0442\u043e\u0440 \u043f\u0440\u043e\u0434\u0443\u043a\u0442\u0456\u0432 \u0445\u0430\u0440\u0447\u0443\u0432\u0430\u043d\u043d\u044f | \u0406\u043c\u043f\u043e\u0440\u0442 \u0415\u043a\u0441\u043f\u043e\u0440\u0442","robots":{"index":"index","follow":"follow","max-snippet":"max-snippet:-1","max-image-preview":"max-image-preview:large","max-video-preview":"max-video-preview:-1"},"canonical":"https:\/\/limpol.pl\/uk\/\u043f\u0440\u043e\u0434\u0443\u043a\u0442\u0438\/\u043a\u043e\u043d\u0441\u0435\u0440\u0432\u043e\u0432\u0430\u043d\u0456-\u043e\u0433\u0456\u0440\u043a\u0438-4000\u0433\/","og_locale":"uk_UA","og_type":"article","og_title":"Og\u00f3rki konserwowe - Limpol - Dystrybutor produkt\u00f3w spo\u017cywczych | Import Eksport","og_description":"Og\u00f3rki konserwowe to marynowane w occie z dodatkiem przypraw, pochodz\u0105ce z polskich upraw og\u00f3rki gruntowe. S\u0105 sta\u0142ym elementem w kuchni polskiej. Kruche i soczyste sprawdz\u0105 si\u0119 w ka\u017cdym kulinarnym wydaniu. Doskonale pasuj\u0105 zar\u00f3wno do sa\u0142atek i kanapek, ale r\u00f3wnie\u017c jako klasyczny dodatek do w\u0119dlin i mi\u0119s. Teraz w du\u017cym ekonomicznym s\u0142oiku dedykowanym gastronomii.","og_url":"https:\/\/limpol.pl\/uk\/\u043f\u0440\u043e\u0434\u0443\u043a\u0442\u0438\/\u043a\u043e\u043d\u0441\u0435\u0440\u0432\u043e\u0432\u0430\u043d\u0456-\u043e\u0433\u0456\u0440\u043a\u0438-4000\u0433\/","og_site_name":"Limpol - Dystrybutor produkt\u00f3w spo\u017cywczych | Import Eksport","article_publisher":"https:\/\/www.facebook.com\/firmalimpol\/","article_modified_time":"2023-01-25T13:25:12+00:00","og_image":[{"width":1000,"height":1000,"url":"https:\/\/limpol.pl\/wp-content\/uploads\/2019\/03\/ogorki-konserwowe-4000-CIEN.jpg","type":"image\/jpeg"}],"twitter_card":"summary_large_image","twitter_misc":{"\u041f\u0440\u0438\u0431\u043b. \u0447\u0430\u0441 \u0447\u0438\u0442\u0430\u043d\u043d\u044f":"1 \u0445\u0432\u0438\u043b\u0438\u043d\u0430"},"schema":{"@context":"https:\/\/schema.org","@graph":[{"@type":"WebPage","@id":"https:\/\/limpol.pl\/produkty\/ogorki-konserwowe-4000g\/","url":"https:\/\/limpol.pl\/produkty\/ogorki-konserwowe-4000g\/","name":"\u041e\u0433\u0456\u0440\u043a\u0438 \u043a\u043e\u043d\u0441\u0435\u0440\u0432\u043e\u0432\u0430\u043d\u0456 - \u041b\u0456\u043c\u043f\u043e\u043b - \u0414\u0438\u0441\u0442\u0440\u0438\u0431'\u044e\u0442\u043e\u0440 \u043f\u0440\u043e\u0434\u0443\u043a\u0442\u0456\u0432 \u0445\u0430\u0440\u0447\u0443\u0432\u0430\u043d\u043d\u044f | \u0406\u043c\u043f\u043e\u0440\u0442 \u0415\u043a\u0441\u043f\u043e\u0440\u0442","isPartOf":{"@id":"https:\/\/limpol.pl\/#website"},"primaryImageOfPage":{"@id":"https:\/\/limpol.pl\/produkty\/ogorki-konserwowe-4000g\/#primaryimage"},"image":{"@id":"https:\/\/limpol.pl\/produkty\/ogorki-konserwowe-4000g\/#primaryimage"},"thumbnailUrl":"https:\/\/limpol.pl\/wp-content\/uploads\/2019\/03\/ogorki-konserwowe-4000-CIEN.jpg","datePublished":"2020-02-14T09:35:31+00:00","dateModified":"2023-01-25T13:25:12+00:00","breadcrumb":{"@id":"https:\/\/limpol.pl\/produkty\/ogorki-konserwowe-4000g\/#breadcrumb"},"inLanguage":"uk","potentialAction":[{"@type":"ReadAction","target":["https:\/\/limpol.pl\/produkty\/ogorki-konserwowe-4000g\/"]}]},{"@type":"ImageObject","inLanguage":"uk","@id":"https:\/\/limpol.pl\/produkty\/ogorki-konserwowe-4000g\/#primaryimage","url":"https:\/\/limpol.pl\/wp-content\/uploads\/2019\/03\/ogorki-konserwowe-4000-CIEN.jpg","contentUrl":"https:\/\/limpol.pl\/wp-content\/uploads\/2019\/03\/ogorki-konserwowe-4000-CIEN.jpg","width":1000,"height":1000},{"@type":"BreadcrumbList","@id":"https:\/\/limpol.pl\/produkty\/ogorki-konserwowe-4000g\/#breadcrumb","itemListElement":[{"@type":"ListItem","position":1,"name":"Strona g\u0142\u00f3wna","item":"https:\/\/limpol.pl\/"},{"@type":"ListItem","position":2,"name":"Produkty","item":"https:\/\/limpol.pl\/shop\/"},{"@type":"ListItem","position":3,"name":"Og\u00f3rki konserwowe"}]},{"@type":"WebSite","@id":"https:\/\/limpol.pl\/#website","url":"https:\/\/limpol.pl\/","name":"Limpol - \u0414\u0438\u0441\u0442\u0440\u0438\u0431'\u044e\u0442\u043e\u0440 \u043f\u0440\u043e\u0434\u0443\u043a\u0442\u0456\u0432 \u0445\u0430\u0440\u0447\u0443\u0432\u0430\u043d\u043d\u044f | \u0406\u043c\u043f\u043e\u0440\u0442 \u0415\u043a\u0441\u043f\u043e\u0440\u0442","description":"\u0406\u043c\u043f\u043e\u0440\u0442\u0435\u0440 \u0442\u0430 \u0435\u043a\u0441\u043f\u043e\u0440\u0442\u0435\u0440 \u043f\u0440\u043e\u0434\u0443\u043a\u0442\u0456\u0432 \u0445\u0430\u0440\u0447\u0443\u0432\u0430\u043d\u043d\u044f","potentialAction":[{"@type":"SearchAction","target":{"@type":"EntryPoint","urlTemplate":"https:\/\/limpol.pl\/?s={search_term_string}"},"query-input":{"@type":"PropertyValueSpecification","valueRequired":true,"valueName":"search_term_string"}}],"inLanguage":"uk"}]}},"_links":{"self":[{"href":"https:\/\/limpol.pl\/uk\/wp-json\/wp\/v2\/product\/3568","targetHints":{"allow":["GET"]}}],"collection":[{"href":"https:\/\/limpol.pl\/uk\/wp-json\/wp\/v2\/product"}],"about":[{"href":"https:\/\/limpol.pl\/uk\/wp-json\/wp\/v2\/types\/product"}],"wp:featuredmedia":[{"embeddable":true,"href":"https:\/\/limpol.pl\/uk\/wp-json\/wp\/v2\/media\/5481"}],"wp:attachment":[{"href":"https:\/\/limpol.pl\/uk\/wp-json\/wp\/v2\/media?parent=3568"}],"wp:term":[{"taxonomy":"product_brand","embeddable":true,"href":"https:\/\/limpol.pl\/uk\/wp-json\/wp\/v2\/product_brand?post=3568"},{"taxonomy":"product_cat","embeddable":true,"href":"https:\/\/limpol.pl\/uk\/wp-json\/wp\/v2\/product_cat?post=3568"},{"taxonomy":"product_tag","embeddable":true,"href":"https:\/\/limpol.pl\/uk\/wp-json\/wp\/v2\/product_tag?post=3568"}],"curies":[{"name":"wp","href":"https:\/\/api.w.org\/{rel}","templated":true}]}}