{"id":3647,"date":"2020-03-06T15:44:39","date_gmt":"2020-03-06T14:44:39","guid":{"rendered":"https:\/\/limpol.pl\/?post_type=product&#038;p=3647"},"modified":"2023-04-05T15:56:17","modified_gmt":"2023-04-05T13:56:17","slug":"\u043c\u0430\u0440\u0438\u043d\u043e\u0432\u0430\u043d\u0456-\u0433\u0440\u0438\u0431\u0438","status":"publish","type":"product","link":"https:\/\/limpol.pl\/uk\/\u043f\u0440\u043e\u0434\u0443\u043a\u0442\u0438\/\u043c\u0430\u0440\u0438\u043d\u043e\u0432\u0430\u043d\u0456-\u0433\u0440\u0438\u0431\u0438\/","title":{"rendered":"\u041c\u0430\u0440\u0438\u043d\u043e\u0432\u0430\u043d\u0456 \u0433\u0440\u0438\u0431\u0438"},"content":{"rendered":"<p>\u041c\u0430\u0440\u0438\u043d\u043e\u0432\u0430\u043d\u0456 \u0433\u0440\u0438\u0431\u0438 - \u0446\u0435 \u0440\u0435\u0442\u0435\u043b\u044c\u043d\u043e \u0432\u0456\u0434\u0456\u0431\u0440\u0430\u043d\u0456 \u043c\u0430\u043b\u0435\u043d\u044c\u043a\u0456 \u0433\u0440\u0438\u0431\u043e\u0447\u043a\u0438 \u0432 \u0430\u0440\u043e\u043c\u0430\u0442\u043d\u043e\u043c\u0443 \u043c\u0430\u0440\u0438\u043d\u0430\u0434\u0456. \u0425\u0440\u0443\u0441\u0442\u043a\u0456 \u0442\u0430 \u043d\u0430\u0441\u0438\u0447\u0435\u043d\u0456 \u043d\u0430 \u0441\u043c\u0430\u043a, \u0432\u043e\u043d\u0438 \u0454 \u0446\u0456\u043d\u043d\u0438\u043c \u0456\u043d\u0433\u0440\u0435\u0434\u0456\u0454\u043d\u0442\u043e\u043c \u0431\u0430\u0433\u0430\u0442\u044c\u043e\u0445 \u0442\u0440\u0430\u0434\u0438\u0446\u0456\u0439\u043d\u0438\u0445 \u043f\u043e\u043b\u044c\u0441\u044c\u043a\u0438\u0445 \u0441\u0442\u0440\u0430\u0432. \u0412\u043e\u043d\u0438 \u0434\u043e\u0434\u0430\u044e\u0442\u044c \u0445\u0430\u0440\u0430\u043a\u0442\u0435\u0440\u043d\u043e\u0433\u043e \u043a\u0438\u0441\u043b\u043e-\u0441\u043e\u043b\u043e\u0434\u043a\u043e\u0433\u043e \u0432\u0456\u0434\u0442\u0456\u043d\u043a\u0443 \u043c\u0430\u0439\u043e\u043d\u0435\u0437\u043d\u0438\u043c \u0441\u0430\u043b\u0430\u0442\u0430\u043c, \u0433\u0443\u0441\u0442\u0438\u043c \u0441\u043e\u0443\u0441\u0430\u043c, \u043c'\u044f\u0441\u043d\u0438\u043c \u0440\u0430\u0433\u0443 \u0442\u0430 \u043e\u0432\u043e\u0447\u0435\u0432\u0438\u043c \u043a\u043e\u043c\u043f\u043e\u0437\u0438\u0446\u0456\u044f\u043c.<\/p>","protected":false},"excerpt":{"rendered":"<p>\u041c\u0430\u0440\u0438\u043d\u043e\u0432\u0430\u043d\u0456 \u0433\u0440\u0438\u0431\u0438 - \u0446\u0435 \u0440\u0435\u0442\u0435\u043b\u044c\u043d\u043e \u0432\u0456\u0434\u0456\u0431\u0440\u0430\u043d\u0456 \u043c\u0430\u043b\u0435\u043d\u044c\u043a\u0456 \u0433\u0440\u0438\u0431\u043e\u0447\u043a\u0438 \u0432 \u0430\u0440\u043e\u043c\u0430\u0442\u043d\u043e\u043c\u0443 \u043c\u0430\u0440\u0438\u043d\u0430\u0434\u0456. \u0425\u0440\u0443\u0441\u0442\u043a\u0456 \u0442\u0430 \u043d\u0430\u0441\u0438\u0447\u0435\u043d\u0456 \u043d\u0430 \u0441\u043c\u0430\u043a, \u0432\u043e\u043d\u0438 \u0454 \u0446\u0456\u043d\u043d\u0438\u043c \u0456\u043d\u0433\u0440\u0435\u0434\u0456\u0454\u043d\u0442\u043e\u043c \u0431\u0430\u0433\u0430\u0442\u044c\u043e\u0445 \u0442\u0440\u0430\u0434\u0438\u0446\u0456\u0439\u043d\u0438\u0445 \u043f\u043e\u043b\u044c\u0441\u044c\u043a\u0438\u0445 \u0441\u0442\u0440\u0430\u0432. \u0412\u043e\u043d\u0438 \u0434\u043e\u0434\u0430\u044e\u0442\u044c \u0445\u0430\u0440\u0430\u043a\u0442\u0435\u0440\u043d\u043e\u0433\u043e \u043a\u0438\u0441\u043b\u043e-\u0441\u043e\u043b\u043e\u0434\u043a\u043e\u0433\u043e \u0432\u0456\u0434\u0442\u0456\u043d\u043a\u0443 \u043c\u0430\u0439\u043e\u043d\u0435\u0437\u043d\u0438\u043c \u0441\u0430\u043b\u0430\u0442\u0430\u043c, \u0433\u0443\u0441\u0442\u0438\u043c \u0441\u043e\u0443\u0441\u0430\u043c, \u043c'\u044f\u0441\u043d\u0438\u043c \u0440\u0430\u0433\u0443 \u0442\u0430 \u043e\u0432\u043e\u0447\u0435\u0432\u0438\u043c \u043a\u043e\u043c\u043f\u043e\u0437\u0438\u0446\u0456\u044f\u043c.<\/p>","protected":false},"featured_media":5550,"template":"","meta":[],"product_brand":[],"product_cat":[263],"product_tag":[],"class_list":{"0":"post-3647","1":"product","2":"type-product","3":"status-publish","4":"has-post-thumbnail","6":"product_cat-przetwory-warzywne","7":"pa_masa-netto-280g","9":"first","10":"instock","11":"shipping-taxable","12":"product-type-simple"},"yoast_head":"<!-- This site is optimized with the Yoast SEO plugin v27.3 - https:\/\/yoast.com\/product\/yoast-seo-wordpress\/ -->\n<title>Pieczarki marynowane - Limpol - Dystrybutor produkt\u00f3w spo\u017cywczych | Import Eksport<\/title>\n<meta name=\"robots\" content=\"index, follow, max-snippet:-1, max-image-preview:large, max-video-preview:-1\" \/>\n<link rel=\"canonical\" href=\"https:\/\/limpol.pl\/uk\/\u043f\u0440\u043e\u0434\u0443\u043a\u0442\u0438\/\u043c\u0430\u0440\u0438\u043d\u043e\u0432\u0430\u043d\u0456-\u0433\u0440\u0438\u0431\u0438\/\" \/>\n<meta property=\"og:locale\" content=\"uk_UA\" \/>\n<meta property=\"og:type\" content=\"article\" \/>\n<meta property=\"og:title\" content=\"Pieczarki marynowane - Limpol - Dystrybutor produkt\u00f3w spo\u017cywczych | Import Eksport\" \/>\n<meta property=\"og:description\" content=\"Pieczarki marynowane to starannie wyselekcjonowane drobne grzybki w aromatycznej zalewie. Chrupi\u0105ce i intensywne w smaku s\u0105 cenionym w kuchni polskiej sk\u0142adnikiem wielu tradycyjnych potraw. Sa\u0142atki majonezowe, g\u0119ste sosy, mi\u0119sne gulasze i warzywne kompozycje zyskuj\u0105 dzi\u0119ki nim charakterystyczny s\u0142odko &#8211; kwa\u015bny akcent.\" \/>\n<meta property=\"og:url\" content=\"https:\/\/limpol.pl\/uk\/\u043f\u0440\u043e\u0434\u0443\u043a\u0442\u0438\/\u043c\u0430\u0440\u0438\u043d\u043e\u0432\u0430\u043d\u0456-\u0433\u0440\u0438\u0431\u0438\/\" \/>\n<meta property=\"og:site_name\" content=\"Limpol - Dystrybutor produkt\u00f3w spo\u017cywczych | Import Eksport\" \/>\n<meta property=\"article:publisher\" content=\"https:\/\/www.facebook.com\/firmalimpol\/\" \/>\n<meta property=\"article:modified_time\" content=\"2023-04-05T13:56:17+00:00\" \/>\n<meta property=\"og:image\" content=\"https:\/\/limpol.pl\/wp-content\/uploads\/2020\/03\/VERA-2022-wiz-pieczarki-marynowane-skoik-280-CIEN.jpg\" \/>\n\t<meta property=\"og:image:width\" content=\"1000\" \/>\n\t<meta property=\"og:image:height\" content=\"1000\" \/>\n\t<meta property=\"og:image:type\" content=\"image\/jpeg\" \/>\n<meta name=\"twitter:card\" content=\"summary_large_image\" \/>\n<meta name=\"twitter:label1\" content=\"\u041f\u0440\u0438\u0431\u043b. \u0447\u0430\u0441 \u0447\u0438\u0442\u0430\u043d\u043d\u044f\" \/>\n\t<meta name=\"twitter:data1\" content=\"1 \u0445\u0432\u0438\u043b\u0438\u043d\u0430\" \/>\n<script type=\"application\/ld+json\" class=\"yoast-schema-graph\">{\"@context\":\"https:\\\/\\\/schema.org\",\"@graph\":[{\"@type\":\"WebPage\",\"@id\":\"https:\\\/\\\/limpol.pl\\\/produkty\\\/marynowane-pieczarki\\\/\",\"url\":\"https:\\\/\\\/limpol.pl\\\/produkty\\\/marynowane-pieczarki\\\/\",\"name\":\"Pieczarki marynowane - Limpol - Dystrybutor produkt\u00f3w spo\u017cywczych | Import Eksport\",\"isPartOf\":{\"@id\":\"https:\\\/\\\/limpol.pl\\\/#website\"},\"primaryImageOfPage\":{\"@id\":\"https:\\\/\\\/limpol.pl\\\/produkty\\\/marynowane-pieczarki\\\/#primaryimage\"},\"image\":{\"@id\":\"https:\\\/\\\/limpol.pl\\\/produkty\\\/marynowane-pieczarki\\\/#primaryimage\"},\"thumbnailUrl\":\"https:\\\/\\\/limpol.pl\\\/wp-content\\\/uploads\\\/2020\\\/03\\\/VERA-2022-wiz-pieczarki-marynowane-skoik-280-CIEN.jpg\",\"datePublished\":\"2020-03-06T14:44:39+00:00\",\"dateModified\":\"2023-04-05T13:56:17+00:00\",\"breadcrumb\":{\"@id\":\"https:\\\/\\\/limpol.pl\\\/produkty\\\/marynowane-pieczarki\\\/#breadcrumb\"},\"inLanguage\":\"uk\",\"potentialAction\":[{\"@type\":\"ReadAction\",\"target\":[\"https:\\\/\\\/limpol.pl\\\/produkty\\\/marynowane-pieczarki\\\/\"]}]},{\"@type\":\"ImageObject\",\"inLanguage\":\"uk\",\"@id\":\"https:\\\/\\\/limpol.pl\\\/produkty\\\/marynowane-pieczarki\\\/#primaryimage\",\"url\":\"https:\\\/\\\/limpol.pl\\\/wp-content\\\/uploads\\\/2020\\\/03\\\/VERA-2022-wiz-pieczarki-marynowane-skoik-280-CIEN.jpg\",\"contentUrl\":\"https:\\\/\\\/limpol.pl\\\/wp-content\\\/uploads\\\/2020\\\/03\\\/VERA-2022-wiz-pieczarki-marynowane-skoik-280-CIEN.jpg\",\"width\":1000,\"height\":1000},{\"@type\":\"BreadcrumbList\",\"@id\":\"https:\\\/\\\/limpol.pl\\\/produkty\\\/marynowane-pieczarki\\\/#breadcrumb\",\"itemListElement\":[{\"@type\":\"ListItem\",\"position\":1,\"name\":\"Strona g\u0142\u00f3wna\",\"item\":\"https:\\\/\\\/limpol.pl\\\/\"},{\"@type\":\"ListItem\",\"position\":2,\"name\":\"Produkty\",\"item\":\"https:\\\/\\\/limpol.pl\\\/shop\\\/\"},{\"@type\":\"ListItem\",\"position\":3,\"name\":\"Pieczarki marynowane\"}]},{\"@type\":\"WebSite\",\"@id\":\"https:\\\/\\\/limpol.pl\\\/#website\",\"url\":\"https:\\\/\\\/limpol.pl\\\/\",\"name\":\"Limpol - Dystrybutor produkt\u00f3w spo\u017cywczych | Import Eksport\",\"description\":\"Importer i eksporter produkt\u00f3w spo\u017cywczych\",\"potentialAction\":[{\"@type\":\"SearchAction\",\"target\":{\"@type\":\"EntryPoint\",\"urlTemplate\":\"https:\\\/\\\/limpol.pl\\\/?s={search_term_string}\"},\"query-input\":{\"@type\":\"PropertyValueSpecification\",\"valueRequired\":true,\"valueName\":\"search_term_string\"}}],\"inLanguage\":\"uk\"}]}<\/script>\n<!-- \/ Yoast SEO plugin. -->","yoast_head_json":{"title":"\u0413\u0440\u0438\u0431\u0438 \u043c\u0430\u0440\u0438\u043d\u043e\u0432\u0430\u043d\u0456 - Limpol - \u0414\u0438\u0441\u0442\u0440\u0438\u0431'\u044e\u0442\u043e\u0440 \u043f\u0440\u043e\u0434\u0443\u043a\u0442\u0456\u0432 \u0445\u0430\u0440\u0447\u0443\u0432\u0430\u043d\u043d\u044f | \u0406\u043c\u043f\u043e\u0440\u0442 \u0415\u043a\u0441\u043f\u043e\u0440\u0442","robots":{"index":"index","follow":"follow","max-snippet":"max-snippet:-1","max-image-preview":"max-image-preview:large","max-video-preview":"max-video-preview:-1"},"canonical":"https:\/\/limpol.pl\/uk\/\u043f\u0440\u043e\u0434\u0443\u043a\u0442\u0438\/\u043c\u0430\u0440\u0438\u043d\u043e\u0432\u0430\u043d\u0456-\u0433\u0440\u0438\u0431\u0438\/","og_locale":"uk_UA","og_type":"article","og_title":"Pieczarki marynowane - Limpol - Dystrybutor produkt\u00f3w spo\u017cywczych | Import Eksport","og_description":"Pieczarki marynowane to starannie wyselekcjonowane drobne grzybki w aromatycznej zalewie. Chrupi\u0105ce i intensywne w smaku s\u0105 cenionym w kuchni polskiej sk\u0142adnikiem wielu tradycyjnych potraw. Sa\u0142atki majonezowe, g\u0119ste sosy, mi\u0119sne gulasze i warzywne kompozycje zyskuj\u0105 dzi\u0119ki nim charakterystyczny s\u0142odko &#8211; kwa\u015bny akcent.","og_url":"https:\/\/limpol.pl\/uk\/\u043f\u0440\u043e\u0434\u0443\u043a\u0442\u0438\/\u043c\u0430\u0440\u0438\u043d\u043e\u0432\u0430\u043d\u0456-\u0433\u0440\u0438\u0431\u0438\/","og_site_name":"Limpol - Dystrybutor produkt\u00f3w spo\u017cywczych | Import Eksport","article_publisher":"https:\/\/www.facebook.com\/firmalimpol\/","article_modified_time":"2023-04-05T13:56:17+00:00","og_image":[{"width":1000,"height":1000,"url":"https:\/\/limpol.pl\/wp-content\/uploads\/2020\/03\/VERA-2022-wiz-pieczarki-marynowane-skoik-280-CIEN.jpg","type":"image\/jpeg"}],"twitter_card":"summary_large_image","twitter_misc":{"\u041f\u0440\u0438\u0431\u043b. \u0447\u0430\u0441 \u0447\u0438\u0442\u0430\u043d\u043d\u044f":"1 \u0445\u0432\u0438\u043b\u0438\u043d\u0430"},"schema":{"@context":"https:\/\/schema.org","@graph":[{"@type":"WebPage","@id":"https:\/\/limpol.pl\/produkty\/marynowane-pieczarki\/","url":"https:\/\/limpol.pl\/produkty\/marynowane-pieczarki\/","name":"\u0413\u0440\u0438\u0431\u0438 \u043c\u0430\u0440\u0438\u043d\u043e\u0432\u0430\u043d\u0456 - Limpol - \u0414\u0438\u0441\u0442\u0440\u0438\u0431'\u044e\u0442\u043e\u0440 \u043f\u0440\u043e\u0434\u0443\u043a\u0442\u0456\u0432 \u0445\u0430\u0440\u0447\u0443\u0432\u0430\u043d\u043d\u044f | \u0406\u043c\u043f\u043e\u0440\u0442 \u0415\u043a\u0441\u043f\u043e\u0440\u0442","isPartOf":{"@id":"https:\/\/limpol.pl\/#website"},"primaryImageOfPage":{"@id":"https:\/\/limpol.pl\/produkty\/marynowane-pieczarki\/#primaryimage"},"image":{"@id":"https:\/\/limpol.pl\/produkty\/marynowane-pieczarki\/#primaryimage"},"thumbnailUrl":"https:\/\/limpol.pl\/wp-content\/uploads\/2020\/03\/VERA-2022-wiz-pieczarki-marynowane-skoik-280-CIEN.jpg","datePublished":"2020-03-06T14:44:39+00:00","dateModified":"2023-04-05T13:56:17+00:00","breadcrumb":{"@id":"https:\/\/limpol.pl\/produkty\/marynowane-pieczarki\/#breadcrumb"},"inLanguage":"uk","potentialAction":[{"@type":"ReadAction","target":["https:\/\/limpol.pl\/produkty\/marynowane-pieczarki\/"]}]},{"@type":"ImageObject","inLanguage":"uk","@id":"https:\/\/limpol.pl\/produkty\/marynowane-pieczarki\/#primaryimage","url":"https:\/\/limpol.pl\/wp-content\/uploads\/2020\/03\/VERA-2022-wiz-pieczarki-marynowane-skoik-280-CIEN.jpg","contentUrl":"https:\/\/limpol.pl\/wp-content\/uploads\/2020\/03\/VERA-2022-wiz-pieczarki-marynowane-skoik-280-CIEN.jpg","width":1000,"height":1000},{"@type":"BreadcrumbList","@id":"https:\/\/limpol.pl\/produkty\/marynowane-pieczarki\/#breadcrumb","itemListElement":[{"@type":"ListItem","position":1,"name":"Strona g\u0142\u00f3wna","item":"https:\/\/limpol.pl\/"},{"@type":"ListItem","position":2,"name":"Produkty","item":"https:\/\/limpol.pl\/shop\/"},{"@type":"ListItem","position":3,"name":"Pieczarki marynowane"}]},{"@type":"WebSite","@id":"https:\/\/limpol.pl\/#website","url":"https:\/\/limpol.pl\/","name":"Limpol - \u0414\u0438\u0441\u0442\u0440\u0438\u0431'\u044e\u0442\u043e\u0440 \u043f\u0440\u043e\u0434\u0443\u043a\u0442\u0456\u0432 \u0445\u0430\u0440\u0447\u0443\u0432\u0430\u043d\u043d\u044f | \u0406\u043c\u043f\u043e\u0440\u0442 \u0415\u043a\u0441\u043f\u043e\u0440\u0442","description":"\u0406\u043c\u043f\u043e\u0440\u0442\u0435\u0440 \u0442\u0430 \u0435\u043a\u0441\u043f\u043e\u0440\u0442\u0435\u0440 \u043f\u0440\u043e\u0434\u0443\u043a\u0442\u0456\u0432 \u0445\u0430\u0440\u0447\u0443\u0432\u0430\u043d\u043d\u044f","potentialAction":[{"@type":"SearchAction","target":{"@type":"EntryPoint","urlTemplate":"https:\/\/limpol.pl\/?s={search_term_string}"},"query-input":{"@type":"PropertyValueSpecification","valueRequired":true,"valueName":"search_term_string"}}],"inLanguage":"uk"}]}},"_links":{"self":[{"href":"https:\/\/limpol.pl\/uk\/wp-json\/wp\/v2\/product\/3647","targetHints":{"allow":["GET"]}}],"collection":[{"href":"https:\/\/limpol.pl\/uk\/wp-json\/wp\/v2\/product"}],"about":[{"href":"https:\/\/limpol.pl\/uk\/wp-json\/wp\/v2\/types\/product"}],"wp:featuredmedia":[{"embeddable":true,"href":"https:\/\/limpol.pl\/uk\/wp-json\/wp\/v2\/media\/5550"}],"wp:attachment":[{"href":"https:\/\/limpol.pl\/uk\/wp-json\/wp\/v2\/media?parent=3647"}],"wp:term":[{"taxonomy":"product_brand","embeddable":true,"href":"https:\/\/limpol.pl\/uk\/wp-json\/wp\/v2\/product_brand?post=3647"},{"taxonomy":"product_cat","embeddable":true,"href":"https:\/\/limpol.pl\/uk\/wp-json\/wp\/v2\/product_cat?post=3647"},{"taxonomy":"product_tag","embeddable":true,"href":"https:\/\/limpol.pl\/uk\/wp-json\/wp\/v2\/product_tag?post=3647"}],"curies":[{"name":"wp","href":"https:\/\/api.w.org\/{rel}","templated":true}]}}