{"id":3679,"date":"2020-03-06T16:46:45","date_gmt":"2020-03-06T15:46:45","guid":{"rendered":"https:\/\/limpol.pl\/?post_type=product&#038;p=3679"},"modified":"2024-12-11T13:39:43","modified_gmt":"2024-12-11T12:39:43","slug":"\u043c\u0456\u043d\u0456-\u043a\u043e\u0440\u043d\u0456\u0448\u043e\u043d\u0438-2","status":"publish","type":"product","link":"https:\/\/limpol.pl\/uk\/\u043f\u0440\u043e\u0434\u0443\u043a\u0442\u0438\/\u043c\u0456\u043d\u0456-\u043a\u043e\u0440\u043d\u0456\u0448\u043e\u043d\u0438-2\/","title":{"rendered":"\u041c\u0456\u043d\u0456 \u043a\u043e\u0440\u043d\u0456\u0448\u043e\u043d\u0438"},"content":{"rendered":"<p>\u041a\u043e\u0440\u043d\u0456\u0448\u043e\u043d\u0438 \u0432 \u043e\u0446\u0442\u043e\u0432\u043e\u043c\u0443 \u043c\u0430\u0440\u0438\u043d\u0430\u0434\u0456 \u0434\u043e\u0434\u0430\u0434\u0443\u0442\u044c \u0441\u043c\u0430\u043a\u0443 \u043a\u043e\u0436\u043d\u043e\u043c\u0443 \u0432\u0456\u0437\u0438\u0442\u0443 \u0433\u043e\u0441\u0442\u0435\u0439. \u041c\u0430\u043b\u0435\u043d\u044c\u043a\u0456 \u0442\u0430 \u0445\u0440\u0443\u0441\u0442\u043a\u0456 \u043e\u0433\u0456\u0440\u043e\u0447\u043a\u0438, \u0441\u043c\u0430\u043a \u044f\u043a\u0438\u0445 \u0434\u043e\u0434\u0430\u0442\u043a\u043e\u0432\u043e \u0437\u0431\u0430\u0433\u0430\u0447\u0435\u043d\u0438\u0439 \u0441\u0443\u043c\u0456\u0448\u0448\u044e \u0430\u0440\u043e\u043c\u0430\u0442\u043d\u0438\u0445 \u0441\u043f\u0435\u0446\u0456\u0439, \u0441\u0442\u0430\u043d\u0443\u0442\u044c \u0447\u0443\u0434\u043e\u0432\u043e\u044e \u0437\u0430\u043a\u0443\u0441\u043a\u043e\u044e, \u043e\u0432\u043e\u0447\u0435\u0432\u0438\u043c \u0430\u043a\u0446\u0435\u043d\u0442\u043e\u043c \u0432 \u043e\u0431\u0456\u0434\u043d\u0456\u0445 \u0441\u0442\u0440\u0430\u0432\u0430\u0445 \u0430\u0431\u043e \u0456\u043d\u0433\u0440\u0435\u0434\u0456\u0454\u043d\u0442\u043e\u043c \u0441\u0430\u043b\u0430\u0442\u0443. \u041f\u0440\u043e\u0434\u0443\u043a\u0442 \u043f\u043e\u0445\u043e\u0434\u0438\u0442\u044c \u0437 \u0406\u043d\u0434\u0456\u0457 \u0442\u0430 \u0432\u0438\u043f\u0443\u0441\u043a\u0430\u0454\u0442\u044c\u0441\u044f \u0432 \u0431\u0430\u043d\u043e\u0447\u0446\u0456, \u0456\u0434\u0435\u0430\u043b\u044c\u043d\u043e \u043f\u0456\u0434\u0445\u043e\u0434\u0438\u0442\u044c \u0434\u043b\u044f \u0431\u0443\u0434\u044c-\u044f\u043a\u043e\u0457 \u043a\u0443\u0445\u043d\u0456, \u0432 \u0442\u043e\u043c\u0443 \u0447\u0438\u0441\u043b\u0456 \u0456 \u0434\u043b\u044f HoReCa.<\/p>","protected":false},"excerpt":{"rendered":"<p>\u041a\u043e\u0440\u043d\u0456\u0448\u043e\u043d\u0438 \u0432 \u043e\u0446\u0442\u043e\u0432\u043e\u043c\u0443 \u043c\u0430\u0440\u0438\u043d\u0430\u0434\u0456 \u0434\u043e\u0434\u0430\u0434\u0443\u0442\u044c \u0441\u043c\u0430\u043a\u0443 \u043a\u043e\u0436\u043d\u043e\u043c\u0443 \u0432\u0456\u0437\u0438\u0442\u0443 \u0433\u043e\u0441\u0442\u0435\u0439. \u041c\u0430\u043b\u0435\u043d\u044c\u043a\u0456 \u0442\u0430 \u0445\u0440\u0443\u0441\u0442\u043a\u0456 \u043e\u0433\u0456\u0440\u043e\u0447\u043a\u0438, \u0441\u043c\u0430\u043a \u044f\u043a\u0438\u0445 \u0434\u043e\u0434\u0430\u0442\u043a\u043e\u0432\u043e \u0437\u0431\u0430\u0433\u0430\u0447\u0435\u043d\u0438\u0439 \u0441\u0443\u043c\u0456\u0448\u0448\u044e \u0430\u0440\u043e\u043c\u0430\u0442\u043d\u0438\u0445 \u0441\u043f\u0435\u0446\u0456\u0439, \u0441\u0442\u0430\u043d\u0443\u0442\u044c \u0447\u0443\u0434\u043e\u0432\u043e\u044e \u0437\u0430\u043a\u0443\u0441\u043a\u043e\u044e, \u043e\u0432\u043e\u0447\u0435\u0432\u0438\u043c \u0430\u043a\u0446\u0435\u043d\u0442\u043e\u043c \u0432 \u043e\u0431\u0456\u0434\u043d\u0456\u0445 \u0441\u0442\u0440\u0430\u0432\u0430\u0445 \u0430\u0431\u043e \u0456\u043d\u0433\u0440\u0435\u0434\u0456\u0454\u043d\u0442\u043e\u043c \u0441\u0430\u043b\u0430\u0442\u0443. \u041f\u0440\u043e\u0434\u0443\u043a\u0442 \u043f\u043e\u0445\u043e\u0434\u0438\u0442\u044c \u0437 \u0406\u043d\u0434\u0456\u0457 \u0442\u0430 \u0432\u0438\u043f\u0443\u0441\u043a\u0430\u0454\u0442\u044c\u0441\u044f \u0432 \u0431\u0430\u043d\u043e\u0447\u0446\u0456, \u0456\u0434\u0435\u0430\u043b\u044c\u043d\u043e \u043f\u0456\u0434\u0445\u043e\u0434\u0438\u0442\u044c \u0434\u043b\u044f \u0431\u0443\u0434\u044c-\u044f\u043a\u043e\u0457 \u043a\u0443\u0445\u043d\u0456, \u0432 \u0442\u043e\u043c\u0443 \u0447\u0438\u0441\u043b\u0456 \u0456 \u0434\u043b\u044f HoReCa.<\/p>","protected":false},"featured_media":5252,"template":"","meta":[],"product_brand":[],"product_cat":[263],"product_tag":[],"class_list":{"0":"post-3679","1":"product","2":"type-product","3":"status-publish","4":"has-post-thumbnail","6":"product_cat-przetwory-warzywne","7":"pa_masa-netto-350g","9":"first","10":"instock","11":"shipping-taxable","12":"product-type-simple"},"yoast_head":"<!-- This site is optimized with the Yoast SEO plugin v27.3 - https:\/\/yoast.com\/product\/yoast-seo-wordpress\/ -->\n<title>Mini korniszony - Limpol - Dystrybutor produkt\u00f3w spo\u017cywczych | Import Eksport<\/title>\n<meta name=\"robots\" content=\"index, follow, max-snippet:-1, max-image-preview:large, max-video-preview:-1\" \/>\n<link rel=\"canonical\" href=\"https:\/\/limpol.pl\/uk\/\u043f\u0440\u043e\u0434\u0443\u043a\u0442\u0438\/\u043c\u0456\u043d\u0456-\u043a\u043e\u0440\u043d\u0456\u0448\u043e\u043d\u0438-2\/\" \/>\n<meta property=\"og:locale\" content=\"uk_UA\" \/>\n<meta property=\"og:type\" content=\"article\" \/>\n<meta property=\"og:title\" content=\"Mini korniszony - Limpol - Dystrybutor produkt\u00f3w spo\u017cywczych | Import Eksport\" \/>\n<meta property=\"og:description\" content=\"Korniszony w zalewie octowej dodadz\u0105 smaku ka\u017cdej wizycie go\u015bci. Drobne i chrupi\u0105ce og\u00f3rki, kt\u00f3rych smak dodatkowo wzbogaca mieszanka aromatycznych przypraw, b\u0119d\u0105 znakomita przystawk\u0105, warzywnym akcentem w daniach obiadowych, czy sk\u0142adnikiem sa\u0142atki. Produkt pochodzi z Indii, jest dost\u0119pny w s\u0142oiku; idealny do ka\u017cdej kuchni, w tym do kana\u0142u HoReCa.\" \/>\n<meta property=\"og:url\" content=\"https:\/\/limpol.pl\/uk\/\u043f\u0440\u043e\u0434\u0443\u043a\u0442\u0438\/\u043c\u0456\u043d\u0456-\u043a\u043e\u0440\u043d\u0456\u0448\u043e\u043d\u0438-2\/\" \/>\n<meta property=\"og:site_name\" content=\"Limpol - Dystrybutor produkt\u00f3w spo\u017cywczych | Import Eksport\" \/>\n<meta property=\"article:publisher\" content=\"https:\/\/www.facebook.com\/firmalimpol\/\" \/>\n<meta property=\"article:modified_time\" content=\"2024-12-11T12:39:43+00:00\" \/>\n<meta property=\"og:image\" content=\"https:\/\/limpol.pl\/wp-content\/uploads\/2023\/01\/mini-korniszony-skoik-350-CIEN.jpg\" \/>\n\t<meta property=\"og:image:width\" content=\"800\" \/>\n\t<meta property=\"og:image:height\" content=\"800\" \/>\n\t<meta property=\"og:image:type\" content=\"image\/jpeg\" \/>\n<meta name=\"twitter:card\" content=\"summary_large_image\" \/>\n<meta name=\"twitter:label1\" content=\"\u041f\u0440\u0438\u0431\u043b. \u0447\u0430\u0441 \u0447\u0438\u0442\u0430\u043d\u043d\u044f\" \/>\n\t<meta name=\"twitter:data1\" content=\"1 \u0445\u0432\u0438\u043b\u0438\u043d\u0430\" \/>\n<script type=\"application\/ld+json\" class=\"yoast-schema-graph\">{\"@context\":\"https:\\\/\\\/schema.org\",\"@graph\":[{\"@type\":\"WebPage\",\"@id\":\"https:\\\/\\\/limpol.pl\\\/produkty\\\/mini-korniszony-2\\\/\",\"url\":\"https:\\\/\\\/limpol.pl\\\/produkty\\\/mini-korniszony-2\\\/\",\"name\":\"Mini korniszony - Limpol - Dystrybutor produkt\u00f3w spo\u017cywczych | Import Eksport\",\"isPartOf\":{\"@id\":\"https:\\\/\\\/limpol.pl\\\/#website\"},\"primaryImageOfPage\":{\"@id\":\"https:\\\/\\\/limpol.pl\\\/produkty\\\/mini-korniszony-2\\\/#primaryimage\"},\"image\":{\"@id\":\"https:\\\/\\\/limpol.pl\\\/produkty\\\/mini-korniszony-2\\\/#primaryimage\"},\"thumbnailUrl\":\"https:\\\/\\\/limpol.pl\\\/wp-content\\\/uploads\\\/2023\\\/01\\\/mini-korniszony-skoik-350-CIEN.jpg\",\"datePublished\":\"2020-03-06T15:46:45+00:00\",\"dateModified\":\"2024-12-11T12:39:43+00:00\",\"breadcrumb\":{\"@id\":\"https:\\\/\\\/limpol.pl\\\/produkty\\\/mini-korniszony-2\\\/#breadcrumb\"},\"inLanguage\":\"uk\",\"potentialAction\":[{\"@type\":\"ReadAction\",\"target\":[\"https:\\\/\\\/limpol.pl\\\/produkty\\\/mini-korniszony-2\\\/\"]}]},{\"@type\":\"ImageObject\",\"inLanguage\":\"uk\",\"@id\":\"https:\\\/\\\/limpol.pl\\\/produkty\\\/mini-korniszony-2\\\/#primaryimage\",\"url\":\"https:\\\/\\\/limpol.pl\\\/wp-content\\\/uploads\\\/2023\\\/01\\\/mini-korniszony-skoik-350-CIEN.jpg\",\"contentUrl\":\"https:\\\/\\\/limpol.pl\\\/wp-content\\\/uploads\\\/2023\\\/01\\\/mini-korniszony-skoik-350-CIEN.jpg\",\"width\":800,\"height\":800},{\"@type\":\"BreadcrumbList\",\"@id\":\"https:\\\/\\\/limpol.pl\\\/produkty\\\/mini-korniszony-2\\\/#breadcrumb\",\"itemListElement\":[{\"@type\":\"ListItem\",\"position\":1,\"name\":\"Strona g\u0142\u00f3wna\",\"item\":\"https:\\\/\\\/limpol.pl\\\/\"},{\"@type\":\"ListItem\",\"position\":2,\"name\":\"Produkty\",\"item\":\"https:\\\/\\\/limpol.pl\\\/shop\\\/\"},{\"@type\":\"ListItem\",\"position\":3,\"name\":\"Mini korniszony\"}]},{\"@type\":\"WebSite\",\"@id\":\"https:\\\/\\\/limpol.pl\\\/#website\",\"url\":\"https:\\\/\\\/limpol.pl\\\/\",\"name\":\"Limpol - Dystrybutor produkt\u00f3w spo\u017cywczych | Import Eksport\",\"description\":\"Importer i eksporter produkt\u00f3w spo\u017cywczych\",\"potentialAction\":[{\"@type\":\"SearchAction\",\"target\":{\"@type\":\"EntryPoint\",\"urlTemplate\":\"https:\\\/\\\/limpol.pl\\\/?s={search_term_string}\"},\"query-input\":{\"@type\":\"PropertyValueSpecification\",\"valueRequired\":true,\"valueName\":\"search_term_string\"}}],\"inLanguage\":\"uk\"}]}<\/script>\n<!-- \/ Yoast SEO plugin. -->","yoast_head_json":{"title":"\u041c\u0456\u043d\u0456 \u043a\u043e\u0440\u043d\u0456\u0448\u043e\u043d\u0438 - Limpol - \u0414\u0438\u0441\u0442\u0440\u0438\u0431'\u044e\u0442\u043e\u0440 \u043f\u0440\u043e\u0434\u0443\u043a\u0442\u0456\u0432 \u0445\u0430\u0440\u0447\u0443\u0432\u0430\u043d\u043d\u044f | \u0406\u043c\u043f\u043e\u0440\u0442 \u0415\u043a\u0441\u043f\u043e\u0440\u0442","robots":{"index":"index","follow":"follow","max-snippet":"max-snippet:-1","max-image-preview":"max-image-preview:large","max-video-preview":"max-video-preview:-1"},"canonical":"https:\/\/limpol.pl\/uk\/\u043f\u0440\u043e\u0434\u0443\u043a\u0442\u0438\/\u043c\u0456\u043d\u0456-\u043a\u043e\u0440\u043d\u0456\u0448\u043e\u043d\u0438-2\/","og_locale":"uk_UA","og_type":"article","og_title":"Mini korniszony - Limpol - Dystrybutor produkt\u00f3w spo\u017cywczych | Import Eksport","og_description":"Korniszony w zalewie octowej dodadz\u0105 smaku ka\u017cdej wizycie go\u015bci. Drobne i chrupi\u0105ce og\u00f3rki, kt\u00f3rych smak dodatkowo wzbogaca mieszanka aromatycznych przypraw, b\u0119d\u0105 znakomita przystawk\u0105, warzywnym akcentem w daniach obiadowych, czy sk\u0142adnikiem sa\u0142atki. Produkt pochodzi z Indii, jest dost\u0119pny w s\u0142oiku; idealny do ka\u017cdej kuchni, w tym do kana\u0142u HoReCa.","og_url":"https:\/\/limpol.pl\/uk\/\u043f\u0440\u043e\u0434\u0443\u043a\u0442\u0438\/\u043c\u0456\u043d\u0456-\u043a\u043e\u0440\u043d\u0456\u0448\u043e\u043d\u0438-2\/","og_site_name":"Limpol - Dystrybutor produkt\u00f3w spo\u017cywczych | Import Eksport","article_publisher":"https:\/\/www.facebook.com\/firmalimpol\/","article_modified_time":"2024-12-11T12:39:43+00:00","og_image":[{"width":800,"height":800,"url":"https:\/\/limpol.pl\/wp-content\/uploads\/2023\/01\/mini-korniszony-skoik-350-CIEN.jpg","type":"image\/jpeg"}],"twitter_card":"summary_large_image","twitter_misc":{"\u041f\u0440\u0438\u0431\u043b. \u0447\u0430\u0441 \u0447\u0438\u0442\u0430\u043d\u043d\u044f":"1 \u0445\u0432\u0438\u043b\u0438\u043d\u0430"},"schema":{"@context":"https:\/\/schema.org","@graph":[{"@type":"WebPage","@id":"https:\/\/limpol.pl\/produkty\/mini-korniszony-2\/","url":"https:\/\/limpol.pl\/produkty\/mini-korniszony-2\/","name":"\u041c\u0456\u043d\u0456 \u043a\u043e\u0440\u043d\u0456\u0448\u043e\u043d\u0438 - Limpol - \u0414\u0438\u0441\u0442\u0440\u0438\u0431'\u044e\u0442\u043e\u0440 \u043f\u0440\u043e\u0434\u0443\u043a\u0442\u0456\u0432 \u0445\u0430\u0440\u0447\u0443\u0432\u0430\u043d\u043d\u044f | \u0406\u043c\u043f\u043e\u0440\u0442 \u0415\u043a\u0441\u043f\u043e\u0440\u0442","isPartOf":{"@id":"https:\/\/limpol.pl\/#website"},"primaryImageOfPage":{"@id":"https:\/\/limpol.pl\/produkty\/mini-korniszony-2\/#primaryimage"},"image":{"@id":"https:\/\/limpol.pl\/produkty\/mini-korniszony-2\/#primaryimage"},"thumbnailUrl":"https:\/\/limpol.pl\/wp-content\/uploads\/2023\/01\/mini-korniszony-skoik-350-CIEN.jpg","datePublished":"2020-03-06T15:46:45+00:00","dateModified":"2024-12-11T12:39:43+00:00","breadcrumb":{"@id":"https:\/\/limpol.pl\/produkty\/mini-korniszony-2\/#breadcrumb"},"inLanguage":"uk","potentialAction":[{"@type":"ReadAction","target":["https:\/\/limpol.pl\/produkty\/mini-korniszony-2\/"]}]},{"@type":"ImageObject","inLanguage":"uk","@id":"https:\/\/limpol.pl\/produkty\/mini-korniszony-2\/#primaryimage","url":"https:\/\/limpol.pl\/wp-content\/uploads\/2023\/01\/mini-korniszony-skoik-350-CIEN.jpg","contentUrl":"https:\/\/limpol.pl\/wp-content\/uploads\/2023\/01\/mini-korniszony-skoik-350-CIEN.jpg","width":800,"height":800},{"@type":"BreadcrumbList","@id":"https:\/\/limpol.pl\/produkty\/mini-korniszony-2\/#breadcrumb","itemListElement":[{"@type":"ListItem","position":1,"name":"Strona g\u0142\u00f3wna","item":"https:\/\/limpol.pl\/"},{"@type":"ListItem","position":2,"name":"Produkty","item":"https:\/\/limpol.pl\/shop\/"},{"@type":"ListItem","position":3,"name":"Mini korniszony"}]},{"@type":"WebSite","@id":"https:\/\/limpol.pl\/#website","url":"https:\/\/limpol.pl\/","name":"Limpol - \u0414\u0438\u0441\u0442\u0440\u0438\u0431'\u044e\u0442\u043e\u0440 \u043f\u0440\u043e\u0434\u0443\u043a\u0442\u0456\u0432 \u0445\u0430\u0440\u0447\u0443\u0432\u0430\u043d\u043d\u044f | \u0406\u043c\u043f\u043e\u0440\u0442 \u0415\u043a\u0441\u043f\u043e\u0440\u0442","description":"\u0406\u043c\u043f\u043e\u0440\u0442\u0435\u0440 \u0442\u0430 \u0435\u043a\u0441\u043f\u043e\u0440\u0442\u0435\u0440 \u043f\u0440\u043e\u0434\u0443\u043a\u0442\u0456\u0432 \u0445\u0430\u0440\u0447\u0443\u0432\u0430\u043d\u043d\u044f","potentialAction":[{"@type":"SearchAction","target":{"@type":"EntryPoint","urlTemplate":"https:\/\/limpol.pl\/?s={search_term_string}"},"query-input":{"@type":"PropertyValueSpecification","valueRequired":true,"valueName":"search_term_string"}}],"inLanguage":"uk"}]}},"_links":{"self":[{"href":"https:\/\/limpol.pl\/uk\/wp-json\/wp\/v2\/product\/3679","targetHints":{"allow":["GET"]}}],"collection":[{"href":"https:\/\/limpol.pl\/uk\/wp-json\/wp\/v2\/product"}],"about":[{"href":"https:\/\/limpol.pl\/uk\/wp-json\/wp\/v2\/types\/product"}],"wp:featuredmedia":[{"embeddable":true,"href":"https:\/\/limpol.pl\/uk\/wp-json\/wp\/v2\/media\/5252"}],"wp:attachment":[{"href":"https:\/\/limpol.pl\/uk\/wp-json\/wp\/v2\/media?parent=3679"}],"wp:term":[{"taxonomy":"product_brand","embeddable":true,"href":"https:\/\/limpol.pl\/uk\/wp-json\/wp\/v2\/product_brand?post=3679"},{"taxonomy":"product_cat","embeddable":true,"href":"https:\/\/limpol.pl\/uk\/wp-json\/wp\/v2\/product_cat?post=3679"},{"taxonomy":"product_tag","embeddable":true,"href":"https:\/\/limpol.pl\/uk\/wp-json\/wp\/v2\/product_tag?post=3679"}],"curies":[{"name":"wp","href":"https:\/\/api.w.org\/{rel}","templated":true}]}}