{"id":3703,"date":"2020-03-06T17:14:36","date_gmt":"2020-03-06T16:14:36","guid":{"rendered":"https:\/\/limpol.pl\/?post_type=product&#038;p=3703"},"modified":"2024-12-11T13:39:13","modified_gmt":"2024-12-11T12:39:13","slug":"\u043c\u0456\u043d\u0456-\u043a\u043e\u0440\u043d\u0456\u0448\u043e\u043d\u0438-\u0437-\u0447\u0438\u043b\u0456","status":"publish","type":"product","link":"https:\/\/limpol.pl\/uk\/\u043f\u0440\u043e\u0434\u0443\u043a\u0442\u0438\/\u043c\u0456\u043d\u0456-\u043a\u043e\u0440\u043d\u0456\u0448\u043e\u043d\u0438-\u0437-\u0447\u0438\u043b\u0456\/","title":{"rendered":"\u041c\u0456\u043d\u0456 \u043a\u043e\u0440\u043d\u0456\u0448\u043e\u043d\u0438 \u0437 \u0447\u0438\u043b\u0456"},"content":{"rendered":"<p>\u041a\u043e\u0440\u043d\u0456\u0448\u043e\u043d\u0438 \u0437 \u043f\u0435\u0440\u0446\u0435\u043c \u0447\u0438\u043b\u0456 \u0440\u043e\u0434\u043e\u043c \u0437 \u043d\u0430\u0441\u0438\u0447\u0435\u043d\u043e\u0433\u043e \u043a\u0443\u043b\u0456\u043d\u0430\u0440\u043d\u043e\u0433\u043e \u0441\u0435\u0440\u0446\u044f \u0410\u0437\u0456\u0457 - \u0406\u043d\u0434\u0456\u0457. \u0421\u0430\u043c\u0435 \u0442\u0430\u043a \u0432\u043e\u043d\u0438 \u0441\u043c\u0430\u043a\u0443\u044e\u0442\u044c - \u043a\u043b\u0430\u0441\u0438\u0447\u043d\u0438\u0439 \u0441\u043c\u0430\u043a \u043e\u0433\u0456\u0440\u043a\u0430 \u0432 \u043e\u0446\u0442\u043e\u0432\u043e\u043c\u0443 \u043c\u0430\u0440\u0438\u043d\u0430\u0434\u0456 \u0440\u043e\u0437\u0431\u0438\u0432\u0430\u0454\u0442\u044c\u0441\u044f \u043e\u0431 \u043d\u043e\u0442\u043a\u0443 \u0433\u043e\u0441\u0442\u0440\u043e\u0433\u043e \u043f\u0435\u0440\u0446\u044e \u0447\u0438\u043b\u0456, \u0449\u043e \u043f\u043e\u0440\u0430\u0434\u0443\u0454 \u043d\u0435 \u043b\u0438\u0448\u0435 \u043f\u043e\u0446\u0456\u043d\u043e\u0432\u0443\u0432\u0430\u0447\u0456\u0432 \u0432\u0438\u0440\u0430\u0437\u043d\u0438\u0445 \u0441\u043c\u0430\u043a\u0456\u0432. \u041a\u043e\u0440\u043d\u0456\u0448\u043e\u043d\u0438 - \u043d\u0435\u0437\u0430\u043c\u0456\u043d\u043d\u0430 \u0437\u0430\u043a\u0443\u0441\u043a\u0430 \u043d\u0430 \u0431\u0443\u0434\u044c-\u044f\u043a\u043e\u043c\u0443 \u0431\u0430\u0440\u0431\u0435\u043a\u044e, \u0441\u0430\u0434\u043e\u0432\u0456\u0439 \u0432\u0435\u0447\u0456\u0440\u0446\u0456 \u0447\u0438 \u0441\u0456\u043c\u0435\u0439\u043d\u043e\u043c\u0443 \u0441\u0432\u044f\u0442\u0456. \u041f\u0440\u043e\u0434\u0443\u043a\u0442 \u0432\u0438\u043f\u0443\u0441\u043a\u0430\u0454\u0442\u044c\u0441\u044f \u0432 \u0431\u0430\u043d\u043e\u0447\u0446\u0456.<\/p>","protected":false},"excerpt":{"rendered":"<p>Korniszony z papryczk\u0105 chili pochodz\u0105 z bogatego w intensywne doznania kulinarne serca Azji \u2013 z Indii. Tak te\u017c smakuj\u0105 \u2013 klasyczny smak og\u00f3rka w zalewie octowej prze\u0142amany jest nut\u0105 pikantnego chili, kt\u00f3re zachwyci nie tylko koneser\u00f3w wyrazistych smak\u00f3w. Korniszony s\u0105 niezb\u0119dna przek\u0105sk\u0105 na ka\u017cdym grillu, garden party, czy imprezie w gronie rodzinnym. Produkt dost\u0119pny w [&hellip;]<\/p>\n","protected":false},"featured_media":5248,"template":"","meta":[],"product_brand":[],"product_cat":[263],"product_tag":[],"class_list":{"0":"post-3703","1":"product","2":"type-product","3":"status-publish","4":"has-post-thumbnail","6":"product_cat-przetwory-warzywne","7":"pa_masa-netto-350g","9":"first","10":"instock","11":"shipping-taxable","12":"product-type-simple"},"yoast_head":"<!-- This site is optimized with the Yoast SEO plugin v27.3 - https:\/\/yoast.com\/product\/yoast-seo-wordpress\/ -->\n<title>Mini korniszony z chilli - Limpol - Dystrybutor produkt\u00f3w spo\u017cywczych | Import Eksport<\/title>\n<meta name=\"robots\" content=\"index, follow, max-snippet:-1, max-image-preview:large, max-video-preview:-1\" \/>\n<link rel=\"canonical\" href=\"https:\/\/limpol.pl\/uk\/\u043f\u0440\u043e\u0434\u0443\u043a\u0442\u0438\/\u043c\u0456\u043d\u0456-\u043a\u043e\u0440\u043d\u0456\u0448\u043e\u043d\u0438-\u0437-\u0447\u0438\u043b\u0456\/\" \/>\n<meta property=\"og:locale\" content=\"uk_UA\" \/>\n<meta property=\"og:type\" content=\"article\" \/>\n<meta property=\"og:title\" content=\"Mini korniszony z chilli - Limpol - Dystrybutor produkt\u00f3w spo\u017cywczych | Import Eksport\" \/>\n<meta property=\"og:description\" content=\"Korniszony z papryczk\u0105 chili pochodz\u0105 z bogatego w intensywne doznania kulinarne serca Azji \u2013 z Indii. Tak te\u017c smakuj\u0105 \u2013 klasyczny smak og\u00f3rka w zalewie octowej prze\u0142amany jest nut\u0105 pikantnego chili, kt\u00f3re zachwyci nie tylko koneser\u00f3w wyrazistych smak\u00f3w. Korniszony s\u0105 niezb\u0119dna przek\u0105sk\u0105 na ka\u017cdym grillu, garden party, czy imprezie w gronie rodzinnym. Produkt dost\u0119pny w [&hellip;]\" \/>\n<meta property=\"og:url\" content=\"https:\/\/limpol.pl\/uk\/\u043f\u0440\u043e\u0434\u0443\u043a\u0442\u0438\/\u043c\u0456\u043d\u0456-\u043a\u043e\u0440\u043d\u0456\u0448\u043e\u043d\u0438-\u0437-\u0447\u0438\u043b\u0456\/\" \/>\n<meta property=\"og:site_name\" content=\"Limpol - Dystrybutor produkt\u00f3w spo\u017cywczych | Import Eksport\" \/>\n<meta property=\"article:publisher\" content=\"https:\/\/www.facebook.com\/firmalimpol\/\" \/>\n<meta property=\"article:modified_time\" content=\"2024-12-11T12:39:13+00:00\" \/>\n<meta property=\"og:image\" content=\"https:\/\/limpol.pl\/wp-content\/uploads\/2023\/01\/mini-korniszony-chili-skoik-350-CIEN.jpg\" \/>\n\t<meta property=\"og:image:width\" content=\"800\" \/>\n\t<meta property=\"og:image:height\" content=\"800\" \/>\n\t<meta property=\"og:image:type\" content=\"image\/jpeg\" \/>\n<meta name=\"twitter:card\" content=\"summary_large_image\" \/>\n<meta name=\"twitter:label1\" content=\"\u041f\u0440\u0438\u0431\u043b. \u0447\u0430\u0441 \u0447\u0438\u0442\u0430\u043d\u043d\u044f\" \/>\n\t<meta name=\"twitter:data1\" content=\"1 \u0445\u0432\u0438\u043b\u0438\u043d\u0430\" \/>\n<script type=\"application\/ld+json\" class=\"yoast-schema-graph\">{\"@context\":\"https:\\\/\\\/schema.org\",\"@graph\":[{\"@type\":\"WebPage\",\"@id\":\"https:\\\/\\\/limpol.pl\\\/produkty\\\/mini-korniszony-z-chilli\\\/\",\"url\":\"https:\\\/\\\/limpol.pl\\\/produkty\\\/mini-korniszony-z-chilli\\\/\",\"name\":\"Mini korniszony z chilli - Limpol - Dystrybutor produkt\u00f3w spo\u017cywczych | Import Eksport\",\"isPartOf\":{\"@id\":\"https:\\\/\\\/limpol.pl\\\/#website\"},\"primaryImageOfPage\":{\"@id\":\"https:\\\/\\\/limpol.pl\\\/produkty\\\/mini-korniszony-z-chilli\\\/#primaryimage\"},\"image\":{\"@id\":\"https:\\\/\\\/limpol.pl\\\/produkty\\\/mini-korniszony-z-chilli\\\/#primaryimage\"},\"thumbnailUrl\":\"https:\\\/\\\/limpol.pl\\\/wp-content\\\/uploads\\\/2023\\\/01\\\/mini-korniszony-chili-skoik-350-CIEN.jpg\",\"datePublished\":\"2020-03-06T16:14:36+00:00\",\"dateModified\":\"2024-12-11T12:39:13+00:00\",\"breadcrumb\":{\"@id\":\"https:\\\/\\\/limpol.pl\\\/produkty\\\/mini-korniszony-z-chilli\\\/#breadcrumb\"},\"inLanguage\":\"uk\",\"potentialAction\":[{\"@type\":\"ReadAction\",\"target\":[\"https:\\\/\\\/limpol.pl\\\/produkty\\\/mini-korniszony-z-chilli\\\/\"]}]},{\"@type\":\"ImageObject\",\"inLanguage\":\"uk\",\"@id\":\"https:\\\/\\\/limpol.pl\\\/produkty\\\/mini-korniszony-z-chilli\\\/#primaryimage\",\"url\":\"https:\\\/\\\/limpol.pl\\\/wp-content\\\/uploads\\\/2023\\\/01\\\/mini-korniszony-chili-skoik-350-CIEN.jpg\",\"contentUrl\":\"https:\\\/\\\/limpol.pl\\\/wp-content\\\/uploads\\\/2023\\\/01\\\/mini-korniszony-chili-skoik-350-CIEN.jpg\",\"width\":800,\"height\":800},{\"@type\":\"BreadcrumbList\",\"@id\":\"https:\\\/\\\/limpol.pl\\\/produkty\\\/mini-korniszony-z-chilli\\\/#breadcrumb\",\"itemListElement\":[{\"@type\":\"ListItem\",\"position\":1,\"name\":\"Strona g\u0142\u00f3wna\",\"item\":\"https:\\\/\\\/limpol.pl\\\/\"},{\"@type\":\"ListItem\",\"position\":2,\"name\":\"Produkty\",\"item\":\"https:\\\/\\\/limpol.pl\\\/shop\\\/\"},{\"@type\":\"ListItem\",\"position\":3,\"name\":\"Mini korniszony z chilli\"}]},{\"@type\":\"WebSite\",\"@id\":\"https:\\\/\\\/limpol.pl\\\/#website\",\"url\":\"https:\\\/\\\/limpol.pl\\\/\",\"name\":\"Limpol - Dystrybutor produkt\u00f3w spo\u017cywczych | Import Eksport\",\"description\":\"Importer i eksporter produkt\u00f3w spo\u017cywczych\",\"potentialAction\":[{\"@type\":\"SearchAction\",\"target\":{\"@type\":\"EntryPoint\",\"urlTemplate\":\"https:\\\/\\\/limpol.pl\\\/?s={search_term_string}\"},\"query-input\":{\"@type\":\"PropertyValueSpecification\",\"valueRequired\":true,\"valueName\":\"search_term_string\"}}],\"inLanguage\":\"uk\"}]}<\/script>\n<!-- \/ Yoast SEO plugin. -->","yoast_head_json":{"title":"\u041c\u0456\u043d\u0456 \u043a\u043e\u0440\u043d\u0456\u0448\u043e\u043d\u0438 \u0437 \u0447\u0438\u043b\u0456 - Limpol - \u0414\u0438\u0441\u0442\u0440\u0438\u0431'\u044e\u0442\u043e\u0440 \u043f\u0440\u043e\u0434\u0443\u043a\u0442\u0456\u0432 \u0445\u0430\u0440\u0447\u0443\u0432\u0430\u043d\u043d\u044f | \u0406\u043c\u043f\u043e\u0440\u0442 \u0415\u043a\u0441\u043f\u043e\u0440\u0442","robots":{"index":"index","follow":"follow","max-snippet":"max-snippet:-1","max-image-preview":"max-image-preview:large","max-video-preview":"max-video-preview:-1"},"canonical":"https:\/\/limpol.pl\/uk\/\u043f\u0440\u043e\u0434\u0443\u043a\u0442\u0438\/\u043c\u0456\u043d\u0456-\u043a\u043e\u0440\u043d\u0456\u0448\u043e\u043d\u0438-\u0437-\u0447\u0438\u043b\u0456\/","og_locale":"uk_UA","og_type":"article","og_title":"Mini korniszony z chilli - Limpol - Dystrybutor produkt\u00f3w spo\u017cywczych | Import Eksport","og_description":"Korniszony z papryczk\u0105 chili pochodz\u0105 z bogatego w intensywne doznania kulinarne serca Azji \u2013 z Indii. Tak te\u017c smakuj\u0105 \u2013 klasyczny smak og\u00f3rka w zalewie octowej prze\u0142amany jest nut\u0105 pikantnego chili, kt\u00f3re zachwyci nie tylko koneser\u00f3w wyrazistych smak\u00f3w. Korniszony s\u0105 niezb\u0119dna przek\u0105sk\u0105 na ka\u017cdym grillu, garden party, czy imprezie w gronie rodzinnym. Produkt dost\u0119pny w [&hellip;]","og_url":"https:\/\/limpol.pl\/uk\/\u043f\u0440\u043e\u0434\u0443\u043a\u0442\u0438\/\u043c\u0456\u043d\u0456-\u043a\u043e\u0440\u043d\u0456\u0448\u043e\u043d\u0438-\u0437-\u0447\u0438\u043b\u0456\/","og_site_name":"Limpol - Dystrybutor produkt\u00f3w spo\u017cywczych | Import Eksport","article_publisher":"https:\/\/www.facebook.com\/firmalimpol\/","article_modified_time":"2024-12-11T12:39:13+00:00","og_image":[{"width":800,"height":800,"url":"https:\/\/limpol.pl\/wp-content\/uploads\/2023\/01\/mini-korniszony-chili-skoik-350-CIEN.jpg","type":"image\/jpeg"}],"twitter_card":"summary_large_image","twitter_misc":{"\u041f\u0440\u0438\u0431\u043b. \u0447\u0430\u0441 \u0447\u0438\u0442\u0430\u043d\u043d\u044f":"1 \u0445\u0432\u0438\u043b\u0438\u043d\u0430"},"schema":{"@context":"https:\/\/schema.org","@graph":[{"@type":"WebPage","@id":"https:\/\/limpol.pl\/produkty\/mini-korniszony-z-chilli\/","url":"https:\/\/limpol.pl\/produkty\/mini-korniszony-z-chilli\/","name":"\u041c\u0456\u043d\u0456 \u043a\u043e\u0440\u043d\u0456\u0448\u043e\u043d\u0438 \u0437 \u0447\u0438\u043b\u0456 - Limpol - \u0414\u0438\u0441\u0442\u0440\u0438\u0431'\u044e\u0442\u043e\u0440 \u043f\u0440\u043e\u0434\u0443\u043a\u0442\u0456\u0432 \u0445\u0430\u0440\u0447\u0443\u0432\u0430\u043d\u043d\u044f | \u0406\u043c\u043f\u043e\u0440\u0442 \u0415\u043a\u0441\u043f\u043e\u0440\u0442","isPartOf":{"@id":"https:\/\/limpol.pl\/#website"},"primaryImageOfPage":{"@id":"https:\/\/limpol.pl\/produkty\/mini-korniszony-z-chilli\/#primaryimage"},"image":{"@id":"https:\/\/limpol.pl\/produkty\/mini-korniszony-z-chilli\/#primaryimage"},"thumbnailUrl":"https:\/\/limpol.pl\/wp-content\/uploads\/2023\/01\/mini-korniszony-chili-skoik-350-CIEN.jpg","datePublished":"2020-03-06T16:14:36+00:00","dateModified":"2024-12-11T12:39:13+00:00","breadcrumb":{"@id":"https:\/\/limpol.pl\/produkty\/mini-korniszony-z-chilli\/#breadcrumb"},"inLanguage":"uk","potentialAction":[{"@type":"ReadAction","target":["https:\/\/limpol.pl\/produkty\/mini-korniszony-z-chilli\/"]}]},{"@type":"ImageObject","inLanguage":"uk","@id":"https:\/\/limpol.pl\/produkty\/mini-korniszony-z-chilli\/#primaryimage","url":"https:\/\/limpol.pl\/wp-content\/uploads\/2023\/01\/mini-korniszony-chili-skoik-350-CIEN.jpg","contentUrl":"https:\/\/limpol.pl\/wp-content\/uploads\/2023\/01\/mini-korniszony-chili-skoik-350-CIEN.jpg","width":800,"height":800},{"@type":"BreadcrumbList","@id":"https:\/\/limpol.pl\/produkty\/mini-korniszony-z-chilli\/#breadcrumb","itemListElement":[{"@type":"ListItem","position":1,"name":"Strona g\u0142\u00f3wna","item":"https:\/\/limpol.pl\/"},{"@type":"ListItem","position":2,"name":"Produkty","item":"https:\/\/limpol.pl\/shop\/"},{"@type":"ListItem","position":3,"name":"Mini korniszony z chilli"}]},{"@type":"WebSite","@id":"https:\/\/limpol.pl\/#website","url":"https:\/\/limpol.pl\/","name":"Limpol - \u0414\u0438\u0441\u0442\u0440\u0438\u0431'\u044e\u0442\u043e\u0440 \u043f\u0440\u043e\u0434\u0443\u043a\u0442\u0456\u0432 \u0445\u0430\u0440\u0447\u0443\u0432\u0430\u043d\u043d\u044f | \u0406\u043c\u043f\u043e\u0440\u0442 \u0415\u043a\u0441\u043f\u043e\u0440\u0442","description":"\u0406\u043c\u043f\u043e\u0440\u0442\u0435\u0440 \u0442\u0430 \u0435\u043a\u0441\u043f\u043e\u0440\u0442\u0435\u0440 \u043f\u0440\u043e\u0434\u0443\u043a\u0442\u0456\u0432 \u0445\u0430\u0440\u0447\u0443\u0432\u0430\u043d\u043d\u044f","potentialAction":[{"@type":"SearchAction","target":{"@type":"EntryPoint","urlTemplate":"https:\/\/limpol.pl\/?s={search_term_string}"},"query-input":{"@type":"PropertyValueSpecification","valueRequired":true,"valueName":"search_term_string"}}],"inLanguage":"uk"}]}},"_links":{"self":[{"href":"https:\/\/limpol.pl\/uk\/wp-json\/wp\/v2\/product\/3703","targetHints":{"allow":["GET"]}}],"collection":[{"href":"https:\/\/limpol.pl\/uk\/wp-json\/wp\/v2\/product"}],"about":[{"href":"https:\/\/limpol.pl\/uk\/wp-json\/wp\/v2\/types\/product"}],"wp:featuredmedia":[{"embeddable":true,"href":"https:\/\/limpol.pl\/uk\/wp-json\/wp\/v2\/media\/5248"}],"wp:attachment":[{"href":"https:\/\/limpol.pl\/uk\/wp-json\/wp\/v2\/media?parent=3703"}],"wp:term":[{"taxonomy":"product_brand","embeddable":true,"href":"https:\/\/limpol.pl\/uk\/wp-json\/wp\/v2\/product_brand?post=3703"},{"taxonomy":"product_cat","embeddable":true,"href":"https:\/\/limpol.pl\/uk\/wp-json\/wp\/v2\/product_cat?post=3703"},{"taxonomy":"product_tag","embeddable":true,"href":"https:\/\/limpol.pl\/uk\/wp-json\/wp\/v2\/product_tag?post=3703"}],"curies":[{"name":"wp","href":"https:\/\/api.w.org\/{rel}","templated":true}]}}