{"id":4903,"date":"2022-10-27T11:14:01","date_gmt":"2022-10-27T09:14:01","guid":{"rendered":"https:\/\/limpol.pl\/?post_type=product&#038;p=4903"},"modified":"2026-01-29T12:38:54","modified_gmt":"2026-01-29T11:38:54","slug":"\u043c\u044f\u043a\u043e\u0442\u044c-\u043c\u0430\u043d\u0433\u043e-\u0430\u043b\u044c\u0444\u043e\u043d\u0441\u043e-3100\u0433","status":"publish","type":"product","link":"https:\/\/limpol.pl\/uk\/\u043f\u0440\u043e\u0434\u0443\u043a\u0442\u0438\/\u043c\u044f\u043a\u043e\u0442\u044c-\u043c\u0430\u043d\u0433\u043e-\u0430\u043b\u044c\u0444\u043e\u043d\u0441\u043e-3100\u0433\/","title":{"rendered":"\u041c'\u044f\u043a\u043e\u0442\u044c \u043c\u0430\u043d\u0433\u043e \u0410\u043b\u044c\u0444\u043e\u043d\u0441\u043e \u0431\u0435\u0437 \u0434\u043e\u0434\u0430\u0432\u0430\u043d\u043d\u044f \u0446\u0443\u043a\u0440\u0443 3100\u0433"},"content":{"rendered":"<p>\u0417\u0440\u043e\u0431\u043b\u0435\u043d\u043e \u0432 \u0406\u043d\u0434\u0456\u0457 \u0437 \u0441\u043e\u0440\u0442\u0443 \u0410\u043b\u044c\u0444\u043e\u043d\u0441\u043e, \u044f\u043a\u0438\u0439 \u0454 \u043e\u0434\u043d\u0438\u043c \u0437 \u043d\u0430\u0439\u043f\u043e\u043f\u0443\u043b\u044f\u0440\u043d\u0456\u0448\u0438\u0445 \u0441\u043e\u0440\u0442\u0456\u0432 \u0446\u044c\u043e\u0433\u043e \u0444\u0440\u0443\u043a\u0442\u0430 \u043d\u0430 \u0440\u0438\u043d\u043a\u0443. \u0410\u043b\u044c\u0444\u043e\u043d\u0441\u0438 \u0432\u0456\u0434\u043e\u043c\u0456 \u0441\u0432\u043e\u0454\u044e \u0441\u043e\u043b\u043e\u0434\u043a\u0456\u0441\u0442\u044e, \u043e\u0441\u043e\u0431\u043b\u0438\u0432\u043e \u044f\u043a\u0449\u043e \u0444\u0440\u0443\u043a\u0442\u0438 \u0434\u0443\u0436\u0435 \u0441\u0442\u0438\u0433\u043b\u0456. \u042f\u043a \u0440\u0435\u0437\u0443\u043b\u044c\u0442\u0430\u0442, \u043d\u0430\u0448\u0430 \u043c'\u044f\u043a\u043e\u0442\u044c \u043f\u0440\u0438\u0440\u043e\u0434\u043d\u043e \u0441\u043e\u043b\u043e\u0434\u043a\u0430, \u0431\u0435\u0437 \u0434\u043e\u0434\u0430\u0432\u0430\u043d\u043d\u044f \u0446\u0443\u043a\u0440\u0443. \u0426\u0435 \u043d\u0430\u0448\u0430 \u0432\u0456\u0434\u043f\u043e\u0432\u0456\u0434\u044c \u043d\u0430 \u0437\u0440\u043e\u0441\u0442\u0430\u044e\u0447\u0438\u0439 \u043f\u043e\u043f\u0438\u0442 \u043b\u044e\u0434\u0435\u0439, \u044f\u043a\u0456 \u043b\u044e\u0431\u043b\u044f\u0442\u044c \u0437\u0434\u043e\u0440\u043e\u0432\u0443 \u0457\u0436\u0443.<\/p>","protected":false},"excerpt":{"rendered":"<p>\u0417\u0440\u043e\u0431\u043b\u0435\u043d\u043e \u0432 \u0406\u043d\u0434\u0456\u0457 \u0437 \u0441\u043e\u0440\u0442\u0443 \u0410\u043b\u044c\u0444\u043e\u043d\u0441\u043e, \u044f\u043a\u0438\u0439 \u0454 \u043e\u0434\u043d\u0438\u043c \u0437 \u043d\u0430\u0439\u043f\u043e\u043f\u0443\u043b\u044f\u0440\u043d\u0456\u0448\u0438\u0445 \u0441\u043e\u0440\u0442\u0456\u0432 \u0446\u044c\u043e\u0433\u043e \u0444\u0440\u0443\u043a\u0442\u0430 \u043d\u0430 \u0440\u0438\u043d\u043a\u0443. \u0410\u043b\u044c\u0444\u043e\u043d\u0441\u0438 \u0432\u0456\u0434\u043e\u043c\u0456 \u0441\u0432\u043e\u0454\u044e \u0441\u043e\u043b\u043e\u0434\u043a\u0456\u0441\u0442\u044e, \u043e\u0441\u043e\u0431\u043b\u0438\u0432\u043e \u044f\u043a\u0449\u043e \u0444\u0440\u0443\u043a\u0442\u0438 \u0434\u0443\u0436\u0435 \u0441\u0442\u0438\u0433\u043b\u0456. \u042f\u043a \u0440\u0435\u0437\u0443\u043b\u044c\u0442\u0430\u0442, \u043d\u0430\u0448\u0430 \u043c'\u044f\u043a\u043e\u0442\u044c \u043f\u0440\u0438\u0440\u043e\u0434\u043d\u043e \u0441\u043e\u043b\u043e\u0434\u043a\u0430, \u0431\u0435\u0437 \u0434\u043e\u0434\u0430\u0432\u0430\u043d\u043d\u044f \u0446\u0443\u043a\u0440\u0443. \u0426\u0435 \u043d\u0430\u0448\u0430 \u0432\u0456\u0434\u043f\u043e\u0432\u0456\u0434\u044c \u043d\u0430 \u0437\u0440\u043e\u0441\u0442\u0430\u044e\u0447\u0438\u0439 \u043f\u043e\u043f\u0438\u0442 \u043b\u044e\u0434\u0435\u0439, \u044f\u043a\u0456 \u043b\u044e\u0431\u043b\u044f\u0442\u044c \u0437\u0434\u043e\u0440\u043e\u0432\u0443 \u0457\u0436\u0443.<\/p>","protected":false},"featured_media":4905,"template":"","meta":[],"product_brand":[],"product_cat":[835,57,258],"product_tag":[],"class_list":{"0":"post-4903","1":"product","2":"type-product","3":"status-publish","4":"has-post-thumbnail","6":"product_cat-polecamy","7":"product_cat-produkty-vera","8":"product_cat-przetwory-owocowe","9":"pa_atrybut-detal-horeca-horeca","10":"pa_ilosc-sztuk-na-palecie-222","11":"pa_ilosc-sztuk-na-warstwie-827","12":"pa_masa-netto-817","13":"pa_sztuk-w-kartonie-115","15":"first","16":"instock","17":"shipping-taxable","18":"product-type-simple"},"yoast_head":"<!-- This site is optimized with the Yoast SEO plugin v27.3 - https:\/\/yoast.com\/product\/yoast-seo-wordpress\/ -->\n<title>Pulpa Mango Alphonso bez dodatku cukru 3100g - Limpol - Dystrybutor produkt\u00f3w spo\u017cywczych | Import Eksport<\/title>\n<meta name=\"robots\" content=\"index, follow, max-snippet:-1, max-image-preview:large, max-video-preview:-1\" \/>\n<link rel=\"canonical\" href=\"https:\/\/limpol.pl\/uk\/\u043f\u0440\u043e\u0434\u0443\u043a\u0442\u0438\/\u043c\u044f\u043a\u043e\u0442\u044c-\u043c\u0430\u043d\u0433\u043e-\u0430\u043b\u044c\u0444\u043e\u043d\u0441\u043e-3100\u0433\/\" \/>\n<meta property=\"og:locale\" content=\"uk_UA\" \/>\n<meta property=\"og:type\" content=\"article\" \/>\n<meta property=\"og:title\" content=\"Pulpa Mango Alphonso bez dodatku cukru 3100g - Limpol - Dystrybutor produkt\u00f3w spo\u017cywczych | Import Eksport\" \/>\n<meta property=\"og:description\" content=\"Wyprodukowana w Indiach z odmiany Alphonso, kt\u00f3ra jest jedn\u0105 z najpopularniejszych odmian tego owocu na rynku. Alphonso znane s\u0105 ze swojej s\u0142odyczy, zw\u0142aszcza je\u015bli owoc jest bardzo dojrza\u0142y. Dzi\u0119ki temu nasza pulpa jest naturalnie s\u0142odka bez dodatku cukr\u00f3w. To nasza odpowied\u017a na rosn\u0105ce zapotrzebowania os\u00f3b kochaj\u0105cych zdrow\u0105 kuchni\u0119.\" \/>\n<meta property=\"og:url\" content=\"https:\/\/limpol.pl\/uk\/\u043f\u0440\u043e\u0434\u0443\u043a\u0442\u0438\/\u043c\u044f\u043a\u043e\u0442\u044c-\u043c\u0430\u043d\u0433\u043e-\u0430\u043b\u044c\u0444\u043e\u043d\u0441\u043e-3100\u0433\/\" \/>\n<meta property=\"og:site_name\" content=\"Limpol - Dystrybutor produkt\u00f3w spo\u017cywczych | Import Eksport\" \/>\n<meta property=\"article:publisher\" content=\"https:\/\/www.facebook.com\/firmalimpol\/\" \/>\n<meta property=\"article:modified_time\" content=\"2026-01-29T11:38:54+00:00\" \/>\n<meta property=\"og:image\" content=\"https:\/\/limpol.pl\/wp-content\/uploads\/2022\/10\/pulpa-mango-3100.webp\" \/>\n\t<meta property=\"og:image:width\" content=\"1000\" \/>\n\t<meta property=\"og:image:height\" content=\"1000\" \/>\n\t<meta property=\"og:image:type\" content=\"image\/webp\" \/>\n<meta name=\"twitter:card\" content=\"summary_large_image\" \/>\n<meta name=\"twitter:label1\" content=\"\u041f\u0440\u0438\u0431\u043b. \u0447\u0430\u0441 \u0447\u0438\u0442\u0430\u043d\u043d\u044f\" \/>\n\t<meta name=\"twitter:data1\" content=\"1 \u0445\u0432\u0438\u043b\u0438\u043d\u0430\" \/>\n<script type=\"application\/ld+json\" class=\"yoast-schema-graph\">{\"@context\":\"https:\\\/\\\/schema.org\",\"@graph\":[{\"@type\":\"WebPage\",\"@id\":\"https:\\\/\\\/limpol.pl\\\/produkty\\\/pulpa-mango-alphonso-3100g\\\/\",\"url\":\"https:\\\/\\\/limpol.pl\\\/produkty\\\/pulpa-mango-alphonso-3100g\\\/\",\"name\":\"Pulpa Mango Alphonso bez dodatku cukru 3100g - Limpol - Dystrybutor produkt\u00f3w spo\u017cywczych | Import Eksport\",\"isPartOf\":{\"@id\":\"https:\\\/\\\/limpol.pl\\\/#website\"},\"primaryImageOfPage\":{\"@id\":\"https:\\\/\\\/limpol.pl\\\/produkty\\\/pulpa-mango-alphonso-3100g\\\/#primaryimage\"},\"image\":{\"@id\":\"https:\\\/\\\/limpol.pl\\\/produkty\\\/pulpa-mango-alphonso-3100g\\\/#primaryimage\"},\"thumbnailUrl\":\"https:\\\/\\\/limpol.pl\\\/wp-content\\\/uploads\\\/2022\\\/10\\\/pulpa-mango-3100.webp\",\"datePublished\":\"2022-10-27T09:14:01+00:00\",\"dateModified\":\"2026-01-29T11:38:54+00:00\",\"breadcrumb\":{\"@id\":\"https:\\\/\\\/limpol.pl\\\/produkty\\\/pulpa-mango-alphonso-3100g\\\/#breadcrumb\"},\"inLanguage\":\"uk\",\"potentialAction\":[{\"@type\":\"ReadAction\",\"target\":[\"https:\\\/\\\/limpol.pl\\\/produkty\\\/pulpa-mango-alphonso-3100g\\\/\"]}]},{\"@type\":\"ImageObject\",\"inLanguage\":\"uk\",\"@id\":\"https:\\\/\\\/limpol.pl\\\/produkty\\\/pulpa-mango-alphonso-3100g\\\/#primaryimage\",\"url\":\"https:\\\/\\\/limpol.pl\\\/wp-content\\\/uploads\\\/2022\\\/10\\\/pulpa-mango-3100.webp\",\"contentUrl\":\"https:\\\/\\\/limpol.pl\\\/wp-content\\\/uploads\\\/2022\\\/10\\\/pulpa-mango-3100.webp\",\"width\":1000,\"height\":1000},{\"@type\":\"BreadcrumbList\",\"@id\":\"https:\\\/\\\/limpol.pl\\\/produkty\\\/pulpa-mango-alphonso-3100g\\\/#breadcrumb\",\"itemListElement\":[{\"@type\":\"ListItem\",\"position\":1,\"name\":\"Strona g\u0142\u00f3wna\",\"item\":\"https:\\\/\\\/limpol.pl\\\/\"},{\"@type\":\"ListItem\",\"position\":2,\"name\":\"Produkty\",\"item\":\"https:\\\/\\\/limpol.pl\\\/shop\\\/\"},{\"@type\":\"ListItem\",\"position\":3,\"name\":\"Pulpa Mango Alphonso bez dodatku cukru 3100g\"}]},{\"@type\":\"WebSite\",\"@id\":\"https:\\\/\\\/limpol.pl\\\/#website\",\"url\":\"https:\\\/\\\/limpol.pl\\\/\",\"name\":\"Limpol - Dystrybutor produkt\u00f3w spo\u017cywczych | Import Eksport\",\"description\":\"Importer i eksporter produkt\u00f3w spo\u017cywczych\",\"potentialAction\":[{\"@type\":\"SearchAction\",\"target\":{\"@type\":\"EntryPoint\",\"urlTemplate\":\"https:\\\/\\\/limpol.pl\\\/?s={search_term_string}\"},\"query-input\":{\"@type\":\"PropertyValueSpecification\",\"valueRequired\":true,\"valueName\":\"search_term_string\"}}],\"inLanguage\":\"uk\"}]}<\/script>\n<!-- \/ Yoast SEO plugin. -->","yoast_head_json":{"title":"\u041c'\u044f\u043a\u043e\u0442\u044c \u043c\u0430\u043d\u0433\u043e Alphonso \u0431\u0435\u0437 \u0434\u043e\u0434\u0430\u0432\u0430\u043d\u043d\u044f \u0446\u0443\u043a\u0440\u0443 3100\u0433 - Limpol - \u0414\u0438\u0441\u0442\u0440\u0438\u0431'\u044e\u0442\u043e\u0440 \u043f\u0440\u043e\u0434\u0443\u043a\u0442\u0456\u0432 \u0445\u0430\u0440\u0447\u0443\u0432\u0430\u043d\u043d\u044f | \u0406\u043c\u043f\u043e\u0440\u0442 \u0415\u043a\u0441\u043f\u043e\u0440\u0442","robots":{"index":"index","follow":"follow","max-snippet":"max-snippet:-1","max-image-preview":"max-image-preview:large","max-video-preview":"max-video-preview:-1"},"canonical":"https:\/\/limpol.pl\/uk\/\u043f\u0440\u043e\u0434\u0443\u043a\u0442\u0438\/\u043c\u044f\u043a\u043e\u0442\u044c-\u043c\u0430\u043d\u0433\u043e-\u0430\u043b\u044c\u0444\u043e\u043d\u0441\u043e-3100\u0433\/","og_locale":"uk_UA","og_type":"article","og_title":"Pulpa Mango Alphonso bez dodatku cukru 3100g - Limpol - Dystrybutor produkt\u00f3w spo\u017cywczych | Import Eksport","og_description":"Wyprodukowana w Indiach z odmiany Alphonso, kt\u00f3ra jest jedn\u0105 z najpopularniejszych odmian tego owocu na rynku. Alphonso znane s\u0105 ze swojej s\u0142odyczy, zw\u0142aszcza je\u015bli owoc jest bardzo dojrza\u0142y. Dzi\u0119ki temu nasza pulpa jest naturalnie s\u0142odka bez dodatku cukr\u00f3w. To nasza odpowied\u017a na rosn\u0105ce zapotrzebowania os\u00f3b kochaj\u0105cych zdrow\u0105 kuchni\u0119.","og_url":"https:\/\/limpol.pl\/uk\/\u043f\u0440\u043e\u0434\u0443\u043a\u0442\u0438\/\u043c\u044f\u043a\u043e\u0442\u044c-\u043c\u0430\u043d\u0433\u043e-\u0430\u043b\u044c\u0444\u043e\u043d\u0441\u043e-3100\u0433\/","og_site_name":"Limpol - Dystrybutor produkt\u00f3w spo\u017cywczych | Import Eksport","article_publisher":"https:\/\/www.facebook.com\/firmalimpol\/","article_modified_time":"2026-01-29T11:38:54+00:00","og_image":[{"width":1000,"height":1000,"url":"https:\/\/limpol.pl\/wp-content\/uploads\/2022\/10\/pulpa-mango-3100.webp","type":"image\/webp"}],"twitter_card":"summary_large_image","twitter_misc":{"\u041f\u0440\u0438\u0431\u043b. \u0447\u0430\u0441 \u0447\u0438\u0442\u0430\u043d\u043d\u044f":"1 \u0445\u0432\u0438\u043b\u0438\u043d\u0430"},"schema":{"@context":"https:\/\/schema.org","@graph":[{"@type":"WebPage","@id":"https:\/\/limpol.pl\/produkty\/pulpa-mango-alphonso-3100g\/","url":"https:\/\/limpol.pl\/produkty\/pulpa-mango-alphonso-3100g\/","name":"\u041c'\u044f\u043a\u043e\u0442\u044c \u043c\u0430\u043d\u0433\u043e Alphonso \u0431\u0435\u0437 \u0434\u043e\u0434\u0430\u0432\u0430\u043d\u043d\u044f \u0446\u0443\u043a\u0440\u0443 3100\u0433 - Limpol - \u0414\u0438\u0441\u0442\u0440\u0438\u0431'\u044e\u0442\u043e\u0440 \u043f\u0440\u043e\u0434\u0443\u043a\u0442\u0456\u0432 \u0445\u0430\u0440\u0447\u0443\u0432\u0430\u043d\u043d\u044f | \u0406\u043c\u043f\u043e\u0440\u0442 \u0415\u043a\u0441\u043f\u043e\u0440\u0442","isPartOf":{"@id":"https:\/\/limpol.pl\/#website"},"primaryImageOfPage":{"@id":"https:\/\/limpol.pl\/produkty\/pulpa-mango-alphonso-3100g\/#primaryimage"},"image":{"@id":"https:\/\/limpol.pl\/produkty\/pulpa-mango-alphonso-3100g\/#primaryimage"},"thumbnailUrl":"https:\/\/limpol.pl\/wp-content\/uploads\/2022\/10\/pulpa-mango-3100.webp","datePublished":"2022-10-27T09:14:01+00:00","dateModified":"2026-01-29T11:38:54+00:00","breadcrumb":{"@id":"https:\/\/limpol.pl\/produkty\/pulpa-mango-alphonso-3100g\/#breadcrumb"},"inLanguage":"uk","potentialAction":[{"@type":"ReadAction","target":["https:\/\/limpol.pl\/produkty\/pulpa-mango-alphonso-3100g\/"]}]},{"@type":"ImageObject","inLanguage":"uk","@id":"https:\/\/limpol.pl\/produkty\/pulpa-mango-alphonso-3100g\/#primaryimage","url":"https:\/\/limpol.pl\/wp-content\/uploads\/2022\/10\/pulpa-mango-3100.webp","contentUrl":"https:\/\/limpol.pl\/wp-content\/uploads\/2022\/10\/pulpa-mango-3100.webp","width":1000,"height":1000},{"@type":"BreadcrumbList","@id":"https:\/\/limpol.pl\/produkty\/pulpa-mango-alphonso-3100g\/#breadcrumb","itemListElement":[{"@type":"ListItem","position":1,"name":"Strona g\u0142\u00f3wna","item":"https:\/\/limpol.pl\/"},{"@type":"ListItem","position":2,"name":"Produkty","item":"https:\/\/limpol.pl\/shop\/"},{"@type":"ListItem","position":3,"name":"Pulpa Mango Alphonso bez dodatku cukru 3100g"}]},{"@type":"WebSite","@id":"https:\/\/limpol.pl\/#website","url":"https:\/\/limpol.pl\/","name":"Limpol - \u0414\u0438\u0441\u0442\u0440\u0438\u0431'\u044e\u0442\u043e\u0440 \u043f\u0440\u043e\u0434\u0443\u043a\u0442\u0456\u0432 \u0445\u0430\u0440\u0447\u0443\u0432\u0430\u043d\u043d\u044f | \u0406\u043c\u043f\u043e\u0440\u0442 \u0415\u043a\u0441\u043f\u043e\u0440\u0442","description":"\u0406\u043c\u043f\u043e\u0440\u0442\u0435\u0440 \u0442\u0430 \u0435\u043a\u0441\u043f\u043e\u0440\u0442\u0435\u0440 \u043f\u0440\u043e\u0434\u0443\u043a\u0442\u0456\u0432 \u0445\u0430\u0440\u0447\u0443\u0432\u0430\u043d\u043d\u044f","potentialAction":[{"@type":"SearchAction","target":{"@type":"EntryPoint","urlTemplate":"https:\/\/limpol.pl\/?s={search_term_string}"},"query-input":{"@type":"PropertyValueSpecification","valueRequired":true,"valueName":"search_term_string"}}],"inLanguage":"uk"}]}},"_links":{"self":[{"href":"https:\/\/limpol.pl\/uk\/wp-json\/wp\/v2\/product\/4903","targetHints":{"allow":["GET"]}}],"collection":[{"href":"https:\/\/limpol.pl\/uk\/wp-json\/wp\/v2\/product"}],"about":[{"href":"https:\/\/limpol.pl\/uk\/wp-json\/wp\/v2\/types\/product"}],"wp:featuredmedia":[{"embeddable":true,"href":"https:\/\/limpol.pl\/uk\/wp-json\/wp\/v2\/media\/4905"}],"wp:attachment":[{"href":"https:\/\/limpol.pl\/uk\/wp-json\/wp\/v2\/media?parent=4903"}],"wp:term":[{"taxonomy":"product_brand","embeddable":true,"href":"https:\/\/limpol.pl\/uk\/wp-json\/wp\/v2\/product_brand?post=4903"},{"taxonomy":"product_cat","embeddable":true,"href":"https:\/\/limpol.pl\/uk\/wp-json\/wp\/v2\/product_cat?post=4903"},{"taxonomy":"product_tag","embeddable":true,"href":"https:\/\/limpol.pl\/uk\/wp-json\/wp\/v2\/product_tag?post=4903"}],"curies":[{"name":"wp","href":"https:\/\/api.w.org\/{rel}","templated":true}]}}