{"id":4921,"date":"2022-10-27T13:18:34","date_gmt":"2022-10-27T11:18:34","guid":{"rendered":"https:\/\/limpol.pl\/?post_type=product&#038;p=4921"},"modified":"2026-01-29T12:35:49","modified_gmt":"2026-01-29T11:35:49","slug":"\u043e\u043b\u0438\u0432\u043a\u043e\u0432\u0430-\u043e\u043b\u0456\u044f-\u043f\u0435\u0440\u0448\u043e\u0433\u043e-\u0432\u0456\u0434\u0436\u0438\u043c\u0443-4-\u043b","status":"publish","type":"product","link":"https:\/\/limpol.pl\/uk\/\u043f\u0440\u043e\u0434\u0443\u043a\u0442\u0438\/\u043e\u043b\u0438\u0432\u043a\u043e\u0432\u0430-\u043e\u043b\u0456\u044f-\u043f\u0435\u0440\u0448\u043e\u0433\u043e-\u0432\u0456\u0434\u0436\u0438\u043c\u0443-4-\u043b\/","title":{"rendered":"\u041e\u043b\u0438\u0432\u043a\u043e\u0432\u0430 \u043e\u043b\u0456\u044f \u043f\u0435\u0440\u0448\u043e\u0433\u043e \u0432\u0456\u0434\u0436\u0438\u043c\u0443 4\u043b"},"content":{"rendered":"","protected":false},"excerpt":{"rendered":"","protected":false},"featured_media":4929,"template":"","meta":[],"product_brand":[],"product_cat":[845,322,64],"product_tag":[],"class_list":{"0":"post-4921","1":"product","2":"type-product","3":"status-publish","4":"has-post-thumbnail","6":"product_cat-dla-pizzerii-i-trattorii","7":"product_cat-oliwy-z-oliwek","8":"product_cat-produkty-brandowe","9":"pa_atrybut-detal-horeca-horeca","10":"pa_ilosc-sztuk-na-palecie-222","11":"pa_ilosc-sztuk-na-warstwie-832","12":"pa_masa-netto-786","13":"pa_sztuk-w-kartonie-831","15":"first","16":"instock","17":"shipping-taxable","18":"product-type-simple"},"yoast_head":"<!-- This site is optimized with the Yoast SEO plugin v27.3 - https:\/\/yoast.com\/product\/yoast-seo-wordpress\/ -->\n<title>Oliwa z oliwek najwy\u017cszej jako\u015b\u0107 z pierwszego t\u0142oczenia 4L - Limpol - Dystrybutor produkt\u00f3w spo\u017cywczych | Import Eksport<\/title>\n<meta name=\"robots\" content=\"index, follow, max-snippet:-1, max-image-preview:large, max-video-preview:-1\" \/>\n<link rel=\"canonical\" href=\"https:\/\/limpol.pl\/uk\/\u043f\u0440\u043e\u0434\u0443\u043a\u0442\u0438\/\u043e\u043b\u0438\u0432\u043a\u043e\u0432\u0430-\u043e\u043b\u0456\u044f-\u043f\u0435\u0440\u0448\u043e\u0433\u043e-\u0432\u0456\u0434\u0436\u0438\u043c\u0443-4-\u043b\/\" \/>\n<meta property=\"og:locale\" content=\"uk_UA\" \/>\n<meta property=\"og:type\" content=\"article\" \/>\n<meta property=\"og:title\" content=\"Oliwa z oliwek najwy\u017cszej jako\u015b\u0107 z pierwszego t\u0142oczenia 4L - Limpol - Dystrybutor produkt\u00f3w spo\u017cywczych | Import Eksport\" \/>\n<meta property=\"og:url\" content=\"https:\/\/limpol.pl\/uk\/\u043f\u0440\u043e\u0434\u0443\u043a\u0442\u0438\/\u043e\u043b\u0438\u0432\u043a\u043e\u0432\u0430-\u043e\u043b\u0456\u044f-\u043f\u0435\u0440\u0448\u043e\u0433\u043e-\u0432\u0456\u0434\u0436\u0438\u043c\u0443-4-\u043b\/\" \/>\n<meta property=\"og:site_name\" content=\"Limpol - Dystrybutor produkt\u00f3w spo\u017cywczych | Import Eksport\" \/>\n<meta property=\"article:publisher\" content=\"https:\/\/www.facebook.com\/firmalimpol\/\" \/>\n<meta property=\"article:modified_time\" content=\"2026-01-29T11:35:49+00:00\" \/>\n<meta property=\"og:image\" content=\"https:\/\/limpol.pl\/wp-content\/uploads\/2022\/10\/mueloliva-4l-puszka.webp\" \/>\n\t<meta property=\"og:image:width\" content=\"1000\" \/>\n\t<meta property=\"og:image:height\" content=\"1000\" \/>\n\t<meta property=\"og:image:type\" content=\"image\/webp\" \/>\n<meta name=\"twitter:card\" content=\"summary_large_image\" \/>\n<meta name=\"twitter:label1\" content=\"\u041f\u0440\u0438\u0431\u043b. \u0447\u0430\u0441 \u0447\u0438\u0442\u0430\u043d\u043d\u044f\" \/>\n\t<meta name=\"twitter:data1\" content=\"1 \u0445\u0432\u0438\u043b\u0438\u043d\u0430\" \/>\n<script type=\"application\/ld+json\" class=\"yoast-schema-graph\">{\"@context\":\"https:\\\/\\\/schema.org\",\"@graph\":[{\"@type\":\"WebPage\",\"@id\":\"https:\\\/\\\/limpol.pl\\\/produkty\\\/oliwa-z-oliwek-najwyzszej-jakosc-z-pierwszego-tloczenia-4l\\\/\",\"url\":\"https:\\\/\\\/limpol.pl\\\/produkty\\\/oliwa-z-oliwek-najwyzszej-jakosc-z-pierwszego-tloczenia-4l\\\/\",\"name\":\"Oliwa z oliwek najwy\u017cszej jako\u015b\u0107 z pierwszego t\u0142oczenia 4L - Limpol - Dystrybutor produkt\u00f3w spo\u017cywczych | Import Eksport\",\"isPartOf\":{\"@id\":\"https:\\\/\\\/limpol.pl\\\/#website\"},\"primaryImageOfPage\":{\"@id\":\"https:\\\/\\\/limpol.pl\\\/produkty\\\/oliwa-z-oliwek-najwyzszej-jakosc-z-pierwszego-tloczenia-4l\\\/#primaryimage\"},\"image\":{\"@id\":\"https:\\\/\\\/limpol.pl\\\/produkty\\\/oliwa-z-oliwek-najwyzszej-jakosc-z-pierwszego-tloczenia-4l\\\/#primaryimage\"},\"thumbnailUrl\":\"https:\\\/\\\/limpol.pl\\\/wp-content\\\/uploads\\\/2022\\\/10\\\/mueloliva-4l-puszka.webp\",\"datePublished\":\"2022-10-27T11:18:34+00:00\",\"dateModified\":\"2026-01-29T11:35:49+00:00\",\"breadcrumb\":{\"@id\":\"https:\\\/\\\/limpol.pl\\\/produkty\\\/oliwa-z-oliwek-najwyzszej-jakosc-z-pierwszego-tloczenia-4l\\\/#breadcrumb\"},\"inLanguage\":\"uk\",\"potentialAction\":[{\"@type\":\"ReadAction\",\"target\":[\"https:\\\/\\\/limpol.pl\\\/produkty\\\/oliwa-z-oliwek-najwyzszej-jakosc-z-pierwszego-tloczenia-4l\\\/\"]}]},{\"@type\":\"ImageObject\",\"inLanguage\":\"uk\",\"@id\":\"https:\\\/\\\/limpol.pl\\\/produkty\\\/oliwa-z-oliwek-najwyzszej-jakosc-z-pierwszego-tloczenia-4l\\\/#primaryimage\",\"url\":\"https:\\\/\\\/limpol.pl\\\/wp-content\\\/uploads\\\/2022\\\/10\\\/mueloliva-4l-puszka.webp\",\"contentUrl\":\"https:\\\/\\\/limpol.pl\\\/wp-content\\\/uploads\\\/2022\\\/10\\\/mueloliva-4l-puszka.webp\",\"width\":1000,\"height\":1000},{\"@type\":\"BreadcrumbList\",\"@id\":\"https:\\\/\\\/limpol.pl\\\/produkty\\\/oliwa-z-oliwek-najwyzszej-jakosc-z-pierwszego-tloczenia-4l\\\/#breadcrumb\",\"itemListElement\":[{\"@type\":\"ListItem\",\"position\":1,\"name\":\"Strona g\u0142\u00f3wna\",\"item\":\"https:\\\/\\\/limpol.pl\\\/\"},{\"@type\":\"ListItem\",\"position\":2,\"name\":\"Produkty\",\"item\":\"https:\\\/\\\/limpol.pl\\\/shop\\\/\"},{\"@type\":\"ListItem\",\"position\":3,\"name\":\"Oliwa z oliwek najwy\u017cszej jako\u015b\u0107 z pierwszego t\u0142oczenia 4L\"}]},{\"@type\":\"WebSite\",\"@id\":\"https:\\\/\\\/limpol.pl\\\/#website\",\"url\":\"https:\\\/\\\/limpol.pl\\\/\",\"name\":\"Limpol - Dystrybutor produkt\u00f3w spo\u017cywczych | Import Eksport\",\"description\":\"Importer i eksporter produkt\u00f3w spo\u017cywczych\",\"potentialAction\":[{\"@type\":\"SearchAction\",\"target\":{\"@type\":\"EntryPoint\",\"urlTemplate\":\"https:\\\/\\\/limpol.pl\\\/?s={search_term_string}\"},\"query-input\":{\"@type\":\"PropertyValueSpecification\",\"valueRequired\":true,\"valueName\":\"search_term_string\"}}],\"inLanguage\":\"uk\"}]}<\/script>\n<!-- \/ Yoast SEO plugin. -->","yoast_head_json":{"title":"\u041e\u043b\u0438\u0432\u043a\u043e\u0432\u0430 \u043e\u043b\u0456\u044f \u043f\u0435\u0440\u0448\u043e\u0433\u043e \u0432\u0456\u0434\u0436\u0438\u043c\u0443 4\u043b - Limpol - \u0414\u0438\u0441\u0442\u0440\u0438\u0431'\u044e\u0442\u043e\u0440 \u043f\u0440\u043e\u0434\u0443\u043a\u0442\u0456\u0432 \u0445\u0430\u0440\u0447\u0443\u0432\u0430\u043d\u043d\u044f | \u0406\u043c\u043f\u043e\u0440\u0442 \u0415\u043a\u0441\u043f\u043e\u0440\u0442","robots":{"index":"index","follow":"follow","max-snippet":"max-snippet:-1","max-image-preview":"max-image-preview:large","max-video-preview":"max-video-preview:-1"},"canonical":"https:\/\/limpol.pl\/uk\/\u043f\u0440\u043e\u0434\u0443\u043a\u0442\u0438\/\u043e\u043b\u0438\u0432\u043a\u043e\u0432\u0430-\u043e\u043b\u0456\u044f-\u043f\u0435\u0440\u0448\u043e\u0433\u043e-\u0432\u0456\u0434\u0436\u0438\u043c\u0443-4-\u043b\/","og_locale":"uk_UA","og_type":"article","og_title":"Oliwa z oliwek najwy\u017cszej jako\u015b\u0107 z pierwszego t\u0142oczenia 4L - Limpol - Dystrybutor produkt\u00f3w spo\u017cywczych | Import Eksport","og_url":"https:\/\/limpol.pl\/uk\/\u043f\u0440\u043e\u0434\u0443\u043a\u0442\u0438\/\u043e\u043b\u0438\u0432\u043a\u043e\u0432\u0430-\u043e\u043b\u0456\u044f-\u043f\u0435\u0440\u0448\u043e\u0433\u043e-\u0432\u0456\u0434\u0436\u0438\u043c\u0443-4-\u043b\/","og_site_name":"Limpol - Dystrybutor produkt\u00f3w spo\u017cywczych | Import Eksport","article_publisher":"https:\/\/www.facebook.com\/firmalimpol\/","article_modified_time":"2026-01-29T11:35:49+00:00","og_image":[{"width":1000,"height":1000,"url":"https:\/\/limpol.pl\/wp-content\/uploads\/2022\/10\/mueloliva-4l-puszka.webp","type":"image\/webp"}],"twitter_card":"summary_large_image","twitter_misc":{"\u041f\u0440\u0438\u0431\u043b. \u0447\u0430\u0441 \u0447\u0438\u0442\u0430\u043d\u043d\u044f":"1 \u0445\u0432\u0438\u043b\u0438\u043d\u0430"},"schema":{"@context":"https:\/\/schema.org","@graph":[{"@type":"WebPage","@id":"https:\/\/limpol.pl\/produkty\/oliwa-z-oliwek-najwyzszej-jakosc-z-pierwszego-tloczenia-4l\/","url":"https:\/\/limpol.pl\/produkty\/oliwa-z-oliwek-najwyzszej-jakosc-z-pierwszego-tloczenia-4l\/","name":"\u041e\u043b\u0438\u0432\u043a\u043e\u0432\u0430 \u043e\u043b\u0456\u044f \u043f\u0435\u0440\u0448\u043e\u0433\u043e \u0432\u0456\u0434\u0436\u0438\u043c\u0443 4\u043b - Limpol - \u0414\u0438\u0441\u0442\u0440\u0438\u0431'\u044e\u0442\u043e\u0440 \u043f\u0440\u043e\u0434\u0443\u043a\u0442\u0456\u0432 \u0445\u0430\u0440\u0447\u0443\u0432\u0430\u043d\u043d\u044f | \u0406\u043c\u043f\u043e\u0440\u0442 \u0415\u043a\u0441\u043f\u043e\u0440\u0442","isPartOf":{"@id":"https:\/\/limpol.pl\/#website"},"primaryImageOfPage":{"@id":"https:\/\/limpol.pl\/produkty\/oliwa-z-oliwek-najwyzszej-jakosc-z-pierwszego-tloczenia-4l\/#primaryimage"},"image":{"@id":"https:\/\/limpol.pl\/produkty\/oliwa-z-oliwek-najwyzszej-jakosc-z-pierwszego-tloczenia-4l\/#primaryimage"},"thumbnailUrl":"https:\/\/limpol.pl\/wp-content\/uploads\/2022\/10\/mueloliva-4l-puszka.webp","datePublished":"2022-10-27T11:18:34+00:00","dateModified":"2026-01-29T11:35:49+00:00","breadcrumb":{"@id":"https:\/\/limpol.pl\/produkty\/oliwa-z-oliwek-najwyzszej-jakosc-z-pierwszego-tloczenia-4l\/#breadcrumb"},"inLanguage":"uk","potentialAction":[{"@type":"ReadAction","target":["https:\/\/limpol.pl\/produkty\/oliwa-z-oliwek-najwyzszej-jakosc-z-pierwszego-tloczenia-4l\/"]}]},{"@type":"ImageObject","inLanguage":"uk","@id":"https:\/\/limpol.pl\/produkty\/oliwa-z-oliwek-najwyzszej-jakosc-z-pierwszego-tloczenia-4l\/#primaryimage","url":"https:\/\/limpol.pl\/wp-content\/uploads\/2022\/10\/mueloliva-4l-puszka.webp","contentUrl":"https:\/\/limpol.pl\/wp-content\/uploads\/2022\/10\/mueloliva-4l-puszka.webp","width":1000,"height":1000},{"@type":"BreadcrumbList","@id":"https:\/\/limpol.pl\/produkty\/oliwa-z-oliwek-najwyzszej-jakosc-z-pierwszego-tloczenia-4l\/#breadcrumb","itemListElement":[{"@type":"ListItem","position":1,"name":"Strona g\u0142\u00f3wna","item":"https:\/\/limpol.pl\/"},{"@type":"ListItem","position":2,"name":"Produkty","item":"https:\/\/limpol.pl\/shop\/"},{"@type":"ListItem","position":3,"name":"Oliwa z oliwek najwy\u017cszej jako\u015b\u0107 z pierwszego t\u0142oczenia 4L"}]},{"@type":"WebSite","@id":"https:\/\/limpol.pl\/#website","url":"https:\/\/limpol.pl\/","name":"Limpol - \u0414\u0438\u0441\u0442\u0440\u0438\u0431'\u044e\u0442\u043e\u0440 \u043f\u0440\u043e\u0434\u0443\u043a\u0442\u0456\u0432 \u0445\u0430\u0440\u0447\u0443\u0432\u0430\u043d\u043d\u044f | \u0406\u043c\u043f\u043e\u0440\u0442 \u0415\u043a\u0441\u043f\u043e\u0440\u0442","description":"\u0406\u043c\u043f\u043e\u0440\u0442\u0435\u0440 \u0442\u0430 \u0435\u043a\u0441\u043f\u043e\u0440\u0442\u0435\u0440 \u043f\u0440\u043e\u0434\u0443\u043a\u0442\u0456\u0432 \u0445\u0430\u0440\u0447\u0443\u0432\u0430\u043d\u043d\u044f","potentialAction":[{"@type":"SearchAction","target":{"@type":"EntryPoint","urlTemplate":"https:\/\/limpol.pl\/?s={search_term_string}"},"query-input":{"@type":"PropertyValueSpecification","valueRequired":true,"valueName":"search_term_string"}}],"inLanguage":"uk"}]}},"_links":{"self":[{"href":"https:\/\/limpol.pl\/uk\/wp-json\/wp\/v2\/product\/4921","targetHints":{"allow":["GET"]}}],"collection":[{"href":"https:\/\/limpol.pl\/uk\/wp-json\/wp\/v2\/product"}],"about":[{"href":"https:\/\/limpol.pl\/uk\/wp-json\/wp\/v2\/types\/product"}],"wp:featuredmedia":[{"embeddable":true,"href":"https:\/\/limpol.pl\/uk\/wp-json\/wp\/v2\/media\/4929"}],"wp:attachment":[{"href":"https:\/\/limpol.pl\/uk\/wp-json\/wp\/v2\/media?parent=4921"}],"wp:term":[{"taxonomy":"product_brand","embeddable":true,"href":"https:\/\/limpol.pl\/uk\/wp-json\/wp\/v2\/product_brand?post=4921"},{"taxonomy":"product_cat","embeddable":true,"href":"https:\/\/limpol.pl\/uk\/wp-json\/wp\/v2\/product_cat?post=4921"},{"taxonomy":"product_tag","embeddable":true,"href":"https:\/\/limpol.pl\/uk\/wp-json\/wp\/v2\/product_tag?post=4921"}],"curies":[{"name":"wp","href":"https:\/\/api.w.org\/{rel}","templated":true}]}}