{"id":5386,"date":"2023-01-25T13:16:00","date_gmt":"2023-01-25T12:16:00","guid":{"rendered":"https:\/\/limpol.pl\/?post_type=product&#038;p=5386"},"modified":"2026-01-29T12:34:40","modified_gmt":"2026-01-29T11:34:40","slug":"\u043d\u0443\u0442-\u0432-\u0440\u043e\u0437\u0441\u043e\u043b\u0456-\u0432-\u043c\u0456\u0448\u0435\u0447\u043a\u0443","status":"publish","type":"product","link":"https:\/\/limpol.pl\/uk\/\u043f\u0440\u043e\u0434\u0443\u043a\u0442\u0438\/\u043d\u0443\u0442-\u0432-\u0440\u043e\u0437\u0441\u043e\u043b\u0456-\u0432-\u043c\u0456\u0448\u0435\u0447\u043a\u0443\/","title":{"rendered":"\u041d\u0443\u0442 \u0432 \u0440\u043e\u0437\u0441\u043e\u043b\u0456 \u0432 \u043c\u0456\u0448\u0435\u0447\u043a\u0443"},"content":{"rendered":"<p>\u041d\u0443\u0442 \u0432 \u043c\u0430\u0440\u0438\u043d\u0430\u0434\u0456, \u043f\u0440\u0438\u0441\u0432\u044f\u0447\u0435\u043d\u0438\u0439 \u043a\u0430\u043d\u0430\u043b\u0443 HoReCa. \u0412\u0435\u043b\u0438\u043a\u0430 \u0443\u043f\u0430\u043a\u043e\u0432\u043a\u0430 \u0456\u0434\u0435\u0430\u043b\u044c\u043d\u043e \u043f\u0456\u0434\u0445\u043e\u0434\u0438\u0442\u044c \u0434\u043b\u044f \u043f\u0440\u0438\u0433\u043e\u0442\u0443\u0432\u0430\u043d\u043d\u044f \u0432\u0435\u043b\u0438\u043a\u043e\u0457 \u043a\u0456\u043b\u044c\u043a\u043e\u0441\u0442\u0456 \u0442\u0440\u0435\u043d\u0434\u043e\u0432\u043e\u0433\u043e \u0445\u0443\u043c\u0443\u0441\u0443 \u0430\u0431\u043e \u0446\u0456\u043a\u0430\u0432\u0438\u0445 \u0441\u0430\u043b\u0430\u0442\u0456\u0432. \u0417 \u043d\u044c\u043e\u0433\u043e \u043c\u043e\u0436\u043d\u0430 \u0433\u043e\u0442\u0443\u0432\u0430\u0442\u0438 \u0432\u0441\u0456 \u0432\u0438\u0434\u0438 \u043f\u0430\u0441\u0442 \u0442\u0430 \u043e\u0432\u043e\u0447\u0435\u0432\u0438\u0445 \u043f\u0430\u0448\u0442\u0435\u0442\u0456\u0432. \u0412\u0435\u0433\u0435\u0442\u0430\u0440\u0456\u0430\u043d\u0446\u0456 \u0431\u0443\u0434\u0443\u0442\u044c \u0443 \u0437\u0430\u0445\u0432\u0430\u0442\u0456 \u0432\u0456\u0434 \u043f\u0440\u0438\u0433\u043e\u0442\u043e\u0432\u0430\u043d\u0438\u0445 \u0437 \u043d\u0438\u043c \u0441\u0442\u0440\u0430\u0432. \u041f\u043e\u0436\u0438\u0432\u043d\u0438\u0439 \u0456 \u043c\u043e\u0434\u043d\u0438\u0439 \u043d\u0443\u0442 \u043f\u043e\u0445\u043e\u0434\u0438\u0442\u044c \u0437 \u0406\u0442\u0430\u043b\u0456\u0457 \u0456 \u043f\u0440\u043e\u0434\u0430\u0454\u0442\u044c\u0441\u044f \u0432 \u043c\u0456\u0448\u0435\u0447\u043a\u0443.<\/p>","protected":false},"excerpt":{"rendered":"<p>\u041d\u0443\u0442 \u0432 \u043c\u0430\u0440\u0438\u043d\u0430\u0434\u0456, \u043f\u0440\u0438\u0441\u0432\u044f\u0447\u0435\u043d\u0438\u0439 \u043a\u0430\u043d\u0430\u043b\u0443 HoReCa. \u0412\u0435\u043b\u0438\u043a\u0430 \u0443\u043f\u0430\u043a\u043e\u0432\u043a\u0430 \u0456\u0434\u0435\u0430\u043b\u044c\u043d\u043e \u043f\u0456\u0434\u0445\u043e\u0434\u0438\u0442\u044c \u0434\u043b\u044f \u043f\u0440\u0438\u0433\u043e\u0442\u0443\u0432\u0430\u043d\u043d\u044f \u0432\u0435\u043b\u0438\u043a\u043e\u0457 \u043a\u0456\u043b\u044c\u043a\u043e\u0441\u0442\u0456 \u0442\u0440\u0435\u043d\u0434\u043e\u0432\u043e\u0433\u043e \u0445\u0443\u043c\u0443\u0441\u0443 \u0430\u0431\u043e \u0446\u0456\u043a\u0430\u0432\u0438\u0445 \u0441\u0430\u043b\u0430\u0442\u0456\u0432. \u0417 \u043d\u044c\u043e\u0433\u043e \u043c\u043e\u0436\u043d\u0430 \u0433\u043e\u0442\u0443\u0432\u0430\u0442\u0438 \u0432\u0441\u0456 \u0432\u0438\u0434\u0438 \u043f\u0430\u0441\u0442 \u0442\u0430 \u043e\u0432\u043e\u0447\u0435\u0432\u0438\u0445 \u043f\u0430\u0448\u0442\u0435\u0442\u0456\u0432. \u0412\u0435\u0433\u0435\u0442\u0430\u0440\u0456\u0430\u043d\u0446\u0456 \u0431\u0443\u0434\u0443\u0442\u044c \u0443 \u0437\u0430\u0445\u0432\u0430\u0442\u0456 \u0432\u0456\u0434 \u043f\u0440\u0438\u0433\u043e\u0442\u043e\u0432\u0430\u043d\u0438\u0445 \u0437 \u043d\u0438\u043c \u0441\u0442\u0440\u0430\u0432. \u041f\u043e\u0436\u0438\u0432\u043d\u0438\u0439 \u0456 \u043c\u043e\u0434\u043d\u0438\u0439 \u043d\u0443\u0442 \u043f\u043e\u0445\u043e\u0434\u0438\u0442\u044c \u0437 \u0406\u0442\u0430\u043b\u0456\u0457 \u0456 \u043f\u0440\u043e\u0434\u0430\u0454\u0442\u044c\u0441\u044f \u0432 \u043c\u0456\u0448\u0435\u0447\u043a\u0443.<\/p>","protected":false},"featured_media":5388,"template":"","meta":[],"product_brand":[],"product_cat":[57,263],"product_tag":[],"class_list":{"0":"post-5386","1":"product","2":"type-product","3":"status-publish","4":"has-post-thumbnail","6":"product_cat-produkty-vera","7":"product_cat-przetwory-warzywne","8":"pa_atrybut-detal-horeca-horeca","9":"pa_masa-netto-4800g","10":"pa_masa-po-odsaczeniu-4000g","12":"first","13":"instock","14":"shipping-taxable","15":"product-type-simple"},"yoast_head":"<!-- This site is optimized with the Yoast SEO plugin v27.3 - https:\/\/yoast.com\/product\/yoast-seo-wordpress\/ -->\n<title>Ciecierzyca w zalewie w pouchu - Limpol - Dystrybutor produkt\u00f3w spo\u017cywczych | Import Eksport<\/title>\n<meta name=\"robots\" content=\"index, follow, max-snippet:-1, max-image-preview:large, max-video-preview:-1\" \/>\n<link rel=\"canonical\" href=\"https:\/\/limpol.pl\/uk\/\u043f\u0440\u043e\u0434\u0443\u043a\u0442\u0438\/\u043d\u0443\u0442-\u0432-\u0440\u043e\u0437\u0441\u043e\u043b\u0456-\u0432-\u043c\u0456\u0448\u0435\u0447\u043a\u0443\/\" \/>\n<meta property=\"og:locale\" content=\"uk_UA\" \/>\n<meta property=\"og:type\" content=\"article\" \/>\n<meta property=\"og:title\" content=\"Ciecierzyca w zalewie w pouchu - Limpol - Dystrybutor produkt\u00f3w spo\u017cywczych | Import Eksport\" \/>\n<meta property=\"og:description\" content=\"Ciecierzyca w zalewie, dedykowana kana\u0142owi HoReCa. Du\u017ce opakowanie idealne do przygotowania wi\u0119kszej ilo\u015bci modnego hummusu lub ciekawych sa\u0142atek. Skomponujesz z niej wszelkie warianty past oraz pasztet\u00f3w warzywnych. Przygotowanymi z niej daniami zachwycisz wegetarian. Po\u017cywna i modna dzisiaj ciecierzyca, pochodzi z W\u0142och, dost\u0119pna jest w opakowaniu typu pouch.\" \/>\n<meta property=\"og:url\" content=\"https:\/\/limpol.pl\/uk\/\u043f\u0440\u043e\u0434\u0443\u043a\u0442\u0438\/\u043d\u0443\u0442-\u0432-\u0440\u043e\u0437\u0441\u043e\u043b\u0456-\u0432-\u043c\u0456\u0448\u0435\u0447\u043a\u0443\/\" \/>\n<meta property=\"og:site_name\" content=\"Limpol - Dystrybutor produkt\u00f3w spo\u017cywczych | Import Eksport\" \/>\n<meta property=\"article:publisher\" content=\"https:\/\/www.facebook.com\/firmalimpol\/\" \/>\n<meta property=\"article:modified_time\" content=\"2026-01-29T11:34:40+00:00\" \/>\n<meta property=\"og:image\" content=\"https:\/\/limpol.pl\/wp-content\/uploads\/2023\/01\/ciecierzyca-4800-pouch-CIEN.jpg\" \/>\n\t<meta property=\"og:image:width\" content=\"1000\" \/>\n\t<meta property=\"og:image:height\" content=\"1000\" \/>\n\t<meta property=\"og:image:type\" content=\"image\/jpeg\" \/>\n<meta name=\"twitter:card\" content=\"summary_large_image\" \/>\n<meta name=\"twitter:label1\" content=\"\u041f\u0440\u0438\u0431\u043b. \u0447\u0430\u0441 \u0447\u0438\u0442\u0430\u043d\u043d\u044f\" \/>\n\t<meta name=\"twitter:data1\" content=\"1 \u0445\u0432\u0438\u043b\u0438\u043d\u0430\" \/>\n<script type=\"application\/ld+json\" class=\"yoast-schema-graph\">{\"@context\":\"https:\\\/\\\/schema.org\",\"@graph\":[{\"@type\":\"WebPage\",\"@id\":\"https:\\\/\\\/limpol.pl\\\/produkty\\\/ciecierzyca-w-zalewie-w-pouchu\\\/\",\"url\":\"https:\\\/\\\/limpol.pl\\\/produkty\\\/ciecierzyca-w-zalewie-w-pouchu\\\/\",\"name\":\"Ciecierzyca w zalewie w pouchu - Limpol - Dystrybutor produkt\u00f3w spo\u017cywczych | Import Eksport\",\"isPartOf\":{\"@id\":\"https:\\\/\\\/limpol.pl\\\/#website\"},\"primaryImageOfPage\":{\"@id\":\"https:\\\/\\\/limpol.pl\\\/produkty\\\/ciecierzyca-w-zalewie-w-pouchu\\\/#primaryimage\"},\"image\":{\"@id\":\"https:\\\/\\\/limpol.pl\\\/produkty\\\/ciecierzyca-w-zalewie-w-pouchu\\\/#primaryimage\"},\"thumbnailUrl\":\"https:\\\/\\\/limpol.pl\\\/wp-content\\\/uploads\\\/2023\\\/01\\\/ciecierzyca-4800-pouch-CIEN.jpg\",\"datePublished\":\"2023-01-25T12:16:00+00:00\",\"dateModified\":\"2026-01-29T11:34:40+00:00\",\"breadcrumb\":{\"@id\":\"https:\\\/\\\/limpol.pl\\\/produkty\\\/ciecierzyca-w-zalewie-w-pouchu\\\/#breadcrumb\"},\"inLanguage\":\"uk\",\"potentialAction\":[{\"@type\":\"ReadAction\",\"target\":[\"https:\\\/\\\/limpol.pl\\\/produkty\\\/ciecierzyca-w-zalewie-w-pouchu\\\/\"]}]},{\"@type\":\"ImageObject\",\"inLanguage\":\"uk\",\"@id\":\"https:\\\/\\\/limpol.pl\\\/produkty\\\/ciecierzyca-w-zalewie-w-pouchu\\\/#primaryimage\",\"url\":\"https:\\\/\\\/limpol.pl\\\/wp-content\\\/uploads\\\/2023\\\/01\\\/ciecierzyca-4800-pouch-CIEN.jpg\",\"contentUrl\":\"https:\\\/\\\/limpol.pl\\\/wp-content\\\/uploads\\\/2023\\\/01\\\/ciecierzyca-4800-pouch-CIEN.jpg\",\"width\":1000,\"height\":1000},{\"@type\":\"BreadcrumbList\",\"@id\":\"https:\\\/\\\/limpol.pl\\\/produkty\\\/ciecierzyca-w-zalewie-w-pouchu\\\/#breadcrumb\",\"itemListElement\":[{\"@type\":\"ListItem\",\"position\":1,\"name\":\"Strona g\u0142\u00f3wna\",\"item\":\"https:\\\/\\\/limpol.pl\\\/\"},{\"@type\":\"ListItem\",\"position\":2,\"name\":\"Produkty\",\"item\":\"https:\\\/\\\/limpol.pl\\\/shop\\\/\"},{\"@type\":\"ListItem\",\"position\":3,\"name\":\"Ciecierzyca w zalewie w pouchu\"}]},{\"@type\":\"WebSite\",\"@id\":\"https:\\\/\\\/limpol.pl\\\/#website\",\"url\":\"https:\\\/\\\/limpol.pl\\\/\",\"name\":\"Limpol - Dystrybutor produkt\u00f3w spo\u017cywczych | Import Eksport\",\"description\":\"Importer i eksporter produkt\u00f3w spo\u017cywczych\",\"potentialAction\":[{\"@type\":\"SearchAction\",\"target\":{\"@type\":\"EntryPoint\",\"urlTemplate\":\"https:\\\/\\\/limpol.pl\\\/?s={search_term_string}\"},\"query-input\":{\"@type\":\"PropertyValueSpecification\",\"valueRequired\":true,\"valueName\":\"search_term_string\"}}],\"inLanguage\":\"uk\"}]}<\/script>\n<!-- \/ Yoast SEO plugin. -->","yoast_head_json":{"title":"\u041d\u0443\u0442 \u0432 \u0440\u043e\u0437\u0441\u043e\u043b\u0456 \u0432 \u043c\u0456\u0448\u0435\u0447\u043a\u0443 - \u041b\u0456\u043c\u043f\u043e\u043b - \u0414\u0438\u0441\u0442\u0440\u0438\u0431'\u044e\u0442\u043e\u0440 \u043f\u0440\u043e\u0434\u0443\u043a\u0442\u0456\u0432 \u0445\u0430\u0440\u0447\u0443\u0432\u0430\u043d\u043d\u044f | \u0406\u043c\u043f\u043e\u0440\u0442 \u0415\u043a\u0441\u043f\u043e\u0440\u0442","robots":{"index":"index","follow":"follow","max-snippet":"max-snippet:-1","max-image-preview":"max-image-preview:large","max-video-preview":"max-video-preview:-1"},"canonical":"https:\/\/limpol.pl\/uk\/\u043f\u0440\u043e\u0434\u0443\u043a\u0442\u0438\/\u043d\u0443\u0442-\u0432-\u0440\u043e\u0437\u0441\u043e\u043b\u0456-\u0432-\u043c\u0456\u0448\u0435\u0447\u043a\u0443\/","og_locale":"uk_UA","og_type":"article","og_title":"Ciecierzyca w zalewie w pouchu - Limpol - Dystrybutor produkt\u00f3w spo\u017cywczych | Import Eksport","og_description":"Ciecierzyca w zalewie, dedykowana kana\u0142owi HoReCa. Du\u017ce opakowanie idealne do przygotowania wi\u0119kszej ilo\u015bci modnego hummusu lub ciekawych sa\u0142atek. Skomponujesz z niej wszelkie warianty past oraz pasztet\u00f3w warzywnych. Przygotowanymi z niej daniami zachwycisz wegetarian. Po\u017cywna i modna dzisiaj ciecierzyca, pochodzi z W\u0142och, dost\u0119pna jest w opakowaniu typu pouch.","og_url":"https:\/\/limpol.pl\/uk\/\u043f\u0440\u043e\u0434\u0443\u043a\u0442\u0438\/\u043d\u0443\u0442-\u0432-\u0440\u043e\u0437\u0441\u043e\u043b\u0456-\u0432-\u043c\u0456\u0448\u0435\u0447\u043a\u0443\/","og_site_name":"Limpol - Dystrybutor produkt\u00f3w spo\u017cywczych | Import Eksport","article_publisher":"https:\/\/www.facebook.com\/firmalimpol\/","article_modified_time":"2026-01-29T11:34:40+00:00","og_image":[{"width":1000,"height":1000,"url":"https:\/\/limpol.pl\/wp-content\/uploads\/2023\/01\/ciecierzyca-4800-pouch-CIEN.jpg","type":"image\/jpeg"}],"twitter_card":"summary_large_image","twitter_misc":{"\u041f\u0440\u0438\u0431\u043b. \u0447\u0430\u0441 \u0447\u0438\u0442\u0430\u043d\u043d\u044f":"1 \u0445\u0432\u0438\u043b\u0438\u043d\u0430"},"schema":{"@context":"https:\/\/schema.org","@graph":[{"@type":"WebPage","@id":"https:\/\/limpol.pl\/produkty\/ciecierzyca-w-zalewie-w-pouchu\/","url":"https:\/\/limpol.pl\/produkty\/ciecierzyca-w-zalewie-w-pouchu\/","name":"\u041d\u0443\u0442 \u0432 \u0440\u043e\u0437\u0441\u043e\u043b\u0456 \u0432 \u043c\u0456\u0448\u0435\u0447\u043a\u0443 - \u041b\u0456\u043c\u043f\u043e\u043b - \u0414\u0438\u0441\u0442\u0440\u0438\u0431'\u044e\u0442\u043e\u0440 \u043f\u0440\u043e\u0434\u0443\u043a\u0442\u0456\u0432 \u0445\u0430\u0440\u0447\u0443\u0432\u0430\u043d\u043d\u044f | \u0406\u043c\u043f\u043e\u0440\u0442 \u0415\u043a\u0441\u043f\u043e\u0440\u0442","isPartOf":{"@id":"https:\/\/limpol.pl\/#website"},"primaryImageOfPage":{"@id":"https:\/\/limpol.pl\/produkty\/ciecierzyca-w-zalewie-w-pouchu\/#primaryimage"},"image":{"@id":"https:\/\/limpol.pl\/produkty\/ciecierzyca-w-zalewie-w-pouchu\/#primaryimage"},"thumbnailUrl":"https:\/\/limpol.pl\/wp-content\/uploads\/2023\/01\/ciecierzyca-4800-pouch-CIEN.jpg","datePublished":"2023-01-25T12:16:00+00:00","dateModified":"2026-01-29T11:34:40+00:00","breadcrumb":{"@id":"https:\/\/limpol.pl\/produkty\/ciecierzyca-w-zalewie-w-pouchu\/#breadcrumb"},"inLanguage":"uk","potentialAction":[{"@type":"ReadAction","target":["https:\/\/limpol.pl\/produkty\/ciecierzyca-w-zalewie-w-pouchu\/"]}]},{"@type":"ImageObject","inLanguage":"uk","@id":"https:\/\/limpol.pl\/produkty\/ciecierzyca-w-zalewie-w-pouchu\/#primaryimage","url":"https:\/\/limpol.pl\/wp-content\/uploads\/2023\/01\/ciecierzyca-4800-pouch-CIEN.jpg","contentUrl":"https:\/\/limpol.pl\/wp-content\/uploads\/2023\/01\/ciecierzyca-4800-pouch-CIEN.jpg","width":1000,"height":1000},{"@type":"BreadcrumbList","@id":"https:\/\/limpol.pl\/produkty\/ciecierzyca-w-zalewie-w-pouchu\/#breadcrumb","itemListElement":[{"@type":"ListItem","position":1,"name":"Strona g\u0142\u00f3wna","item":"https:\/\/limpol.pl\/"},{"@type":"ListItem","position":2,"name":"Produkty","item":"https:\/\/limpol.pl\/shop\/"},{"@type":"ListItem","position":3,"name":"Ciecierzyca w zalewie w pouchu"}]},{"@type":"WebSite","@id":"https:\/\/limpol.pl\/#website","url":"https:\/\/limpol.pl\/","name":"Limpol - \u0414\u0438\u0441\u0442\u0440\u0438\u0431'\u044e\u0442\u043e\u0440 \u043f\u0440\u043e\u0434\u0443\u043a\u0442\u0456\u0432 \u0445\u0430\u0440\u0447\u0443\u0432\u0430\u043d\u043d\u044f | \u0406\u043c\u043f\u043e\u0440\u0442 \u0415\u043a\u0441\u043f\u043e\u0440\u0442","description":"\u0406\u043c\u043f\u043e\u0440\u0442\u0435\u0440 \u0442\u0430 \u0435\u043a\u0441\u043f\u043e\u0440\u0442\u0435\u0440 \u043f\u0440\u043e\u0434\u0443\u043a\u0442\u0456\u0432 \u0445\u0430\u0440\u0447\u0443\u0432\u0430\u043d\u043d\u044f","potentialAction":[{"@type":"SearchAction","target":{"@type":"EntryPoint","urlTemplate":"https:\/\/limpol.pl\/?s={search_term_string}"},"query-input":{"@type":"PropertyValueSpecification","valueRequired":true,"valueName":"search_term_string"}}],"inLanguage":"uk"}]}},"_links":{"self":[{"href":"https:\/\/limpol.pl\/uk\/wp-json\/wp\/v2\/product\/5386","targetHints":{"allow":["GET"]}}],"collection":[{"href":"https:\/\/limpol.pl\/uk\/wp-json\/wp\/v2\/product"}],"about":[{"href":"https:\/\/limpol.pl\/uk\/wp-json\/wp\/v2\/types\/product"}],"wp:featuredmedia":[{"embeddable":true,"href":"https:\/\/limpol.pl\/uk\/wp-json\/wp\/v2\/media\/5388"}],"wp:attachment":[{"href":"https:\/\/limpol.pl\/uk\/wp-json\/wp\/v2\/media?parent=5386"}],"wp:term":[{"taxonomy":"product_brand","embeddable":true,"href":"https:\/\/limpol.pl\/uk\/wp-json\/wp\/v2\/product_brand?post=5386"},{"taxonomy":"product_cat","embeddable":true,"href":"https:\/\/limpol.pl\/uk\/wp-json\/wp\/v2\/product_cat?post=5386"},{"taxonomy":"product_tag","embeddable":true,"href":"https:\/\/limpol.pl\/uk\/wp-json\/wp\/v2\/product_tag?post=5386"}],"curies":[{"name":"wp","href":"https:\/\/api.w.org\/{rel}","templated":true}]}}