{"id":5743,"date":"2023-04-05T18:14:00","date_gmt":"2023-04-05T16:14:00","guid":{"rendered":"https:\/\/limpol.pl\/?post_type=product&#038;p=5743"},"modified":"2023-05-11T10:05:33","modified_gmt":"2023-05-11T08:05:33","slug":"\u043d\u0430\u0440\u0456\u0437\u0430\u043d\u0456-\u0433\u0440\u0438\u0431\u0438-\u0432-\u043c\u0430\u0440\u0438\u043d\u0430\u0434\u0456-5-\u043a\u0433-\u043c\u0456\u0448\u043e\u043a","status":"publish","type":"product","link":"https:\/\/limpol.pl\/uk\/\u043f\u0440\u043e\u0434\u0443\u043a\u0442\u0438\/\u043d\u0430\u0440\u0456\u0437\u0430\u043d\u0456-\u0433\u0440\u0438\u0431\u0438-\u0432-\u043c\u0430\u0440\u0438\u043d\u0430\u0434\u0456-5-\u043a\u0433-\u043c\u0456\u0448\u043e\u043a\/","title":{"rendered":"\u041d\u0430\u0440\u0456\u0437\u0430\u043d\u0456 \u0433\u0440\u0438\u0431\u0438 \u0432 \u043c\u0430\u0440\u0438\u043d\u0430\u0434\u0456 | \u043c\u0456\u0448\u043e\u043a 5 \u043a\u0433"},"content":{"rendered":"<p>\u041f\u0435\u0447\u0435\u0440\u0438\u0446\u0456 \u043d\u0430\u0440\u0456\u0437\u0430\u043d\u0456 \u0432 \u043c\u0430\u0440\u0438\u043d\u0430\u0434\u0456, \u043f\u0440\u043e\u0434\u0443\u043a\u0442, \u043e\u0440\u0456\u0454\u043d\u0442\u043e\u0432\u0430\u043d\u0438\u0439 \u043d\u0430 \u043a\u0430\u043d\u0430\u043b HoReCa \u0437\u0430\u0432\u0434\u044f\u043a\u0438 \u0441\u0432\u043e\u0457\u0439 \u0432\u0435\u043b\u0438\u043a\u0456\u0439 \u0432\u0430\u0437\u0456 \u0442\u0430 \u0433\u043e\u0442\u043e\u0432\u043d\u043e\u0441\u0442\u0456 \u0434\u043e \u0432\u0436\u0438\u0432\u0430\u043d\u043d\u044f \u043e\u0434\u0440\u0430\u0437\u0443 \u043f\u0456\u0441\u043b\u044f \u0432\u0456\u0434\u043a\u0440\u0438\u0442\u0442\u044f - \u043f\u0435\u0447\u0435\u0440\u0438\u0446\u0456 \u043d\u0430\u0440\u0456\u0437\u0430\u043d\u0456 \u0442\u043e\u043d\u043a\u0438\u043c\u0438 \u0441\u043a\u0438\u0431\u043e\u0447\u043a\u0430\u043c\u0438. \u041f\u043e\u043c\u0456\u0449\u0435\u043d\u0456 \u0432 \u0430\u0440\u043e\u043c\u0430\u0442\u043d\u0438\u0439, \u043f\u0440\u0438\u043f\u0440\u0430\u0432\u043b\u0435\u043d\u0438\u0439 \u0442\u0440\u0430\u0432\u0430\u043c\u0438 \u043c\u0430\u0440\u0438\u043d\u0430\u0434, \u0432 \u0443\u043f\u0430\u043a\u043e\u0432\u043a\u0443 \u0442\u0438\u043f\u0443 \u043c\u0456\u0448\u0435\u0447\u043e\u043a - \u043b\u0435\u0433\u043a\u0443, \u0433\u0435\u0440\u043c\u0435\u0442\u0438\u0447\u043d\u0443 \u0456 \u0437\u0440\u0443\u0447\u043d\u0443 \u0434\u043b\u044f \u0437\u0431\u0435\u0440\u0456\u0433\u0430\u043d\u043d\u044f. \u0406\u0434\u0435\u0430\u043b\u044c\u043d\u043e \u043f\u0456\u0434\u0456\u0439\u0434\u0435 \u0434\u043b\u044f \u0440\u0435\u0441\u0442\u043e\u0440\u0430\u043d\u0443 \u0430\u0431\u043e \u043f\u0456\u0446\u0435\u0440\u0456\u0457 \u043f\u0440\u0438 \u043f\u0440\u0438\u0433\u043e\u0442\u0443\u0432\u0430\u043d\u043d\u0456 \u0441\u0442\u0440\u0430\u0432 \u0434\u043b\u044f \u0431\u0430\u0433\u0430\u0442\u044c\u043e\u0445 \u043a\u043b\u0456\u0454\u043d\u0442\u0456\u0432, \u044f\u043a\u0456 \u0431\u0443\u0434\u0443\u0442\u044c \u0432 \u0437\u0430\u0445\u0432\u0430\u0442\u0456 \u0432\u0456\u0434 \u0457\u0445 \u0441\u043c\u0430\u043a\u0443. \u041f\u0440\u043e\u0434\u0443\u043a\u0442 \u043c\u0430\u0454 \u0432\u0438\u043a\u043b\u044e\u0447\u043d\u043e \u043f\u043e\u043b\u044c\u0441\u044c\u043a\u0435 \u043f\u043e\u0445\u043e\u0434\u0436\u0435\u043d\u043d\u044f \u0456 \u0432\u0430\u0436\u0438\u0442\u044c 3 \u043a\u0433 \u043f\u0456\u0441\u043b\u044f \u0437\u043b\u0438\u0432\u0443 \u043c\u0430\u0440\u0438\u043d\u0430\u0434\u0443.<\/p>","protected":false},"excerpt":{"rendered":"<p>Pieczarki krojone w zalewie, produkt dedykowany kana\u0142owi HoReCa ze wzgl\u0119du na du\u017c\u0105 gramatur\u0119 oraz gotowo\u015b\u0107 do u\u017cycia zaraz po otwarciu \u2013 grzybki poci\u0119te s\u0105 w cienkie talarki. Umieszczone w aromatycznej, doprawionej zio\u0142ami zalewie, w opakowaniu typu pouch \u2013 lekkim, szczelnym i \u0142atwym w magazynowaniu. Doskonale sprawdz\u0105 si\u0119 w restauracji czy pizzerii przy przygotowywaniu da\u0144 dla [&hellip;]<\/p>\n","protected":false},"featured_media":5823,"template":"","meta":[],"product_brand":[],"product_cat":[845,57,263],"product_tag":[],"class_list":{"0":"post-5743","1":"product","2":"type-product","3":"status-publish","4":"has-post-thumbnail","6":"product_cat-dla-pizzerii-i-trattorii","7":"product_cat-produkty-vera","8":"product_cat-przetwory-warzywne","9":"pa_atrybut-detal-horeca-horeca","10":"pa_masa-netto-5000g","12":"first","13":"instock","14":"shipping-taxable","15":"product-type-simple"},"yoast_head":"<!-- This site is optimized with the Yoast SEO plugin v27.3 - https:\/\/yoast.com\/product\/yoast-seo-wordpress\/ -->\n<title>Pieczarki krojone w zalewie | worek 5kg - Limpol - Dystrybutor produkt\u00f3w spo\u017cywczych | Import Eksport<\/title>\n<meta name=\"robots\" content=\"index, follow, max-snippet:-1, max-image-preview:large, max-video-preview:-1\" \/>\n<link rel=\"canonical\" href=\"https:\/\/limpol.pl\/uk\/\u043f\u0440\u043e\u0434\u0443\u043a\u0442\u0438\/\u043d\u0430\u0440\u0456\u0437\u0430\u043d\u0456-\u0433\u0440\u0438\u0431\u0438-\u0432-\u043c\u0430\u0440\u0438\u043d\u0430\u0434\u0456-5-\u043a\u0433-\u043c\u0456\u0448\u043e\u043a\/\" \/>\n<meta property=\"og:locale\" content=\"uk_UA\" \/>\n<meta property=\"og:type\" content=\"article\" \/>\n<meta property=\"og:title\" content=\"Pieczarki krojone w zalewie | worek 5kg - Limpol - Dystrybutor produkt\u00f3w spo\u017cywczych | Import Eksport\" \/>\n<meta property=\"og:description\" content=\"Pieczarki krojone w zalewie, produkt dedykowany kana\u0142owi HoReCa ze wzgl\u0119du na du\u017c\u0105 gramatur\u0119 oraz gotowo\u015b\u0107 do u\u017cycia zaraz po otwarciu \u2013 grzybki poci\u0119te s\u0105 w cienkie talarki. Umieszczone w aromatycznej, doprawionej zio\u0142ami zalewie, w opakowaniu typu pouch \u2013 lekkim, szczelnym i \u0142atwym w magazynowaniu. Doskonale sprawdz\u0105 si\u0119 w restauracji czy pizzerii przy przygotowywaniu da\u0144 dla [&hellip;]\" \/>\n<meta property=\"og:url\" content=\"https:\/\/limpol.pl\/uk\/\u043f\u0440\u043e\u0434\u0443\u043a\u0442\u0438\/\u043d\u0430\u0440\u0456\u0437\u0430\u043d\u0456-\u0433\u0440\u0438\u0431\u0438-\u0432-\u043c\u0430\u0440\u0438\u043d\u0430\u0434\u0456-5-\u043a\u0433-\u043c\u0456\u0448\u043e\u043a\/\" \/>\n<meta property=\"og:site_name\" content=\"Limpol - Dystrybutor produkt\u00f3w spo\u017cywczych | Import Eksport\" \/>\n<meta property=\"article:publisher\" content=\"https:\/\/www.facebook.com\/firmalimpol\/\" \/>\n<meta property=\"article:modified_time\" content=\"2023-05-11T08:05:33+00:00\" \/>\n<meta property=\"og:image\" content=\"https:\/\/limpol.pl\/wp-content\/uploads\/2023\/04\/pieczarki-w-zalewie-5-kg-CIEN.webp\" \/>\n\t<meta property=\"og:image:width\" content=\"1000\" \/>\n\t<meta property=\"og:image:height\" content=\"1000\" \/>\n\t<meta property=\"og:image:type\" content=\"image\/webp\" \/>\n<meta name=\"twitter:card\" content=\"summary_large_image\" \/>\n<meta name=\"twitter:label1\" content=\"\u041f\u0440\u0438\u0431\u043b. \u0447\u0430\u0441 \u0447\u0438\u0442\u0430\u043d\u043d\u044f\" \/>\n\t<meta name=\"twitter:data1\" content=\"1 \u0445\u0432\u0438\u043b\u0438\u043d\u0430\" \/>\n<script type=\"application\/ld+json\" class=\"yoast-schema-graph\">{\"@context\":\"https:\\\/\\\/schema.org\",\"@graph\":[{\"@type\":\"WebPage\",\"@id\":\"https:\\\/\\\/limpol.pl\\\/produkty\\\/pieczarki-krojone-w-zalewie-worek-5kg\\\/\",\"url\":\"https:\\\/\\\/limpol.pl\\\/produkty\\\/pieczarki-krojone-w-zalewie-worek-5kg\\\/\",\"name\":\"Pieczarki krojone w zalewie | worek 5kg - Limpol - Dystrybutor produkt\u00f3w spo\u017cywczych | Import Eksport\",\"isPartOf\":{\"@id\":\"https:\\\/\\\/limpol.pl\\\/#website\"},\"primaryImageOfPage\":{\"@id\":\"https:\\\/\\\/limpol.pl\\\/produkty\\\/pieczarki-krojone-w-zalewie-worek-5kg\\\/#primaryimage\"},\"image\":{\"@id\":\"https:\\\/\\\/limpol.pl\\\/produkty\\\/pieczarki-krojone-w-zalewie-worek-5kg\\\/#primaryimage\"},\"thumbnailUrl\":\"https:\\\/\\\/limpol.pl\\\/wp-content\\\/uploads\\\/2023\\\/04\\\/pieczarki-w-zalewie-5-kg-CIEN.webp\",\"datePublished\":\"2023-04-05T16:14:00+00:00\",\"dateModified\":\"2023-05-11T08:05:33+00:00\",\"breadcrumb\":{\"@id\":\"https:\\\/\\\/limpol.pl\\\/produkty\\\/pieczarki-krojone-w-zalewie-worek-5kg\\\/#breadcrumb\"},\"inLanguage\":\"uk\",\"potentialAction\":[{\"@type\":\"ReadAction\",\"target\":[\"https:\\\/\\\/limpol.pl\\\/produkty\\\/pieczarki-krojone-w-zalewie-worek-5kg\\\/\"]}]},{\"@type\":\"ImageObject\",\"inLanguage\":\"uk\",\"@id\":\"https:\\\/\\\/limpol.pl\\\/produkty\\\/pieczarki-krojone-w-zalewie-worek-5kg\\\/#primaryimage\",\"url\":\"https:\\\/\\\/limpol.pl\\\/wp-content\\\/uploads\\\/2023\\\/04\\\/pieczarki-w-zalewie-5-kg-CIEN.webp\",\"contentUrl\":\"https:\\\/\\\/limpol.pl\\\/wp-content\\\/uploads\\\/2023\\\/04\\\/pieczarki-w-zalewie-5-kg-CIEN.webp\",\"width\":1000,\"height\":1000},{\"@type\":\"BreadcrumbList\",\"@id\":\"https:\\\/\\\/limpol.pl\\\/produkty\\\/pieczarki-krojone-w-zalewie-worek-5kg\\\/#breadcrumb\",\"itemListElement\":[{\"@type\":\"ListItem\",\"position\":1,\"name\":\"Strona g\u0142\u00f3wna\",\"item\":\"https:\\\/\\\/limpol.pl\\\/\"},{\"@type\":\"ListItem\",\"position\":2,\"name\":\"Produkty\",\"item\":\"https:\\\/\\\/limpol.pl\\\/shop\\\/\"},{\"@type\":\"ListItem\",\"position\":3,\"name\":\"Pieczarki krojone w zalewie | worek 5kg\"}]},{\"@type\":\"WebSite\",\"@id\":\"https:\\\/\\\/limpol.pl\\\/#website\",\"url\":\"https:\\\/\\\/limpol.pl\\\/\",\"name\":\"Limpol - Dystrybutor produkt\u00f3w spo\u017cywczych | Import Eksport\",\"description\":\"Importer i eksporter produkt\u00f3w spo\u017cywczych\",\"potentialAction\":[{\"@type\":\"SearchAction\",\"target\":{\"@type\":\"EntryPoint\",\"urlTemplate\":\"https:\\\/\\\/limpol.pl\\\/?s={search_term_string}\"},\"query-input\":{\"@type\":\"PropertyValueSpecification\",\"valueRequired\":true,\"valueName\":\"search_term_string\"}}],\"inLanguage\":\"uk\"}]}<\/script>\n<!-- \/ Yoast SEO plugin. -->","yoast_head_json":{"title":"\u0413\u0440\u0438\u0431\u0438 \u043d\u0430\u0440\u0456\u0437\u0430\u043d\u0456 \u0432 \u043c\u0430\u0440\u0438\u043d\u0430\u0434\u0456 | \u043c\u0456\u0448\u043e\u043a 5\u043a\u0433 - Limpol - \u0414\u0438\u0441\u0442\u0440\u0438\u0431'\u044e\u0442\u043e\u0440 \u043f\u0440\u043e\u0434\u0443\u043a\u0442\u0456\u0432 \u0445\u0430\u0440\u0447\u0443\u0432\u0430\u043d\u043d\u044f | \u0406\u043c\u043f\u043e\u0440\u0442 \u0415\u043a\u0441\u043f\u043e\u0440\u0442","robots":{"index":"index","follow":"follow","max-snippet":"max-snippet:-1","max-image-preview":"max-image-preview:large","max-video-preview":"max-video-preview:-1"},"canonical":"https:\/\/limpol.pl\/uk\/\u043f\u0440\u043e\u0434\u0443\u043a\u0442\u0438\/\u043d\u0430\u0440\u0456\u0437\u0430\u043d\u0456-\u0433\u0440\u0438\u0431\u0438-\u0432-\u043c\u0430\u0440\u0438\u043d\u0430\u0434\u0456-5-\u043a\u0433-\u043c\u0456\u0448\u043e\u043a\/","og_locale":"uk_UA","og_type":"article","og_title":"Pieczarki krojone w zalewie | worek 5kg - Limpol - Dystrybutor produkt\u00f3w spo\u017cywczych | Import Eksport","og_description":"Pieczarki krojone w zalewie, produkt dedykowany kana\u0142owi HoReCa ze wzgl\u0119du na du\u017c\u0105 gramatur\u0119 oraz gotowo\u015b\u0107 do u\u017cycia zaraz po otwarciu \u2013 grzybki poci\u0119te s\u0105 w cienkie talarki. Umieszczone w aromatycznej, doprawionej zio\u0142ami zalewie, w opakowaniu typu pouch \u2013 lekkim, szczelnym i \u0142atwym w magazynowaniu. Doskonale sprawdz\u0105 si\u0119 w restauracji czy pizzerii przy przygotowywaniu da\u0144 dla [&hellip;]","og_url":"https:\/\/limpol.pl\/uk\/\u043f\u0440\u043e\u0434\u0443\u043a\u0442\u0438\/\u043d\u0430\u0440\u0456\u0437\u0430\u043d\u0456-\u0433\u0440\u0438\u0431\u0438-\u0432-\u043c\u0430\u0440\u0438\u043d\u0430\u0434\u0456-5-\u043a\u0433-\u043c\u0456\u0448\u043e\u043a\/","og_site_name":"Limpol - Dystrybutor produkt\u00f3w spo\u017cywczych | Import Eksport","article_publisher":"https:\/\/www.facebook.com\/firmalimpol\/","article_modified_time":"2023-05-11T08:05:33+00:00","og_image":[{"width":1000,"height":1000,"url":"https:\/\/limpol.pl\/wp-content\/uploads\/2023\/04\/pieczarki-w-zalewie-5-kg-CIEN.webp","type":"image\/webp"}],"twitter_card":"summary_large_image","twitter_misc":{"\u041f\u0440\u0438\u0431\u043b. \u0447\u0430\u0441 \u0447\u0438\u0442\u0430\u043d\u043d\u044f":"1 \u0445\u0432\u0438\u043b\u0438\u043d\u0430"},"schema":{"@context":"https:\/\/schema.org","@graph":[{"@type":"WebPage","@id":"https:\/\/limpol.pl\/produkty\/pieczarki-krojone-w-zalewie-worek-5kg\/","url":"https:\/\/limpol.pl\/produkty\/pieczarki-krojone-w-zalewie-worek-5kg\/","name":"\u0413\u0440\u0438\u0431\u0438 \u043d\u0430\u0440\u0456\u0437\u0430\u043d\u0456 \u0432 \u043c\u0430\u0440\u0438\u043d\u0430\u0434\u0456 | \u043c\u0456\u0448\u043e\u043a 5\u043a\u0433 - Limpol - \u0414\u0438\u0441\u0442\u0440\u0438\u0431'\u044e\u0442\u043e\u0440 \u043f\u0440\u043e\u0434\u0443\u043a\u0442\u0456\u0432 \u0445\u0430\u0440\u0447\u0443\u0432\u0430\u043d\u043d\u044f | \u0406\u043c\u043f\u043e\u0440\u0442 \u0415\u043a\u0441\u043f\u043e\u0440\u0442","isPartOf":{"@id":"https:\/\/limpol.pl\/#website"},"primaryImageOfPage":{"@id":"https:\/\/limpol.pl\/produkty\/pieczarki-krojone-w-zalewie-worek-5kg\/#primaryimage"},"image":{"@id":"https:\/\/limpol.pl\/produkty\/pieczarki-krojone-w-zalewie-worek-5kg\/#primaryimage"},"thumbnailUrl":"https:\/\/limpol.pl\/wp-content\/uploads\/2023\/04\/pieczarki-w-zalewie-5-kg-CIEN.webp","datePublished":"2023-04-05T16:14:00+00:00","dateModified":"2023-05-11T08:05:33+00:00","breadcrumb":{"@id":"https:\/\/limpol.pl\/produkty\/pieczarki-krojone-w-zalewie-worek-5kg\/#breadcrumb"},"inLanguage":"uk","potentialAction":[{"@type":"ReadAction","target":["https:\/\/limpol.pl\/produkty\/pieczarki-krojone-w-zalewie-worek-5kg\/"]}]},{"@type":"ImageObject","inLanguage":"uk","@id":"https:\/\/limpol.pl\/produkty\/pieczarki-krojone-w-zalewie-worek-5kg\/#primaryimage","url":"https:\/\/limpol.pl\/wp-content\/uploads\/2023\/04\/pieczarki-w-zalewie-5-kg-CIEN.webp","contentUrl":"https:\/\/limpol.pl\/wp-content\/uploads\/2023\/04\/pieczarki-w-zalewie-5-kg-CIEN.webp","width":1000,"height":1000},{"@type":"BreadcrumbList","@id":"https:\/\/limpol.pl\/produkty\/pieczarki-krojone-w-zalewie-worek-5kg\/#breadcrumb","itemListElement":[{"@type":"ListItem","position":1,"name":"Strona g\u0142\u00f3wna","item":"https:\/\/limpol.pl\/"},{"@type":"ListItem","position":2,"name":"Produkty","item":"https:\/\/limpol.pl\/shop\/"},{"@type":"ListItem","position":3,"name":"Pieczarki krojone w zalewie | worek 5kg"}]},{"@type":"WebSite","@id":"https:\/\/limpol.pl\/#website","url":"https:\/\/limpol.pl\/","name":"Limpol - \u0414\u0438\u0441\u0442\u0440\u0438\u0431'\u044e\u0442\u043e\u0440 \u043f\u0440\u043e\u0434\u0443\u043a\u0442\u0456\u0432 \u0445\u0430\u0440\u0447\u0443\u0432\u0430\u043d\u043d\u044f | \u0406\u043c\u043f\u043e\u0440\u0442 \u0415\u043a\u0441\u043f\u043e\u0440\u0442","description":"\u0406\u043c\u043f\u043e\u0440\u0442\u0435\u0440 \u0442\u0430 \u0435\u043a\u0441\u043f\u043e\u0440\u0442\u0435\u0440 \u043f\u0440\u043e\u0434\u0443\u043a\u0442\u0456\u0432 \u0445\u0430\u0440\u0447\u0443\u0432\u0430\u043d\u043d\u044f","potentialAction":[{"@type":"SearchAction","target":{"@type":"EntryPoint","urlTemplate":"https:\/\/limpol.pl\/?s={search_term_string}"},"query-input":{"@type":"PropertyValueSpecification","valueRequired":true,"valueName":"search_term_string"}}],"inLanguage":"uk"}]}},"_links":{"self":[{"href":"https:\/\/limpol.pl\/uk\/wp-json\/wp\/v2\/product\/5743","targetHints":{"allow":["GET"]}}],"collection":[{"href":"https:\/\/limpol.pl\/uk\/wp-json\/wp\/v2\/product"}],"about":[{"href":"https:\/\/limpol.pl\/uk\/wp-json\/wp\/v2\/types\/product"}],"wp:featuredmedia":[{"embeddable":true,"href":"https:\/\/limpol.pl\/uk\/wp-json\/wp\/v2\/media\/5823"}],"wp:attachment":[{"href":"https:\/\/limpol.pl\/uk\/wp-json\/wp\/v2\/media?parent=5743"}],"wp:term":[{"taxonomy":"product_brand","embeddable":true,"href":"https:\/\/limpol.pl\/uk\/wp-json\/wp\/v2\/product_brand?post=5743"},{"taxonomy":"product_cat","embeddable":true,"href":"https:\/\/limpol.pl\/uk\/wp-json\/wp\/v2\/product_cat?post=5743"},{"taxonomy":"product_tag","embeddable":true,"href":"https:\/\/limpol.pl\/uk\/wp-json\/wp\/v2\/product_tag?post=5743"}],"curies":[{"name":"wp","href":"https:\/\/api.w.org\/{rel}","templated":true}]}}