{"id":5753,"date":"2023-04-05T18:26:51","date_gmt":"2023-04-05T16:26:51","guid":{"rendered":"https:\/\/limpol.pl\/?post_type=product&#038;p=5753"},"modified":"2023-04-05T18:26:52","modified_gmt":"2023-04-05T16:26:52","slug":"\u043c\u0430\u0440\u0438\u043d\u043e\u0432\u0430\u043d\u0456-\u0446\u0456\u043b\u0456-\u0433\u0440\u0438\u0431\u0438-\u0432-\u0431\u0430\u043d\u0446\u0456-750\u0433","status":"publish","type":"product","link":"https:\/\/limpol.pl\/uk\/\u043f\u0440\u043e\u0434\u0443\u043a\u0442\u0438\/\u043c\u0430\u0440\u0438\u043d\u043e\u0432\u0430\u043d\u0456-\u0446\u0456\u043b\u0456-\u0433\u0440\u0438\u0431\u0438-\u0432-\u0431\u0430\u043d\u0446\u0456-750\u0433\/","title":{"rendered":"\u041f\u0435\u0447\u0435\u0440\u0438\u0446\u0456 \u0446\u0456\u043b\u0456 \u0432 \u043c\u0430\u0440\u0438\u043d\u0430\u0434\u0456 \u0432 \u0431\u0430\u043d\u0446\u0456 750\u0433"},"content":{"rendered":"<p>\u0426\u0456\u043b\u0456 \u0433\u0440\u0438\u0431\u0438 \u0432 \u043c\u0430\u0440\u0438\u043d\u0430\u0434\u0456 \u0443 \u0432\u0435\u043b\u0438\u043a\u0456\u0439 \u0443\u043f\u0430\u043a\u043e\u0432\u0446\u0456 - \u043f\u0440\u0430\u043a\u0442\u0438\u0447\u043d\u0456 \u0434\u043b\u044f \u043f\u0440\u0438\u0433\u043e\u0442\u0443\u0432\u0430\u043d\u043d\u044f \u043a\u0456\u043b\u044c\u043a\u043e\u0445 \u0440\u0456\u0437\u043d\u0438\u0445 \u0437\u0430\u043a\u0443\u0441\u043e\u043a \u0430\u0431\u043e \u0441\u043e\u043b\u043e\u043d\u0438\u0445 \u0441\u0442\u0440\u0430\u0432 \u0434\u043b\u044f \u0431\u0456\u043b\u044c\u0448\u043e\u0457 \u043a\u0456\u043b\u044c\u043a\u043e\u0441\u0442\u0456 \u0433\u043e\u0441\u0442\u0435\u0439: \u0441\u0430\u043b\u0430\u0442\u0456\u0432, \u0444\u0430\u0440\u0448\u0438\u0440\u043e\u0432\u0430\u043d\u0438\u0445 \u044f\u0454\u0446\u044c, \u0441\u043e\u0443\u0441\u0456\u0432 \u0434\u043e \u043c'\u044f\u0441\u0430. \u0420\u0435\u0442\u0435\u043b\u044c\u043d\u043e \u0432\u0456\u0434\u0456\u0431\u0440\u0430\u043d\u0456, \u043e\u0442\u0440\u0438\u043c\u0430\u043d\u0456 \u0432\u0438\u043a\u043b\u044e\u0447\u043d\u043e \u0432\u0456\u0434 \u043f\u043e\u043b\u044c\u0441\u044c\u043a\u0438\u0445 \u0444\u0435\u0440\u043c\u0435\u0440\u0456\u0432. \u0412\u0430\u0433\u0430 \u0433\u0440\u0438\u0431\u0456\u0432 \u0431\u0435\u0437 \u043c\u0430\u0440\u0438\u043d\u0430\u0434\u0443 - 450\u0433. \u0414\u043e\u0441\u0442\u0443\u043f\u043d\u0456 \u0432 \u0431\u0430\u043d\u043e\u0447\u0446\u0456.<\/p>","protected":false},"excerpt":{"rendered":"<p>\u0426\u0456\u043b\u0456 \u0433\u0440\u0438\u0431\u0438 \u0432 \u043c\u0430\u0440\u0438\u043d\u0430\u0434\u0456 \u0443 \u0432\u0435\u043b\u0438\u043a\u0456\u0439 \u0443\u043f\u0430\u043a\u043e\u0432\u0446\u0456 - \u043f\u0440\u0430\u043a\u0442\u0438\u0447\u043d\u0456 \u0434\u043b\u044f \u043f\u0440\u0438\u0433\u043e\u0442\u0443\u0432\u0430\u043d\u043d\u044f \u043a\u0456\u043b\u044c\u043a\u043e\u0445 \u0440\u0456\u0437\u043d\u0438\u0445 \u0437\u0430\u043a\u0443\u0441\u043e\u043a \u0430\u0431\u043e \u0441\u043e\u043b\u043e\u043d\u0438\u0445 \u0441\u0442\u0440\u0430\u0432 \u0434\u043b\u044f \u0431\u0456\u043b\u044c\u0448\u043e\u0457 \u043a\u0456\u043b\u044c\u043a\u043e\u0441\u0442\u0456 \u0433\u043e\u0441\u0442\u0435\u0439: \u0441\u0430\u043b\u0430\u0442\u0456\u0432, \u0444\u0430\u0440\u0448\u0438\u0440\u043e\u0432\u0430\u043d\u0438\u0445 \u044f\u0454\u0446\u044c, \u0441\u043e\u0443\u0441\u0456\u0432 \u0434\u043e \u043c'\u044f\u0441\u0430. \u0420\u0435\u0442\u0435\u043b\u044c\u043d\u043e \u0432\u0456\u0434\u0456\u0431\u0440\u0430\u043d\u0456, \u043e\u0442\u0440\u0438\u043c\u0430\u043d\u0456 \u0432\u0438\u043a\u043b\u044e\u0447\u043d\u043e \u0432\u0456\u0434 \u043f\u043e\u043b\u044c\u0441\u044c\u043a\u0438\u0445 \u0444\u0435\u0440\u043c\u0435\u0440\u0456\u0432. \u0412\u0430\u0433\u0430 \u0433\u0440\u0438\u0431\u0456\u0432 \u0431\u0435\u0437 \u043c\u0430\u0440\u0438\u043d\u0430\u0434\u0443 - 450\u0433. \u0414\u043e\u0441\u0442\u0443\u043f\u043d\u0456 \u0432 \u0431\u0430\u043d\u043e\u0447\u0446\u0456.<\/p>","protected":false},"featured_media":5754,"template":"","meta":[],"product_brand":[],"product_cat":[57,263],"product_tag":[],"class_list":{"0":"post-5753","1":"product","2":"type-product","3":"status-publish","4":"has-post-thumbnail","6":"product_cat-produkty-vera","7":"product_cat-przetwory-warzywne","8":"pa_atrybut-detal-horeca-horeca","9":"pa_masa-netto-750g","11":"first","12":"instock","13":"shipping-taxable","14":"product-type-simple"},"yoast_head":"<!-- This site is optimized with the Yoast SEO plugin v27.3 - https:\/\/yoast.com\/product\/yoast-seo-wordpress\/ -->\n<title>Pieczarki ca\u0142e w zalewie w s\u0142oiku 750g - Limpol - Dystrybutor produkt\u00f3w spo\u017cywczych | Import Eksport<\/title>\n<meta name=\"robots\" content=\"index, follow, max-snippet:-1, max-image-preview:large, max-video-preview:-1\" \/>\n<link rel=\"canonical\" href=\"https:\/\/limpol.pl\/uk\/\u043f\u0440\u043e\u0434\u0443\u043a\u0442\u0438\/\u043c\u0430\u0440\u0438\u043d\u043e\u0432\u0430\u043d\u0456-\u0446\u0456\u043b\u0456-\u0433\u0440\u0438\u0431\u0438-\u0432-\u0431\u0430\u043d\u0446\u0456-750\u0433\/\" \/>\n<meta property=\"og:locale\" content=\"uk_UA\" \/>\n<meta property=\"og:type\" content=\"article\" \/>\n<meta property=\"og:title\" content=\"Pieczarki ca\u0142e w zalewie w s\u0142oiku 750g - Limpol - Dystrybutor produkt\u00f3w spo\u017cywczych | Import Eksport\" \/>\n<meta property=\"og:description\" content=\"Pieczarki ca\u0142e w zalewie w du\u017cym opakowaniu \u2013 praktycznym przy przygotowywaniu kilku r\u00f3\u017cnych przek\u0105sek lub smako\u0142yk\u00f3w na s\u0142ono dla wi\u0119kszej ilo\u015bci go\u015bci: sa\u0142atek, faszerowanych jajek, sos\u00f3w do mi\u0119s. Starannie wyselekcjonowane, pochodz\u0105 wy\u0142\u0105cznie od polskich rolnik\u00f3w. Waga pieczarek bez zalewy wynosi 450g. Dost\u0119pne w s\u0142oiku.\" \/>\n<meta property=\"og:url\" content=\"https:\/\/limpol.pl\/uk\/\u043f\u0440\u043e\u0434\u0443\u043a\u0442\u0438\/\u043c\u0430\u0440\u0438\u043d\u043e\u0432\u0430\u043d\u0456-\u0446\u0456\u043b\u0456-\u0433\u0440\u0438\u0431\u0438-\u0432-\u0431\u0430\u043d\u0446\u0456-750\u0433\/\" \/>\n<meta property=\"og:site_name\" content=\"Limpol - Dystrybutor produkt\u00f3w spo\u017cywczych | Import Eksport\" \/>\n<meta property=\"article:publisher\" content=\"https:\/\/www.facebook.com\/firmalimpol\/\" \/>\n<meta property=\"article:modified_time\" content=\"2023-04-05T16:26:52+00:00\" \/>\n<meta property=\"og:image\" content=\"https:\/\/limpol.pl\/wp-content\/uploads\/2023\/04\/pieczarki-zalewa-cale-sloik-750-CIEN-www.jpg\" \/>\n\t<meta property=\"og:image:width\" content=\"800\" \/>\n\t<meta property=\"og:image:height\" content=\"800\" \/>\n\t<meta property=\"og:image:type\" content=\"image\/jpeg\" \/>\n<meta name=\"twitter:card\" content=\"summary_large_image\" \/>\n<meta name=\"twitter:label1\" content=\"\u041f\u0440\u0438\u0431\u043b. \u0447\u0430\u0441 \u0447\u0438\u0442\u0430\u043d\u043d\u044f\" \/>\n\t<meta name=\"twitter:data1\" content=\"1 \u0445\u0432\u0438\u043b\u0438\u043d\u0430\" \/>\n<script type=\"application\/ld+json\" class=\"yoast-schema-graph\">{\"@context\":\"https:\\\/\\\/schema.org\",\"@graph\":[{\"@type\":\"WebPage\",\"@id\":\"https:\\\/\\\/limpol.pl\\\/produkty\\\/pieczarki-cale-w-zalewie-w-sloiku-750g\\\/\",\"url\":\"https:\\\/\\\/limpol.pl\\\/produkty\\\/pieczarki-cale-w-zalewie-w-sloiku-750g\\\/\",\"name\":\"Pieczarki ca\u0142e w zalewie w s\u0142oiku 750g - Limpol - Dystrybutor produkt\u00f3w spo\u017cywczych | Import Eksport\",\"isPartOf\":{\"@id\":\"https:\\\/\\\/limpol.pl\\\/#website\"},\"primaryImageOfPage\":{\"@id\":\"https:\\\/\\\/limpol.pl\\\/produkty\\\/pieczarki-cale-w-zalewie-w-sloiku-750g\\\/#primaryimage\"},\"image\":{\"@id\":\"https:\\\/\\\/limpol.pl\\\/produkty\\\/pieczarki-cale-w-zalewie-w-sloiku-750g\\\/#primaryimage\"},\"thumbnailUrl\":\"https:\\\/\\\/limpol.pl\\\/wp-content\\\/uploads\\\/2023\\\/04\\\/pieczarki-zalewa-cale-sloik-750-CIEN-www.jpg\",\"datePublished\":\"2023-04-05T16:26:51+00:00\",\"dateModified\":\"2023-04-05T16:26:52+00:00\",\"breadcrumb\":{\"@id\":\"https:\\\/\\\/limpol.pl\\\/produkty\\\/pieczarki-cale-w-zalewie-w-sloiku-750g\\\/#breadcrumb\"},\"inLanguage\":\"uk\",\"potentialAction\":[{\"@type\":\"ReadAction\",\"target\":[\"https:\\\/\\\/limpol.pl\\\/produkty\\\/pieczarki-cale-w-zalewie-w-sloiku-750g\\\/\"]}]},{\"@type\":\"ImageObject\",\"inLanguage\":\"uk\",\"@id\":\"https:\\\/\\\/limpol.pl\\\/produkty\\\/pieczarki-cale-w-zalewie-w-sloiku-750g\\\/#primaryimage\",\"url\":\"https:\\\/\\\/limpol.pl\\\/wp-content\\\/uploads\\\/2023\\\/04\\\/pieczarki-zalewa-cale-sloik-750-CIEN-www.jpg\",\"contentUrl\":\"https:\\\/\\\/limpol.pl\\\/wp-content\\\/uploads\\\/2023\\\/04\\\/pieczarki-zalewa-cale-sloik-750-CIEN-www.jpg\",\"width\":800,\"height\":800},{\"@type\":\"BreadcrumbList\",\"@id\":\"https:\\\/\\\/limpol.pl\\\/produkty\\\/pieczarki-cale-w-zalewie-w-sloiku-750g\\\/#breadcrumb\",\"itemListElement\":[{\"@type\":\"ListItem\",\"position\":1,\"name\":\"Strona g\u0142\u00f3wna\",\"item\":\"https:\\\/\\\/limpol.pl\\\/\"},{\"@type\":\"ListItem\",\"position\":2,\"name\":\"Produkty\",\"item\":\"https:\\\/\\\/limpol.pl\\\/shop\\\/\"},{\"@type\":\"ListItem\",\"position\":3,\"name\":\"Pieczarki ca\u0142e w zalewie w s\u0142oiku 750g\"}]},{\"@type\":\"WebSite\",\"@id\":\"https:\\\/\\\/limpol.pl\\\/#website\",\"url\":\"https:\\\/\\\/limpol.pl\\\/\",\"name\":\"Limpol - Dystrybutor produkt\u00f3w spo\u017cywczych | Import Eksport\",\"description\":\"Importer i eksporter produkt\u00f3w spo\u017cywczych\",\"potentialAction\":[{\"@type\":\"SearchAction\",\"target\":{\"@type\":\"EntryPoint\",\"urlTemplate\":\"https:\\\/\\\/limpol.pl\\\/?s={search_term_string}\"},\"query-input\":{\"@type\":\"PropertyValueSpecification\",\"valueRequired\":true,\"valueName\":\"search_term_string\"}}],\"inLanguage\":\"uk\"}]}<\/script>\n<!-- \/ Yoast SEO plugin. -->","yoast_head_json":{"title":"\u041f\u0435\u0447\u0435\u0440\u0438\u0446\u0456 \u0446\u0456\u043b\u0456 \u0432 \u043c\u0430\u0440\u0438\u043d\u0430\u0434\u0456 \u0432 \u0431\u0430\u043d\u0446\u0456 750\u0433 - \u041b\u0456\u043c\u043f\u043e\u043b - \u0414\u0438\u0441\u0442\u0440\u0438\u0431'\u044e\u0442\u043e\u0440 \u043f\u0440\u043e\u0434\u0443\u043a\u0442\u0456\u0432 \u0445\u0430\u0440\u0447\u0443\u0432\u0430\u043d\u043d\u044f | \u0406\u043c\u043f\u043e\u0440\u0442 \u0415\u043a\u0441\u043f\u043e\u0440\u0442","robots":{"index":"index","follow":"follow","max-snippet":"max-snippet:-1","max-image-preview":"max-image-preview:large","max-video-preview":"max-video-preview:-1"},"canonical":"https:\/\/limpol.pl\/uk\/\u043f\u0440\u043e\u0434\u0443\u043a\u0442\u0438\/\u043c\u0430\u0440\u0438\u043d\u043e\u0432\u0430\u043d\u0456-\u0446\u0456\u043b\u0456-\u0433\u0440\u0438\u0431\u0438-\u0432-\u0431\u0430\u043d\u0446\u0456-750\u0433\/","og_locale":"uk_UA","og_type":"article","og_title":"Pieczarki ca\u0142e w zalewie w s\u0142oiku 750g - Limpol - Dystrybutor produkt\u00f3w spo\u017cywczych | Import Eksport","og_description":"Pieczarki ca\u0142e w zalewie w du\u017cym opakowaniu \u2013 praktycznym przy przygotowywaniu kilku r\u00f3\u017cnych przek\u0105sek lub smako\u0142yk\u00f3w na s\u0142ono dla wi\u0119kszej ilo\u015bci go\u015bci: sa\u0142atek, faszerowanych jajek, sos\u00f3w do mi\u0119s. Starannie wyselekcjonowane, pochodz\u0105 wy\u0142\u0105cznie od polskich rolnik\u00f3w. Waga pieczarek bez zalewy wynosi 450g. Dost\u0119pne w s\u0142oiku.","og_url":"https:\/\/limpol.pl\/uk\/\u043f\u0440\u043e\u0434\u0443\u043a\u0442\u0438\/\u043c\u0430\u0440\u0438\u043d\u043e\u0432\u0430\u043d\u0456-\u0446\u0456\u043b\u0456-\u0433\u0440\u0438\u0431\u0438-\u0432-\u0431\u0430\u043d\u0446\u0456-750\u0433\/","og_site_name":"Limpol - Dystrybutor produkt\u00f3w spo\u017cywczych | Import Eksport","article_publisher":"https:\/\/www.facebook.com\/firmalimpol\/","article_modified_time":"2023-04-05T16:26:52+00:00","og_image":[{"width":800,"height":800,"url":"https:\/\/limpol.pl\/wp-content\/uploads\/2023\/04\/pieczarki-zalewa-cale-sloik-750-CIEN-www.jpg","type":"image\/jpeg"}],"twitter_card":"summary_large_image","twitter_misc":{"\u041f\u0440\u0438\u0431\u043b. \u0447\u0430\u0441 \u0447\u0438\u0442\u0430\u043d\u043d\u044f":"1 \u0445\u0432\u0438\u043b\u0438\u043d\u0430"},"schema":{"@context":"https:\/\/schema.org","@graph":[{"@type":"WebPage","@id":"https:\/\/limpol.pl\/produkty\/pieczarki-cale-w-zalewie-w-sloiku-750g\/","url":"https:\/\/limpol.pl\/produkty\/pieczarki-cale-w-zalewie-w-sloiku-750g\/","name":"\u041f\u0435\u0447\u0435\u0440\u0438\u0446\u0456 \u0446\u0456\u043b\u0456 \u0432 \u043c\u0430\u0440\u0438\u043d\u0430\u0434\u0456 \u0432 \u0431\u0430\u043d\u0446\u0456 750\u0433 - \u041b\u0456\u043c\u043f\u043e\u043b - \u0414\u0438\u0441\u0442\u0440\u0438\u0431'\u044e\u0442\u043e\u0440 \u043f\u0440\u043e\u0434\u0443\u043a\u0442\u0456\u0432 \u0445\u0430\u0440\u0447\u0443\u0432\u0430\u043d\u043d\u044f | \u0406\u043c\u043f\u043e\u0440\u0442 \u0415\u043a\u0441\u043f\u043e\u0440\u0442","isPartOf":{"@id":"https:\/\/limpol.pl\/#website"},"primaryImageOfPage":{"@id":"https:\/\/limpol.pl\/produkty\/pieczarki-cale-w-zalewie-w-sloiku-750g\/#primaryimage"},"image":{"@id":"https:\/\/limpol.pl\/produkty\/pieczarki-cale-w-zalewie-w-sloiku-750g\/#primaryimage"},"thumbnailUrl":"https:\/\/limpol.pl\/wp-content\/uploads\/2023\/04\/pieczarki-zalewa-cale-sloik-750-CIEN-www.jpg","datePublished":"2023-04-05T16:26:51+00:00","dateModified":"2023-04-05T16:26:52+00:00","breadcrumb":{"@id":"https:\/\/limpol.pl\/produkty\/pieczarki-cale-w-zalewie-w-sloiku-750g\/#breadcrumb"},"inLanguage":"uk","potentialAction":[{"@type":"ReadAction","target":["https:\/\/limpol.pl\/produkty\/pieczarki-cale-w-zalewie-w-sloiku-750g\/"]}]},{"@type":"ImageObject","inLanguage":"uk","@id":"https:\/\/limpol.pl\/produkty\/pieczarki-cale-w-zalewie-w-sloiku-750g\/#primaryimage","url":"https:\/\/limpol.pl\/wp-content\/uploads\/2023\/04\/pieczarki-zalewa-cale-sloik-750-CIEN-www.jpg","contentUrl":"https:\/\/limpol.pl\/wp-content\/uploads\/2023\/04\/pieczarki-zalewa-cale-sloik-750-CIEN-www.jpg","width":800,"height":800},{"@type":"BreadcrumbList","@id":"https:\/\/limpol.pl\/produkty\/pieczarki-cale-w-zalewie-w-sloiku-750g\/#breadcrumb","itemListElement":[{"@type":"ListItem","position":1,"name":"Strona g\u0142\u00f3wna","item":"https:\/\/limpol.pl\/"},{"@type":"ListItem","position":2,"name":"Produkty","item":"https:\/\/limpol.pl\/shop\/"},{"@type":"ListItem","position":3,"name":"Pieczarki ca\u0142e w zalewie w s\u0142oiku 750g"}]},{"@type":"WebSite","@id":"https:\/\/limpol.pl\/#website","url":"https:\/\/limpol.pl\/","name":"Limpol - \u0414\u0438\u0441\u0442\u0440\u0438\u0431'\u044e\u0442\u043e\u0440 \u043f\u0440\u043e\u0434\u0443\u043a\u0442\u0456\u0432 \u0445\u0430\u0440\u0447\u0443\u0432\u0430\u043d\u043d\u044f | \u0406\u043c\u043f\u043e\u0440\u0442 \u0415\u043a\u0441\u043f\u043e\u0440\u0442","description":"\u0406\u043c\u043f\u043e\u0440\u0442\u0435\u0440 \u0442\u0430 \u0435\u043a\u0441\u043f\u043e\u0440\u0442\u0435\u0440 \u043f\u0440\u043e\u0434\u0443\u043a\u0442\u0456\u0432 \u0445\u0430\u0440\u0447\u0443\u0432\u0430\u043d\u043d\u044f","potentialAction":[{"@type":"SearchAction","target":{"@type":"EntryPoint","urlTemplate":"https:\/\/limpol.pl\/?s={search_term_string}"},"query-input":{"@type":"PropertyValueSpecification","valueRequired":true,"valueName":"search_term_string"}}],"inLanguage":"uk"}]}},"_links":{"self":[{"href":"https:\/\/limpol.pl\/uk\/wp-json\/wp\/v2\/product\/5753","targetHints":{"allow":["GET"]}}],"collection":[{"href":"https:\/\/limpol.pl\/uk\/wp-json\/wp\/v2\/product"}],"about":[{"href":"https:\/\/limpol.pl\/uk\/wp-json\/wp\/v2\/types\/product"}],"wp:featuredmedia":[{"embeddable":true,"href":"https:\/\/limpol.pl\/uk\/wp-json\/wp\/v2\/media\/5754"}],"wp:attachment":[{"href":"https:\/\/limpol.pl\/uk\/wp-json\/wp\/v2\/media?parent=5753"}],"wp:term":[{"taxonomy":"product_brand","embeddable":true,"href":"https:\/\/limpol.pl\/uk\/wp-json\/wp\/v2\/product_brand?post=5753"},{"taxonomy":"product_cat","embeddable":true,"href":"https:\/\/limpol.pl\/uk\/wp-json\/wp\/v2\/product_cat?post=5753"},{"taxonomy":"product_tag","embeddable":true,"href":"https:\/\/limpol.pl\/uk\/wp-json\/wp\/v2\/product_tag?post=5753"}],"curies":[{"name":"wp","href":"https:\/\/api.w.org\/{rel}","templated":true}]}}