{"id":5772,"date":"2023-04-06T10:20:01","date_gmt":"2023-04-06T08:20:01","guid":{"rendered":"https:\/\/limpol.pl\/?post_type=product&#038;p=5772"},"modified":"2023-04-06T10:20:24","modified_gmt":"2023-04-06T08:20:24","slug":"\u043f\u0430\u0440\u043e\u0432\u0438\u0439-\u0440\u0438\u0441","status":"publish","type":"product","link":"https:\/\/limpol.pl\/uk\/\u043f\u0440\u043e\u0434\u0443\u043a\u0442\u0438\/\u043f\u0430\u0440\u043e\u0432\u0438\u0439-\u0440\u0438\u0441\/","title":{"rendered":"\u041f\u0430\u0440\u043e\u0432\u0438\u0439 \u0440\u0438\u0441"},"content":{"rendered":"<p>\"\u041f\u0430\u0440\u043e\u0432\u0430\u043d\u0438\u0439\" \u0440\u0438\u0441 \u043f\u0435\u0440\u0435\u0434 \u0444\u0430\u0441\u0443\u0432\u0430\u043d\u043d\u044f\u043c \u043f\u0456\u0434\u0434\u0430\u0454\u0442\u044c\u0441\u044f \u0442\u0435\u0440\u043c\u0456\u0447\u043d\u0456\u0439 \u043e\u0431\u0440\u043e\u0431\u0446\u0456 \u0448\u043b\u044f\u0445\u043e\u043c \u043d\u0430\u0433\u0440\u0456\u0432\u0430\u043d\u043d\u044f \u043f\u0430\u0440\u043e\u044e \u043f\u0456\u0434 \u0432\u0438\u0441\u043e\u043a\u0438\u043c \u0442\u0438\u0441\u043a\u043e\u043c. \u041f\u043e\u0440\u0456\u0432\u043d\u044f\u043d\u043e \u0437\u0456 \u0437\u0432\u0438\u0447\u0430\u0439\u043d\u0438\u043c \u0431\u0456\u043b\u0438\u043c \u0440\u0438\u0441\u043e\u043c, \u0432\u0456\u043d \u043c\u0430\u0454 \u0442\u0440\u043e\u0445\u0438 \u0442\u0435\u043c\u043d\u0456\u0448\u0438\u0439 \u043a\u043e\u043b\u0456\u0440, \u0437\u0431\u0435\u0440\u0456\u0433\u0430\u0454 \u0432\u0441\u0456 \u0441\u0432\u043e\u0457 \u043a\u043e\u0440\u0438\u0441\u043d\u0456 \u0432\u043b\u0430\u0441\u0442\u0438\u0432\u043e\u0441\u0442\u0456 \u0442\u0430 \u043b\u0435\u0433\u0448\u0435 \u0433\u043e\u0442\u0443\u0454\u0442\u044c\u0441\u044f. \u0419\u043e\u0433\u043e \u043d\u0435 \u043f\u043e\u0442\u0440\u0456\u0431\u043d\u043e \u043f\u0440\u043e\u043c\u0438\u0432\u0430\u0442\u0438 \u043f\u0435\u0440\u0435\u0434 \u043f\u0440\u0438\u0433\u043e\u0442\u0443\u0432\u0430\u043d\u043d\u044f\u043c. \u0412\u0435\u043b\u0438\u043a\u0430 \u0433\u0435\u0440\u043c\u0435\u0442\u0438\u0447\u043d\u0430 \u0443\u043f\u0430\u043a\u043e\u0432\u043a\u0430 \u043f\u0440\u0438\u0437\u043d\u0430\u0447\u0435\u043d\u0430 \u0434\u043b\u044f \u043f\u0456\u0434\u043f\u0440\u0438\u0454\u043c\u0441\u0442\u0432 \u0433\u0440\u043e\u043c\u0430\u0434\u0441\u044c\u043a\u043e\u0433\u043e \u0445\u0430\u0440\u0447\u0443\u0432\u0430\u043d\u043d\u044f.<\/p>","protected":false},"excerpt":{"rendered":"<p>\"\u041f\u0430\u0440\u043e\u0432\u0430\u043d\u0438\u0439\" \u0440\u0438\u0441 \u043f\u0435\u0440\u0435\u0434 \u0444\u0430\u0441\u0443\u0432\u0430\u043d\u043d\u044f\u043c \u043f\u0456\u0434\u0434\u0430\u0454\u0442\u044c\u0441\u044f \u0442\u0435\u0440\u043c\u0456\u0447\u043d\u0456\u0439 \u043e\u0431\u0440\u043e\u0431\u0446\u0456 \u0448\u043b\u044f\u0445\u043e\u043c \u043d\u0430\u0433\u0440\u0456\u0432\u0430\u043d\u043d\u044f \u043f\u0430\u0440\u043e\u044e \u043f\u0456\u0434 \u0432\u0438\u0441\u043e\u043a\u0438\u043c \u0442\u0438\u0441\u043a\u043e\u043c. \u041f\u043e\u0440\u0456\u0432\u043d\u044f\u043d\u043e \u0437\u0456 \u0437\u0432\u0438\u0447\u0430\u0439\u043d\u0438\u043c \u0431\u0456\u043b\u0438\u043c \u0440\u0438\u0441\u043e\u043c, \u0432\u0456\u043d \u043c\u0430\u0454 \u0442\u0440\u043e\u0445\u0438 \u0442\u0435\u043c\u043d\u0456\u0448\u0438\u0439 \u043a\u043e\u043b\u0456\u0440, \u0437\u0431\u0435\u0440\u0456\u0433\u0430\u0454 \u0432\u0441\u0456 \u0441\u0432\u043e\u0457 \u043a\u043e\u0440\u0438\u0441\u043d\u0456 \u0432\u043b\u0430\u0441\u0442\u0438\u0432\u043e\u0441\u0442\u0456 \u0442\u0430 \u043b\u0435\u0433\u0448\u0435 \u0433\u043e\u0442\u0443\u0454\u0442\u044c\u0441\u044f. \u0419\u043e\u0433\u043e \u043d\u0435 \u043f\u043e\u0442\u0440\u0456\u0431\u043d\u043e \u043f\u0440\u043e\u043c\u0438\u0432\u0430\u0442\u0438 \u043f\u0435\u0440\u0435\u0434 \u043f\u0440\u0438\u0433\u043e\u0442\u0443\u0432\u0430\u043d\u043d\u044f\u043c. \u0412\u0435\u043b\u0438\u043a\u0430 \u0433\u0435\u0440\u043c\u0435\u0442\u0438\u0447\u043d\u0430 \u0443\u043f\u0430\u043a\u043e\u0432\u043a\u0430 \u043f\u0440\u0438\u0437\u043d\u0430\u0447\u0435\u043d\u0430 \u0434\u043b\u044f \u043f\u0456\u0434\u043f\u0440\u0438\u0454\u043c\u0441\u0442\u0432 \u0433\u0440\u043e\u043c\u0430\u0434\u0441\u044c\u043a\u043e\u0433\u043e \u0445\u0430\u0440\u0447\u0443\u0432\u0430\u043d\u043d\u044f.<\/p>","protected":false},"featured_media":5773,"template":"","meta":[],"product_brand":[],"product_cat":[57,263],"product_tag":[],"class_list":{"0":"post-5772","1":"product","2":"type-product","3":"status-publish","4":"has-post-thumbnail","6":"product_cat-produkty-vera","7":"product_cat-przetwory-warzywne","8":"pa_atrybut-detal-horeca-horeca","9":"pa_masa-netto-5000g","11":"first","12":"instock","13":"shipping-taxable","14":"product-type-simple"},"yoast_head":"<!-- This site is optimized with the Yoast SEO plugin v27.3 - https:\/\/yoast.com\/product\/yoast-seo-wordpress\/ -->\n<title>Ry\u017c parboild - Limpol - Dystrybutor produkt\u00f3w spo\u017cywczych | Import Eksport<\/title>\n<meta name=\"robots\" content=\"index, follow, max-snippet:-1, max-image-preview:large, max-video-preview:-1\" \/>\n<link rel=\"canonical\" href=\"https:\/\/limpol.pl\/uk\/\u043f\u0440\u043e\u0434\u0443\u043a\u0442\u0438\/\u043f\u0430\u0440\u043e\u0432\u0438\u0439-\u0440\u0438\u0441\/\" \/>\n<meta property=\"og:locale\" content=\"uk_UA\" \/>\n<meta property=\"og:type\" content=\"article\" \/>\n<meta property=\"og:title\" content=\"Ry\u017c parboild - Limpol - Dystrybutor produkt\u00f3w spo\u017cywczych | Import Eksport\" \/>\n<meta property=\"og:description\" content=\"Ry\u017c \u201eparboiled\u201d, jest poddany przed zapakowaniem obr\u00f3bce termicznej, polegaj\u0105cej na podgrzaniu go par\u0105 wodn\u0105 pod wysokim ci\u015bnieniem. W por\u00f3wnaniu ze zwyk\u0142ym, bia\u0142ym ry\u017cem ten ma nieco ciemniejszy kolor, zachowuje wszystkie warto\u015bci i jest \u0142atwiejszy w przygotowaniu. Nie wymaga p\u0142ukania przed gotowaniem. Du\u017ce, szczelne opakowanie dedykujemy gastronomii.\" \/>\n<meta property=\"og:url\" content=\"https:\/\/limpol.pl\/uk\/\u043f\u0440\u043e\u0434\u0443\u043a\u0442\u0438\/\u043f\u0430\u0440\u043e\u0432\u0438\u0439-\u0440\u0438\u0441\/\" \/>\n<meta property=\"og:site_name\" content=\"Limpol - Dystrybutor produkt\u00f3w spo\u017cywczych | Import Eksport\" \/>\n<meta property=\"article:publisher\" content=\"https:\/\/www.facebook.com\/firmalimpol\/\" \/>\n<meta property=\"article:modified_time\" content=\"2023-04-06T08:20:24+00:00\" \/>\n<meta property=\"og:image\" content=\"https:\/\/limpol.pl\/wp-content\/uploads\/2023\/04\/ryz-5-kg-CIEN.jpg\" \/>\n\t<meta property=\"og:image:width\" content=\"800\" \/>\n\t<meta property=\"og:image:height\" content=\"800\" \/>\n\t<meta property=\"og:image:type\" content=\"image\/jpeg\" \/>\n<meta name=\"twitter:card\" content=\"summary_large_image\" \/>\n<meta name=\"twitter:label1\" content=\"\u041f\u0440\u0438\u0431\u043b. \u0447\u0430\u0441 \u0447\u0438\u0442\u0430\u043d\u043d\u044f\" \/>\n\t<meta name=\"twitter:data1\" content=\"1 \u0445\u0432\u0438\u043b\u0438\u043d\u0430\" \/>\n<script type=\"application\/ld+json\" class=\"yoast-schema-graph\">{\"@context\":\"https:\\\/\\\/schema.org\",\"@graph\":[{\"@type\":\"WebPage\",\"@id\":\"https:\\\/\\\/limpol.pl\\\/produkty\\\/ryz-parboild\\\/\",\"url\":\"https:\\\/\\\/limpol.pl\\\/produkty\\\/ryz-parboild\\\/\",\"name\":\"Ry\u017c parboild - Limpol - Dystrybutor produkt\u00f3w spo\u017cywczych | Import Eksport\",\"isPartOf\":{\"@id\":\"https:\\\/\\\/limpol.pl\\\/#website\"},\"primaryImageOfPage\":{\"@id\":\"https:\\\/\\\/limpol.pl\\\/produkty\\\/ryz-parboild\\\/#primaryimage\"},\"image\":{\"@id\":\"https:\\\/\\\/limpol.pl\\\/produkty\\\/ryz-parboild\\\/#primaryimage\"},\"thumbnailUrl\":\"https:\\\/\\\/limpol.pl\\\/wp-content\\\/uploads\\\/2023\\\/04\\\/ryz-5-kg-CIEN.jpg\",\"datePublished\":\"2023-04-06T08:20:01+00:00\",\"dateModified\":\"2023-04-06T08:20:24+00:00\",\"breadcrumb\":{\"@id\":\"https:\\\/\\\/limpol.pl\\\/produkty\\\/ryz-parboild\\\/#breadcrumb\"},\"inLanguage\":\"uk\",\"potentialAction\":[{\"@type\":\"ReadAction\",\"target\":[\"https:\\\/\\\/limpol.pl\\\/produkty\\\/ryz-parboild\\\/\"]}]},{\"@type\":\"ImageObject\",\"inLanguage\":\"uk\",\"@id\":\"https:\\\/\\\/limpol.pl\\\/produkty\\\/ryz-parboild\\\/#primaryimage\",\"url\":\"https:\\\/\\\/limpol.pl\\\/wp-content\\\/uploads\\\/2023\\\/04\\\/ryz-5-kg-CIEN.jpg\",\"contentUrl\":\"https:\\\/\\\/limpol.pl\\\/wp-content\\\/uploads\\\/2023\\\/04\\\/ryz-5-kg-CIEN.jpg\",\"width\":800,\"height\":800},{\"@type\":\"BreadcrumbList\",\"@id\":\"https:\\\/\\\/limpol.pl\\\/produkty\\\/ryz-parboild\\\/#breadcrumb\",\"itemListElement\":[{\"@type\":\"ListItem\",\"position\":1,\"name\":\"Strona g\u0142\u00f3wna\",\"item\":\"https:\\\/\\\/limpol.pl\\\/\"},{\"@type\":\"ListItem\",\"position\":2,\"name\":\"Produkty\",\"item\":\"https:\\\/\\\/limpol.pl\\\/shop\\\/\"},{\"@type\":\"ListItem\",\"position\":3,\"name\":\"Ry\u017c parboild\"}]},{\"@type\":\"WebSite\",\"@id\":\"https:\\\/\\\/limpol.pl\\\/#website\",\"url\":\"https:\\\/\\\/limpol.pl\\\/\",\"name\":\"Limpol - Dystrybutor produkt\u00f3w spo\u017cywczych | Import Eksport\",\"description\":\"Importer i eksporter produkt\u00f3w spo\u017cywczych\",\"potentialAction\":[{\"@type\":\"SearchAction\",\"target\":{\"@type\":\"EntryPoint\",\"urlTemplate\":\"https:\\\/\\\/limpol.pl\\\/?s={search_term_string}\"},\"query-input\":{\"@type\":\"PropertyValueSpecification\",\"valueRequired\":true,\"valueName\":\"search_term_string\"}}],\"inLanguage\":\"uk\"}]}<\/script>\n<!-- \/ Yoast SEO plugin. -->","yoast_head_json":{"title":"Parboild rice - Limpol - \u0414\u0438\u0441\u0442\u0440\u0438\u0431'\u044e\u0442\u043e\u0440 \u043f\u0440\u043e\u0434\u0443\u043a\u0442\u0456\u0432 \u0445\u0430\u0440\u0447\u0443\u0432\u0430\u043d\u043d\u044f | \u0406\u043c\u043f\u043e\u0440\u0442 \u0415\u043a\u0441\u043f\u043e\u0440\u0442","robots":{"index":"index","follow":"follow","max-snippet":"max-snippet:-1","max-image-preview":"max-image-preview:large","max-video-preview":"max-video-preview:-1"},"canonical":"https:\/\/limpol.pl\/uk\/\u043f\u0440\u043e\u0434\u0443\u043a\u0442\u0438\/\u043f\u0430\u0440\u043e\u0432\u0438\u0439-\u0440\u0438\u0441\/","og_locale":"uk_UA","og_type":"article","og_title":"Ry\u017c parboild - Limpol - Dystrybutor produkt\u00f3w spo\u017cywczych | Import Eksport","og_description":"Ry\u017c \u201eparboiled\u201d, jest poddany przed zapakowaniem obr\u00f3bce termicznej, polegaj\u0105cej na podgrzaniu go par\u0105 wodn\u0105 pod wysokim ci\u015bnieniem. W por\u00f3wnaniu ze zwyk\u0142ym, bia\u0142ym ry\u017cem ten ma nieco ciemniejszy kolor, zachowuje wszystkie warto\u015bci i jest \u0142atwiejszy w przygotowaniu. Nie wymaga p\u0142ukania przed gotowaniem. Du\u017ce, szczelne opakowanie dedykujemy gastronomii.","og_url":"https:\/\/limpol.pl\/uk\/\u043f\u0440\u043e\u0434\u0443\u043a\u0442\u0438\/\u043f\u0430\u0440\u043e\u0432\u0438\u0439-\u0440\u0438\u0441\/","og_site_name":"Limpol - Dystrybutor produkt\u00f3w spo\u017cywczych | Import Eksport","article_publisher":"https:\/\/www.facebook.com\/firmalimpol\/","article_modified_time":"2023-04-06T08:20:24+00:00","og_image":[{"width":800,"height":800,"url":"https:\/\/limpol.pl\/wp-content\/uploads\/2023\/04\/ryz-5-kg-CIEN.jpg","type":"image\/jpeg"}],"twitter_card":"summary_large_image","twitter_misc":{"\u041f\u0440\u0438\u0431\u043b. \u0447\u0430\u0441 \u0447\u0438\u0442\u0430\u043d\u043d\u044f":"1 \u0445\u0432\u0438\u043b\u0438\u043d\u0430"},"schema":{"@context":"https:\/\/schema.org","@graph":[{"@type":"WebPage","@id":"https:\/\/limpol.pl\/produkty\/ryz-parboild\/","url":"https:\/\/limpol.pl\/produkty\/ryz-parboild\/","name":"Parboild rice - Limpol - \u0414\u0438\u0441\u0442\u0440\u0438\u0431'\u044e\u0442\u043e\u0440 \u043f\u0440\u043e\u0434\u0443\u043a\u0442\u0456\u0432 \u0445\u0430\u0440\u0447\u0443\u0432\u0430\u043d\u043d\u044f | \u0406\u043c\u043f\u043e\u0440\u0442 \u0415\u043a\u0441\u043f\u043e\u0440\u0442","isPartOf":{"@id":"https:\/\/limpol.pl\/#website"},"primaryImageOfPage":{"@id":"https:\/\/limpol.pl\/produkty\/ryz-parboild\/#primaryimage"},"image":{"@id":"https:\/\/limpol.pl\/produkty\/ryz-parboild\/#primaryimage"},"thumbnailUrl":"https:\/\/limpol.pl\/wp-content\/uploads\/2023\/04\/ryz-5-kg-CIEN.jpg","datePublished":"2023-04-06T08:20:01+00:00","dateModified":"2023-04-06T08:20:24+00:00","breadcrumb":{"@id":"https:\/\/limpol.pl\/produkty\/ryz-parboild\/#breadcrumb"},"inLanguage":"uk","potentialAction":[{"@type":"ReadAction","target":["https:\/\/limpol.pl\/produkty\/ryz-parboild\/"]}]},{"@type":"ImageObject","inLanguage":"uk","@id":"https:\/\/limpol.pl\/produkty\/ryz-parboild\/#primaryimage","url":"https:\/\/limpol.pl\/wp-content\/uploads\/2023\/04\/ryz-5-kg-CIEN.jpg","contentUrl":"https:\/\/limpol.pl\/wp-content\/uploads\/2023\/04\/ryz-5-kg-CIEN.jpg","width":800,"height":800},{"@type":"BreadcrumbList","@id":"https:\/\/limpol.pl\/produkty\/ryz-parboild\/#breadcrumb","itemListElement":[{"@type":"ListItem","position":1,"name":"Strona g\u0142\u00f3wna","item":"https:\/\/limpol.pl\/"},{"@type":"ListItem","position":2,"name":"Produkty","item":"https:\/\/limpol.pl\/shop\/"},{"@type":"ListItem","position":3,"name":"Ry\u017c parboild"}]},{"@type":"WebSite","@id":"https:\/\/limpol.pl\/#website","url":"https:\/\/limpol.pl\/","name":"Limpol - \u0414\u0438\u0441\u0442\u0440\u0438\u0431'\u044e\u0442\u043e\u0440 \u043f\u0440\u043e\u0434\u0443\u043a\u0442\u0456\u0432 \u0445\u0430\u0440\u0447\u0443\u0432\u0430\u043d\u043d\u044f | \u0406\u043c\u043f\u043e\u0440\u0442 \u0415\u043a\u0441\u043f\u043e\u0440\u0442","description":"\u0406\u043c\u043f\u043e\u0440\u0442\u0435\u0440 \u0442\u0430 \u0435\u043a\u0441\u043f\u043e\u0440\u0442\u0435\u0440 \u043f\u0440\u043e\u0434\u0443\u043a\u0442\u0456\u0432 \u0445\u0430\u0440\u0447\u0443\u0432\u0430\u043d\u043d\u044f","potentialAction":[{"@type":"SearchAction","target":{"@type":"EntryPoint","urlTemplate":"https:\/\/limpol.pl\/?s={search_term_string}"},"query-input":{"@type":"PropertyValueSpecification","valueRequired":true,"valueName":"search_term_string"}}],"inLanguage":"uk"}]}},"_links":{"self":[{"href":"https:\/\/limpol.pl\/uk\/wp-json\/wp\/v2\/product\/5772","targetHints":{"allow":["GET"]}}],"collection":[{"href":"https:\/\/limpol.pl\/uk\/wp-json\/wp\/v2\/product"}],"about":[{"href":"https:\/\/limpol.pl\/uk\/wp-json\/wp\/v2\/types\/product"}],"wp:featuredmedia":[{"embeddable":true,"href":"https:\/\/limpol.pl\/uk\/wp-json\/wp\/v2\/media\/5773"}],"wp:attachment":[{"href":"https:\/\/limpol.pl\/uk\/wp-json\/wp\/v2\/media?parent=5772"}],"wp:term":[{"taxonomy":"product_brand","embeddable":true,"href":"https:\/\/limpol.pl\/uk\/wp-json\/wp\/v2\/product_brand?post=5772"},{"taxonomy":"product_cat","embeddable":true,"href":"https:\/\/limpol.pl\/uk\/wp-json\/wp\/v2\/product_cat?post=5772"},{"taxonomy":"product_tag","embeddable":true,"href":"https:\/\/limpol.pl\/uk\/wp-json\/wp\/v2\/product_tag?post=5772"}],"curies":[{"name":"wp","href":"https:\/\/api.w.org\/{rel}","templated":true}]}}