{"id":5800,"date":"2023-05-09T09:19:53","date_gmt":"2023-05-09T07:19:53","guid":{"rendered":"https:\/\/limpol.pl\/?post_type=product&#038;p=5800"},"modified":"2026-01-29T12:31:56","modified_gmt":"2026-01-29T11:31:56","slug":"\u043e\u043b\u0438\u0432\u043a\u043e\u0432\u0430-\u043e\u043b\u0456\u044f-\u0437-\u0430\u043f\u0435\u043b\u044c\u0441\u0438\u043d\u043e\u0432\u0438\u043c-\u0430\u0440\u043e\u043c\u0430\u0442\u043e","status":"publish","type":"product","link":"https:\/\/limpol.pl\/uk\/\u043f\u0440\u043e\u0434\u0443\u043a\u0442\u0438\/\u043e\u043b\u0438\u0432\u043a\u043e\u0432\u0430-\u043e\u043b\u0456\u044f-\u0437-\u0430\u043f\u0435\u043b\u044c\u0441\u0438\u043d\u043e\u0432\u0438\u043c-\u0430\u0440\u043e\u043c\u0430\u0442\u043e\/","title":{"rendered":"\u041f\u0440\u0438\u043f\u0440\u0430\u0432\u0430 \u043d\u0430 \u043e\u0441\u043d\u043e\u0432\u0456 \u043e\u043b\u0438\u0432\u043a\u043e\u0432\u043e\u0457 \u043e\u043b\u0456\u0457 \u043f\u0435\u0440\u0448\u043e\u0433\u043e \u0445\u043e\u043b\u043e\u0434\u043d\u043e\u0433\u043e \u0432\u0456\u0434\u0436\u0438\u043c\u0443 \u0437 \u0430\u043f\u0435\u043b\u044c\u0441\u0438\u043d\u043e\u0432\u0438\u043c \u0441\u043c\u0430\u043a\u043e\u043c"},"content":{"rendered":"<p>\u0413\u0440\u0435\u0446\u044c\u043a\u0430 \u043e\u043b\u0456\u044f \u043f\u0435\u0440\u0448\u043e\u0433\u043e \u0432\u0456\u0434\u0436\u0438\u043c\u0443 \u0432\u0456\u0434\u043c\u0456\u043d\u043d\u043e\u0457 \u044f\u043a\u043e\u0441\u0442\u0456 \u0437\u0456 \u0441\u0432\u0456\u0436\u0438\u043c \u0446\u0438\u0442\u0440\u0443\u0441\u043e\u0432\u0438\u043c \u0430\u0440\u043e\u043c\u0430\u0442\u043e\u043c \u0441\u043e\u043b\u043e\u0434\u043a\u043e\u0433\u043e \u0430\u043f\u0435\u043b\u044c\u0441\u0438\u043d\u0430.<br \/>\n\u0406\u0434\u0435\u0430\u043b\u044c\u043d\u0430 \u043b\u0456\u0442\u043d\u044f \u0437\u0430\u043f\u0440\u0430\u0432\u043a\u0430 \u0434\u043b\u044f \u0440\u0438\u0431\u0438 \u0442\u0430 \u043c\u043e\u0440\u0435\u043f\u0440\u043e\u0434\u0443\u043a\u0442\u0456\u0432, \u044f\u0441\u043a\u0440\u0430\u0432\u0438\u0445 \u0441\u0430\u043b\u0430\u0442\u0456\u0432 \u0456 \u0431\u0456\u043b\u043e\u0433\u043e \u043c'\u044f\u0441\u0430. \u0422\u0430\u043a\u043e\u0436 \u043c\u043e\u0436\u043d\u0430 \u043f\u043e\u0441\u0438\u043f\u0430\u0442\u0438 \u044f\u043b\u043e\u0432\u0438\u0447\u0435 \u043a\u0430\u0440\u043f\u0430\u0447\u0447\u043e \u0442\u0430 \u0456\u043d\u0448\u0456 \u0434\u0435\u043b\u0456\u043a\u0430\u0442\u0435\u0441\u043d\u0456 \u043c'\u044f\u0441\u043d\u0456 \u0432\u0430\u0440\u0456\u0430\u0446\u0456\u0457.<br \/>\n\u0412\u0456\u043d \u0442\u0430\u043a\u043e\u0436 \u0431\u0443\u0434\u0435 \u0447\u0443\u0434\u043e\u0432\u0438\u043c \u0434\u043e\u043f\u043e\u0432\u043d\u0435\u043d\u043d\u044f\u043c \u0434\u043e \u0432\u0438\u043f\u0456\u0447\u043a\u0438 \u0442\u0430 \u0440\u0438\u0441\u043e\u0432\u0438\u0445 \u0441\u0442\u0440\u0430\u0432. \u0419\u043e\u0433\u043e \u043d\u0435\u0437\u0432\u0438\u0447\u0430\u0439\u043d\u0438\u0439 \u043b\u0435\u0433\u043a\u0438\u0439 \u0430\u0440\u043e\u043c\u0430\u0442 \u043d\u0430\u0433\u0430\u0434\u0443\u0432\u0430\u0442\u0438\u043c\u0435 \u043f\u0440\u043e \u0441\u043c\u0430\u043a \u043b\u0456\u0442\u0430 \u043d\u0435 \u043b\u0438\u0448\u0435 \u0432 \u0441\u043e\u043d\u044f\u0447\u043d\u0456 \u0434\u043d\u0456.<\/p>","protected":false},"excerpt":{"rendered":"<p>Doskona\u0142ej jako\u015bci grecka oliwa extra virgin o \u015bwie\u017cym cytrusowym armacie s\u0142odkiej pomara\u0144czy. Idealna propozycja letniego dressingu do ryb i owoc\u00f3w morza , kolorowych sa\u0142at, bia\u0142ych mi\u0119s. Mo\u017cna ni\u0105 skropi\u0107 r\u00f3wnie\u017c carpaccio wo\u0142owe i inne delikatne mi\u0119sne wariacje. \u015awietnie sprawdzi si\u0119 r\u00f3wnie\u017c jako dodatek do wypiek\u00f3w i da\u0144 z ry\u017cu. Jej nietypowy lekki aromat przywo\u0142a smak [&hellip;]<\/p>\n","protected":false},"featured_media":5801,"template":"","meta":[],"product_brand":[],"product_cat":[845,322,64],"product_tag":[],"class_list":{"0":"post-5800","1":"product","2":"type-product","3":"status-publish","4":"has-post-thumbnail","6":"product_cat-dla-pizzerii-i-trattorii","7":"product_cat-oliwy-z-oliwek","8":"product_cat-produkty-brandowe","9":"pa_atrybut-detal-horeca-detal","10":"pa_atrybut-detal-horeca-horeca","11":"pa_masa-netto-250ml","12":"pa_sztuk-w-kartonie-79","14":"first","15":"instock","16":"shipping-taxable","17":"product-type-simple"},"yoast_head":"<!-- This site is optimized with the Yoast SEO plugin v27.3 - https:\/\/yoast.com\/product\/yoast-seo-wordpress\/ -->\n<title>Przyprawa na bazie oliwy z oliwek najwy\u017cszej jako\u015bci z pierwszego t\u0142oczenia o smaku pomara\u0144czowym - Limpol - Dystrybutor produkt\u00f3w spo\u017cywczych | Import Eksport<\/title>\n<meta name=\"robots\" content=\"index, follow, max-snippet:-1, max-image-preview:large, max-video-preview:-1\" \/>\n<link rel=\"canonical\" href=\"https:\/\/limpol.pl\/uk\/\u043f\u0440\u043e\u0434\u0443\u043a\u0442\u0438\/\u043e\u043b\u0438\u0432\u043a\u043e\u0432\u0430-\u043e\u043b\u0456\u044f-\u0437-\u0430\u043f\u0435\u043b\u044c\u0441\u0438\u043d\u043e\u0432\u0438\u043c-\u0430\u0440\u043e\u043c\u0430\u0442\u043e\/\" \/>\n<meta property=\"og:locale\" content=\"uk_UA\" \/>\n<meta property=\"og:type\" content=\"article\" \/>\n<meta property=\"og:title\" content=\"Przyprawa na bazie oliwy z oliwek najwy\u017cszej jako\u015bci z pierwszego t\u0142oczenia o smaku pomara\u0144czowym - Limpol - Dystrybutor produkt\u00f3w spo\u017cywczych | Import Eksport\" \/>\n<meta property=\"og:description\" content=\"Doskona\u0142ej jako\u015bci grecka oliwa extra virgin o \u015bwie\u017cym cytrusowym armacie s\u0142odkiej pomara\u0144czy. Idealna propozycja letniego dressingu do ryb i owoc\u00f3w morza , kolorowych sa\u0142at, bia\u0142ych mi\u0119s. Mo\u017cna ni\u0105 skropi\u0107 r\u00f3wnie\u017c carpaccio wo\u0142owe i inne delikatne mi\u0119sne wariacje. \u015awietnie sprawdzi si\u0119 r\u00f3wnie\u017c jako dodatek do wypiek\u00f3w i da\u0144 z ry\u017cu. Jej nietypowy lekki aromat przywo\u0142a smak [&hellip;]\" \/>\n<meta property=\"og:url\" content=\"https:\/\/limpol.pl\/uk\/\u043f\u0440\u043e\u0434\u0443\u043a\u0442\u0438\/\u043e\u043b\u0438\u0432\u043a\u043e\u0432\u0430-\u043e\u043b\u0456\u044f-\u0437-\u0430\u043f\u0435\u043b\u044c\u0441\u0438\u043d\u043e\u0432\u0438\u043c-\u0430\u0440\u043e\u043c\u0430\u0442\u043e\/\" \/>\n<meta property=\"og:site_name\" content=\"Limpol - Dystrybutor produkt\u00f3w spo\u017cywczych | Import Eksport\" \/>\n<meta property=\"article:publisher\" content=\"https:\/\/www.facebook.com\/firmalimpol\/\" \/>\n<meta property=\"article:modified_time\" content=\"2026-01-29T11:31:56+00:00\" \/>\n<meta property=\"og:image\" content=\"https:\/\/limpol.pl\/wp-content\/uploads\/2023\/05\/oliwa-pomaranczowa.webp\" \/>\n\t<meta property=\"og:image:width\" content=\"1000\" \/>\n\t<meta property=\"og:image:height\" content=\"1000\" \/>\n\t<meta property=\"og:image:type\" content=\"image\/webp\" \/>\n<meta name=\"twitter:card\" content=\"summary_large_image\" \/>\n<meta name=\"twitter:label1\" content=\"\u041f\u0440\u0438\u0431\u043b. \u0447\u0430\u0441 \u0447\u0438\u0442\u0430\u043d\u043d\u044f\" \/>\n\t<meta name=\"twitter:data1\" content=\"1 \u0445\u0432\u0438\u043b\u0438\u043d\u0430\" \/>\n<script type=\"application\/ld+json\" class=\"yoast-schema-graph\">{\"@context\":\"https:\\\/\\\/schema.org\",\"@graph\":[{\"@type\":\"WebPage\",\"@id\":\"https:\\\/\\\/limpol.pl\\\/produkty\\\/oliwa-z-oliwek-o-smaku-pomaranczy\\\/\",\"url\":\"https:\\\/\\\/limpol.pl\\\/produkty\\\/oliwa-z-oliwek-o-smaku-pomaranczy\\\/\",\"name\":\"Przyprawa na bazie oliwy z oliwek najwy\u017cszej jako\u015bci z pierwszego t\u0142oczenia o smaku pomara\u0144czowym - Limpol - Dystrybutor produkt\u00f3w spo\u017cywczych | Import Eksport\",\"isPartOf\":{\"@id\":\"https:\\\/\\\/limpol.pl\\\/#website\"},\"primaryImageOfPage\":{\"@id\":\"https:\\\/\\\/limpol.pl\\\/produkty\\\/oliwa-z-oliwek-o-smaku-pomaranczy\\\/#primaryimage\"},\"image\":{\"@id\":\"https:\\\/\\\/limpol.pl\\\/produkty\\\/oliwa-z-oliwek-o-smaku-pomaranczy\\\/#primaryimage\"},\"thumbnailUrl\":\"https:\\\/\\\/limpol.pl\\\/wp-content\\\/uploads\\\/2023\\\/05\\\/oliwa-pomaranczowa.webp\",\"datePublished\":\"2023-05-09T07:19:53+00:00\",\"dateModified\":\"2026-01-29T11:31:56+00:00\",\"breadcrumb\":{\"@id\":\"https:\\\/\\\/limpol.pl\\\/produkty\\\/oliwa-z-oliwek-o-smaku-pomaranczy\\\/#breadcrumb\"},\"inLanguage\":\"uk\",\"potentialAction\":[{\"@type\":\"ReadAction\",\"target\":[\"https:\\\/\\\/limpol.pl\\\/produkty\\\/oliwa-z-oliwek-o-smaku-pomaranczy\\\/\"]}]},{\"@type\":\"ImageObject\",\"inLanguage\":\"uk\",\"@id\":\"https:\\\/\\\/limpol.pl\\\/produkty\\\/oliwa-z-oliwek-o-smaku-pomaranczy\\\/#primaryimage\",\"url\":\"https:\\\/\\\/limpol.pl\\\/wp-content\\\/uploads\\\/2023\\\/05\\\/oliwa-pomaranczowa.webp\",\"contentUrl\":\"https:\\\/\\\/limpol.pl\\\/wp-content\\\/uploads\\\/2023\\\/05\\\/oliwa-pomaranczowa.webp\",\"width\":1000,\"height\":1000},{\"@type\":\"BreadcrumbList\",\"@id\":\"https:\\\/\\\/limpol.pl\\\/produkty\\\/oliwa-z-oliwek-o-smaku-pomaranczy\\\/#breadcrumb\",\"itemListElement\":[{\"@type\":\"ListItem\",\"position\":1,\"name\":\"Strona g\u0142\u00f3wna\",\"item\":\"https:\\\/\\\/limpol.pl\\\/\"},{\"@type\":\"ListItem\",\"position\":2,\"name\":\"Produkty\",\"item\":\"https:\\\/\\\/limpol.pl\\\/shop\\\/\"},{\"@type\":\"ListItem\",\"position\":3,\"name\":\"Przyprawa na bazie oliwy z oliwek najwy\u017cszej jako\u015bci z pierwszego t\u0142oczenia o smaku pomara\u0144czowym\"}]},{\"@type\":\"WebSite\",\"@id\":\"https:\\\/\\\/limpol.pl\\\/#website\",\"url\":\"https:\\\/\\\/limpol.pl\\\/\",\"name\":\"Limpol - Dystrybutor produkt\u00f3w spo\u017cywczych | Import Eksport\",\"description\":\"Importer i eksporter produkt\u00f3w spo\u017cywczych\",\"potentialAction\":[{\"@type\":\"SearchAction\",\"target\":{\"@type\":\"EntryPoint\",\"urlTemplate\":\"https:\\\/\\\/limpol.pl\\\/?s={search_term_string}\"},\"query-input\":{\"@type\":\"PropertyValueSpecification\",\"valueRequired\":true,\"valueName\":\"search_term_string\"}}],\"inLanguage\":\"uk\"}]}<\/script>\n<!-- \/ Yoast SEO plugin. -->","yoast_head_json":{"title":"\u041f\u0440\u0438\u043f\u0440\u0430\u0432\u0430 \u043d\u0430 \u043e\u0441\u043d\u043e\u0432\u0456 \u043e\u043b\u0438\u0432\u043a\u043e\u0432\u043e\u0457 \u043e\u043b\u0456\u0457 \u043f\u0435\u0440\u0448\u043e\u0433\u043e \u0445\u043e\u043b\u043e\u0434\u043d\u043e\u0433\u043e \u0432\u0456\u0434\u0436\u0438\u043c\u0443 \u0437 \u0430\u043f\u0435\u043b\u044c\u0441\u0438\u043d\u043e\u0432\u0438\u043c \u0441\u043c\u0430\u043a\u043e\u043c - Limpol - \u0414\u0438\u0441\u0442\u0440\u0438\u0431'\u044e\u0442\u043e\u0440 \u043f\u0440\u043e\u0434\u0443\u043a\u0442\u0456\u0432 \u0445\u0430\u0440\u0447\u0443\u0432\u0430\u043d\u043d\u044f | \u0406\u043c\u043f\u043e\u0440\u0442 \u0415\u043a\u0441\u043f\u043e\u0440\u0442","robots":{"index":"index","follow":"follow","max-snippet":"max-snippet:-1","max-image-preview":"max-image-preview:large","max-video-preview":"max-video-preview:-1"},"canonical":"https:\/\/limpol.pl\/uk\/\u043f\u0440\u043e\u0434\u0443\u043a\u0442\u0438\/\u043e\u043b\u0438\u0432\u043a\u043e\u0432\u0430-\u043e\u043b\u0456\u044f-\u0437-\u0430\u043f\u0435\u043b\u044c\u0441\u0438\u043d\u043e\u0432\u0438\u043c-\u0430\u0440\u043e\u043c\u0430\u0442\u043e\/","og_locale":"uk_UA","og_type":"article","og_title":"Przyprawa na bazie oliwy z oliwek najwy\u017cszej jako\u015bci z pierwszego t\u0142oczenia o smaku pomara\u0144czowym - Limpol - Dystrybutor produkt\u00f3w spo\u017cywczych | Import Eksport","og_description":"Doskona\u0142ej jako\u015bci grecka oliwa extra virgin o \u015bwie\u017cym cytrusowym armacie s\u0142odkiej pomara\u0144czy. Idealna propozycja letniego dressingu do ryb i owoc\u00f3w morza , kolorowych sa\u0142at, bia\u0142ych mi\u0119s. Mo\u017cna ni\u0105 skropi\u0107 r\u00f3wnie\u017c carpaccio wo\u0142owe i inne delikatne mi\u0119sne wariacje. \u015awietnie sprawdzi si\u0119 r\u00f3wnie\u017c jako dodatek do wypiek\u00f3w i da\u0144 z ry\u017cu. Jej nietypowy lekki aromat przywo\u0142a smak [&hellip;]","og_url":"https:\/\/limpol.pl\/uk\/\u043f\u0440\u043e\u0434\u0443\u043a\u0442\u0438\/\u043e\u043b\u0438\u0432\u043a\u043e\u0432\u0430-\u043e\u043b\u0456\u044f-\u0437-\u0430\u043f\u0435\u043b\u044c\u0441\u0438\u043d\u043e\u0432\u0438\u043c-\u0430\u0440\u043e\u043c\u0430\u0442\u043e\/","og_site_name":"Limpol - Dystrybutor produkt\u00f3w spo\u017cywczych | Import Eksport","article_publisher":"https:\/\/www.facebook.com\/firmalimpol\/","article_modified_time":"2026-01-29T11:31:56+00:00","og_image":[{"width":1000,"height":1000,"url":"https:\/\/limpol.pl\/wp-content\/uploads\/2023\/05\/oliwa-pomaranczowa.webp","type":"image\/webp"}],"twitter_card":"summary_large_image","twitter_misc":{"\u041f\u0440\u0438\u0431\u043b. \u0447\u0430\u0441 \u0447\u0438\u0442\u0430\u043d\u043d\u044f":"1 \u0445\u0432\u0438\u043b\u0438\u043d\u0430"},"schema":{"@context":"https:\/\/schema.org","@graph":[{"@type":"WebPage","@id":"https:\/\/limpol.pl\/produkty\/oliwa-z-oliwek-o-smaku-pomaranczy\/","url":"https:\/\/limpol.pl\/produkty\/oliwa-z-oliwek-o-smaku-pomaranczy\/","name":"\u041f\u0440\u0438\u043f\u0440\u0430\u0432\u0430 \u043d\u0430 \u043e\u0441\u043d\u043e\u0432\u0456 \u043e\u043b\u0438\u0432\u043a\u043e\u0432\u043e\u0457 \u043e\u043b\u0456\u0457 \u043f\u0435\u0440\u0448\u043e\u0433\u043e \u0445\u043e\u043b\u043e\u0434\u043d\u043e\u0433\u043e \u0432\u0456\u0434\u0436\u0438\u043c\u0443 \u0437 \u0430\u043f\u0435\u043b\u044c\u0441\u0438\u043d\u043e\u0432\u0438\u043c \u0441\u043c\u0430\u043a\u043e\u043c - Limpol - \u0414\u0438\u0441\u0442\u0440\u0438\u0431'\u044e\u0442\u043e\u0440 \u043f\u0440\u043e\u0434\u0443\u043a\u0442\u0456\u0432 \u0445\u0430\u0440\u0447\u0443\u0432\u0430\u043d\u043d\u044f | \u0406\u043c\u043f\u043e\u0440\u0442 \u0415\u043a\u0441\u043f\u043e\u0440\u0442","isPartOf":{"@id":"https:\/\/limpol.pl\/#website"},"primaryImageOfPage":{"@id":"https:\/\/limpol.pl\/produkty\/oliwa-z-oliwek-o-smaku-pomaranczy\/#primaryimage"},"image":{"@id":"https:\/\/limpol.pl\/produkty\/oliwa-z-oliwek-o-smaku-pomaranczy\/#primaryimage"},"thumbnailUrl":"https:\/\/limpol.pl\/wp-content\/uploads\/2023\/05\/oliwa-pomaranczowa.webp","datePublished":"2023-05-09T07:19:53+00:00","dateModified":"2026-01-29T11:31:56+00:00","breadcrumb":{"@id":"https:\/\/limpol.pl\/produkty\/oliwa-z-oliwek-o-smaku-pomaranczy\/#breadcrumb"},"inLanguage":"uk","potentialAction":[{"@type":"ReadAction","target":["https:\/\/limpol.pl\/produkty\/oliwa-z-oliwek-o-smaku-pomaranczy\/"]}]},{"@type":"ImageObject","inLanguage":"uk","@id":"https:\/\/limpol.pl\/produkty\/oliwa-z-oliwek-o-smaku-pomaranczy\/#primaryimage","url":"https:\/\/limpol.pl\/wp-content\/uploads\/2023\/05\/oliwa-pomaranczowa.webp","contentUrl":"https:\/\/limpol.pl\/wp-content\/uploads\/2023\/05\/oliwa-pomaranczowa.webp","width":1000,"height":1000},{"@type":"BreadcrumbList","@id":"https:\/\/limpol.pl\/produkty\/oliwa-z-oliwek-o-smaku-pomaranczy\/#breadcrumb","itemListElement":[{"@type":"ListItem","position":1,"name":"Strona g\u0142\u00f3wna","item":"https:\/\/limpol.pl\/"},{"@type":"ListItem","position":2,"name":"Produkty","item":"https:\/\/limpol.pl\/shop\/"},{"@type":"ListItem","position":3,"name":"Przyprawa na bazie oliwy z oliwek najwy\u017cszej jako\u015bci z pierwszego t\u0142oczenia o smaku pomara\u0144czowym"}]},{"@type":"WebSite","@id":"https:\/\/limpol.pl\/#website","url":"https:\/\/limpol.pl\/","name":"Limpol - \u0414\u0438\u0441\u0442\u0440\u0438\u0431'\u044e\u0442\u043e\u0440 \u043f\u0440\u043e\u0434\u0443\u043a\u0442\u0456\u0432 \u0445\u0430\u0440\u0447\u0443\u0432\u0430\u043d\u043d\u044f | \u0406\u043c\u043f\u043e\u0440\u0442 \u0415\u043a\u0441\u043f\u043e\u0440\u0442","description":"\u0406\u043c\u043f\u043e\u0440\u0442\u0435\u0440 \u0442\u0430 \u0435\u043a\u0441\u043f\u043e\u0440\u0442\u0435\u0440 \u043f\u0440\u043e\u0434\u0443\u043a\u0442\u0456\u0432 \u0445\u0430\u0440\u0447\u0443\u0432\u0430\u043d\u043d\u044f","potentialAction":[{"@type":"SearchAction","target":{"@type":"EntryPoint","urlTemplate":"https:\/\/limpol.pl\/?s={search_term_string}"},"query-input":{"@type":"PropertyValueSpecification","valueRequired":true,"valueName":"search_term_string"}}],"inLanguage":"uk"}]}},"_links":{"self":[{"href":"https:\/\/limpol.pl\/uk\/wp-json\/wp\/v2\/product\/5800","targetHints":{"allow":["GET"]}}],"collection":[{"href":"https:\/\/limpol.pl\/uk\/wp-json\/wp\/v2\/product"}],"about":[{"href":"https:\/\/limpol.pl\/uk\/wp-json\/wp\/v2\/types\/product"}],"wp:featuredmedia":[{"embeddable":true,"href":"https:\/\/limpol.pl\/uk\/wp-json\/wp\/v2\/media\/5801"}],"wp:attachment":[{"href":"https:\/\/limpol.pl\/uk\/wp-json\/wp\/v2\/media?parent=5800"}],"wp:term":[{"taxonomy":"product_brand","embeddable":true,"href":"https:\/\/limpol.pl\/uk\/wp-json\/wp\/v2\/product_brand?post=5800"},{"taxonomy":"product_cat","embeddable":true,"href":"https:\/\/limpol.pl\/uk\/wp-json\/wp\/v2\/product_cat?post=5800"},{"taxonomy":"product_tag","embeddable":true,"href":"https:\/\/limpol.pl\/uk\/wp-json\/wp\/v2\/product_tag?post=5800"}],"curies":[{"name":"wp","href":"https:\/\/api.w.org\/{rel}","templated":true}]}}