{"id":5869,"date":"2023-06-21T21:26:55","date_gmt":"2023-06-21T19:26:55","guid":{"rendered":"https:\/\/limpol.pl\/?post_type=product&#038;p=5869"},"modified":"2026-01-29T13:21:54","modified_gmt":"2026-01-29T12:21:54","slug":"\u0437\u0435\u043b\u0435\u043d\u0438\u0439-\u043f\u0435\u0440\u0435\u0446\u044c-\u0443-\u0440\u043e\u0437\u0441\u043e\u043b\u0456","status":"publish","type":"product","link":"https:\/\/limpol.pl\/uk\/\u043f\u0440\u043e\u0434\u0443\u043a\u0442\u0438\/\u0437\u0435\u043b\u0435\u043d\u0438\u0439-\u043f\u0435\u0440\u0435\u0446\u044c-\u0443-\u0440\u043e\u0437\u0441\u043e\u043b\u0456\/","title":{"rendered":"\u0417\u0435\u043b\u0435\u043d\u0438\u0439 \u043f\u0435\u0440\u0435\u0446\u044c \u0443 \u0440\u043e\u0437\u0441\u043e\u043b\u0456"},"content":{"rendered":"<p>\u0417\u0435\u043b\u0435\u043d\u0438\u0439 \u043f\u0435\u0440\u0435\u0446\u044c - \u0446\u0435 \u043d\u0430\u0442\u0443\u0440\u0430\u043b\u044c\u043d\u0430 \u0441\u043f\u0435\u0446\u0456\u044f, \u044f\u043a\u0443 \u043c\u043e\u0436\u043d\u0430 \u0432\u0438\u043a\u043e\u0440\u0438\u0441\u0442\u043e\u0432\u0443\u0432\u0430\u0442\u0438 \u044f\u043a \u043c'\u044f\u043a\u0448\u0438\u0439 \u0437\u0430\u043c\u0456\u043d\u043d\u0438\u043a \u0447\u043e\u0440\u043d\u043e\u0433\u043e \u043f\u0435\u0440\u0446\u044e. \u0412\u0456\u043d \u043c\u0430\u0454 \u0456\u043d\u0442\u0435\u043d\u0441\u0438\u0432\u043d\u0438\u0439 \u0430\u0440\u043e\u043c\u0430\u0442 \u0456 \u043f\u0440\u0438\u0454\u043c\u043d\u0438\u0439 \u043c'\u044f\u043a\u0438\u0439 \u0441\u043c\u0430\u043a. \u0412 \u043e\u0441\u043d\u043e\u0432\u043d\u043e\u043c\u0443 \u0432\u0438\u043a\u043e\u0440\u0438\u0441\u0442\u043e\u0432\u0443\u0454\u0442\u044c\u0441\u044f \u0432 \u0445\u043e\u043b\u043e\u0434\u043d\u0438\u0445 \u0441\u043e\u0443\u0441\u0430\u0445, \u0441\u043c\u0430\u0436\u0435\u043d\u043e\u043c\u0443 \u043c'\u044f\u0441\u0456 \u0442\u0430 \u0440\u0438\u0431\u0456, \u043c'\u044f\u0441\u043d\u0456\u0439 \u043d\u0430\u0440\u0456\u0437\u0446\u0456 \u0442\u0430 \u043f\u0430\u0448\u0442\u0435\u0442\u0430\u0445. \u0427\u0443\u0434\u043e\u0432\u043e \u043f\u0456\u0434\u0445\u043e\u0434\u0438\u0442\u044c \u044f\u043a \u0434\u043e\u043f\u043e\u0432\u043d\u0435\u043d\u043d\u044f \u0434\u043e \u043c\u0430\u0440\u0438\u043d\u0430\u0434\u0456\u0432. \u041d\u0430\u0434\u0430\u0454 \u0443\u043d\u0456\u043a\u0430\u043b\u044c\u043d\u0438\u0439 \u0442\u0430 \u0432\u0438\u0448\u0443\u043a\u0430\u043d\u0438\u0439 \u0445\u0430\u0440\u0430\u043a\u0442\u0435\u0440 \u043a\u043e\u0436\u043d\u0456\u0439 \u0441\u0442\u0440\u0430\u0432\u0456.<\/p>","protected":false},"excerpt":{"rendered":"<p>\u0417\u0435\u043b\u0435\u043d\u0438\u0439 \u043f\u0435\u0440\u0435\u0446\u044c - \u0446\u0435 \u043d\u0430\u0442\u0443\u0440\u0430\u043b\u044c\u043d\u0430 \u0441\u043f\u0435\u0446\u0456\u044f, \u044f\u043a\u0443 \u043c\u043e\u0436\u043d\u0430 \u0432\u0438\u043a\u043e\u0440\u0438\u0441\u0442\u043e\u0432\u0443\u0432\u0430\u0442\u0438 \u044f\u043a \u043c'\u044f\u043a\u0448\u0438\u0439 \u0437\u0430\u043c\u0456\u043d\u043d\u0438\u043a \u0447\u043e\u0440\u043d\u043e\u0433\u043e \u043f\u0435\u0440\u0446\u044e. \u0412\u0456\u043d \u043c\u0430\u0454 \u0456\u043d\u0442\u0435\u043d\u0441\u0438\u0432\u043d\u0438\u0439 \u0430\u0440\u043e\u043c\u0430\u0442 \u0456 \u043f\u0440\u0438\u0454\u043c\u043d\u0438\u0439 \u043c'\u044f\u043a\u0438\u0439 \u0441\u043c\u0430\u043a. \u0412 \u043e\u0441\u043d\u043e\u0432\u043d\u043e\u043c\u0443 \u0432\u0438\u043a\u043e\u0440\u0438\u0441\u0442\u043e\u0432\u0443\u0454\u0442\u044c\u0441\u044f \u0432 \u0445\u043e\u043b\u043e\u0434\u043d\u0438\u0445 \u0441\u043e\u0443\u0441\u0430\u0445, \u0441\u043c\u0430\u0436\u0435\u043d\u043e\u043c\u0443 \u043c'\u044f\u0441\u0456 \u0442\u0430 \u0440\u0438\u0431\u0456, \u043c'\u044f\u0441\u043d\u0456\u0439 \u043d\u0430\u0440\u0456\u0437\u0446\u0456 \u0442\u0430 \u043f\u0430\u0448\u0442\u0435\u0442\u0430\u0445. \u0427\u0443\u0434\u043e\u0432\u043e \u043f\u0456\u0434\u0445\u043e\u0434\u0438\u0442\u044c \u044f\u043a \u0434\u043e\u043f\u043e\u0432\u043d\u0435\u043d\u043d\u044f \u0434\u043e \u043c\u0430\u0440\u0438\u043d\u0430\u0434\u0456\u0432. \u041d\u0430\u0434\u0430\u0454 \u0443\u043d\u0456\u043a\u0430\u043b\u044c\u043d\u0438\u0439 \u0442\u0430 \u0432\u0438\u0448\u0443\u043a\u0430\u043d\u0438\u0439 \u0445\u0430\u0440\u0430\u043a\u0442\u0435\u0440 \u043a\u043e\u0436\u043d\u0456\u0439 \u0441\u0442\u0440\u0430\u0432\u0456.<\/p>","protected":false},"featured_media":6670,"template":"","meta":[],"product_brand":[],"product_cat":[845,57,263],"product_tag":[],"class_list":{"0":"post-5869","1":"product","2":"type-product","3":"status-publish","4":"has-post-thumbnail","6":"product_cat-dla-pizzerii-i-trattorii","7":"product_cat-produkty-vera","8":"product_cat-przetwory-warzywne","9":"pa_ilosc-sztuk-na-palecie-185","10":"pa_masa-netto-700g","11":"pa_masa-po-odsaczeniu-400g","12":"pa_sztuk-w-kartonie-115","14":"first","15":"instock","16":"shipping-taxable","17":"product-type-simple"},"yoast_head":"<!-- This site is optimized with the Yoast SEO plugin v27.3 - https:\/\/yoast.com\/product\/yoast-seo-wordpress\/ -->\n<title>Pieprz zielony w zalewie - Limpol - Dystrybutor produkt\u00f3w spo\u017cywczych | Import Eksport<\/title>\n<meta name=\"robots\" content=\"index, follow, max-snippet:-1, max-image-preview:large, max-video-preview:-1\" \/>\n<link rel=\"canonical\" href=\"https:\/\/limpol.pl\/uk\/\u043f\u0440\u043e\u0434\u0443\u043a\u0442\u0438\/\u0437\u0435\u043b\u0435\u043d\u0438\u0439-\u043f\u0435\u0440\u0435\u0446\u044c-\u0443-\u0440\u043e\u0437\u0441\u043e\u043b\u0456\/\" \/>\n<meta property=\"og:locale\" content=\"uk_UA\" \/>\n<meta property=\"og:type\" content=\"article\" \/>\n<meta property=\"og:title\" content=\"Pieprz zielony w zalewie - Limpol - Dystrybutor produkt\u00f3w spo\u017cywczych | Import Eksport\" \/>\n<meta property=\"og:description\" content=\"Pieprz zielony to naturalna przyprawa, kt\u00f3r\u0105 mo\u017cna stosowa\u0107 jako \u0142agodniejszy zamiennik czarnego pieprzu. Ma intensywny aromat i przyjemny delikatny smak. Stosuje si\u0119 go najcz\u0119\u015bciej do zimnych sos\u00f3w, do pieczonych mi\u0119s i ryb, w\u0119dlin i pasztet\u00f3w. \u015awietny jako dodatek do marynat. Ka\u017cdemu daniu nadaje wyj\u0105tkowy i wykwintny charakter.\" \/>\n<meta property=\"og:url\" content=\"https:\/\/limpol.pl\/uk\/\u043f\u0440\u043e\u0434\u0443\u043a\u0442\u0438\/\u0437\u0435\u043b\u0435\u043d\u0438\u0439-\u043f\u0435\u0440\u0435\u0446\u044c-\u0443-\u0440\u043e\u0437\u0441\u043e\u043b\u0456\/\" \/>\n<meta property=\"og:site_name\" content=\"Limpol - Dystrybutor produkt\u00f3w spo\u017cywczych | Import Eksport\" \/>\n<meta property=\"article:publisher\" content=\"https:\/\/www.facebook.com\/firmalimpol\/\" \/>\n<meta property=\"article:modified_time\" content=\"2026-01-29T12:21:54+00:00\" \/>\n<meta property=\"og:image\" content=\"https:\/\/limpol.pl\/wp-content\/uploads\/2026\/01\/pieprz-zielony.jpg\" \/>\n\t<meta property=\"og:image:width\" content=\"1000\" \/>\n\t<meta property=\"og:image:height\" content=\"1000\" \/>\n\t<meta property=\"og:image:type\" content=\"image\/jpeg\" \/>\n<meta name=\"twitter:card\" content=\"summary_large_image\" \/>\n<meta name=\"twitter:label1\" content=\"\u041f\u0440\u0438\u0431\u043b. \u0447\u0430\u0441 \u0447\u0438\u0442\u0430\u043d\u043d\u044f\" \/>\n\t<meta name=\"twitter:data1\" content=\"1 \u0445\u0432\u0438\u043b\u0438\u043d\u0430\" \/>\n<script type=\"application\/ld+json\" class=\"yoast-schema-graph\">{\"@context\":\"https:\\\/\\\/schema.org\",\"@graph\":[{\"@type\":\"WebPage\",\"@id\":\"https:\\\/\\\/limpol.pl\\\/produkty\\\/pieprz-zielony-w-zalewie\\\/\",\"url\":\"https:\\\/\\\/limpol.pl\\\/produkty\\\/pieprz-zielony-w-zalewie\\\/\",\"name\":\"Pieprz zielony w zalewie - Limpol - Dystrybutor produkt\u00f3w spo\u017cywczych | Import Eksport\",\"isPartOf\":{\"@id\":\"https:\\\/\\\/limpol.pl\\\/#website\"},\"primaryImageOfPage\":{\"@id\":\"https:\\\/\\\/limpol.pl\\\/produkty\\\/pieprz-zielony-w-zalewie\\\/#primaryimage\"},\"image\":{\"@id\":\"https:\\\/\\\/limpol.pl\\\/produkty\\\/pieprz-zielony-w-zalewie\\\/#primaryimage\"},\"thumbnailUrl\":\"https:\\\/\\\/limpol.pl\\\/wp-content\\\/uploads\\\/2026\\\/01\\\/pieprz-zielony.jpg\",\"datePublished\":\"2023-06-21T19:26:55+00:00\",\"dateModified\":\"2026-01-29T12:21:54+00:00\",\"breadcrumb\":{\"@id\":\"https:\\\/\\\/limpol.pl\\\/produkty\\\/pieprz-zielony-w-zalewie\\\/#breadcrumb\"},\"inLanguage\":\"uk\",\"potentialAction\":[{\"@type\":\"ReadAction\",\"target\":[\"https:\\\/\\\/limpol.pl\\\/produkty\\\/pieprz-zielony-w-zalewie\\\/\"]}]},{\"@type\":\"ImageObject\",\"inLanguage\":\"uk\",\"@id\":\"https:\\\/\\\/limpol.pl\\\/produkty\\\/pieprz-zielony-w-zalewie\\\/#primaryimage\",\"url\":\"https:\\\/\\\/limpol.pl\\\/wp-content\\\/uploads\\\/2026\\\/01\\\/pieprz-zielony.jpg\",\"contentUrl\":\"https:\\\/\\\/limpol.pl\\\/wp-content\\\/uploads\\\/2026\\\/01\\\/pieprz-zielony.jpg\",\"width\":1000,\"height\":1000},{\"@type\":\"BreadcrumbList\",\"@id\":\"https:\\\/\\\/limpol.pl\\\/produkty\\\/pieprz-zielony-w-zalewie\\\/#breadcrumb\",\"itemListElement\":[{\"@type\":\"ListItem\",\"position\":1,\"name\":\"Strona g\u0142\u00f3wna\",\"item\":\"https:\\\/\\\/limpol.pl\\\/\"},{\"@type\":\"ListItem\",\"position\":2,\"name\":\"Produkty\",\"item\":\"https:\\\/\\\/limpol.pl\\\/shop\\\/\"},{\"@type\":\"ListItem\",\"position\":3,\"name\":\"Pieprz zielony w zalewie\"}]},{\"@type\":\"WebSite\",\"@id\":\"https:\\\/\\\/limpol.pl\\\/#website\",\"url\":\"https:\\\/\\\/limpol.pl\\\/\",\"name\":\"Limpol - Dystrybutor produkt\u00f3w spo\u017cywczych | Import Eksport\",\"description\":\"Importer i eksporter produkt\u00f3w spo\u017cywczych\",\"potentialAction\":[{\"@type\":\"SearchAction\",\"target\":{\"@type\":\"EntryPoint\",\"urlTemplate\":\"https:\\\/\\\/limpol.pl\\\/?s={search_term_string}\"},\"query-input\":{\"@type\":\"PropertyValueSpecification\",\"valueRequired\":true,\"valueName\":\"search_term_string\"}}],\"inLanguage\":\"uk\"}]}<\/script>\n<!-- \/ Yoast SEO plugin. -->","yoast_head_json":{"title":"\u041f\u0435\u0440\u0435\u0446\u044c \u0437\u0435\u043b\u0435\u043d\u0438\u0439 \u0432 \u0440\u043e\u0437\u0441\u043e\u043b\u0456 - Limpol - \u0414\u0438\u0441\u0442\u0440\u0438\u0431'\u044e\u0442\u043e\u0440 \u043f\u0440\u043e\u0434\u0443\u043a\u0442\u0456\u0432 \u0445\u0430\u0440\u0447\u0443\u0432\u0430\u043d\u043d\u044f | \u0406\u043c\u043f\u043e\u0440\u0442 \u0415\u043a\u0441\u043f\u043e\u0440\u0442","robots":{"index":"index","follow":"follow","max-snippet":"max-snippet:-1","max-image-preview":"max-image-preview:large","max-video-preview":"max-video-preview:-1"},"canonical":"https:\/\/limpol.pl\/uk\/\u043f\u0440\u043e\u0434\u0443\u043a\u0442\u0438\/\u0437\u0435\u043b\u0435\u043d\u0438\u0439-\u043f\u0435\u0440\u0435\u0446\u044c-\u0443-\u0440\u043e\u0437\u0441\u043e\u043b\u0456\/","og_locale":"uk_UA","og_type":"article","og_title":"Pieprz zielony w zalewie - Limpol - Dystrybutor produkt\u00f3w spo\u017cywczych | Import Eksport","og_description":"Pieprz zielony to naturalna przyprawa, kt\u00f3r\u0105 mo\u017cna stosowa\u0107 jako \u0142agodniejszy zamiennik czarnego pieprzu. Ma intensywny aromat i przyjemny delikatny smak. Stosuje si\u0119 go najcz\u0119\u015bciej do zimnych sos\u00f3w, do pieczonych mi\u0119s i ryb, w\u0119dlin i pasztet\u00f3w. \u015awietny jako dodatek do marynat. Ka\u017cdemu daniu nadaje wyj\u0105tkowy i wykwintny charakter.","og_url":"https:\/\/limpol.pl\/uk\/\u043f\u0440\u043e\u0434\u0443\u043a\u0442\u0438\/\u0437\u0435\u043b\u0435\u043d\u0438\u0439-\u043f\u0435\u0440\u0435\u0446\u044c-\u0443-\u0440\u043e\u0437\u0441\u043e\u043b\u0456\/","og_site_name":"Limpol - Dystrybutor produkt\u00f3w spo\u017cywczych | Import Eksport","article_publisher":"https:\/\/www.facebook.com\/firmalimpol\/","article_modified_time":"2026-01-29T12:21:54+00:00","og_image":[{"width":1000,"height":1000,"url":"https:\/\/limpol.pl\/wp-content\/uploads\/2026\/01\/pieprz-zielony.jpg","type":"image\/jpeg"}],"twitter_card":"summary_large_image","twitter_misc":{"\u041f\u0440\u0438\u0431\u043b. \u0447\u0430\u0441 \u0447\u0438\u0442\u0430\u043d\u043d\u044f":"1 \u0445\u0432\u0438\u043b\u0438\u043d\u0430"},"schema":{"@context":"https:\/\/schema.org","@graph":[{"@type":"WebPage","@id":"https:\/\/limpol.pl\/produkty\/pieprz-zielony-w-zalewie\/","url":"https:\/\/limpol.pl\/produkty\/pieprz-zielony-w-zalewie\/","name":"\u041f\u0435\u0440\u0435\u0446\u044c \u0437\u0435\u043b\u0435\u043d\u0438\u0439 \u0432 \u0440\u043e\u0437\u0441\u043e\u043b\u0456 - Limpol - \u0414\u0438\u0441\u0442\u0440\u0438\u0431'\u044e\u0442\u043e\u0440 \u043f\u0440\u043e\u0434\u0443\u043a\u0442\u0456\u0432 \u0445\u0430\u0440\u0447\u0443\u0432\u0430\u043d\u043d\u044f | \u0406\u043c\u043f\u043e\u0440\u0442 \u0415\u043a\u0441\u043f\u043e\u0440\u0442","isPartOf":{"@id":"https:\/\/limpol.pl\/#website"},"primaryImageOfPage":{"@id":"https:\/\/limpol.pl\/produkty\/pieprz-zielony-w-zalewie\/#primaryimage"},"image":{"@id":"https:\/\/limpol.pl\/produkty\/pieprz-zielony-w-zalewie\/#primaryimage"},"thumbnailUrl":"https:\/\/limpol.pl\/wp-content\/uploads\/2026\/01\/pieprz-zielony.jpg","datePublished":"2023-06-21T19:26:55+00:00","dateModified":"2026-01-29T12:21:54+00:00","breadcrumb":{"@id":"https:\/\/limpol.pl\/produkty\/pieprz-zielony-w-zalewie\/#breadcrumb"},"inLanguage":"uk","potentialAction":[{"@type":"ReadAction","target":["https:\/\/limpol.pl\/produkty\/pieprz-zielony-w-zalewie\/"]}]},{"@type":"ImageObject","inLanguage":"uk","@id":"https:\/\/limpol.pl\/produkty\/pieprz-zielony-w-zalewie\/#primaryimage","url":"https:\/\/limpol.pl\/wp-content\/uploads\/2026\/01\/pieprz-zielony.jpg","contentUrl":"https:\/\/limpol.pl\/wp-content\/uploads\/2026\/01\/pieprz-zielony.jpg","width":1000,"height":1000},{"@type":"BreadcrumbList","@id":"https:\/\/limpol.pl\/produkty\/pieprz-zielony-w-zalewie\/#breadcrumb","itemListElement":[{"@type":"ListItem","position":1,"name":"Strona g\u0142\u00f3wna","item":"https:\/\/limpol.pl\/"},{"@type":"ListItem","position":2,"name":"Produkty","item":"https:\/\/limpol.pl\/shop\/"},{"@type":"ListItem","position":3,"name":"Pieprz zielony w zalewie"}]},{"@type":"WebSite","@id":"https:\/\/limpol.pl\/#website","url":"https:\/\/limpol.pl\/","name":"Limpol - \u0414\u0438\u0441\u0442\u0440\u0438\u0431'\u044e\u0442\u043e\u0440 \u043f\u0440\u043e\u0434\u0443\u043a\u0442\u0456\u0432 \u0445\u0430\u0440\u0447\u0443\u0432\u0430\u043d\u043d\u044f | \u0406\u043c\u043f\u043e\u0440\u0442 \u0415\u043a\u0441\u043f\u043e\u0440\u0442","description":"\u0406\u043c\u043f\u043e\u0440\u0442\u0435\u0440 \u0442\u0430 \u0435\u043a\u0441\u043f\u043e\u0440\u0442\u0435\u0440 \u043f\u0440\u043e\u0434\u0443\u043a\u0442\u0456\u0432 \u0445\u0430\u0440\u0447\u0443\u0432\u0430\u043d\u043d\u044f","potentialAction":[{"@type":"SearchAction","target":{"@type":"EntryPoint","urlTemplate":"https:\/\/limpol.pl\/?s={search_term_string}"},"query-input":{"@type":"PropertyValueSpecification","valueRequired":true,"valueName":"search_term_string"}}],"inLanguage":"uk"}]}},"_links":{"self":[{"href":"https:\/\/limpol.pl\/uk\/wp-json\/wp\/v2\/product\/5869","targetHints":{"allow":["GET"]}}],"collection":[{"href":"https:\/\/limpol.pl\/uk\/wp-json\/wp\/v2\/product"}],"about":[{"href":"https:\/\/limpol.pl\/uk\/wp-json\/wp\/v2\/types\/product"}],"wp:featuredmedia":[{"embeddable":true,"href":"https:\/\/limpol.pl\/uk\/wp-json\/wp\/v2\/media\/6670"}],"wp:attachment":[{"href":"https:\/\/limpol.pl\/uk\/wp-json\/wp\/v2\/media?parent=5869"}],"wp:term":[{"taxonomy":"product_brand","embeddable":true,"href":"https:\/\/limpol.pl\/uk\/wp-json\/wp\/v2\/product_brand?post=5869"},{"taxonomy":"product_cat","embeddable":true,"href":"https:\/\/limpol.pl\/uk\/wp-json\/wp\/v2\/product_cat?post=5869"},{"taxonomy":"product_tag","embeddable":true,"href":"https:\/\/limpol.pl\/uk\/wp-json\/wp\/v2\/product_tag?post=5869"}],"curies":[{"name":"wp","href":"https:\/\/api.w.org\/{rel}","templated":true}]}}