{"id":6049,"date":"2024-04-18T12:13:52","date_gmt":"2024-04-18T10:13:52","guid":{"rendered":"https:\/\/limpol.pl\/?post_type=product&#038;p=6049"},"modified":"2026-01-29T12:22:46","modified_gmt":"2026-01-29T11:22:46","slug":"\u043e\u0447\u0438\u0449\u0435\u043d\u0438\u0439-\u0446\u0456\u043b\u0438\u0439-\u0431\u0443\u0440\u044f\u043a-\u0432\u0430\u0440\u0435\u043d\u0438\u0439-\u0432\u0456\u0440\u0430","status":"publish","type":"product","link":"https:\/\/limpol.pl\/uk\/\u043f\u0440\u043e\u0434\u0443\u043a\u0442\u0438\/\u043e\u0447\u0438\u0449\u0435\u043d\u0438\u0439-\u0446\u0456\u043b\u0438\u0439-\u0431\u0443\u0440\u044f\u043a-\u0432\u0430\u0440\u0435\u043d\u0438\u0439-\u0432\u0456\u0440\u0430\/","title":{"rendered":"\u041e\u0447\u0438\u0449\u0435\u043d\u0438\u0439, \u0446\u0456\u043b\u0438\u0439 \u0431\u0443\u0440\u044f\u043a, \u043f\u0440\u0438\u0433\u043e\u0442\u043e\u0432\u0430\u043d\u0438\u0439 \u0412\u0456\u0440\u043e\u044e"},"content":{"rendered":"<p>\u0411\u0443\u0440\u044f\u043a - \u043e\u0432\u043e\u0447, \u0431\u0435\u0437 \u044f\u043a\u043e\u0433\u043e \u0432\u0430\u0436\u043a\u043e \u0443\u044f\u0432\u0438\u0442\u0438 \u043f\u043e\u043b\u044c\u0441\u044c\u043a\u0443 \u043a\u0443\u0445\u043d\u044e. \u0412\u0456\u0434\u0432\u0430\u0440\u0435\u043d\u0438\u0439 \u0442\u0430 \u043e\u0447\u0438\u0449\u0435\u043d\u0438\u0439 \u0431\u0443\u0440\u044f\u043a \u0432\u0456\u0434 VERA - \u0446\u0435 \u0433\u043e\u0442\u043e\u0432\u0438\u0439 \u0434\u043e \u0432\u0436\u0438\u0432\u0430\u043d\u043d\u044f \u043f\u0440\u043e\u0434\u0443\u043a\u0442. \u0417\u0430\u0432\u0434\u044f\u043a\u0438 \u0433\u0435\u0440\u043c\u0435\u0442\u0438\u0447\u043d\u0456\u0439 \u0432\u0430\u043a\u0443\u0443\u043c\u043d\u0456\u0439 \u0443\u043f\u0430\u043a\u043e\u0432\u0446\u0456 \u0432\u0456\u043d \u0437\u0431\u0435\u0440\u0456\u0433\u0430\u0454 \u0441\u0432\u0456\u0439 \u043a\u043e\u043b\u0456\u0440 \u0456 \u0430\u0440\u043e\u043c\u0430\u0442. \u0412\u043e\u043d\u0438 \u0434\u0443\u0436\u0435 \u0437\u0440\u0443\u0447\u043d\u0456 \u043d\u0430 \u043a\u0443\u0445\u043d\u0456. \u0419\u043e\u0433\u043e \u043c\u043e\u0436\u043d\u0430 \u0432\u0438\u043a\u043e\u0440\u0438\u0441\u0442\u043e\u0432\u0443\u0432\u0430\u0442\u0438 \u044f\u043a \u0433\u0430\u0440\u043d\u0456\u0440 \u0430\u0431\u043e \u044f\u043a \u043e\u0441\u043d\u043e\u0432\u043d\u0438\u0439 \u043a\u043e\u043c\u043f\u043e\u043d\u0435\u043d\u0442 \u0441\u0442\u0440\u0430\u0432\u0438.<\/p>","protected":false},"excerpt":{"rendered":"<p>\u0411\u0443\u0440\u044f\u043a - \u043e\u0432\u043e\u0447, \u0431\u0435\u0437 \u044f\u043a\u043e\u0433\u043e \u0432\u0430\u0436\u043a\u043e \u0443\u044f\u0432\u0438\u0442\u0438 \u043f\u043e\u043b\u044c\u0441\u044c\u043a\u0443 \u043a\u0443\u0445\u043d\u044e. \u0412\u0456\u0434\u0432\u0430\u0440\u0435\u043d\u0438\u0439 \u0442\u0430 \u043e\u0447\u0438\u0449\u0435\u043d\u0438\u0439 \u0431\u0443\u0440\u044f\u043a \u0432\u0456\u0434 VERA - \u0446\u0435 \u0433\u043e\u0442\u043e\u0432\u0438\u0439 \u0434\u043e \u0432\u0436\u0438\u0432\u0430\u043d\u043d\u044f \u043f\u0440\u043e\u0434\u0443\u043a\u0442. \u0417\u0430\u0432\u0434\u044f\u043a\u0438 \u0433\u0435\u0440\u043c\u0435\u0442\u0438\u0447\u043d\u0456\u0439 \u0432\u0430\u043a\u0443\u0443\u043c\u043d\u0456\u0439 \u0443\u043f\u0430\u043a\u043e\u0432\u0446\u0456 \u0432\u0456\u043d \u0437\u0431\u0435\u0440\u0456\u0433\u0430\u0454 \u0441\u0432\u0456\u0439 \u043a\u043e\u043b\u0456\u0440 \u0456 \u0430\u0440\u043e\u043c\u0430\u0442. \u0412\u043e\u043d\u0438 \u0434\u0443\u0436\u0435 \u0437\u0440\u0443\u0447\u043d\u0456 \u043d\u0430 \u043a\u0443\u0445\u043d\u0456. \u0419\u043e\u0433\u043e \u043c\u043e\u0436\u043d\u0430 \u0432\u0438\u043a\u043e\u0440\u0438\u0441\u0442\u043e\u0432\u0443\u0432\u0430\u0442\u0438 \u044f\u043a \u0433\u0430\u0440\u043d\u0456\u0440 \u0430\u0431\u043e \u044f\u043a \u043e\u0441\u043d\u043e\u0432\u043d\u0438\u0439 \u043a\u043e\u043c\u043f\u043e\u043d\u0435\u043d\u0442 \u0441\u0442\u0440\u0430\u0432\u0438.<\/p>","protected":false},"featured_media":6031,"template":"","meta":[],"product_brand":[],"product_cat":[57,263],"product_tag":[],"class_list":{"0":"post-6049","1":"product","2":"type-product","3":"status-publish","4":"has-post-thumbnail","6":"product_cat-produkty-vera","7":"product_cat-przetwory-warzywne","8":"pa_ilosc-sztuk-na-palecie-242","9":"pa_masa-netto-70","10":"pa_sztuk-w-kartonie-79","12":"first","13":"instock","14":"shipping-taxable","15":"product-type-simple"},"yoast_head":"<!-- This site is optimized with the Yoast SEO plugin v27.3 - https:\/\/yoast.com\/product\/yoast-seo-wordpress\/ -->\n<title>Buraki obrane, ca\u0142e, gotowane Vera - Limpol - Dystrybutor produkt\u00f3w spo\u017cywczych | Import Eksport<\/title>\n<meta name=\"robots\" content=\"index, follow, max-snippet:-1, max-image-preview:large, max-video-preview:-1\" \/>\n<link rel=\"canonical\" href=\"https:\/\/limpol.pl\/uk\/\u043f\u0440\u043e\u0434\u0443\u043a\u0442\u0438\/\u043e\u0447\u0438\u0449\u0435\u043d\u0438\u0439-\u0446\u0456\u043b\u0438\u0439-\u0431\u0443\u0440\u044f\u043a-\u0432\u0430\u0440\u0435\u043d\u0438\u0439-\u0432\u0456\u0440\u0430\/\" \/>\n<meta property=\"og:locale\" content=\"uk_UA\" \/>\n<meta property=\"og:type\" content=\"article\" \/>\n<meta property=\"og:title\" content=\"Buraki obrane, ca\u0142e, gotowane Vera - Limpol - Dystrybutor produkt\u00f3w spo\u017cywczych | Import Eksport\" \/>\n<meta property=\"og:description\" content=\"Buraki \u0107wik\u0142owe to warzywo bez kt\u00f3rego trudno wyobrazi\u0107 sobie polsk\u0105 kuchni\u0119. Gotowane i obrane buraki marki VERA to produkt gotowy do spo\u017cycia. Zachowuj\u0105 sw\u00f3j kolor i aromat dzi\u0119ki szczelnemu, pr\u00f3\u017cniowemu opakowaniu. S\u0105 du\u017cym u\u0142atwieniem w kuchni. Maj\u0105 wiele zastosowa\u0144 zar\u00f3wno jako dodatek ale i jako g\u0142\u00f3wny komponent dania.\" \/>\n<meta property=\"og:url\" content=\"https:\/\/limpol.pl\/uk\/\u043f\u0440\u043e\u0434\u0443\u043a\u0442\u0438\/\u043e\u0447\u0438\u0449\u0435\u043d\u0438\u0439-\u0446\u0456\u043b\u0438\u0439-\u0431\u0443\u0440\u044f\u043a-\u0432\u0430\u0440\u0435\u043d\u0438\u0439-\u0432\u0456\u0440\u0430\/\" \/>\n<meta property=\"og:site_name\" content=\"Limpol - Dystrybutor produkt\u00f3w spo\u017cywczych | Import Eksport\" \/>\n<meta property=\"article:publisher\" content=\"https:\/\/www.facebook.com\/firmalimpol\/\" \/>\n<meta property=\"article:modified_time\" content=\"2026-01-29T11:22:46+00:00\" \/>\n<meta property=\"og:image\" content=\"https:\/\/limpol.pl\/wp-content\/uploads\/2024\/04\/buraki.webp\" \/>\n\t<meta property=\"og:image:width\" content=\"1000\" \/>\n\t<meta property=\"og:image:height\" content=\"1000\" \/>\n\t<meta property=\"og:image:type\" content=\"image\/webp\" \/>\n<meta name=\"twitter:card\" content=\"summary_large_image\" \/>\n<meta name=\"twitter:label1\" content=\"\u041f\u0440\u0438\u0431\u043b. \u0447\u0430\u0441 \u0447\u0438\u0442\u0430\u043d\u043d\u044f\" \/>\n\t<meta name=\"twitter:data1\" content=\"1 \u0445\u0432\u0438\u043b\u0438\u043d\u0430\" \/>\n<script type=\"application\/ld+json\" class=\"yoast-schema-graph\">{\"@context\":\"https:\\\/\\\/schema.org\",\"@graph\":[{\"@type\":\"WebPage\",\"@id\":\"https:\\\/\\\/limpol.pl\\\/produkty\\\/buraki-obrane-cale-gotowane-vera\\\/\",\"url\":\"https:\\\/\\\/limpol.pl\\\/produkty\\\/buraki-obrane-cale-gotowane-vera\\\/\",\"name\":\"Buraki obrane, ca\u0142e, gotowane Vera - Limpol - Dystrybutor produkt\u00f3w spo\u017cywczych | Import Eksport\",\"isPartOf\":{\"@id\":\"https:\\\/\\\/limpol.pl\\\/#website\"},\"primaryImageOfPage\":{\"@id\":\"https:\\\/\\\/limpol.pl\\\/produkty\\\/buraki-obrane-cale-gotowane-vera\\\/#primaryimage\"},\"image\":{\"@id\":\"https:\\\/\\\/limpol.pl\\\/produkty\\\/buraki-obrane-cale-gotowane-vera\\\/#primaryimage\"},\"thumbnailUrl\":\"https:\\\/\\\/limpol.pl\\\/wp-content\\\/uploads\\\/2024\\\/04\\\/buraki.webp\",\"datePublished\":\"2024-04-18T10:13:52+00:00\",\"dateModified\":\"2026-01-29T11:22:46+00:00\",\"breadcrumb\":{\"@id\":\"https:\\\/\\\/limpol.pl\\\/produkty\\\/buraki-obrane-cale-gotowane-vera\\\/#breadcrumb\"},\"inLanguage\":\"uk\",\"potentialAction\":[{\"@type\":\"ReadAction\",\"target\":[\"https:\\\/\\\/limpol.pl\\\/produkty\\\/buraki-obrane-cale-gotowane-vera\\\/\"]}]},{\"@type\":\"ImageObject\",\"inLanguage\":\"uk\",\"@id\":\"https:\\\/\\\/limpol.pl\\\/produkty\\\/buraki-obrane-cale-gotowane-vera\\\/#primaryimage\",\"url\":\"https:\\\/\\\/limpol.pl\\\/wp-content\\\/uploads\\\/2024\\\/04\\\/buraki.webp\",\"contentUrl\":\"https:\\\/\\\/limpol.pl\\\/wp-content\\\/uploads\\\/2024\\\/04\\\/buraki.webp\",\"width\":1000,\"height\":1000},{\"@type\":\"BreadcrumbList\",\"@id\":\"https:\\\/\\\/limpol.pl\\\/produkty\\\/buraki-obrane-cale-gotowane-vera\\\/#breadcrumb\",\"itemListElement\":[{\"@type\":\"ListItem\",\"position\":1,\"name\":\"Strona g\u0142\u00f3wna\",\"item\":\"https:\\\/\\\/limpol.pl\\\/\"},{\"@type\":\"ListItem\",\"position\":2,\"name\":\"Produkty\",\"item\":\"https:\\\/\\\/limpol.pl\\\/shop\\\/\"},{\"@type\":\"ListItem\",\"position\":3,\"name\":\"Buraki obrane, ca\u0142e, gotowane Vera\"}]},{\"@type\":\"WebSite\",\"@id\":\"https:\\\/\\\/limpol.pl\\\/#website\",\"url\":\"https:\\\/\\\/limpol.pl\\\/\",\"name\":\"Limpol - Dystrybutor produkt\u00f3w spo\u017cywczych | Import Eksport\",\"description\":\"Importer i eksporter produkt\u00f3w spo\u017cywczych\",\"potentialAction\":[{\"@type\":\"SearchAction\",\"target\":{\"@type\":\"EntryPoint\",\"urlTemplate\":\"https:\\\/\\\/limpol.pl\\\/?s={search_term_string}\"},\"query-input\":{\"@type\":\"PropertyValueSpecification\",\"valueRequired\":true,\"valueName\":\"search_term_string\"}}],\"inLanguage\":\"uk\"}]}<\/script>\n<!-- \/ Yoast SEO plugin. -->","yoast_head_json":{"title":"\u0411\u0443\u0440\u044f\u043a \u043e\u0447\u0438\u0449\u0435\u043d\u0438\u0439, \u0446\u0456\u043b\u0438\u0439, \u0432\u0430\u0440\u0435\u043d\u0438\u0439 Vera - Limpol - \u0414\u0438\u0441\u0442\u0440\u0438\u0431'\u044e\u0442\u043e\u0440 \u043f\u0440\u043e\u0434\u0443\u043a\u0442\u0456\u0432 \u0445\u0430\u0440\u0447\u0443\u0432\u0430\u043d\u043d\u044f | \u0406\u043c\u043f\u043e\u0440\u0442 \u0415\u043a\u0441\u043f\u043e\u0440\u0442","robots":{"index":"index","follow":"follow","max-snippet":"max-snippet:-1","max-image-preview":"max-image-preview:large","max-video-preview":"max-video-preview:-1"},"canonical":"https:\/\/limpol.pl\/uk\/\u043f\u0440\u043e\u0434\u0443\u043a\u0442\u0438\/\u043e\u0447\u0438\u0449\u0435\u043d\u0438\u0439-\u0446\u0456\u043b\u0438\u0439-\u0431\u0443\u0440\u044f\u043a-\u0432\u0430\u0440\u0435\u043d\u0438\u0439-\u0432\u0456\u0440\u0430\/","og_locale":"uk_UA","og_type":"article","og_title":"Buraki obrane, ca\u0142e, gotowane Vera - Limpol - Dystrybutor produkt\u00f3w spo\u017cywczych | Import Eksport","og_description":"Buraki \u0107wik\u0142owe to warzywo bez kt\u00f3rego trudno wyobrazi\u0107 sobie polsk\u0105 kuchni\u0119. Gotowane i obrane buraki marki VERA to produkt gotowy do spo\u017cycia. Zachowuj\u0105 sw\u00f3j kolor i aromat dzi\u0119ki szczelnemu, pr\u00f3\u017cniowemu opakowaniu. S\u0105 du\u017cym u\u0142atwieniem w kuchni. Maj\u0105 wiele zastosowa\u0144 zar\u00f3wno jako dodatek ale i jako g\u0142\u00f3wny komponent dania.","og_url":"https:\/\/limpol.pl\/uk\/\u043f\u0440\u043e\u0434\u0443\u043a\u0442\u0438\/\u043e\u0447\u0438\u0449\u0435\u043d\u0438\u0439-\u0446\u0456\u043b\u0438\u0439-\u0431\u0443\u0440\u044f\u043a-\u0432\u0430\u0440\u0435\u043d\u0438\u0439-\u0432\u0456\u0440\u0430\/","og_site_name":"Limpol - Dystrybutor produkt\u00f3w spo\u017cywczych | Import Eksport","article_publisher":"https:\/\/www.facebook.com\/firmalimpol\/","article_modified_time":"2026-01-29T11:22:46+00:00","og_image":[{"width":1000,"height":1000,"url":"https:\/\/limpol.pl\/wp-content\/uploads\/2024\/04\/buraki.webp","type":"image\/webp"}],"twitter_card":"summary_large_image","twitter_misc":{"\u041f\u0440\u0438\u0431\u043b. \u0447\u0430\u0441 \u0447\u0438\u0442\u0430\u043d\u043d\u044f":"1 \u0445\u0432\u0438\u043b\u0438\u043d\u0430"},"schema":{"@context":"https:\/\/schema.org","@graph":[{"@type":"WebPage","@id":"https:\/\/limpol.pl\/produkty\/buraki-obrane-cale-gotowane-vera\/","url":"https:\/\/limpol.pl\/produkty\/buraki-obrane-cale-gotowane-vera\/","name":"\u0411\u0443\u0440\u044f\u043a \u043e\u0447\u0438\u0449\u0435\u043d\u0438\u0439, \u0446\u0456\u043b\u0438\u0439, \u0432\u0430\u0440\u0435\u043d\u0438\u0439 Vera - Limpol - \u0414\u0438\u0441\u0442\u0440\u0438\u0431'\u044e\u0442\u043e\u0440 \u043f\u0440\u043e\u0434\u0443\u043a\u0442\u0456\u0432 \u0445\u0430\u0440\u0447\u0443\u0432\u0430\u043d\u043d\u044f | \u0406\u043c\u043f\u043e\u0440\u0442 \u0415\u043a\u0441\u043f\u043e\u0440\u0442","isPartOf":{"@id":"https:\/\/limpol.pl\/#website"},"primaryImageOfPage":{"@id":"https:\/\/limpol.pl\/produkty\/buraki-obrane-cale-gotowane-vera\/#primaryimage"},"image":{"@id":"https:\/\/limpol.pl\/produkty\/buraki-obrane-cale-gotowane-vera\/#primaryimage"},"thumbnailUrl":"https:\/\/limpol.pl\/wp-content\/uploads\/2024\/04\/buraki.webp","datePublished":"2024-04-18T10:13:52+00:00","dateModified":"2026-01-29T11:22:46+00:00","breadcrumb":{"@id":"https:\/\/limpol.pl\/produkty\/buraki-obrane-cale-gotowane-vera\/#breadcrumb"},"inLanguage":"uk","potentialAction":[{"@type":"ReadAction","target":["https:\/\/limpol.pl\/produkty\/buraki-obrane-cale-gotowane-vera\/"]}]},{"@type":"ImageObject","inLanguage":"uk","@id":"https:\/\/limpol.pl\/produkty\/buraki-obrane-cale-gotowane-vera\/#primaryimage","url":"https:\/\/limpol.pl\/wp-content\/uploads\/2024\/04\/buraki.webp","contentUrl":"https:\/\/limpol.pl\/wp-content\/uploads\/2024\/04\/buraki.webp","width":1000,"height":1000},{"@type":"BreadcrumbList","@id":"https:\/\/limpol.pl\/produkty\/buraki-obrane-cale-gotowane-vera\/#breadcrumb","itemListElement":[{"@type":"ListItem","position":1,"name":"Strona g\u0142\u00f3wna","item":"https:\/\/limpol.pl\/"},{"@type":"ListItem","position":2,"name":"Produkty","item":"https:\/\/limpol.pl\/shop\/"},{"@type":"ListItem","position":3,"name":"Buraki obrane, ca\u0142e, gotowane Vera"}]},{"@type":"WebSite","@id":"https:\/\/limpol.pl\/#website","url":"https:\/\/limpol.pl\/","name":"Limpol - \u0414\u0438\u0441\u0442\u0440\u0438\u0431'\u044e\u0442\u043e\u0440 \u043f\u0440\u043e\u0434\u0443\u043a\u0442\u0456\u0432 \u0445\u0430\u0440\u0447\u0443\u0432\u0430\u043d\u043d\u044f | \u0406\u043c\u043f\u043e\u0440\u0442 \u0415\u043a\u0441\u043f\u043e\u0440\u0442","description":"\u0406\u043c\u043f\u043e\u0440\u0442\u0435\u0440 \u0442\u0430 \u0435\u043a\u0441\u043f\u043e\u0440\u0442\u0435\u0440 \u043f\u0440\u043e\u0434\u0443\u043a\u0442\u0456\u0432 \u0445\u0430\u0440\u0447\u0443\u0432\u0430\u043d\u043d\u044f","potentialAction":[{"@type":"SearchAction","target":{"@type":"EntryPoint","urlTemplate":"https:\/\/limpol.pl\/?s={search_term_string}"},"query-input":{"@type":"PropertyValueSpecification","valueRequired":true,"valueName":"search_term_string"}}],"inLanguage":"uk"}]}},"_links":{"self":[{"href":"https:\/\/limpol.pl\/uk\/wp-json\/wp\/v2\/product\/6049","targetHints":{"allow":["GET"]}}],"collection":[{"href":"https:\/\/limpol.pl\/uk\/wp-json\/wp\/v2\/product"}],"about":[{"href":"https:\/\/limpol.pl\/uk\/wp-json\/wp\/v2\/types\/product"}],"wp:featuredmedia":[{"embeddable":true,"href":"https:\/\/limpol.pl\/uk\/wp-json\/wp\/v2\/media\/6031"}],"wp:attachment":[{"href":"https:\/\/limpol.pl\/uk\/wp-json\/wp\/v2\/media?parent=6049"}],"wp:term":[{"taxonomy":"product_brand","embeddable":true,"href":"https:\/\/limpol.pl\/uk\/wp-json\/wp\/v2\/product_brand?post=6049"},{"taxonomy":"product_cat","embeddable":true,"href":"https:\/\/limpol.pl\/uk\/wp-json\/wp\/v2\/product_cat?post=6049"},{"taxonomy":"product_tag","embeddable":true,"href":"https:\/\/limpol.pl\/uk\/wp-json\/wp\/v2\/product_tag?post=6049"}],"curies":[{"name":"wp","href":"https:\/\/api.w.org\/{rel}","templated":true}]}}