{"id":6067,"date":"2024-06-21T15:15:25","date_gmt":"2024-06-21T13:15:25","guid":{"rendered":"https:\/\/limpol.pl\/?post_type=product&#038;p=6067"},"modified":"2026-01-29T12:18:27","modified_gmt":"2026-01-29T11:18:27","slug":"\u0441\u043c\u0430\u0436\u0435\u043d\u0430-\u0446\u0438\u0431\u0443\u043b\u044f-1000\u0433-\u0432\u0456\u0440\u0430","status":"publish","type":"product","link":"https:\/\/limpol.pl\/uk\/\u043f\u0440\u043e\u0434\u0443\u043a\u0442\u0438\/\u0441\u043c\u0430\u0436\u0435\u043d\u0430-\u0446\u0438\u0431\u0443\u043b\u044f-1000\u0433-\u0432\u0456\u0440\u0430\/","title":{"rendered":"\u0426\u0438\u0431\u0443\u043b\u044f \u0441\u043c\u0430\u0436\u0435\u043d\u0430 1000\u0433 VERA"},"content":{"rendered":"<p>\u0421\u043c\u0430\u0436\u0435\u043d\u0430 \u0446\u0438\u0431\u0443\u043b\u044f - \u0456\u0434\u0435\u0430\u043b\u044c\u043d\u0438\u0439 \u0433\u043e\u0442\u043e\u0432\u0438\u0439 \u0430\u043a\u043e\u043c\u043f\u0430\u043d\u0435\u043c\u0435\u043d\u0442 \u0434\u043e \u0431\u0430\u0433\u0430\u0442\u044c\u043e\u0445 \u0441\u0442\u0440\u0430\u0432. \u0425\u0440\u0443\u0441\u0442\u043a\u0456 \u043f\u043b\u0430\u0441\u0442\u0456\u0432\u0446\u0456 \u0437 \u0434\u0438\u043c\u0447\u0430\u0441\u0442\u0438\u043c \u0430\u0440\u043e\u043c\u0430\u0442\u043e\u043c \u0447\u0443\u0434\u043e\u0432\u043e \u043f\u043e\u0454\u0434\u043d\u0443\u044e\u0442\u044c\u0441\u044f \u0437 \u0431\u0443\u0434\u044c-\u044f\u043a\u043e\u044e \u0441\u0443\u0445\u043e\u044e \u0441\u0442\u0440\u0430\u0432\u043e\u044e. \u0421\u0430\u043b\u0430\u0442\u0438, \u0431\u0443\u0440\u0433\u0435\u0440\u0438 \u0442\u0430 \u0445\u043e\u0442-\u0434\u043e\u0433\u0438 - \u043e\u0447\u0435\u0432\u0438\u0434\u043d\u0456 \u0430\u0441\u043e\u0446\u0456\u0430\u0446\u0456\u0457 \u0437 \u0444\u0430\u0441\u0442-\u0444\u0443\u0434\u043e\u043c, \u0430\u043b\u0435 \u0457\u0445 \u0442\u0430\u043a\u043e\u0436 \u043c\u043e\u0436\u043d\u0430 \u0434\u043e\u0434\u0430\u0432\u0430\u0442\u0438 \u0434\u043e \u0431\u0443\u0442\u0435\u0440\u0431\u0440\u043e\u0434\u0456\u0432, \u043f\u0456\u0446\u0438, \u0441\u0443\u043f\u0456\u0432, \u043c'\u044f\u0441\u043d\u0438\u0445 \u0442\u0430 \u0440\u0438\u0431\u043d\u0438\u0445 \u0441\u0442\u0440\u0430\u0432 \u0456 \u043f\u0430\u0441\u0442\u0438. \u041e\u0431\u0441\u043c\u0430\u0436\u0435\u043d\u0430 \u0446\u0438\u0431\u0443\u043b\u044f - \u0446\u0435 \u0448\u0432\u0438\u0434\u043a\u0438\u0439 \u0441\u043f\u043e\u0441\u0456\u0431 \u043f\u043e\u043a\u0440\u0430\u0449\u0438\u0442\u0438 \u0441\u043c\u0430\u043a \u0432\u0430\u0448\u0438\u0445 \u0441\u0442\u0440\u0430\u0432. \u041c\u0438 \u043f\u0440\u0438\u0441\u0432\u044f\u0447\u0443\u0454\u043c\u043e \u0446\u0435\u0439 \u043f\u0440\u043e\u0434\u0443\u043a\u0442 \u0456\u043d\u0434\u0443\u0441\u0442\u0440\u0456\u0457 \u0433\u0440\u043e\u043c\u0430\u0434\u0441\u044c\u043a\u043e\u0433\u043e \u0445\u0430\u0440\u0447\u0443\u0432\u0430\u043d\u043d\u044f.<\/p>","protected":false},"excerpt":{"rendered":"<p>Cebula pra\u017cona to idealny, gotowy dodatek do wielu da\u0144. Chrupi\u0105ce p\u0142atki o dymnym aromacie smakowo pasuj\u0105 do ka\u017cdej wytrawnej potrawy. Sa\u0142atki, hamburgery, hot-dogi to oczywiste skojarzenia fast \u2013 foodowe, ale mo\u017cna j\u0105 te\u017c dodawa\u0107 do kanapek, pizzy, zup, potraw mi\u0119snych i rybnych a tak\u017ce do makaron\u00f3w. Cebula pra\u017cona to szybki spos\u00f3b na wzbogacenie smaku Twoich [&hellip;]<\/p>\n","protected":false},"featured_media":6068,"template":"","meta":[],"product_brand":[],"product_cat":[57,346],"product_tag":[],"class_list":{"0":"post-6067","1":"product","2":"type-product","3":"status-publish","4":"has-post-thumbnail","6":"product_cat-produkty-vera","7":"product_cat-sosy-warzywne","8":"pa_atrybut-detal-horeca-horeca","9":"pa_ilosc-sztuk-na-palecie-851","10":"pa_ilosc-warstw-na-palecie-92","11":"pa_masa-netto-1000g","12":"pa_sztuk-w-kartonie-128","14":"first","15":"instock","16":"shipping-taxable","17":"product-type-simple"},"yoast_head":"<!-- This site is optimized with the Yoast SEO plugin v27.3 - https:\/\/yoast.com\/product\/yoast-seo-wordpress\/ -->\n<title>Cebula pra\u017cona 1000g VERA - Limpol - Dystrybutor produkt\u00f3w spo\u017cywczych | Import Eksport<\/title>\n<meta name=\"robots\" content=\"index, follow, max-snippet:-1, max-image-preview:large, max-video-preview:-1\" \/>\n<link rel=\"canonical\" href=\"https:\/\/limpol.pl\/uk\/\u043f\u0440\u043e\u0434\u0443\u043a\u0442\u0438\/\u0441\u043c\u0430\u0436\u0435\u043d\u0430-\u0446\u0438\u0431\u0443\u043b\u044f-1000\u0433-\u0432\u0456\u0440\u0430\/\" \/>\n<meta property=\"og:locale\" content=\"uk_UA\" \/>\n<meta property=\"og:type\" content=\"article\" \/>\n<meta property=\"og:title\" content=\"Cebula pra\u017cona 1000g VERA - Limpol - Dystrybutor produkt\u00f3w spo\u017cywczych | Import Eksport\" \/>\n<meta property=\"og:description\" content=\"Cebula pra\u017cona to idealny, gotowy dodatek do wielu da\u0144. Chrupi\u0105ce p\u0142atki o dymnym aromacie smakowo pasuj\u0105 do ka\u017cdej wytrawnej potrawy. Sa\u0142atki, hamburgery, hot-dogi to oczywiste skojarzenia fast \u2013 foodowe, ale mo\u017cna j\u0105 te\u017c dodawa\u0107 do kanapek, pizzy, zup, potraw mi\u0119snych i rybnych a tak\u017ce do makaron\u00f3w. Cebula pra\u017cona to szybki spos\u00f3b na wzbogacenie smaku Twoich [&hellip;]\" \/>\n<meta property=\"og:url\" content=\"https:\/\/limpol.pl\/uk\/\u043f\u0440\u043e\u0434\u0443\u043a\u0442\u0438\/\u0441\u043c\u0430\u0436\u0435\u043d\u0430-\u0446\u0438\u0431\u0443\u043b\u044f-1000\u0433-\u0432\u0456\u0440\u0430\/\" \/>\n<meta property=\"og:site_name\" content=\"Limpol - Dystrybutor produkt\u00f3w spo\u017cywczych | Import Eksport\" \/>\n<meta property=\"article:publisher\" content=\"https:\/\/www.facebook.com\/firmalimpol\/\" \/>\n<meta property=\"article:modified_time\" content=\"2026-01-29T11:18:27+00:00\" \/>\n<meta property=\"og:image\" content=\"https:\/\/limpol.pl\/wp-content\/uploads\/2024\/06\/cebulka-prazona-vera.webp\" \/>\n\t<meta property=\"og:image:width\" content=\"1000\" \/>\n\t<meta property=\"og:image:height\" content=\"1000\" \/>\n\t<meta property=\"og:image:type\" content=\"image\/webp\" \/>\n<meta name=\"twitter:card\" content=\"summary_large_image\" \/>\n<meta name=\"twitter:label1\" content=\"\u041f\u0440\u0438\u0431\u043b. \u0447\u0430\u0441 \u0447\u0438\u0442\u0430\u043d\u043d\u044f\" \/>\n\t<meta name=\"twitter:data1\" content=\"1 \u0445\u0432\u0438\u043b\u0438\u043d\u0430\" \/>\n<script type=\"application\/ld+json\" class=\"yoast-schema-graph\">{\"@context\":\"https:\\\/\\\/schema.org\",\"@graph\":[{\"@type\":\"WebPage\",\"@id\":\"https:\\\/\\\/limpol.pl\\\/produkty\\\/cebula-prazona-1000g-vera\\\/\",\"url\":\"https:\\\/\\\/limpol.pl\\\/produkty\\\/cebula-prazona-1000g-vera\\\/\",\"name\":\"Cebula pra\u017cona 1000g VERA - Limpol - Dystrybutor produkt\u00f3w spo\u017cywczych | Import Eksport\",\"isPartOf\":{\"@id\":\"https:\\\/\\\/limpol.pl\\\/#website\"},\"primaryImageOfPage\":{\"@id\":\"https:\\\/\\\/limpol.pl\\\/produkty\\\/cebula-prazona-1000g-vera\\\/#primaryimage\"},\"image\":{\"@id\":\"https:\\\/\\\/limpol.pl\\\/produkty\\\/cebula-prazona-1000g-vera\\\/#primaryimage\"},\"thumbnailUrl\":\"https:\\\/\\\/limpol.pl\\\/wp-content\\\/uploads\\\/2024\\\/06\\\/cebulka-prazona-vera.webp\",\"datePublished\":\"2024-06-21T13:15:25+00:00\",\"dateModified\":\"2026-01-29T11:18:27+00:00\",\"breadcrumb\":{\"@id\":\"https:\\\/\\\/limpol.pl\\\/produkty\\\/cebula-prazona-1000g-vera\\\/#breadcrumb\"},\"inLanguage\":\"uk\",\"potentialAction\":[{\"@type\":\"ReadAction\",\"target\":[\"https:\\\/\\\/limpol.pl\\\/produkty\\\/cebula-prazona-1000g-vera\\\/\"]}]},{\"@type\":\"ImageObject\",\"inLanguage\":\"uk\",\"@id\":\"https:\\\/\\\/limpol.pl\\\/produkty\\\/cebula-prazona-1000g-vera\\\/#primaryimage\",\"url\":\"https:\\\/\\\/limpol.pl\\\/wp-content\\\/uploads\\\/2024\\\/06\\\/cebulka-prazona-vera.webp\",\"contentUrl\":\"https:\\\/\\\/limpol.pl\\\/wp-content\\\/uploads\\\/2024\\\/06\\\/cebulka-prazona-vera.webp\",\"width\":1000,\"height\":1000},{\"@type\":\"BreadcrumbList\",\"@id\":\"https:\\\/\\\/limpol.pl\\\/produkty\\\/cebula-prazona-1000g-vera\\\/#breadcrumb\",\"itemListElement\":[{\"@type\":\"ListItem\",\"position\":1,\"name\":\"Strona g\u0142\u00f3wna\",\"item\":\"https:\\\/\\\/limpol.pl\\\/\"},{\"@type\":\"ListItem\",\"position\":2,\"name\":\"Produkty\",\"item\":\"https:\\\/\\\/limpol.pl\\\/shop\\\/\"},{\"@type\":\"ListItem\",\"position\":3,\"name\":\"Cebula pra\u017cona 1000g VERA\"}]},{\"@type\":\"WebSite\",\"@id\":\"https:\\\/\\\/limpol.pl\\\/#website\",\"url\":\"https:\\\/\\\/limpol.pl\\\/\",\"name\":\"Limpol - Dystrybutor produkt\u00f3w spo\u017cywczych | Import Eksport\",\"description\":\"Importer i eksporter produkt\u00f3w spo\u017cywczych\",\"potentialAction\":[{\"@type\":\"SearchAction\",\"target\":{\"@type\":\"EntryPoint\",\"urlTemplate\":\"https:\\\/\\\/limpol.pl\\\/?s={search_term_string}\"},\"query-input\":{\"@type\":\"PropertyValueSpecification\",\"valueRequired\":true,\"valueName\":\"search_term_string\"}}],\"inLanguage\":\"uk\"}]}<\/script>\n<!-- \/ Yoast SEO plugin. -->","yoast_head_json":{"title":"\u0426\u0438\u0431\u0443\u043b\u044f \u0441\u043c\u0430\u0436\u0435\u043d\u0430 1000\u0433 VERA - \u041b\u0456\u043c\u043f\u043e\u043b\u044c - \u0414\u0438\u0441\u0442\u0440\u0438\u0431'\u044e\u0442\u043e\u0440 \u043f\u0440\u043e\u0434\u0443\u043a\u0442\u0456\u0432 \u0445\u0430\u0440\u0447\u0443\u0432\u0430\u043d\u043d\u044f | \u0406\u043c\u043f\u043e\u0440\u0442 \u0415\u043a\u0441\u043f\u043e\u0440\u0442","robots":{"index":"index","follow":"follow","max-snippet":"max-snippet:-1","max-image-preview":"max-image-preview:large","max-video-preview":"max-video-preview:-1"},"canonical":"https:\/\/limpol.pl\/uk\/\u043f\u0440\u043e\u0434\u0443\u043a\u0442\u0438\/\u0441\u043c\u0430\u0436\u0435\u043d\u0430-\u0446\u0438\u0431\u0443\u043b\u044f-1000\u0433-\u0432\u0456\u0440\u0430\/","og_locale":"uk_UA","og_type":"article","og_title":"Cebula pra\u017cona 1000g VERA - Limpol - Dystrybutor produkt\u00f3w spo\u017cywczych | Import Eksport","og_description":"Cebula pra\u017cona to idealny, gotowy dodatek do wielu da\u0144. Chrupi\u0105ce p\u0142atki o dymnym aromacie smakowo pasuj\u0105 do ka\u017cdej wytrawnej potrawy. Sa\u0142atki, hamburgery, hot-dogi to oczywiste skojarzenia fast \u2013 foodowe, ale mo\u017cna j\u0105 te\u017c dodawa\u0107 do kanapek, pizzy, zup, potraw mi\u0119snych i rybnych a tak\u017ce do makaron\u00f3w. Cebula pra\u017cona to szybki spos\u00f3b na wzbogacenie smaku Twoich [&hellip;]","og_url":"https:\/\/limpol.pl\/uk\/\u043f\u0440\u043e\u0434\u0443\u043a\u0442\u0438\/\u0441\u043c\u0430\u0436\u0435\u043d\u0430-\u0446\u0438\u0431\u0443\u043b\u044f-1000\u0433-\u0432\u0456\u0440\u0430\/","og_site_name":"Limpol - Dystrybutor produkt\u00f3w spo\u017cywczych | Import Eksport","article_publisher":"https:\/\/www.facebook.com\/firmalimpol\/","article_modified_time":"2026-01-29T11:18:27+00:00","og_image":[{"width":1000,"height":1000,"url":"https:\/\/limpol.pl\/wp-content\/uploads\/2024\/06\/cebulka-prazona-vera.webp","type":"image\/webp"}],"twitter_card":"summary_large_image","twitter_misc":{"\u041f\u0440\u0438\u0431\u043b. \u0447\u0430\u0441 \u0447\u0438\u0442\u0430\u043d\u043d\u044f":"1 \u0445\u0432\u0438\u043b\u0438\u043d\u0430"},"schema":{"@context":"https:\/\/schema.org","@graph":[{"@type":"WebPage","@id":"https:\/\/limpol.pl\/produkty\/cebula-prazona-1000g-vera\/","url":"https:\/\/limpol.pl\/produkty\/cebula-prazona-1000g-vera\/","name":"\u0426\u0438\u0431\u0443\u043b\u044f \u0441\u043c\u0430\u0436\u0435\u043d\u0430 1000\u0433 VERA - \u041b\u0456\u043c\u043f\u043e\u043b\u044c - \u0414\u0438\u0441\u0442\u0440\u0438\u0431'\u044e\u0442\u043e\u0440 \u043f\u0440\u043e\u0434\u0443\u043a\u0442\u0456\u0432 \u0445\u0430\u0440\u0447\u0443\u0432\u0430\u043d\u043d\u044f | \u0406\u043c\u043f\u043e\u0440\u0442 \u0415\u043a\u0441\u043f\u043e\u0440\u0442","isPartOf":{"@id":"https:\/\/limpol.pl\/#website"},"primaryImageOfPage":{"@id":"https:\/\/limpol.pl\/produkty\/cebula-prazona-1000g-vera\/#primaryimage"},"image":{"@id":"https:\/\/limpol.pl\/produkty\/cebula-prazona-1000g-vera\/#primaryimage"},"thumbnailUrl":"https:\/\/limpol.pl\/wp-content\/uploads\/2024\/06\/cebulka-prazona-vera.webp","datePublished":"2024-06-21T13:15:25+00:00","dateModified":"2026-01-29T11:18:27+00:00","breadcrumb":{"@id":"https:\/\/limpol.pl\/produkty\/cebula-prazona-1000g-vera\/#breadcrumb"},"inLanguage":"uk","potentialAction":[{"@type":"ReadAction","target":["https:\/\/limpol.pl\/produkty\/cebula-prazona-1000g-vera\/"]}]},{"@type":"ImageObject","inLanguage":"uk","@id":"https:\/\/limpol.pl\/produkty\/cebula-prazona-1000g-vera\/#primaryimage","url":"https:\/\/limpol.pl\/wp-content\/uploads\/2024\/06\/cebulka-prazona-vera.webp","contentUrl":"https:\/\/limpol.pl\/wp-content\/uploads\/2024\/06\/cebulka-prazona-vera.webp","width":1000,"height":1000},{"@type":"BreadcrumbList","@id":"https:\/\/limpol.pl\/produkty\/cebula-prazona-1000g-vera\/#breadcrumb","itemListElement":[{"@type":"ListItem","position":1,"name":"Strona g\u0142\u00f3wna","item":"https:\/\/limpol.pl\/"},{"@type":"ListItem","position":2,"name":"Produkty","item":"https:\/\/limpol.pl\/shop\/"},{"@type":"ListItem","position":3,"name":"Cebula pra\u017cona 1000g VERA"}]},{"@type":"WebSite","@id":"https:\/\/limpol.pl\/#website","url":"https:\/\/limpol.pl\/","name":"Limpol - \u0414\u0438\u0441\u0442\u0440\u0438\u0431'\u044e\u0442\u043e\u0440 \u043f\u0440\u043e\u0434\u0443\u043a\u0442\u0456\u0432 \u0445\u0430\u0440\u0447\u0443\u0432\u0430\u043d\u043d\u044f | \u0406\u043c\u043f\u043e\u0440\u0442 \u0415\u043a\u0441\u043f\u043e\u0440\u0442","description":"\u0406\u043c\u043f\u043e\u0440\u0442\u0435\u0440 \u0442\u0430 \u0435\u043a\u0441\u043f\u043e\u0440\u0442\u0435\u0440 \u043f\u0440\u043e\u0434\u0443\u043a\u0442\u0456\u0432 \u0445\u0430\u0440\u0447\u0443\u0432\u0430\u043d\u043d\u044f","potentialAction":[{"@type":"SearchAction","target":{"@type":"EntryPoint","urlTemplate":"https:\/\/limpol.pl\/?s={search_term_string}"},"query-input":{"@type":"PropertyValueSpecification","valueRequired":true,"valueName":"search_term_string"}}],"inLanguage":"uk"}]}},"_links":{"self":[{"href":"https:\/\/limpol.pl\/uk\/wp-json\/wp\/v2\/product\/6067","targetHints":{"allow":["GET"]}}],"collection":[{"href":"https:\/\/limpol.pl\/uk\/wp-json\/wp\/v2\/product"}],"about":[{"href":"https:\/\/limpol.pl\/uk\/wp-json\/wp\/v2\/types\/product"}],"wp:featuredmedia":[{"embeddable":true,"href":"https:\/\/limpol.pl\/uk\/wp-json\/wp\/v2\/media\/6068"}],"wp:attachment":[{"href":"https:\/\/limpol.pl\/uk\/wp-json\/wp\/v2\/media?parent=6067"}],"wp:term":[{"taxonomy":"product_brand","embeddable":true,"href":"https:\/\/limpol.pl\/uk\/wp-json\/wp\/v2\/product_brand?post=6067"},{"taxonomy":"product_cat","embeddable":true,"href":"https:\/\/limpol.pl\/uk\/wp-json\/wp\/v2\/product_cat?post=6067"},{"taxonomy":"product_tag","embeddable":true,"href":"https:\/\/limpol.pl\/uk\/wp-json\/wp\/v2\/product_tag?post=6067"}],"curies":[{"name":"wp","href":"https:\/\/api.w.org\/{rel}","templated":true}]}}