{"id":6208,"date":"2024-07-02T13:28:21","date_gmt":"2024-07-02T11:28:21","guid":{"rendered":"https:\/\/limpol.pl\/?post_type=product&#038;p=6208"},"modified":"2026-01-29T12:18:00","modified_gmt":"2026-01-29T11:18:00","slug":"\u0436\u0443\u0440\u0430\u0432\u043b\u0438\u043d\u0430-\u0432-\u0433\u0435\u043b\u0456-1000\u0433-vera","status":"publish","type":"product","link":"https:\/\/limpol.pl\/uk\/\u043f\u0440\u043e\u0434\u0443\u043a\u0442\u0438\/\u0436\u0443\u0440\u0430\u0432\u043b\u0438\u043d\u0430-\u0432-\u0433\u0435\u043b\u0456-1000\u0433-vera\/","title":{"rendered":"\u0416\u0443\u0440\u0430\u0432\u043b\u0438\u043d\u0430 \u0432 \u0433\u0435\u043b\u0456 1000\u0433 Vera"},"content":{"rendered":"<p>\u041c\u0438 \u043f\u0440\u0438\u0441\u0432\u044f\u0447\u0443\u0454\u043c\u043e \u043d\u0430\u0448\u0443 \u043f\u043e\u043b\u044c\u0441\u044c\u043a\u0443 \u0436\u0443\u0440\u0430\u0432\u043b\u0438\u043d\u0443 \u0432 \u0435\u043a\u043e\u043d\u043e\u043c\u043d\u043e\u043c\u0443 \u0432\u0456\u0434\u0440\u0456 \u043d\u0430 1 \u043a\u0433 \u0437\u0430\u043a\u043b\u0430\u0434\u0430\u043c \u0433\u0440\u043e\u043c\u0430\u0434\u0441\u044c\u043a\u043e\u0433\u043e \u0445\u0430\u0440\u0447\u0443\u0432\u0430\u043d\u043d\u044f. \u0421\u043e\u043b\u043e\u0434\u043a\u043e-\u0442\u0435\u0440\u043f\u043a\u0456 \u043d\u0430 \u0441\u043c\u0430\u043a \u044f\u0433\u043e\u0434\u0438 \u0443 \u0432\u0438\u0433\u043b\u044f\u0434\u0456 \u0433\u0443\u0441\u0442\u043e\u0433\u043e \u0434\u0436\u0435\u043c\u0443 \u0437\u0431\u0430\u0433\u0430\u0442\u044f\u0442\u044c \u0441\u043c\u0430\u043a \u0441\u043c\u0430\u0436\u0435\u043d\u043e\u0433\u043e \u043c'\u044f\u0441\u0430, \u043c'\u044f\u0441\u043d\u0438\u0445 \u043d\u0430\u0440\u0456\u0437\u043e\u043a \u0442\u0430 \u0441\u0438\u0440\u0456\u0432. \u0412\u043e\u043d\u0438 \u0442\u0430\u043a\u043e\u0436 \u0454 \u0447\u0443\u0434\u043e\u0432\u0438\u043c \u0434\u043e\u043f\u043e\u0432\u043d\u0435\u043d\u043d\u044f\u043c \u0434\u043e \u0441\u043e\u0443\u0441\u0456\u0432 \u0442\u0430 \u043c\u0430\u0440\u0438\u043d\u0430\u0434\u0456\u0432. \u0416\u0443\u0440\u0430\u0432\u043b\u0438\u043d\u0430 \u0434\u043e\u0434\u0430\u0454 \u0441\u0442\u0440\u0430\u0432\u0430\u043c \u0432\u0438\u0448\u0443\u043a\u0430\u043d\u043e\u0441\u0442\u0456 \u0442\u0430 \u043d\u0435\u043f\u043e\u0432\u0442\u043e\u0440\u043d\u043e\u0441\u0442\u0456. \u041a\u0430\u0447\u043a\u0430, \u0433\u0443\u0441\u044f\u0442\u0438\u043d\u0430, \u043f\u0430\u0448\u0442\u0435\u0442\u0438 \u0442\u0430 \u043e\u0441\u0446\u0438\u043f\u0435\u043a \u0437 \u0436\u0443\u0440\u0430\u0432\u043b\u0438\u043d\u043e\u044e \u0437\u0430\u0434\u043e\u0432\u043e\u043b\u044c\u043d\u044f\u0442\u044c \u043d\u0430\u0432\u0456\u0442\u044c \u043d\u0430\u0439\u0432\u0438\u0431\u0430\u0433\u043b\u0438\u0432\u0456\u0448\u0438\u0445 \u0433\u0443\u0440\u043c\u0430\u043d\u0456\u0432.<\/p>","protected":false},"excerpt":{"rendered":"<p>\u041c\u0438 \u043f\u0440\u0438\u0441\u0432\u044f\u0447\u0443\u0454\u043c\u043e \u043d\u0430\u0448\u0443 \u043f\u043e\u043b\u044c\u0441\u044c\u043a\u0443 \u0436\u0443\u0440\u0430\u0432\u043b\u0438\u043d\u0443 \u0432 \u0435\u043a\u043e\u043d\u043e\u043c\u043d\u043e\u043c\u0443 \u0432\u0456\u0434\u0440\u0456 \u043d\u0430 1 \u043a\u0433 \u0437\u0430\u043a\u043b\u0430\u0434\u0430\u043c \u0433\u0440\u043e\u043c\u0430\u0434\u0441\u044c\u043a\u043e\u0433\u043e \u0445\u0430\u0440\u0447\u0443\u0432\u0430\u043d\u043d\u044f. \u0421\u043e\u043b\u043e\u0434\u043a\u043e-\u0442\u0435\u0440\u043f\u043a\u0456 \u043d\u0430 \u0441\u043c\u0430\u043a \u044f\u0433\u043e\u0434\u0438 \u0443 \u0432\u0438\u0433\u043b\u044f\u0434\u0456 \u0433\u0443\u0441\u0442\u043e\u0433\u043e \u0434\u0436\u0435\u043c\u0443 \u0437\u0431\u0430\u0433\u0430\u0442\u044f\u0442\u044c \u0441\u043c\u0430\u043a \u0441\u043c\u0430\u0436\u0435\u043d\u043e\u0433\u043e \u043c'\u044f\u0441\u0430, \u043c'\u044f\u0441\u043d\u0438\u0445 \u043d\u0430\u0440\u0456\u0437\u043e\u043a \u0442\u0430 \u0441\u0438\u0440\u0456\u0432. \u0412\u043e\u043d\u0438 \u0442\u0430\u043a\u043e\u0436 \u0454 \u0447\u0443\u0434\u043e\u0432\u0438\u043c \u0434\u043e\u043f\u043e\u0432\u043d\u0435\u043d\u043d\u044f\u043c \u0434\u043e \u0441\u043e\u0443\u0441\u0456\u0432 \u0442\u0430 \u043c\u0430\u0440\u0438\u043d\u0430\u0434\u0456\u0432. \u0416\u0443\u0440\u0430\u0432\u043b\u0438\u043d\u0430 \u0434\u043e\u0434\u0430\u0454 \u0441\u0442\u0440\u0430\u0432\u0430\u043c \u0432\u0438\u0448\u0443\u043a\u0430\u043d\u043e\u0441\u0442\u0456 \u0442\u0430 \u043d\u0435\u043f\u043e\u0432\u0442\u043e\u0440\u043d\u043e\u0441\u0442\u0456. \u041a\u0430\u0447\u043a\u0430, \u0433\u0443\u0441\u044f\u0442\u0438\u043d\u0430, \u043f\u0430\u0448\u0442\u0435\u0442\u0438 \u0442\u0430 \u043e\u0441\u0446\u0438\u043f\u0435\u043a \u0437 \u0436\u0443\u0440\u0430\u0432\u043b\u0438\u043d\u043e\u044e \u0437\u0430\u0434\u043e\u0432\u043e\u043b\u044c\u043d\u044f\u0442\u044c \u043d\u0430\u0432\u0456\u0442\u044c \u043d\u0430\u0439\u0432\u0438\u0431\u0430\u0433\u043b\u0438\u0432\u0456\u0448\u0438\u0445 \u0433\u0443\u0440\u043c\u0430\u043d\u0456\u0432.<\/p>","protected":false},"featured_media":6209,"template":"","meta":[],"product_brand":[],"product_cat":[57,258],"product_tag":[],"class_list":{"0":"post-6208","1":"product","2":"type-product","3":"status-publish","4":"has-post-thumbnail","6":"product_cat-produkty-vera","7":"product_cat-przetwory-owocowe","8":"pa_atrybut-detal-horeca-horeca","9":"pa_ilosc-sztuk-na-palecie-853","10":"pa_masa-netto-1000g","11":"pa_sztuk-w-kartonie-115","13":"first","14":"instock","15":"shipping-taxable","16":"product-type-simple"},"yoast_head":"<!-- This site is optimized with the Yoast SEO plugin v27.3 - https:\/\/yoast.com\/product\/yoast-seo-wordpress\/ -->\n<title>Owoce \u017curawiny w \u017celu 1000g Vera - Limpol - Dystrybutor produkt\u00f3w spo\u017cywczych | Import Eksport<\/title>\n<meta name=\"robots\" content=\"index, follow, max-snippet:-1, max-image-preview:large, max-video-preview:-1\" \/>\n<link rel=\"canonical\" href=\"https:\/\/limpol.pl\/uk\/\u043f\u0440\u043e\u0434\u0443\u043a\u0442\u0438\/\u0436\u0443\u0440\u0430\u0432\u043b\u0438\u043d\u0430-\u0432-\u0433\u0435\u043b\u0456-1000\u0433-vera\/\" \/>\n<meta property=\"og:locale\" content=\"uk_UA\" \/>\n<meta property=\"og:type\" content=\"article\" \/>\n<meta property=\"og:title\" content=\"Owoce \u017curawiny w \u017celu 1000g Vera - Limpol - Dystrybutor produkt\u00f3w spo\u017cywczych | Import Eksport\" \/>\n<meta property=\"og:description\" content=\"Nasz\u0105 polsk\u0105 \u017curawin\u0119 w ekonomicznym 1 kg wiaderku dedykujemy gastronomii. S\u0142odko &#8211; cierpkie w smaku jagody w postaci g\u0119stej konfitury wzbogac\u0105 smak pieczonych mi\u0119s, w\u0119dlin i ser\u00f3w. S\u0105 r\u00f3wnie\u017c doskona\u0142ym dodatkiem do sos\u00f3w i marynat. \u017burawina nadaje potrawom finezji i wyj\u0105tkowo\u015bci. Kaczka, g\u0119sina, pasztety i oscypki podane z \u017curawin\u0105 zaspokoj\u0105 oczekiwania nawet najbardziej wymagajacych smakoszy.\" \/>\n<meta property=\"og:url\" content=\"https:\/\/limpol.pl\/uk\/\u043f\u0440\u043e\u0434\u0443\u043a\u0442\u0438\/\u0436\u0443\u0440\u0430\u0432\u043b\u0438\u043d\u0430-\u0432-\u0433\u0435\u043b\u0456-1000\u0433-vera\/\" \/>\n<meta property=\"og:site_name\" content=\"Limpol - Dystrybutor produkt\u00f3w spo\u017cywczych | Import Eksport\" \/>\n<meta property=\"article:publisher\" content=\"https:\/\/www.facebook.com\/firmalimpol\/\" \/>\n<meta property=\"article:modified_time\" content=\"2026-01-29T11:18:00+00:00\" \/>\n<meta property=\"og:image\" content=\"https:\/\/limpol.pl\/wp-content\/uploads\/2024\/07\/zurawina.webp\" \/>\n\t<meta property=\"og:image:width\" content=\"1000\" \/>\n\t<meta property=\"og:image:height\" content=\"1000\" \/>\n\t<meta property=\"og:image:type\" content=\"image\/webp\" \/>\n<meta name=\"twitter:card\" content=\"summary_large_image\" \/>\n<meta name=\"twitter:label1\" content=\"\u041f\u0440\u0438\u0431\u043b. \u0447\u0430\u0441 \u0447\u0438\u0442\u0430\u043d\u043d\u044f\" \/>\n\t<meta name=\"twitter:data1\" content=\"1 \u0445\u0432\u0438\u043b\u0438\u043d\u0430\" \/>\n<script type=\"application\/ld+json\" class=\"yoast-schema-graph\">{\"@context\":\"https:\\\/\\\/schema.org\",\"@graph\":[{\"@type\":\"WebPage\",\"@id\":\"https:\\\/\\\/limpol.pl\\\/produkty\\\/owoce-zurawiny-w-zelu-1000g-vera\\\/\",\"url\":\"https:\\\/\\\/limpol.pl\\\/produkty\\\/owoce-zurawiny-w-zelu-1000g-vera\\\/\",\"name\":\"Owoce \u017curawiny w \u017celu 1000g Vera - Limpol - Dystrybutor produkt\u00f3w spo\u017cywczych | Import Eksport\",\"isPartOf\":{\"@id\":\"https:\\\/\\\/limpol.pl\\\/#website\"},\"primaryImageOfPage\":{\"@id\":\"https:\\\/\\\/limpol.pl\\\/produkty\\\/owoce-zurawiny-w-zelu-1000g-vera\\\/#primaryimage\"},\"image\":{\"@id\":\"https:\\\/\\\/limpol.pl\\\/produkty\\\/owoce-zurawiny-w-zelu-1000g-vera\\\/#primaryimage\"},\"thumbnailUrl\":\"https:\\\/\\\/limpol.pl\\\/wp-content\\\/uploads\\\/2024\\\/07\\\/zurawina.webp\",\"datePublished\":\"2024-07-02T11:28:21+00:00\",\"dateModified\":\"2026-01-29T11:18:00+00:00\",\"breadcrumb\":{\"@id\":\"https:\\\/\\\/limpol.pl\\\/produkty\\\/owoce-zurawiny-w-zelu-1000g-vera\\\/#breadcrumb\"},\"inLanguage\":\"uk\",\"potentialAction\":[{\"@type\":\"ReadAction\",\"target\":[\"https:\\\/\\\/limpol.pl\\\/produkty\\\/owoce-zurawiny-w-zelu-1000g-vera\\\/\"]}]},{\"@type\":\"ImageObject\",\"inLanguage\":\"uk\",\"@id\":\"https:\\\/\\\/limpol.pl\\\/produkty\\\/owoce-zurawiny-w-zelu-1000g-vera\\\/#primaryimage\",\"url\":\"https:\\\/\\\/limpol.pl\\\/wp-content\\\/uploads\\\/2024\\\/07\\\/zurawina.webp\",\"contentUrl\":\"https:\\\/\\\/limpol.pl\\\/wp-content\\\/uploads\\\/2024\\\/07\\\/zurawina.webp\",\"width\":1000,\"height\":1000},{\"@type\":\"BreadcrumbList\",\"@id\":\"https:\\\/\\\/limpol.pl\\\/produkty\\\/owoce-zurawiny-w-zelu-1000g-vera\\\/#breadcrumb\",\"itemListElement\":[{\"@type\":\"ListItem\",\"position\":1,\"name\":\"Strona g\u0142\u00f3wna\",\"item\":\"https:\\\/\\\/limpol.pl\\\/\"},{\"@type\":\"ListItem\",\"position\":2,\"name\":\"Produkty\",\"item\":\"https:\\\/\\\/limpol.pl\\\/shop\\\/\"},{\"@type\":\"ListItem\",\"position\":3,\"name\":\"Owoce \u017curawiny w \u017celu 1000g Vera\"}]},{\"@type\":\"WebSite\",\"@id\":\"https:\\\/\\\/limpol.pl\\\/#website\",\"url\":\"https:\\\/\\\/limpol.pl\\\/\",\"name\":\"Limpol - Dystrybutor produkt\u00f3w spo\u017cywczych | Import Eksport\",\"description\":\"Importer i eksporter produkt\u00f3w spo\u017cywczych\",\"potentialAction\":[{\"@type\":\"SearchAction\",\"target\":{\"@type\":\"EntryPoint\",\"urlTemplate\":\"https:\\\/\\\/limpol.pl\\\/?s={search_term_string}\"},\"query-input\":{\"@type\":\"PropertyValueSpecification\",\"valueRequired\":true,\"valueName\":\"search_term_string\"}}],\"inLanguage\":\"uk\"}]}<\/script>\n<!-- \/ Yoast SEO plugin. -->","yoast_head_json":{"title":"\u0416\u0443\u0440\u0430\u0432\u043b\u0438\u043d\u0430 \u0432 \u0433\u0435\u043b\u0456 1000\u0433 Vera - Limpol - \u0414\u0438\u0441\u0442\u0440\u0438\u0431'\u044e\u0442\u043e\u0440 \u043f\u0440\u043e\u0434\u0443\u043a\u0442\u0456\u0432 \u0445\u0430\u0440\u0447\u0443\u0432\u0430\u043d\u043d\u044f | \u0406\u043c\u043f\u043e\u0440\u0442 \u0415\u043a\u0441\u043f\u043e\u0440\u0442","robots":{"index":"index","follow":"follow","max-snippet":"max-snippet:-1","max-image-preview":"max-image-preview:large","max-video-preview":"max-video-preview:-1"},"canonical":"https:\/\/limpol.pl\/uk\/\u043f\u0440\u043e\u0434\u0443\u043a\u0442\u0438\/\u0436\u0443\u0440\u0430\u0432\u043b\u0438\u043d\u0430-\u0432-\u0433\u0435\u043b\u0456-1000\u0433-vera\/","og_locale":"uk_UA","og_type":"article","og_title":"Owoce \u017curawiny w \u017celu 1000g Vera - Limpol - Dystrybutor produkt\u00f3w spo\u017cywczych | Import Eksport","og_description":"Nasz\u0105 polsk\u0105 \u017curawin\u0119 w ekonomicznym 1 kg wiaderku dedykujemy gastronomii. S\u0142odko &#8211; cierpkie w smaku jagody w postaci g\u0119stej konfitury wzbogac\u0105 smak pieczonych mi\u0119s, w\u0119dlin i ser\u00f3w. S\u0105 r\u00f3wnie\u017c doskona\u0142ym dodatkiem do sos\u00f3w i marynat. \u017burawina nadaje potrawom finezji i wyj\u0105tkowo\u015bci. Kaczka, g\u0119sina, pasztety i oscypki podane z \u017curawin\u0105 zaspokoj\u0105 oczekiwania nawet najbardziej wymagajacych smakoszy.","og_url":"https:\/\/limpol.pl\/uk\/\u043f\u0440\u043e\u0434\u0443\u043a\u0442\u0438\/\u0436\u0443\u0440\u0430\u0432\u043b\u0438\u043d\u0430-\u0432-\u0433\u0435\u043b\u0456-1000\u0433-vera\/","og_site_name":"Limpol - Dystrybutor produkt\u00f3w spo\u017cywczych | Import Eksport","article_publisher":"https:\/\/www.facebook.com\/firmalimpol\/","article_modified_time":"2026-01-29T11:18:00+00:00","og_image":[{"width":1000,"height":1000,"url":"https:\/\/limpol.pl\/wp-content\/uploads\/2024\/07\/zurawina.webp","type":"image\/webp"}],"twitter_card":"summary_large_image","twitter_misc":{"\u041f\u0440\u0438\u0431\u043b. \u0447\u0430\u0441 \u0447\u0438\u0442\u0430\u043d\u043d\u044f":"1 \u0445\u0432\u0438\u043b\u0438\u043d\u0430"},"schema":{"@context":"https:\/\/schema.org","@graph":[{"@type":"WebPage","@id":"https:\/\/limpol.pl\/produkty\/owoce-zurawiny-w-zelu-1000g-vera\/","url":"https:\/\/limpol.pl\/produkty\/owoce-zurawiny-w-zelu-1000g-vera\/","name":"\u0416\u0443\u0440\u0430\u0432\u043b\u0438\u043d\u0430 \u0432 \u0433\u0435\u043b\u0456 1000\u0433 Vera - Limpol - \u0414\u0438\u0441\u0442\u0440\u0438\u0431'\u044e\u0442\u043e\u0440 \u043f\u0440\u043e\u0434\u0443\u043a\u0442\u0456\u0432 \u0445\u0430\u0440\u0447\u0443\u0432\u0430\u043d\u043d\u044f | \u0406\u043c\u043f\u043e\u0440\u0442 \u0415\u043a\u0441\u043f\u043e\u0440\u0442","isPartOf":{"@id":"https:\/\/limpol.pl\/#website"},"primaryImageOfPage":{"@id":"https:\/\/limpol.pl\/produkty\/owoce-zurawiny-w-zelu-1000g-vera\/#primaryimage"},"image":{"@id":"https:\/\/limpol.pl\/produkty\/owoce-zurawiny-w-zelu-1000g-vera\/#primaryimage"},"thumbnailUrl":"https:\/\/limpol.pl\/wp-content\/uploads\/2024\/07\/zurawina.webp","datePublished":"2024-07-02T11:28:21+00:00","dateModified":"2026-01-29T11:18:00+00:00","breadcrumb":{"@id":"https:\/\/limpol.pl\/produkty\/owoce-zurawiny-w-zelu-1000g-vera\/#breadcrumb"},"inLanguage":"uk","potentialAction":[{"@type":"ReadAction","target":["https:\/\/limpol.pl\/produkty\/owoce-zurawiny-w-zelu-1000g-vera\/"]}]},{"@type":"ImageObject","inLanguage":"uk","@id":"https:\/\/limpol.pl\/produkty\/owoce-zurawiny-w-zelu-1000g-vera\/#primaryimage","url":"https:\/\/limpol.pl\/wp-content\/uploads\/2024\/07\/zurawina.webp","contentUrl":"https:\/\/limpol.pl\/wp-content\/uploads\/2024\/07\/zurawina.webp","width":1000,"height":1000},{"@type":"BreadcrumbList","@id":"https:\/\/limpol.pl\/produkty\/owoce-zurawiny-w-zelu-1000g-vera\/#breadcrumb","itemListElement":[{"@type":"ListItem","position":1,"name":"Strona g\u0142\u00f3wna","item":"https:\/\/limpol.pl\/"},{"@type":"ListItem","position":2,"name":"Produkty","item":"https:\/\/limpol.pl\/shop\/"},{"@type":"ListItem","position":3,"name":"Owoce \u017curawiny w \u017celu 1000g Vera"}]},{"@type":"WebSite","@id":"https:\/\/limpol.pl\/#website","url":"https:\/\/limpol.pl\/","name":"Limpol - \u0414\u0438\u0441\u0442\u0440\u0438\u0431'\u044e\u0442\u043e\u0440 \u043f\u0440\u043e\u0434\u0443\u043a\u0442\u0456\u0432 \u0445\u0430\u0440\u0447\u0443\u0432\u0430\u043d\u043d\u044f | \u0406\u043c\u043f\u043e\u0440\u0442 \u0415\u043a\u0441\u043f\u043e\u0440\u0442","description":"\u0406\u043c\u043f\u043e\u0440\u0442\u0435\u0440 \u0442\u0430 \u0435\u043a\u0441\u043f\u043e\u0440\u0442\u0435\u0440 \u043f\u0440\u043e\u0434\u0443\u043a\u0442\u0456\u0432 \u0445\u0430\u0440\u0447\u0443\u0432\u0430\u043d\u043d\u044f","potentialAction":[{"@type":"SearchAction","target":{"@type":"EntryPoint","urlTemplate":"https:\/\/limpol.pl\/?s={search_term_string}"},"query-input":{"@type":"PropertyValueSpecification","valueRequired":true,"valueName":"search_term_string"}}],"inLanguage":"uk"}]}},"_links":{"self":[{"href":"https:\/\/limpol.pl\/uk\/wp-json\/wp\/v2\/product\/6208","targetHints":{"allow":["GET"]}}],"collection":[{"href":"https:\/\/limpol.pl\/uk\/wp-json\/wp\/v2\/product"}],"about":[{"href":"https:\/\/limpol.pl\/uk\/wp-json\/wp\/v2\/types\/product"}],"wp:featuredmedia":[{"embeddable":true,"href":"https:\/\/limpol.pl\/uk\/wp-json\/wp\/v2\/media\/6209"}],"wp:attachment":[{"href":"https:\/\/limpol.pl\/uk\/wp-json\/wp\/v2\/media?parent=6208"}],"wp:term":[{"taxonomy":"product_brand","embeddable":true,"href":"https:\/\/limpol.pl\/uk\/wp-json\/wp\/v2\/product_brand?post=6208"},{"taxonomy":"product_cat","embeddable":true,"href":"https:\/\/limpol.pl\/uk\/wp-json\/wp\/v2\/product_cat?post=6208"},{"taxonomy":"product_tag","embeddable":true,"href":"https:\/\/limpol.pl\/uk\/wp-json\/wp\/v2\/product_tag?post=6208"}],"curies":[{"name":"wp","href":"https:\/\/api.w.org\/{rel}","templated":true}]}}