{"id":6405,"date":"2024-12-06T11:57:17","date_gmt":"2024-12-06T10:57:17","guid":{"rendered":"https:\/\/limpol.pl\/?post_type=product&#038;p=6405"},"modified":"2026-01-29T12:15:15","modified_gmt":"2026-01-29T11:15:15","slug":"\u043c\u044f\u043a\u043e\u0442\u044c-\u0442\u043e\u043c\u0430\u0442\u0456\u0432-osole-mio-\u043c\u0456\u0448\u043e\u043a-\u0432-\u043a\u043e\u0440\u043e\u0431\u0446\u0456-2\u04455\u043a\u0433","status":"publish","type":"product","link":"https:\/\/limpol.pl\/uk\/\u043f\u0440\u043e\u0434\u0443\u043a\u0442\u0438\/\u043c\u044f\u043a\u043e\u0442\u044c-\u0442\u043e\u043c\u0430\u0442\u0456\u0432-osole-mio-\u043c\u0456\u0448\u043e\u043a-\u0432-\u043a\u043e\u0440\u043e\u0431\u0446\u0456-2\u04455\u043a\u0433\/","title":{"rendered":"\u041c'\u044f\u043a\u043e\u0442\u044c \u0442\u043e\u043c\u0430\u0442\u0456\u0432 O'Sole mio, \u043c\u0456\u0448\u043e\u043a \u0432 \u043a\u043e\u0440\u043e\u0431\u0446\u0456, 2\u04455\u043a\u0433"},"content":{"rendered":"<p>\u041c'\u044f\u043a\u043e\u0442\u044c \u0442\u043e\u043c\u0430\u0442\u0456\u0432\u00a0<strong>O' Sole Mio<\/strong>\u00a0\u0446\u0435 \u0432\u0438\u0441\u043e\u043a\u043e\u044f\u043a\u0456\u0441\u043d\u0435 \u043f\u044e\u0440\u0435, \u043f\u0440\u0438\u0433\u043e\u0442\u043e\u0432\u0430\u043d\u0435 \u0437\u0456 \u0441\u0442\u0438\u0433\u043b\u0438\u0445 \u0456\u0442\u0430\u043b\u0456\u0439\u0441\u044c\u043a\u0438\u0445 \u0442\u043e\u043c\u0430\u0442\u0456\u0432, \u043e\u0447\u0438\u0449\u0435\u043d\u0438\u0445 \u0432\u0456\u0434 \u0448\u043a\u0456\u0440\u043a\u0438 \u0442\u0430 \u043d\u0430\u0441\u0456\u043d\u043d\u044f. \u0425\u0430\u0440\u0430\u043a\u0442\u0435\u0440\u0438\u0437\u0443\u0454\u0442\u044c\u0441\u044f \u0456\u043d\u0442\u0435\u043d\u0441\u0438\u0432\u043d\u0438\u043c \u0430\u0440\u043e\u043c\u0430\u0442\u043e\u043c \u0456 \u0441\u0432\u0456\u0436\u0438\u043c, \u0437\u043b\u0435\u0433\u043a\u0430 \u043a\u0438\u0441\u043b\u0443\u0432\u0430\u0442\u0438\u043c \u0441\u043c\u0430\u043a\u043e\u043c. \u0417\u0430\u0432\u0434\u044f\u043a\u0438 \u0441\u0432\u043e\u0457\u0439 \u0433\u0443\u0441\u0442\u0456\u0439 \u043a\u043e\u043d\u0441\u0438\u0441\u0442\u0435\u043d\u0446\u0456\u0457 \u0448\u0438\u0440\u043e\u043a\u043e \u0432\u0438\u043a\u043e\u0440\u0438\u0441\u0442\u043e\u0432\u0443\u0454\u0442\u044c\u0441\u044f \u0432 \u0441\u0435\u0440\u0435\u0434\u0437\u0435\u043c\u043d\u043e\u043c\u043e\u0440\u0441\u044c\u043a\u0456\u0439 \u043a\u0443\u0445\u043d\u0456, \u043e\u0441\u043e\u0431\u043b\u0438\u0432\u043e \u0432 \u043f\u0456\u0446\u0435\u0440\u0456\u044f\u0445 \u0456 \u0442\u0440\u0430\u0442\u043e\u0440\u0456\u044f\u0445. \u0412\u0435\u043b\u0438\u043a\u0430 \u0443\u043f\u0430\u043a\u043e\u0432\u043a\u0430 \u0443 \u0432\u0438\u0433\u043b\u044f\u0434\u0456 \u043c\u0456\u0448\u0435\u0447\u043a\u0430 \u0437\u0430\u0431\u0435\u0437\u043f\u0435\u0447\u0443\u0454 \u0435\u043a\u043e\u043d\u043e\u043c\u0456\u0447\u043d\u0435 \u0440\u0456\u0448\u0435\u043d\u043d\u044f \u0434\u043b\u044f \u0437\u0430\u043a\u043b\u0430\u0434\u0456\u0432 \u0433\u0440\u043e\u043c\u0430\u0434\u0441\u044c\u043a\u043e\u0433\u043e \u0445\u0430\u0440\u0447\u0443\u0432\u0430\u043d\u043d\u044f.<\/p>","protected":false},"excerpt":{"rendered":"<p>\u0422\u043e\u043c\u0430\u0442\u043d\u0435 \u043f\u044e\u0440\u0435 O' Sole Mio - \u0446\u0435 \u0432\u0438\u0441\u043e\u043a\u043e\u044f\u043a\u0456\u0441\u043d\u0435 \u043f\u044e\u0440\u0435, \u043f\u0440\u0438\u0433\u043e\u0442\u043e\u0432\u0430\u043d\u0435 \u0437\u0456 \u0441\u0442\u0438\u0433\u043b\u0438\u0445 \u0456\u0442\u0430\u043b\u0456\u0439\u0441\u044c\u043a\u0438\u0445 \u0442\u043e\u043c\u0430\u0442\u0456\u0432, \u043e\u0447\u0438\u0449\u0435\u043d\u0438\u0445 \u0432\u0456\u0434 \u0448\u043a\u0456\u0440\u043a\u0438 \u0442\u0430 \u043d\u0430\u0441\u0456\u043d\u043d\u044f. \u0425\u0430\u0440\u0430\u043a\u0442\u0435\u0440\u0438\u0437\u0443\u0454\u0442\u044c\u0441\u044f \u0456\u043d\u0442\u0435\u043d\u0441\u0438\u0432\u043d\u0438\u043c \u0430\u0440\u043e\u043c\u0430\u0442\u043e\u043c \u0456 \u0441\u0432\u0456\u0436\u0438\u043c, \u0437\u043b\u0435\u0433\u043a\u0430 \u043a\u0438\u0441\u043b\u0443\u0432\u0430\u0442\u0438\u043c \u0441\u043c\u0430\u043a\u043e\u043c. \u0417\u0430\u0432\u0434\u044f\u043a\u0438 \u0441\u0432\u043e\u0457\u0439 \u0433\u0443\u0441\u0442\u0456\u0439 \u043a\u043e\u043d\u0441\u0438\u0441\u0442\u0435\u043d\u0446\u0456\u0457 \u0448\u0438\u0440\u043e\u043a\u043e \u0432\u0438\u043a\u043e\u0440\u0438\u0441\u0442\u043e\u0432\u0443\u0454\u0442\u044c\u0441\u044f \u0432 \u0441\u0435\u0440\u0435\u0434\u0437\u0435\u043c\u043d\u043e\u043c\u043e\u0440\u0441\u044c\u043a\u0456\u0439 \u043a\u0443\u0445\u043d\u0456, \u043e\u0441\u043e\u0431\u043b\u0438\u0432\u043e \u0432 \u043f\u0456\u0446\u0435\u0440\u0456\u044f\u0445 \u0456 \u0442\u0440\u0430\u0442\u043e\u0440\u0456\u044f\u0445. \u0412\u0435\u043b\u0438\u043a\u0430 \u0443\u043f\u0430\u043a\u043e\u0432\u043a\u0430 \u0442\u0438\u043f\u0443 \"\u043c\u0456\u0448\u0435\u0447\u043e\u043a\" \u0437\u0430\u0431\u0435\u0437\u043f\u0435\u0447\u0443\u0454 \u0435\u043a\u043e\u043d\u043e\u043c\u0456\u0447\u043d\u0435 \u0440\u0456\u0448\u0435\u043d\u043d\u044f \u0434\u043b\u044f \u0437\u0430\u043a\u043b\u0430\u0434\u0456\u0432 \u0433\u0440\u043e\u043c\u0430\u0434\u0441\u044c\u043a\u043e\u0433\u043e \u0445\u0430\u0440\u0447\u0443\u0432\u0430\u043d\u043d\u044f.<\/p>","protected":false},"featured_media":6406,"template":"","meta":[],"product_brand":[],"product_cat":[845,64,863,855],"product_tag":[],"class_list":{"0":"post-6405","1":"product","2":"type-product","3":"status-publish","4":"has-post-thumbnail","6":"product_cat-dla-pizzerii-i-trattorii","7":"product_cat-produkty-brandowe","8":"product_cat-produkty-osole-mio","9":"product_cat-przetwory-warzywne-produkty-brandowe","10":"pa_atrybut-detal-horeca-horeca","11":"pa_ilosc-sztuk-na-palecie-861","12":"pa_masa-netto-2x5kg","13":"pa_sztuk-w-kartonie-788","15":"first","16":"instock","17":"shipping-taxable","18":"product-type-simple"},"yoast_head":"<!-- This site is optimized with the Yoast SEO plugin v27.3 - https:\/\/yoast.com\/product\/yoast-seo-wordpress\/ -->\n<title>Pulpa pomidorowa O&#039;Sole mio, bag in box, 2x5kg - Limpol - Dystrybutor produkt\u00f3w spo\u017cywczych | Import Eksport<\/title>\n<meta name=\"robots\" content=\"index, follow, max-snippet:-1, max-image-preview:large, max-video-preview:-1\" \/>\n<link rel=\"canonical\" href=\"https:\/\/limpol.pl\/uk\/\u043f\u0440\u043e\u0434\u0443\u043a\u0442\u0438\/\u043c\u044f\u043a\u043e\u0442\u044c-\u0442\u043e\u043c\u0430\u0442\u0456\u0432-osole-mio-\u043c\u0456\u0448\u043e\u043a-\u0432-\u043a\u043e\u0440\u043e\u0431\u0446\u0456-2\u04455\u043a\u0433\/\" \/>\n<meta property=\"og:locale\" content=\"uk_UA\" \/>\n<meta property=\"og:type\" content=\"article\" \/>\n<meta property=\"og:title\" content=\"Pulpa pomidorowa O&#039;Sole mio, bag in box, 2x5kg - Limpol - Dystrybutor produkt\u00f3w spo\u017cywczych | Import Eksport\" \/>\n<meta property=\"og:description\" content=\"Pulpa pomidorowa\u00a0O&#8217; Sole Mio\u00a0to wysokiej jako\u015bci przecier przygotowany z dojrza\u0142ych, w\u0142oskich pomidor\u00f3w, kt\u00f3re zosta\u0142y obrane ze sk\u00f3rki i pozbawione nasion. Charakteryzuje si\u0119 intensywnym aromatem oraz \u015bwie\u017cym, lekko kwa\u015bnym smakiem. Dzi\u0119ki g\u0119stej konsystencji znajduje szerokie zastosowanie w kuchni \u015br\u00f3dziemnomorskiej, szczeg\u00f3lnie w pizzeriach i trattoriach. Du\u017ce opakowanie typu pouch stanowi ekonomiczne rozwi\u0105zanie dedykowane dla gastronomii.\" \/>\n<meta property=\"og:url\" content=\"https:\/\/limpol.pl\/uk\/\u043f\u0440\u043e\u0434\u0443\u043a\u0442\u0438\/\u043c\u044f\u043a\u043e\u0442\u044c-\u0442\u043e\u043c\u0430\u0442\u0456\u0432-osole-mio-\u043c\u0456\u0448\u043e\u043a-\u0432-\u043a\u043e\u0440\u043e\u0431\u0446\u0456-2\u04455\u043a\u0433\/\" \/>\n<meta property=\"og:site_name\" content=\"Limpol - Dystrybutor produkt\u00f3w spo\u017cywczych | Import Eksport\" \/>\n<meta property=\"article:publisher\" content=\"https:\/\/www.facebook.com\/firmalimpol\/\" \/>\n<meta property=\"article:modified_time\" content=\"2026-01-29T11:15:15+00:00\" \/>\n<meta property=\"og:image\" content=\"https:\/\/limpol.pl\/wp-content\/uploads\/2024\/12\/pulpa-osoloemio-2x5kg.webp\" \/>\n\t<meta property=\"og:image:width\" content=\"1000\" \/>\n\t<meta property=\"og:image:height\" content=\"1000\" \/>\n\t<meta property=\"og:image:type\" content=\"image\/webp\" \/>\n<meta name=\"twitter:card\" content=\"summary_large_image\" \/>\n<meta name=\"twitter:label1\" content=\"\u041f\u0440\u0438\u0431\u043b. \u0447\u0430\u0441 \u0447\u0438\u0442\u0430\u043d\u043d\u044f\" \/>\n\t<meta name=\"twitter:data1\" content=\"1 \u0445\u0432\u0438\u043b\u0438\u043d\u0430\" \/>\n<script type=\"application\/ld+json\" class=\"yoast-schema-graph\">{\"@context\":\"https:\\\/\\\/schema.org\",\"@graph\":[{\"@type\":\"WebPage\",\"@id\":\"https:\\\/\\\/limpol.pl\\\/produkty\\\/pulpa-pomidorowa-osole-mio-bag-in-box-2x5kg\\\/\",\"url\":\"https:\\\/\\\/limpol.pl\\\/produkty\\\/pulpa-pomidorowa-osole-mio-bag-in-box-2x5kg\\\/\",\"name\":\"Pulpa pomidorowa O'Sole mio, bag in box, 2x5kg - Limpol - Dystrybutor produkt\u00f3w spo\u017cywczych | Import Eksport\",\"isPartOf\":{\"@id\":\"https:\\\/\\\/limpol.pl\\\/#website\"},\"primaryImageOfPage\":{\"@id\":\"https:\\\/\\\/limpol.pl\\\/produkty\\\/pulpa-pomidorowa-osole-mio-bag-in-box-2x5kg\\\/#primaryimage\"},\"image\":{\"@id\":\"https:\\\/\\\/limpol.pl\\\/produkty\\\/pulpa-pomidorowa-osole-mio-bag-in-box-2x5kg\\\/#primaryimage\"},\"thumbnailUrl\":\"https:\\\/\\\/limpol.pl\\\/wp-content\\\/uploads\\\/2024\\\/12\\\/pulpa-osoloemio-2x5kg.webp\",\"datePublished\":\"2024-12-06T10:57:17+00:00\",\"dateModified\":\"2026-01-29T11:15:15+00:00\",\"breadcrumb\":{\"@id\":\"https:\\\/\\\/limpol.pl\\\/produkty\\\/pulpa-pomidorowa-osole-mio-bag-in-box-2x5kg\\\/#breadcrumb\"},\"inLanguage\":\"uk\",\"potentialAction\":[{\"@type\":\"ReadAction\",\"target\":[\"https:\\\/\\\/limpol.pl\\\/produkty\\\/pulpa-pomidorowa-osole-mio-bag-in-box-2x5kg\\\/\"]}]},{\"@type\":\"ImageObject\",\"inLanguage\":\"uk\",\"@id\":\"https:\\\/\\\/limpol.pl\\\/produkty\\\/pulpa-pomidorowa-osole-mio-bag-in-box-2x5kg\\\/#primaryimage\",\"url\":\"https:\\\/\\\/limpol.pl\\\/wp-content\\\/uploads\\\/2024\\\/12\\\/pulpa-osoloemio-2x5kg.webp\",\"contentUrl\":\"https:\\\/\\\/limpol.pl\\\/wp-content\\\/uploads\\\/2024\\\/12\\\/pulpa-osoloemio-2x5kg.webp\",\"width\":1000,\"height\":1000},{\"@type\":\"BreadcrumbList\",\"@id\":\"https:\\\/\\\/limpol.pl\\\/produkty\\\/pulpa-pomidorowa-osole-mio-bag-in-box-2x5kg\\\/#breadcrumb\",\"itemListElement\":[{\"@type\":\"ListItem\",\"position\":1,\"name\":\"Strona g\u0142\u00f3wna\",\"item\":\"https:\\\/\\\/limpol.pl\\\/\"},{\"@type\":\"ListItem\",\"position\":2,\"name\":\"Produkty\",\"item\":\"https:\\\/\\\/limpol.pl\\\/shop\\\/\"},{\"@type\":\"ListItem\",\"position\":3,\"name\":\"Pulpa pomidorowa O&#8217;Sole mio, bag in box, 2x5kg\"}]},{\"@type\":\"WebSite\",\"@id\":\"https:\\\/\\\/limpol.pl\\\/#website\",\"url\":\"https:\\\/\\\/limpol.pl\\\/\",\"name\":\"Limpol - Dystrybutor produkt\u00f3w spo\u017cywczych | Import Eksport\",\"description\":\"Importer i eksporter produkt\u00f3w spo\u017cywczych\",\"potentialAction\":[{\"@type\":\"SearchAction\",\"target\":{\"@type\":\"EntryPoint\",\"urlTemplate\":\"https:\\\/\\\/limpol.pl\\\/?s={search_term_string}\"},\"query-input\":{\"@type\":\"PropertyValueSpecification\",\"valueRequired\":true,\"valueName\":\"search_term_string\"}}],\"inLanguage\":\"uk\"}]}<\/script>\n<!-- \/ Yoast SEO plugin. -->","yoast_head_json":{"title":"\u041c'\u044f\u043a\u043e\u0442\u044c \u0442\u043e\u043c\u0430\u0442\u0456\u0432 O'Sole mio, \u043c\u0456\u0448\u043e\u043a \u0432 \u043a\u043e\u0440\u043e\u0431\u0446\u0456, 2\u04455\u043a\u0433 - Limpol - \u0414\u0438\u0441\u0442\u0440\u0438\u0431'\u044e\u0442\u043e\u0440 \u043f\u0440\u043e\u0434\u0443\u043a\u0442\u0456\u0432 \u0445\u0430\u0440\u0447\u0443\u0432\u0430\u043d\u043d\u044f | \u0406\u043c\u043f\u043e\u0440\u0442 \u0415\u043a\u0441\u043f\u043e\u0440\u0442","robots":{"index":"index","follow":"follow","max-snippet":"max-snippet:-1","max-image-preview":"max-image-preview:large","max-video-preview":"max-video-preview:-1"},"canonical":"https:\/\/limpol.pl\/uk\/\u043f\u0440\u043e\u0434\u0443\u043a\u0442\u0438\/\u043c\u044f\u043a\u043e\u0442\u044c-\u0442\u043e\u043c\u0430\u0442\u0456\u0432-osole-mio-\u043c\u0456\u0448\u043e\u043a-\u0432-\u043a\u043e\u0440\u043e\u0431\u0446\u0456-2\u04455\u043a\u0433\/","og_locale":"uk_UA","og_type":"article","og_title":"Pulpa pomidorowa O'Sole mio, bag in box, 2x5kg - Limpol - Dystrybutor produkt\u00f3w spo\u017cywczych | Import Eksport","og_description":"Pulpa pomidorowa\u00a0O&#8217; Sole Mio\u00a0to wysokiej jako\u015bci przecier przygotowany z dojrza\u0142ych, w\u0142oskich pomidor\u00f3w, kt\u00f3re zosta\u0142y obrane ze sk\u00f3rki i pozbawione nasion. Charakteryzuje si\u0119 intensywnym aromatem oraz \u015bwie\u017cym, lekko kwa\u015bnym smakiem. Dzi\u0119ki g\u0119stej konsystencji znajduje szerokie zastosowanie w kuchni \u015br\u00f3dziemnomorskiej, szczeg\u00f3lnie w pizzeriach i trattoriach. Du\u017ce opakowanie typu pouch stanowi ekonomiczne rozwi\u0105zanie dedykowane dla gastronomii.","og_url":"https:\/\/limpol.pl\/uk\/\u043f\u0440\u043e\u0434\u0443\u043a\u0442\u0438\/\u043c\u044f\u043a\u043e\u0442\u044c-\u0442\u043e\u043c\u0430\u0442\u0456\u0432-osole-mio-\u043c\u0456\u0448\u043e\u043a-\u0432-\u043a\u043e\u0440\u043e\u0431\u0446\u0456-2\u04455\u043a\u0433\/","og_site_name":"Limpol - Dystrybutor produkt\u00f3w spo\u017cywczych | Import Eksport","article_publisher":"https:\/\/www.facebook.com\/firmalimpol\/","article_modified_time":"2026-01-29T11:15:15+00:00","og_image":[{"width":1000,"height":1000,"url":"https:\/\/limpol.pl\/wp-content\/uploads\/2024\/12\/pulpa-osoloemio-2x5kg.webp","type":"image\/webp"}],"twitter_card":"summary_large_image","twitter_misc":{"\u041f\u0440\u0438\u0431\u043b. \u0447\u0430\u0441 \u0447\u0438\u0442\u0430\u043d\u043d\u044f":"1 \u0445\u0432\u0438\u043b\u0438\u043d\u0430"},"schema":{"@context":"https:\/\/schema.org","@graph":[{"@type":"WebPage","@id":"https:\/\/limpol.pl\/produkty\/pulpa-pomidorowa-osole-mio-bag-in-box-2x5kg\/","url":"https:\/\/limpol.pl\/produkty\/pulpa-pomidorowa-osole-mio-bag-in-box-2x5kg\/","name":"\u041c'\u044f\u043a\u043e\u0442\u044c \u0442\u043e\u043c\u0430\u0442\u0456\u0432 O'Sole mio, \u043c\u0456\u0448\u043e\u043a \u0432 \u043a\u043e\u0440\u043e\u0431\u0446\u0456, 2\u04455\u043a\u0433 - Limpol - \u0414\u0438\u0441\u0442\u0440\u0438\u0431'\u044e\u0442\u043e\u0440 \u043f\u0440\u043e\u0434\u0443\u043a\u0442\u0456\u0432 \u0445\u0430\u0440\u0447\u0443\u0432\u0430\u043d\u043d\u044f | \u0406\u043c\u043f\u043e\u0440\u0442 \u0415\u043a\u0441\u043f\u043e\u0440\u0442","isPartOf":{"@id":"https:\/\/limpol.pl\/#website"},"primaryImageOfPage":{"@id":"https:\/\/limpol.pl\/produkty\/pulpa-pomidorowa-osole-mio-bag-in-box-2x5kg\/#primaryimage"},"image":{"@id":"https:\/\/limpol.pl\/produkty\/pulpa-pomidorowa-osole-mio-bag-in-box-2x5kg\/#primaryimage"},"thumbnailUrl":"https:\/\/limpol.pl\/wp-content\/uploads\/2024\/12\/pulpa-osoloemio-2x5kg.webp","datePublished":"2024-12-06T10:57:17+00:00","dateModified":"2026-01-29T11:15:15+00:00","breadcrumb":{"@id":"https:\/\/limpol.pl\/produkty\/pulpa-pomidorowa-osole-mio-bag-in-box-2x5kg\/#breadcrumb"},"inLanguage":"uk","potentialAction":[{"@type":"ReadAction","target":["https:\/\/limpol.pl\/produkty\/pulpa-pomidorowa-osole-mio-bag-in-box-2x5kg\/"]}]},{"@type":"ImageObject","inLanguage":"uk","@id":"https:\/\/limpol.pl\/produkty\/pulpa-pomidorowa-osole-mio-bag-in-box-2x5kg\/#primaryimage","url":"https:\/\/limpol.pl\/wp-content\/uploads\/2024\/12\/pulpa-osoloemio-2x5kg.webp","contentUrl":"https:\/\/limpol.pl\/wp-content\/uploads\/2024\/12\/pulpa-osoloemio-2x5kg.webp","width":1000,"height":1000},{"@type":"BreadcrumbList","@id":"https:\/\/limpol.pl\/produkty\/pulpa-pomidorowa-osole-mio-bag-in-box-2x5kg\/#breadcrumb","itemListElement":[{"@type":"ListItem","position":1,"name":"Strona g\u0142\u00f3wna","item":"https:\/\/limpol.pl\/"},{"@type":"ListItem","position":2,"name":"Produkty","item":"https:\/\/limpol.pl\/shop\/"},{"@type":"ListItem","position":3,"name":"Pulpa pomidorowa O&#8217;Sole mio, bag in box, 2x5kg"}]},{"@type":"WebSite","@id":"https:\/\/limpol.pl\/#website","url":"https:\/\/limpol.pl\/","name":"Limpol - \u0414\u0438\u0441\u0442\u0440\u0438\u0431'\u044e\u0442\u043e\u0440 \u043f\u0440\u043e\u0434\u0443\u043a\u0442\u0456\u0432 \u0445\u0430\u0440\u0447\u0443\u0432\u0430\u043d\u043d\u044f | \u0406\u043c\u043f\u043e\u0440\u0442 \u0415\u043a\u0441\u043f\u043e\u0440\u0442","description":"\u0406\u043c\u043f\u043e\u0440\u0442\u0435\u0440 \u0442\u0430 \u0435\u043a\u0441\u043f\u043e\u0440\u0442\u0435\u0440 \u043f\u0440\u043e\u0434\u0443\u043a\u0442\u0456\u0432 \u0445\u0430\u0440\u0447\u0443\u0432\u0430\u043d\u043d\u044f","potentialAction":[{"@type":"SearchAction","target":{"@type":"EntryPoint","urlTemplate":"https:\/\/limpol.pl\/?s={search_term_string}"},"query-input":{"@type":"PropertyValueSpecification","valueRequired":true,"valueName":"search_term_string"}}],"inLanguage":"uk"}]}},"_links":{"self":[{"href":"https:\/\/limpol.pl\/uk\/wp-json\/wp\/v2\/product\/6405","targetHints":{"allow":["GET"]}}],"collection":[{"href":"https:\/\/limpol.pl\/uk\/wp-json\/wp\/v2\/product"}],"about":[{"href":"https:\/\/limpol.pl\/uk\/wp-json\/wp\/v2\/types\/product"}],"wp:featuredmedia":[{"embeddable":true,"href":"https:\/\/limpol.pl\/uk\/wp-json\/wp\/v2\/media\/6406"}],"wp:attachment":[{"href":"https:\/\/limpol.pl\/uk\/wp-json\/wp\/v2\/media?parent=6405"}],"wp:term":[{"taxonomy":"product_brand","embeddable":true,"href":"https:\/\/limpol.pl\/uk\/wp-json\/wp\/v2\/product_brand?post=6405"},{"taxonomy":"product_cat","embeddable":true,"href":"https:\/\/limpol.pl\/uk\/wp-json\/wp\/v2\/product_cat?post=6405"},{"taxonomy":"product_tag","embeddable":true,"href":"https:\/\/limpol.pl\/uk\/wp-json\/wp\/v2\/product_tag?post=6405"}],"curies":[{"name":"wp","href":"https:\/\/api.w.org\/{rel}","templated":true}]}}