{"id":6467,"date":"2025-02-24T10:12:35","date_gmt":"2025-02-24T09:12:35","guid":{"rendered":"https:\/\/limpol.pl\/?post_type=product&#038;p=6467"},"modified":"2026-01-29T12:11:23","modified_gmt":"2026-01-29T11:11:23","slug":"\u043d\u0430\u0440\u0456\u0437\u0430\u043d\u0438\u0439-\u043f\u0435\u0440\u0435\u0446\u044c-\u0445\u0430\u043b\u0430\u043f\u0435\u043d\u044c\u043e-\u0441\u0443\u043c\u0456\u0448-\u0447\u0435\u0440","status":"publish","type":"product","link":"https:\/\/limpol.pl\/uk\/\u043f\u0440\u043e\u0434\u0443\u043a\u0442\u0438\/\u043d\u0430\u0440\u0456\u0437\u0430\u043d\u0438\u0439-\u043f\u0435\u0440\u0435\u0446\u044c-\u0445\u0430\u043b\u0430\u043f\u0435\u043d\u044c\u043e-\u0441\u0443\u043c\u0456\u0448-\u0447\u0435\u0440\/","title":{"rendered":"\u041d\u0430\u0440\u0456\u0437\u0430\u043d\u0438\u0439 \u043f\u0435\u0440\u0435\u0446\u044c \u0445\u0430\u043b\u0430\u043f\u0435\u043d\u044c\u043e (\u0447\u0435\u0440\u0432\u043e\u043d\u0438\u0439\/\u0437\u0435\u043b\u0435\u043d\u0438\u0439)"},"content":{"rendered":"<p>\u0411\u0440\u0435\u043d\u0434 Jalape\u00f1o Mix\u00a0<strong>2 \u0411\u0440\u0430\u0442\u0438<\/strong>\u00a0\u0440\u0435\u0442\u0435\u043b\u044c\u043d\u043e \u0432\u0456\u0434\u0456\u0431\u0440\u0430\u043d\u0456,\u00a0<strong>\u043d\u0430\u0440\u0456\u0437\u0430\u043d\u0438\u0439 \u043f\u0435\u0440\u0435\u0446\u044c \u0445\u0430\u043b\u0430\u043f\u0435\u043d\u044c\u0439\u043e \u0434\u0432\u043e\u0445 \u043a\u043e\u043b\u044c\u043e\u0440\u0456\u0432 - \u0437\u0435\u043b\u0435\u043d\u0438\u0439 \u0456 \u0447\u0435\u0440\u0432\u043e\u043d\u0438\u0439<\/strong>\u044f\u043a\u0456 \u043f\u043e\u0454\u0434\u043d\u0443\u044e\u0442\u044c \u0456\u043d\u0442\u0435\u043d\u0441\u0438\u0432\u043d\u0443 \u0433\u043e\u0441\u0442\u0440\u043e\u0442\u0443 \u0437 \u043b\u0435\u0433\u043a\u0438\u043c\u0438 \u0441\u043e\u043b\u043e\u0434\u043a\u0443\u0432\u0430\u0442\u0438\u043c\u0438 \u043d\u043e\u0442\u043a\u0430\u043c\u0438 \u0441\u0442\u0438\u0433\u043b\u0438\u0445 \u0444\u0440\u0443\u043a\u0442\u0456\u0432. \u0417\u0435\u043b\u0435\u043d\u0456 \u0445\u0430\u043b\u0430\u043f\u0435\u043d\u044c\u0439\u043e \u0445\u0430\u0440\u0430\u043a\u0442\u0435\u0440\u0438\u0437\u0443\u044e\u0442\u044c\u0441\u044f \u0441\u0432\u0456\u0436\u0438\u043c, \u0433\u043e\u0441\u0442\u0440\u0438\u043c \u0441\u043c\u0430\u043a\u043e\u043c, \u0442\u043e\u0434\u0456 \u044f\u043a \u0447\u0435\u0440\u0432\u043e\u043d\u0456 \u043c\u0430\u044e\u0442\u044c \u043c'\u044f\u043a\u0448\u0438\u0439, \u0437\u043b\u0435\u0433\u043a\u0430 \u0441\u043e\u043b\u043e\u0434\u043a\u0443\u0432\u0430\u0442\u0438\u0439 \u043f\u0456\u0441\u043b\u044f\u0441\u043c\u0430\u043a, \u0449\u043e \u043d\u0430\u0434\u0430\u0454 \u0441\u0442\u0440\u0430\u0432\u0430\u043c \u043d\u0435\u043f\u043e\u0432\u0442\u043e\u0440\u043d\u043e\u0457 \u0433\u043b\u0438\u0431\u0438\u043d\u0438. \u041f\u0440\u043e\u0434\u0443\u043a\u0442 \u0434\u043e\u0441\u0442\u0443\u043f\u043d\u0438\u0439 \u0443 \u0442\u0430\u043a\u0438\u0445 \u0444\u043e\u0440\u043c\u0430\u0445\u00a0<strong>\u0432\u0435\u043b\u0438\u043a\u0430 \u0431\u0430\u043d\u043a\u0430<\/strong>\u0449\u043e \u0440\u043e\u0431\u0438\u0442\u044c \u0439\u043e\u0433\u043e \u0456\u0434\u0435\u0430\u043b\u044c\u043d\u0438\u043c \u0434\u043b\u044f \u043a\u0435\u0439\u0442\u0435\u0440\u0438\u043d\u0433\u0443, \u0440\u0435\u0441\u0442\u043e\u0440\u0430\u043d\u0456\u0432, \u0444\u0443\u0440\u0433\u043e\u043d\u0456\u0432 \u0437 \u0457\u0436\u0435\u044e \u0442\u0430 \u043b\u044e\u0431\u0438\u0442\u0435\u043b\u0456\u0432 \u0433\u043e\u0441\u0442\u0440\u0438\u0445 \u0441\u0442\u0440\u0430\u0432. \u041d\u0430\u0440\u0456\u0437\u0430\u043d\u0438\u0439 \u043f\u0435\u0440\u0435\u0446\u044c \u0433\u043e\u0442\u043e\u0432\u0438\u0439 \u0434\u043e \u0432\u0436\u0438\u0432\u0430\u043d\u043d\u044f, \u0442\u043e\u043c\u0443 \u0439\u043e\u0433\u043e \u043c\u043e\u0436\u043d\u0430 \u0434\u043e\u0434\u0430\u0432\u0430\u0442\u0438 \u0431\u0435\u0437\u043f\u043e\u0441\u0435\u0440\u0435\u0434\u043d\u044c\u043e \u0443 \u0441\u0442\u0440\u0430\u0432\u0438 \u0431\u0435\u0437 \u0431\u0443\u0434\u044c-\u044f\u043a\u043e\u0457 \u043e\u0431\u0440\u043e\u0431\u043a\u0438. \u0412\u043e\u043d\u0438 \u0456\u0434\u0435\u0430\u043b\u044c\u043d\u043e \u043f\u0456\u0434\u0445\u043e\u0434\u044f\u0442\u044c \u044f\u043a \u0456\u043d\u0433\u0440\u0435\u0434\u0456\u0454\u043d\u0442\u00a0<strong>\u0431\u0443\u0440\u0433\u0435\u0440\u0438, \u0445\u043e\u0442-\u0434\u043e\u0433\u0438, \u043d\u0430\u0447\u043e\u0441, \u043f\u0456\u0446\u0430, \u0437\u0430\u0433\u043e\u0440\u0442\u043a\u0438, \u0441\u0430\u043b\u0430\u0442\u0438 \u0430\u0431\u043e \u0441\u043e\u0443\u0441\u0438<\/strong>Jalape\u00f1o Mix 2 Brothers - \u0456\u0434\u0435\u0430\u043b\u044c\u043d\u0435 \u0440\u0456\u0448\u0435\u043d\u043d\u044f \u0434\u043b\u044f \u0442\u0438\u0445, \u0445\u0442\u043e \u0446\u0456\u043d\u0443\u0454 \u0441\u043c\u0430\u043a \u0445\u0430\u043b\u0430\u043f\u0435\u043d\u044c\u0439\u043e, \u043f\u0456\u0434\u0441\u0438\u043b\u044e\u044e\u0447\u0438 \u0439\u043e\u0433\u043e \u0430\u0440\u043e\u043c\u0430\u0442 \u0456 \u043d\u0430\u0434\u0430\u044e\u0447\u0438 \u0439\u043e\u043c\u0443 \u0445\u0430\u0440\u0430\u043a\u0442\u0435\u0440\u043d\u043e\u0457 \u0433\u043e\u0441\u0442\u0440\u043e\u0442\u0438. Jalape\u00f1o Mix 2 Brothers \u0434\u043b\u044f \u0442\u0438\u0445, \u0445\u0442\u043e \u0446\u0456\u043d\u0443\u0454\u00a0<strong>\u043d\u0430\u0442\u0443\u0440\u0430\u043b\u044c\u043d\u0430 \u0433\u043e\u0441\u0442\u0440\u043e\u0442\u0430, \u0432\u0438\u0441\u043e\u043a\u0430 \u044f\u043a\u0456\u0441\u0442\u044c \u0456 \u0437\u0440\u0443\u0447\u043d\u0456\u0441\u0442\u044c \u0443 \u043f\u0440\u0438\u0433\u043e\u0442\u0443\u0432\u0430\u043d\u043d\u0456 \u0457\u0436\u0456<\/strong>. \u0412\u0435\u043b\u0438\u043a\u0430 \u0443\u043f\u0430\u043a\u043e\u0432\u043a\u0430 \u0434\u043e\u0437\u0432\u043e\u043b\u044f\u0454 \u0435\u0444\u0435\u043a\u0442\u0438\u0432\u043d\u043e \u0432\u0438\u043a\u043e\u0440\u0438\u0441\u0442\u043e\u0432\u0443\u0432\u0430\u0442\u0438 \u043f\u0440\u043e\u0434\u0443\u043a\u0442 \u0443 \u0437\u0430\u043a\u043b\u0430\u0434\u0430\u0445 \u0433\u0440\u043e\u043c\u0430\u0434\u0441\u044c\u043a\u043e\u0433\u043e \u0445\u0430\u0440\u0447\u0443\u0432\u0430\u043d\u043d\u044f, \u0433\u0430\u0440\u0430\u043d\u0442\u0443\u044e\u0447\u0438 \u0447\u0443\u0434\u043e\u0432\u0438\u0439 \u0441\u043c\u0430\u043a \u0443 \u043a\u043e\u0436\u043d\u0456\u0439 \u043f\u043e\u0440\u0446\u0456\u0457.<\/p>","protected":false},"excerpt":{"rendered":"<p>Jalape\u00f1o Mix marki\u00a02 Brothers\u00a0to starannie wyselekcjonowane,\u00a0krojone papryczki jalape\u00f1o w dw\u00f3ch kolorach \u2013 zielonym i czerwonym, kt\u00f3re \u0142\u0105cz\u0105 w sobie intensywn\u0105 pikantno\u015b\u0107 z lekko s\u0142odk\u0105 nut\u0105 dojrza\u0142ych owoc\u00f3w. Zielone jalape\u00f1o charakteryzuj\u0105 si\u0119 \u015bwie\u017cym, ostrym smakiem, podczas gdy czerwone maj\u0105 delikatniejszy, nieco bardziej s\u0142odkawy posmak, nadaj\u0105c potrawom wyj\u0105tkow\u0105 g\u0142\u0119bi\u0119. Produkt dost\u0119pny w\u00a0du\u017cej puszce, co czyni go idealnym [&hellip;]<\/p>\n","protected":false},"featured_media":6468,"template":"","meta":[],"product_brand":[],"product_cat":[845,64,855],"product_tag":[],"class_list":{"0":"post-6467","1":"product","2":"type-product","3":"status-publish","4":"has-post-thumbnail","6":"product_cat-dla-pizzerii-i-trattorii","7":"product_cat-produkty-brandowe","8":"product_cat-przetwory-warzywne-produkty-brandowe","9":"pa_atrybut-detal-horeca-horeca-en","10":"pa_ilosc-sztuk-na-palecie-222","11":"pa_masa-netto-3000g","12":"pa_sztuk-w-kartonie-6-en","14":"first","15":"instock","16":"shipping-taxable","17":"product-type-simple"},"yoast_head":"<!-- This site is optimized with the Yoast SEO plugin v27.3 - https:\/\/yoast.com\/product\/yoast-seo-wordpress\/ -->\n<title>Papryka krojona Jalapeno mix (czerwona\/zielona) - Limpol - Dystrybutor produkt\u00f3w spo\u017cywczych | Import Eksport<\/title>\n<meta name=\"robots\" content=\"index, follow, max-snippet:-1, max-image-preview:large, max-video-preview:-1\" \/>\n<link rel=\"canonical\" href=\"https:\/\/limpol.pl\/uk\/\u043f\u0440\u043e\u0434\u0443\u043a\u0442\u0438\/\u043d\u0430\u0440\u0456\u0437\u0430\u043d\u0438\u0439-\u043f\u0435\u0440\u0435\u0446\u044c-\u0445\u0430\u043b\u0430\u043f\u0435\u043d\u044c\u043e-\u0441\u0443\u043c\u0456\u0448-\u0447\u0435\u0440\/\" \/>\n<meta property=\"og:locale\" content=\"uk_UA\" \/>\n<meta property=\"og:type\" content=\"article\" \/>\n<meta property=\"og:title\" content=\"Papryka krojona Jalapeno mix (czerwona\/zielona) - Limpol - Dystrybutor produkt\u00f3w spo\u017cywczych | Import Eksport\" \/>\n<meta property=\"og:description\" content=\"Jalape\u00f1o Mix marki\u00a02 Brothers\u00a0to starannie wyselekcjonowane,\u00a0krojone papryczki jalape\u00f1o w dw\u00f3ch kolorach \u2013 zielonym i czerwonym, kt\u00f3re \u0142\u0105cz\u0105 w sobie intensywn\u0105 pikantno\u015b\u0107 z lekko s\u0142odk\u0105 nut\u0105 dojrza\u0142ych owoc\u00f3w. Zielone jalape\u00f1o charakteryzuj\u0105 si\u0119 \u015bwie\u017cym, ostrym smakiem, podczas gdy czerwone maj\u0105 delikatniejszy, nieco bardziej s\u0142odkawy posmak, nadaj\u0105c potrawom wyj\u0105tkow\u0105 g\u0142\u0119bi\u0119. Produkt dost\u0119pny w\u00a0du\u017cej puszce, co czyni go idealnym [&hellip;]\" \/>\n<meta property=\"og:url\" content=\"https:\/\/limpol.pl\/uk\/\u043f\u0440\u043e\u0434\u0443\u043a\u0442\u0438\/\u043d\u0430\u0440\u0456\u0437\u0430\u043d\u0438\u0439-\u043f\u0435\u0440\u0435\u0446\u044c-\u0445\u0430\u043b\u0430\u043f\u0435\u043d\u044c\u043e-\u0441\u0443\u043c\u0456\u0448-\u0447\u0435\u0440\/\" \/>\n<meta property=\"og:site_name\" content=\"Limpol - Dystrybutor produkt\u00f3w spo\u017cywczych | Import Eksport\" \/>\n<meta property=\"article:publisher\" content=\"https:\/\/www.facebook.com\/firmalimpol\/\" \/>\n<meta property=\"article:modified_time\" content=\"2026-01-29T11:11:23+00:00\" \/>\n<meta property=\"og:image\" content=\"https:\/\/limpol.pl\/wp-content\/uploads\/2025\/02\/papryka-halapeno-brandowa.webp\" \/>\n\t<meta property=\"og:image:width\" content=\"1000\" \/>\n\t<meta property=\"og:image:height\" content=\"1000\" \/>\n\t<meta property=\"og:image:type\" content=\"image\/webp\" \/>\n<meta name=\"twitter:card\" content=\"summary_large_image\" \/>\n<meta name=\"twitter:label1\" content=\"\u041f\u0440\u0438\u0431\u043b. \u0447\u0430\u0441 \u0447\u0438\u0442\u0430\u043d\u043d\u044f\" \/>\n\t<meta name=\"twitter:data1\" content=\"2 \u0445\u0432\u0438\u043b\u0438\u043d\u0438\" \/>\n<script type=\"application\/ld+json\" class=\"yoast-schema-graph\">{\"@context\":\"https:\\\/\\\/schema.org\",\"@graph\":[{\"@type\":\"WebPage\",\"@id\":\"https:\\\/\\\/limpol.pl\\\/produkty\\\/papryka-krojona-jalapeno-mix-czerwona-zielona\\\/\",\"url\":\"https:\\\/\\\/limpol.pl\\\/produkty\\\/papryka-krojona-jalapeno-mix-czerwona-zielona\\\/\",\"name\":\"Papryka krojona Jalapeno mix (czerwona\\\/zielona) - Limpol - Dystrybutor produkt\u00f3w spo\u017cywczych | Import Eksport\",\"isPartOf\":{\"@id\":\"https:\\\/\\\/limpol.pl\\\/#website\"},\"primaryImageOfPage\":{\"@id\":\"https:\\\/\\\/limpol.pl\\\/produkty\\\/papryka-krojona-jalapeno-mix-czerwona-zielona\\\/#primaryimage\"},\"image\":{\"@id\":\"https:\\\/\\\/limpol.pl\\\/produkty\\\/papryka-krojona-jalapeno-mix-czerwona-zielona\\\/#primaryimage\"},\"thumbnailUrl\":\"https:\\\/\\\/limpol.pl\\\/wp-content\\\/uploads\\\/2025\\\/02\\\/papryka-halapeno-brandowa.webp\",\"datePublished\":\"2025-02-24T09:12:35+00:00\",\"dateModified\":\"2026-01-29T11:11:23+00:00\",\"breadcrumb\":{\"@id\":\"https:\\\/\\\/limpol.pl\\\/produkty\\\/papryka-krojona-jalapeno-mix-czerwona-zielona\\\/#breadcrumb\"},\"inLanguage\":\"uk\",\"potentialAction\":[{\"@type\":\"ReadAction\",\"target\":[\"https:\\\/\\\/limpol.pl\\\/produkty\\\/papryka-krojona-jalapeno-mix-czerwona-zielona\\\/\"]}]},{\"@type\":\"ImageObject\",\"inLanguage\":\"uk\",\"@id\":\"https:\\\/\\\/limpol.pl\\\/produkty\\\/papryka-krojona-jalapeno-mix-czerwona-zielona\\\/#primaryimage\",\"url\":\"https:\\\/\\\/limpol.pl\\\/wp-content\\\/uploads\\\/2025\\\/02\\\/papryka-halapeno-brandowa.webp\",\"contentUrl\":\"https:\\\/\\\/limpol.pl\\\/wp-content\\\/uploads\\\/2025\\\/02\\\/papryka-halapeno-brandowa.webp\",\"width\":1000,\"height\":1000},{\"@type\":\"BreadcrumbList\",\"@id\":\"https:\\\/\\\/limpol.pl\\\/produkty\\\/papryka-krojona-jalapeno-mix-czerwona-zielona\\\/#breadcrumb\",\"itemListElement\":[{\"@type\":\"ListItem\",\"position\":1,\"name\":\"Strona g\u0142\u00f3wna\",\"item\":\"https:\\\/\\\/limpol.pl\\\/\"},{\"@type\":\"ListItem\",\"position\":2,\"name\":\"Produkty\",\"item\":\"https:\\\/\\\/limpol.pl\\\/shop\\\/\"},{\"@type\":\"ListItem\",\"position\":3,\"name\":\"Papryka krojona Jalapeno mix (czerwona\\\/zielona)\"}]},{\"@type\":\"WebSite\",\"@id\":\"https:\\\/\\\/limpol.pl\\\/#website\",\"url\":\"https:\\\/\\\/limpol.pl\\\/\",\"name\":\"Limpol - Dystrybutor produkt\u00f3w spo\u017cywczych | Import Eksport\",\"description\":\"Importer i eksporter produkt\u00f3w spo\u017cywczych\",\"potentialAction\":[{\"@type\":\"SearchAction\",\"target\":{\"@type\":\"EntryPoint\",\"urlTemplate\":\"https:\\\/\\\/limpol.pl\\\/?s={search_term_string}\"},\"query-input\":{\"@type\":\"PropertyValueSpecification\",\"valueRequired\":true,\"valueName\":\"search_term_string\"}}],\"inLanguage\":\"uk\"}]}<\/script>\n<!-- \/ Yoast SEO plugin. -->","yoast_head_json":{"title":"\u041f\u0435\u0440\u0435\u0446\u044c \u0445\u0430\u043b\u0430\u043f\u0435\u043d\u044c\u043e \u043d\u0430\u0440\u0456\u0437\u0430\u043d\u0438\u0439 (\u0447\u0435\u0440\u0432\u043e\u043d\u0438\u0439\/\u0437\u0435\u043b\u0435\u043d\u0438\u0439) - Limpol - \u0414\u0438\u0441\u0442\u0440\u0438\u0431'\u044e\u0442\u043e\u0440 \u043f\u0440\u043e\u0434\u0443\u043a\u0442\u0456\u0432 \u0445\u0430\u0440\u0447\u0443\u0432\u0430\u043d\u043d\u044f | \u0406\u043c\u043f\u043e\u0440\u0442 \u0415\u043a\u0441\u043f\u043e\u0440\u0442","robots":{"index":"index","follow":"follow","max-snippet":"max-snippet:-1","max-image-preview":"max-image-preview:large","max-video-preview":"max-video-preview:-1"},"canonical":"https:\/\/limpol.pl\/uk\/\u043f\u0440\u043e\u0434\u0443\u043a\u0442\u0438\/\u043d\u0430\u0440\u0456\u0437\u0430\u043d\u0438\u0439-\u043f\u0435\u0440\u0435\u0446\u044c-\u0445\u0430\u043b\u0430\u043f\u0435\u043d\u044c\u043e-\u0441\u0443\u043c\u0456\u0448-\u0447\u0435\u0440\/","og_locale":"uk_UA","og_type":"article","og_title":"Papryka krojona Jalapeno mix (czerwona\/zielona) - Limpol - Dystrybutor produkt\u00f3w spo\u017cywczych | Import Eksport","og_description":"Jalape\u00f1o Mix marki\u00a02 Brothers\u00a0to starannie wyselekcjonowane,\u00a0krojone papryczki jalape\u00f1o w dw\u00f3ch kolorach \u2013 zielonym i czerwonym, kt\u00f3re \u0142\u0105cz\u0105 w sobie intensywn\u0105 pikantno\u015b\u0107 z lekko s\u0142odk\u0105 nut\u0105 dojrza\u0142ych owoc\u00f3w. Zielone jalape\u00f1o charakteryzuj\u0105 si\u0119 \u015bwie\u017cym, ostrym smakiem, podczas gdy czerwone maj\u0105 delikatniejszy, nieco bardziej s\u0142odkawy posmak, nadaj\u0105c potrawom wyj\u0105tkow\u0105 g\u0142\u0119bi\u0119. Produkt dost\u0119pny w\u00a0du\u017cej puszce, co czyni go idealnym [&hellip;]","og_url":"https:\/\/limpol.pl\/uk\/\u043f\u0440\u043e\u0434\u0443\u043a\u0442\u0438\/\u043d\u0430\u0440\u0456\u0437\u0430\u043d\u0438\u0439-\u043f\u0435\u0440\u0435\u0446\u044c-\u0445\u0430\u043b\u0430\u043f\u0435\u043d\u044c\u043e-\u0441\u0443\u043c\u0456\u0448-\u0447\u0435\u0440\/","og_site_name":"Limpol - Dystrybutor produkt\u00f3w spo\u017cywczych | Import Eksport","article_publisher":"https:\/\/www.facebook.com\/firmalimpol\/","article_modified_time":"2026-01-29T11:11:23+00:00","og_image":[{"width":1000,"height":1000,"url":"https:\/\/limpol.pl\/wp-content\/uploads\/2025\/02\/papryka-halapeno-brandowa.webp","type":"image\/webp"}],"twitter_card":"summary_large_image","twitter_misc":{"\u041f\u0440\u0438\u0431\u043b. \u0447\u0430\u0441 \u0447\u0438\u0442\u0430\u043d\u043d\u044f":"2 \u0445\u0432\u0438\u043b\u0438\u043d\u0438"},"schema":{"@context":"https:\/\/schema.org","@graph":[{"@type":"WebPage","@id":"https:\/\/limpol.pl\/produkty\/papryka-krojona-jalapeno-mix-czerwona-zielona\/","url":"https:\/\/limpol.pl\/produkty\/papryka-krojona-jalapeno-mix-czerwona-zielona\/","name":"\u041f\u0435\u0440\u0435\u0446\u044c \u0445\u0430\u043b\u0430\u043f\u0435\u043d\u044c\u043e \u043d\u0430\u0440\u0456\u0437\u0430\u043d\u0438\u0439 (\u0447\u0435\u0440\u0432\u043e\u043d\u0438\u0439\/\u0437\u0435\u043b\u0435\u043d\u0438\u0439) - Limpol - \u0414\u0438\u0441\u0442\u0440\u0438\u0431'\u044e\u0442\u043e\u0440 \u043f\u0440\u043e\u0434\u0443\u043a\u0442\u0456\u0432 \u0445\u0430\u0440\u0447\u0443\u0432\u0430\u043d\u043d\u044f | \u0406\u043c\u043f\u043e\u0440\u0442 \u0415\u043a\u0441\u043f\u043e\u0440\u0442","isPartOf":{"@id":"https:\/\/limpol.pl\/#website"},"primaryImageOfPage":{"@id":"https:\/\/limpol.pl\/produkty\/papryka-krojona-jalapeno-mix-czerwona-zielona\/#primaryimage"},"image":{"@id":"https:\/\/limpol.pl\/produkty\/papryka-krojona-jalapeno-mix-czerwona-zielona\/#primaryimage"},"thumbnailUrl":"https:\/\/limpol.pl\/wp-content\/uploads\/2025\/02\/papryka-halapeno-brandowa.webp","datePublished":"2025-02-24T09:12:35+00:00","dateModified":"2026-01-29T11:11:23+00:00","breadcrumb":{"@id":"https:\/\/limpol.pl\/produkty\/papryka-krojona-jalapeno-mix-czerwona-zielona\/#breadcrumb"},"inLanguage":"uk","potentialAction":[{"@type":"ReadAction","target":["https:\/\/limpol.pl\/produkty\/papryka-krojona-jalapeno-mix-czerwona-zielona\/"]}]},{"@type":"ImageObject","inLanguage":"uk","@id":"https:\/\/limpol.pl\/produkty\/papryka-krojona-jalapeno-mix-czerwona-zielona\/#primaryimage","url":"https:\/\/limpol.pl\/wp-content\/uploads\/2025\/02\/papryka-halapeno-brandowa.webp","contentUrl":"https:\/\/limpol.pl\/wp-content\/uploads\/2025\/02\/papryka-halapeno-brandowa.webp","width":1000,"height":1000},{"@type":"BreadcrumbList","@id":"https:\/\/limpol.pl\/produkty\/papryka-krojona-jalapeno-mix-czerwona-zielona\/#breadcrumb","itemListElement":[{"@type":"ListItem","position":1,"name":"Strona g\u0142\u00f3wna","item":"https:\/\/limpol.pl\/"},{"@type":"ListItem","position":2,"name":"Produkty","item":"https:\/\/limpol.pl\/shop\/"},{"@type":"ListItem","position":3,"name":"Papryka krojona Jalapeno mix (czerwona\/zielona)"}]},{"@type":"WebSite","@id":"https:\/\/limpol.pl\/#website","url":"https:\/\/limpol.pl\/","name":"Limpol - \u0414\u0438\u0441\u0442\u0440\u0438\u0431'\u044e\u0442\u043e\u0440 \u043f\u0440\u043e\u0434\u0443\u043a\u0442\u0456\u0432 \u0445\u0430\u0440\u0447\u0443\u0432\u0430\u043d\u043d\u044f | \u0406\u043c\u043f\u043e\u0440\u0442 \u0415\u043a\u0441\u043f\u043e\u0440\u0442","description":"\u0406\u043c\u043f\u043e\u0440\u0442\u0435\u0440 \u0442\u0430 \u0435\u043a\u0441\u043f\u043e\u0440\u0442\u0435\u0440 \u043f\u0440\u043e\u0434\u0443\u043a\u0442\u0456\u0432 \u0445\u0430\u0440\u0447\u0443\u0432\u0430\u043d\u043d\u044f","potentialAction":[{"@type":"SearchAction","target":{"@type":"EntryPoint","urlTemplate":"https:\/\/limpol.pl\/?s={search_term_string}"},"query-input":{"@type":"PropertyValueSpecification","valueRequired":true,"valueName":"search_term_string"}}],"inLanguage":"uk"}]}},"_links":{"self":[{"href":"https:\/\/limpol.pl\/uk\/wp-json\/wp\/v2\/product\/6467","targetHints":{"allow":["GET"]}}],"collection":[{"href":"https:\/\/limpol.pl\/uk\/wp-json\/wp\/v2\/product"}],"about":[{"href":"https:\/\/limpol.pl\/uk\/wp-json\/wp\/v2\/types\/product"}],"wp:featuredmedia":[{"embeddable":true,"href":"https:\/\/limpol.pl\/uk\/wp-json\/wp\/v2\/media\/6468"}],"wp:attachment":[{"href":"https:\/\/limpol.pl\/uk\/wp-json\/wp\/v2\/media?parent=6467"}],"wp:term":[{"taxonomy":"product_brand","embeddable":true,"href":"https:\/\/limpol.pl\/uk\/wp-json\/wp\/v2\/product_brand?post=6467"},{"taxonomy":"product_cat","embeddable":true,"href":"https:\/\/limpol.pl\/uk\/wp-json\/wp\/v2\/product_cat?post=6467"},{"taxonomy":"product_tag","embeddable":true,"href":"https:\/\/limpol.pl\/uk\/wp-json\/wp\/v2\/product_tag?post=6467"}],"curies":[{"name":"wp","href":"https:\/\/api.w.org\/{rel}","templated":true}]}}