{"id":6535,"date":"2025-06-02T18:06:01","date_gmt":"2025-06-02T16:06:01","guid":{"rendered":"https:\/\/limpol.pl\/?post_type=product&#038;p=6535"},"modified":"2026-01-29T12:07:12","modified_gmt":"2026-01-29T11:07:12","slug":"\u043a\u0432\u0430\u0441\u043e\u043b\u044f-\u0431\u0456\u043b\u0430-\u0432-\u0442\u043e\u043c\u0430\u0442\u043d\u043e\u043c\u0443-\u0441\u043e\u0443\u0441\u0456-2650-\u0433-vera","status":"publish","type":"product","link":"https:\/\/limpol.pl\/uk\/\u043f\u0440\u043e\u0434\u0443\u043a\u0442\u0438\/\u043a\u0432\u0430\u0441\u043e\u043b\u044f-\u0431\u0456\u043b\u0430-\u0432-\u0442\u043e\u043c\u0430\u0442\u043d\u043e\u043c\u0443-\u0441\u043e\u0443\u0441\u0456-2650-\u0433-vera\/","title":{"rendered":"\u041a\u0432\u0430\u0441\u043e\u043b\u044f \u0431\u0456\u043b\u0430 \u0432 \u0442\u043e\u043c\u0430\u0442\u043d\u043e\u043c\u0443 \u0441\u043e\u0443\u0441\u0456 2650 \u0433, VERA"},"content":{"rendered":"<p>VERA \u041a\u043e\u043d\u0441\u0435\u0440\u0432\u043e\u0432\u0430\u043d\u0430 \u0431\u0456\u043b\u0430 \u043a\u0432\u0430\u0441\u043e\u043b\u044f \u0432 \u0442\u043e\u043c\u0430\u0442\u043d\u043e\u043c\u0443 \u0441\u043e\u0443\u0441\u0456 2650\u0433 - \u0446\u0435 \u043f\u0440\u043e\u0434\u0443\u043a\u0442, \u043f\u0440\u0438\u0437\u043d\u0430\u0447\u0435\u043d\u0438\u0439 \u0434\u043b\u044f \u043f\u0440\u043e\u0444\u0435\u0441\u0456\u0439\u043d\u0438\u0445 \u043a\u0443\u0445\u043e\u043d\u044c, \u043a\u0435\u0439\u0442\u0435\u0440\u0438\u043d\u0433\u0443 \u0442\u0430 \u0437\u0430\u043a\u043b\u0430\u0434\u0456\u0432 \u043c\u0430\u0441\u043e\u0432\u043e\u0433\u043e \u0445\u0430\u0440\u0447\u0443\u0432\u0430\u043d\u043d\u044f. \u0417\u0430\u0432\u0434\u044f\u043a\u0438 \u0432\u0435\u043b\u0438\u043a\u043e\u043c\u0443 \u0444\u043e\u0440\u043c\u0430\u0442\u0443 \u0443\u043f\u0430\u043a\u043e\u0432\u043a\u0438 \u0432\u043e\u043d\u0430 \u0456\u0434\u0435\u0430\u043b\u044c\u043d\u043e \u043f\u0456\u0434\u0445\u043e\u0434\u0438\u0442\u044c \u0442\u0430\u043c, \u0434\u0435 \u0432\u0430\u0436\u043b\u0438\u0432\u0430 \u0435\u0444\u0435\u043a\u0442\u0438\u0432\u043d\u0456\u0441\u0442\u044c, \u0435\u043a\u043e\u043d\u043e\u043c\u0456\u044f \u0447\u0430\u0441\u0443 \u0442\u0430 \u043d\u0430\u0434\u0456\u0439\u043d\u0430 \u044f\u043a\u0456\u0441\u0442\u044c. \u0414\u0431\u0430\u0439\u043b\u0438\u0432\u043e \u043f\u0440\u0438\u0433\u043e\u0442\u043e\u0432\u0430\u043d\u0430, \u043d\u0456\u0436\u043d\u0430 \u0431\u0456\u043b\u0430 \u043a\u0432\u0430\u0441\u043e\u043b\u044f \u0437\u0430\u043d\u0443\u0440\u0435\u043d\u0430 \u0432 \u0433\u0443\u0441\u0442\u0438\u0439, \u0430\u0440\u043e\u043c\u0430\u0442\u043d\u0438\u0439 \u0442\u043e\u043c\u0430\u0442\u043d\u0438\u0439 \u0441\u043e\u0443\u0441 \u0437 \u043a\u043b\u0430\u0441\u0438\u0447\u043d\u0438\u043c, \u0434\u043e\u0431\u0440\u0435 \u0437\u0431\u0430\u043b\u0430\u043d\u0441\u043e\u0432\u0430\u043d\u0438\u043c \u0441\u043c\u0430\u043a\u043e\u043c, \u044f\u043a\u0438\u0439 \u0447\u0443\u0434\u043e\u0432\u043e \u043f\u043e\u0454\u0434\u043d\u0443\u0454\u0442\u044c\u0441\u044f \u044f\u043a \u0437 \u043c'\u044f\u0441\u043d\u0438\u043c\u0438, \u0442\u0430\u043a \u0456 \u0437 \u0432\u0435\u0433\u0435\u0442\u0430\u0440\u0456\u0430\u043d\u0441\u044c\u043a\u0438\u043c\u0438 \u0441\u0442\u0440\u0430\u0432\u0430\u043c\u0438. \u041f\u0440\u043e\u0434\u0443\u043a\u0442 \u0433\u043e\u0442\u043e\u0432\u0438\u0439 \u0434\u043e \u043f\u043e\u0434\u0430\u0447\u0456 \u043d\u0430 \u0441\u0442\u0456\u043b \u043f\u0456\u0441\u043b\u044f \u0440\u043e\u0437\u0456\u0433\u0440\u0456\u0432\u0430\u043d\u043d\u044f - \u043d\u0456\u044f\u043a\u043e\u0457 \u0434\u043e\u0434\u0430\u0442\u043a\u043e\u0432\u043e\u0457 \u043f\u0456\u0434\u0433\u043e\u0442\u043e\u0432\u043a\u0438 \u043d\u0435 \u043f\u043e\u0442\u0440\u0456\u0431\u043d\u043e, \u0449\u043e \u0437\u043d\u0430\u0447\u043d\u043e \u043f\u043e\u043b\u0435\u0433\u0448\u0443\u0454 \u043e\u0440\u0433\u0430\u043d\u0456\u0437\u0430\u0446\u0456\u044e \u043a\u0443\u0445\u043d\u0456. \u041a\u0432\u0430\u0441\u043e\u043b\u044f VERA - \u0443\u043d\u0456\u0432\u0435\u0440\u0441\u0430\u043b\u044c\u043d\u0430 \u043e\u0441\u043d\u043e\u0432\u0430 \u0434\u043b\u044f \u043a\u043b\u0430\u0441\u0438\u0447\u043d\u043e\u0433\u043e \u0441\u043d\u0456\u0434\u0430\u043d\u043a\u0443 (\u043d\u0430\u043f\u0440\u0438\u043a\u043b\u0430\u0434, \u0430\u043d\u0433\u043b\u0456\u0439\u0441\u044c\u043a\u043e\u0433\u043e), \u043e\u0431\u0456\u0434\u0443 \u0430\u0431\u043e \u0444\u0443\u0440\u0448\u0435\u0442\u0443. \u0426\u0435 \u043d\u0430\u0434\u0456\u0439\u043d\u0438\u0439 \u0432\u0438\u0431\u0456\u0440 \u0434\u043b\u044f \u043a\u0443\u0445\u0430\u0440\u0456\u0432, \u044f\u043a\u0456 \u0446\u0456\u043d\u0443\u044e\u0442\u044c \u0441\u043c\u0430\u043a, \u044f\u043a\u0456\u0441\u0442\u044c \u0442\u0430 \u0435\u0444\u0435\u043a\u0442\u0438\u0432\u043d\u0456\u0441\u0442\u044c.<\/p>","protected":false},"excerpt":{"rendered":"<p>Fasola bia\u0142a w sosie pomidorowym VERA w puszce 2650 g to produkt stworzony z my\u015bl\u0105 o profesjonalnych kuchniach, punktach gastronomicznych i zak\u0142adach zbiorowego \u017cywienia. Dzi\u0119ki du\u017cemu formatowi opakowania idealnie sprawdza si\u0119 tam, gdzie liczy si\u0119 wydajno\u015b\u0107, oszcz\u0119dno\u015b\u0107 czasu i niezawodna jako\u015b\u0107. Starannie ugotowana, delikatna bia\u0142a fasola zanurzona jest w g\u0119stym, aromatycznym sosie pomidorowym o klasycznym, [&hellip;]<\/p>\n","protected":false},"featured_media":6536,"template":"","meta":[],"product_brand":[],"product_cat":[57,263],"product_tag":[],"class_list":{"0":"post-6535","1":"product","2":"type-product","3":"status-publish","4":"has-post-thumbnail","6":"product_cat-produkty-vera","7":"product_cat-przetwory-warzywne","8":"pa_atrybut-detal-horeca-horeca","9":"pa_ilosc-sztuk-na-palecie-225","10":"pa_masa-netto-2650g","11":"pa_sztuk-w-kartonie-6-en","13":"first","14":"instock","15":"product-type-simple"},"yoast_head":"<!-- This site is optimized with the Yoast SEO plugin v27.3 - https:\/\/yoast.com\/product\/yoast-seo-wordpress\/ -->\n<title>Bia\u0142a fasola w sosie pomidorowym 2650 g, VERA - Limpol - Dystrybutor produkt\u00f3w spo\u017cywczych | Import Eksport<\/title>\n<meta name=\"robots\" content=\"index, follow, max-snippet:-1, max-image-preview:large, max-video-preview:-1\" \/>\n<link rel=\"canonical\" href=\"https:\/\/limpol.pl\/uk\/\u043f\u0440\u043e\u0434\u0443\u043a\u0442\u0438\/\u043a\u0432\u0430\u0441\u043e\u043b\u044f-\u0431\u0456\u043b\u0430-\u0432-\u0442\u043e\u043c\u0430\u0442\u043d\u043e\u043c\u0443-\u0441\u043e\u0443\u0441\u0456-2650-\u0433-vera\/\" \/>\n<meta property=\"og:locale\" content=\"uk_UA\" \/>\n<meta property=\"og:type\" content=\"article\" \/>\n<meta property=\"og:title\" content=\"Bia\u0142a fasola w sosie pomidorowym 2650 g, VERA - Limpol - Dystrybutor produkt\u00f3w spo\u017cywczych | Import Eksport\" \/>\n<meta property=\"og:description\" content=\"Fasola bia\u0142a w sosie pomidorowym VERA w puszce 2650 g to produkt stworzony z my\u015bl\u0105 o profesjonalnych kuchniach, punktach gastronomicznych i zak\u0142adach zbiorowego \u017cywienia. Dzi\u0119ki du\u017cemu formatowi opakowania idealnie sprawdza si\u0119 tam, gdzie liczy si\u0119 wydajno\u015b\u0107, oszcz\u0119dno\u015b\u0107 czasu i niezawodna jako\u015b\u0107. Starannie ugotowana, delikatna bia\u0142a fasola zanurzona jest w g\u0119stym, aromatycznym sosie pomidorowym o klasycznym, [&hellip;]\" \/>\n<meta property=\"og:url\" content=\"https:\/\/limpol.pl\/uk\/\u043f\u0440\u043e\u0434\u0443\u043a\u0442\u0438\/\u043a\u0432\u0430\u0441\u043e\u043b\u044f-\u0431\u0456\u043b\u0430-\u0432-\u0442\u043e\u043c\u0430\u0442\u043d\u043e\u043c\u0443-\u0441\u043e\u0443\u0441\u0456-2650-\u0433-vera\/\" \/>\n<meta property=\"og:site_name\" content=\"Limpol - Dystrybutor produkt\u00f3w spo\u017cywczych | Import Eksport\" \/>\n<meta property=\"article:publisher\" content=\"https:\/\/www.facebook.com\/firmalimpol\/\" \/>\n<meta property=\"article:modified_time\" content=\"2026-01-29T11:07:12+00:00\" \/>\n<meta property=\"og:image\" content=\"https:\/\/limpol.pl\/wp-content\/uploads\/2025\/06\/biala-fasola-w-sosie-pomidorowym.webp\" \/>\n\t<meta property=\"og:image:width\" content=\"1000\" \/>\n\t<meta property=\"og:image:height\" content=\"1000\" \/>\n\t<meta property=\"og:image:type\" content=\"image\/webp\" \/>\n<meta name=\"twitter:card\" content=\"summary_large_image\" \/>\n<meta name=\"twitter:label1\" content=\"\u041f\u0440\u0438\u0431\u043b. \u0447\u0430\u0441 \u0447\u0438\u0442\u0430\u043d\u043d\u044f\" \/>\n\t<meta name=\"twitter:data1\" content=\"1 \u0445\u0432\u0438\u043b\u0438\u043d\u0430\" \/>\n<script type=\"application\/ld+json\" class=\"yoast-schema-graph\">{\"@context\":\"https:\\\/\\\/schema.org\",\"@graph\":[{\"@type\":\"WebPage\",\"@id\":\"https:\\\/\\\/limpol.pl\\\/produkty\\\/biala-fasola-w-sosie-pomidorowym-2650-g-vera\\\/\",\"url\":\"https:\\\/\\\/limpol.pl\\\/produkty\\\/biala-fasola-w-sosie-pomidorowym-2650-g-vera\\\/\",\"name\":\"Bia\u0142a fasola w sosie pomidorowym 2650 g, VERA - Limpol - Dystrybutor produkt\u00f3w spo\u017cywczych | Import Eksport\",\"isPartOf\":{\"@id\":\"https:\\\/\\\/limpol.pl\\\/#website\"},\"primaryImageOfPage\":{\"@id\":\"https:\\\/\\\/limpol.pl\\\/produkty\\\/biala-fasola-w-sosie-pomidorowym-2650-g-vera\\\/#primaryimage\"},\"image\":{\"@id\":\"https:\\\/\\\/limpol.pl\\\/produkty\\\/biala-fasola-w-sosie-pomidorowym-2650-g-vera\\\/#primaryimage\"},\"thumbnailUrl\":\"https:\\\/\\\/limpol.pl\\\/wp-content\\\/uploads\\\/2025\\\/06\\\/biala-fasola-w-sosie-pomidorowym.webp\",\"datePublished\":\"2025-06-02T16:06:01+00:00\",\"dateModified\":\"2026-01-29T11:07:12+00:00\",\"breadcrumb\":{\"@id\":\"https:\\\/\\\/limpol.pl\\\/produkty\\\/biala-fasola-w-sosie-pomidorowym-2650-g-vera\\\/#breadcrumb\"},\"inLanguage\":\"uk\",\"potentialAction\":[{\"@type\":\"ReadAction\",\"target\":[\"https:\\\/\\\/limpol.pl\\\/produkty\\\/biala-fasola-w-sosie-pomidorowym-2650-g-vera\\\/\"]}]},{\"@type\":\"ImageObject\",\"inLanguage\":\"uk\",\"@id\":\"https:\\\/\\\/limpol.pl\\\/produkty\\\/biala-fasola-w-sosie-pomidorowym-2650-g-vera\\\/#primaryimage\",\"url\":\"https:\\\/\\\/limpol.pl\\\/wp-content\\\/uploads\\\/2025\\\/06\\\/biala-fasola-w-sosie-pomidorowym.webp\",\"contentUrl\":\"https:\\\/\\\/limpol.pl\\\/wp-content\\\/uploads\\\/2025\\\/06\\\/biala-fasola-w-sosie-pomidorowym.webp\",\"width\":1000,\"height\":1000},{\"@type\":\"BreadcrumbList\",\"@id\":\"https:\\\/\\\/limpol.pl\\\/produkty\\\/biala-fasola-w-sosie-pomidorowym-2650-g-vera\\\/#breadcrumb\",\"itemListElement\":[{\"@type\":\"ListItem\",\"position\":1,\"name\":\"Strona g\u0142\u00f3wna\",\"item\":\"https:\\\/\\\/limpol.pl\\\/\"},{\"@type\":\"ListItem\",\"position\":2,\"name\":\"Produkty\",\"item\":\"https:\\\/\\\/limpol.pl\\\/shop\\\/\"},{\"@type\":\"ListItem\",\"position\":3,\"name\":\"Bia\u0142a fasola w sosie pomidorowym 2650 g, VERA\"}]},{\"@type\":\"WebSite\",\"@id\":\"https:\\\/\\\/limpol.pl\\\/#website\",\"url\":\"https:\\\/\\\/limpol.pl\\\/\",\"name\":\"Limpol - Dystrybutor produkt\u00f3w spo\u017cywczych | Import Eksport\",\"description\":\"Importer i eksporter produkt\u00f3w spo\u017cywczych\",\"potentialAction\":[{\"@type\":\"SearchAction\",\"target\":{\"@type\":\"EntryPoint\",\"urlTemplate\":\"https:\\\/\\\/limpol.pl\\\/?s={search_term_string}\"},\"query-input\":{\"@type\":\"PropertyValueSpecification\",\"valueRequired\":true,\"valueName\":\"search_term_string\"}}],\"inLanguage\":\"uk\"}]}<\/script>\n<!-- \/ Yoast SEO plugin. -->","yoast_head_json":{"title":"\u041a\u0432\u0430\u0441\u043e\u043b\u044f \u0431\u0456\u043b\u0430 \u0432 \u0442\u043e\u043c\u0430\u0442\u043d\u043e\u043c\u0443 \u0441\u043e\u0443\u0441\u0456 2650 \u0433, VERA - \u041b\u0456\u043c\u043f\u043e\u043b\u044c - \u0434\u0438\u0441\u0442\u0440\u0438\u0431'\u044e\u0442\u043e\u0440 \u043f\u0440\u043e\u0434\u0443\u043a\u0442\u0456\u0432 \u0445\u0430\u0440\u0447\u0443\u0432\u0430\u043d\u043d\u044f | \u0406\u043c\u043f\u043e\u0440\u0442 \u0415\u043a\u0441\u043f\u043e\u0440\u0442","robots":{"index":"index","follow":"follow","max-snippet":"max-snippet:-1","max-image-preview":"max-image-preview:large","max-video-preview":"max-video-preview:-1"},"canonical":"https:\/\/limpol.pl\/uk\/\u043f\u0440\u043e\u0434\u0443\u043a\u0442\u0438\/\u043a\u0432\u0430\u0441\u043e\u043b\u044f-\u0431\u0456\u043b\u0430-\u0432-\u0442\u043e\u043c\u0430\u0442\u043d\u043e\u043c\u0443-\u0441\u043e\u0443\u0441\u0456-2650-\u0433-vera\/","og_locale":"uk_UA","og_type":"article","og_title":"Bia\u0142a fasola w sosie pomidorowym 2650 g, VERA - Limpol - Dystrybutor produkt\u00f3w spo\u017cywczych | Import Eksport","og_description":"Fasola bia\u0142a w sosie pomidorowym VERA w puszce 2650 g to produkt stworzony z my\u015bl\u0105 o profesjonalnych kuchniach, punktach gastronomicznych i zak\u0142adach zbiorowego \u017cywienia. Dzi\u0119ki du\u017cemu formatowi opakowania idealnie sprawdza si\u0119 tam, gdzie liczy si\u0119 wydajno\u015b\u0107, oszcz\u0119dno\u015b\u0107 czasu i niezawodna jako\u015b\u0107. Starannie ugotowana, delikatna bia\u0142a fasola zanurzona jest w g\u0119stym, aromatycznym sosie pomidorowym o klasycznym, [&hellip;]","og_url":"https:\/\/limpol.pl\/uk\/\u043f\u0440\u043e\u0434\u0443\u043a\u0442\u0438\/\u043a\u0432\u0430\u0441\u043e\u043b\u044f-\u0431\u0456\u043b\u0430-\u0432-\u0442\u043e\u043c\u0430\u0442\u043d\u043e\u043c\u0443-\u0441\u043e\u0443\u0441\u0456-2650-\u0433-vera\/","og_site_name":"Limpol - Dystrybutor produkt\u00f3w spo\u017cywczych | Import Eksport","article_publisher":"https:\/\/www.facebook.com\/firmalimpol\/","article_modified_time":"2026-01-29T11:07:12+00:00","og_image":[{"width":1000,"height":1000,"url":"https:\/\/limpol.pl\/wp-content\/uploads\/2025\/06\/biala-fasola-w-sosie-pomidorowym.webp","type":"image\/webp"}],"twitter_card":"summary_large_image","twitter_misc":{"\u041f\u0440\u0438\u0431\u043b. \u0447\u0430\u0441 \u0447\u0438\u0442\u0430\u043d\u043d\u044f":"1 \u0445\u0432\u0438\u043b\u0438\u043d\u0430"},"schema":{"@context":"https:\/\/schema.org","@graph":[{"@type":"WebPage","@id":"https:\/\/limpol.pl\/produkty\/biala-fasola-w-sosie-pomidorowym-2650-g-vera\/","url":"https:\/\/limpol.pl\/produkty\/biala-fasola-w-sosie-pomidorowym-2650-g-vera\/","name":"\u041a\u0432\u0430\u0441\u043e\u043b\u044f \u0431\u0456\u043b\u0430 \u0432 \u0442\u043e\u043c\u0430\u0442\u043d\u043e\u043c\u0443 \u0441\u043e\u0443\u0441\u0456 2650 \u0433, VERA - \u041b\u0456\u043c\u043f\u043e\u043b\u044c - \u0434\u0438\u0441\u0442\u0440\u0438\u0431'\u044e\u0442\u043e\u0440 \u043f\u0440\u043e\u0434\u0443\u043a\u0442\u0456\u0432 \u0445\u0430\u0440\u0447\u0443\u0432\u0430\u043d\u043d\u044f | \u0406\u043c\u043f\u043e\u0440\u0442 \u0415\u043a\u0441\u043f\u043e\u0440\u0442","isPartOf":{"@id":"https:\/\/limpol.pl\/#website"},"primaryImageOfPage":{"@id":"https:\/\/limpol.pl\/produkty\/biala-fasola-w-sosie-pomidorowym-2650-g-vera\/#primaryimage"},"image":{"@id":"https:\/\/limpol.pl\/produkty\/biala-fasola-w-sosie-pomidorowym-2650-g-vera\/#primaryimage"},"thumbnailUrl":"https:\/\/limpol.pl\/wp-content\/uploads\/2025\/06\/biala-fasola-w-sosie-pomidorowym.webp","datePublished":"2025-06-02T16:06:01+00:00","dateModified":"2026-01-29T11:07:12+00:00","breadcrumb":{"@id":"https:\/\/limpol.pl\/produkty\/biala-fasola-w-sosie-pomidorowym-2650-g-vera\/#breadcrumb"},"inLanguage":"uk","potentialAction":[{"@type":"ReadAction","target":["https:\/\/limpol.pl\/produkty\/biala-fasola-w-sosie-pomidorowym-2650-g-vera\/"]}]},{"@type":"ImageObject","inLanguage":"uk","@id":"https:\/\/limpol.pl\/produkty\/biala-fasola-w-sosie-pomidorowym-2650-g-vera\/#primaryimage","url":"https:\/\/limpol.pl\/wp-content\/uploads\/2025\/06\/biala-fasola-w-sosie-pomidorowym.webp","contentUrl":"https:\/\/limpol.pl\/wp-content\/uploads\/2025\/06\/biala-fasola-w-sosie-pomidorowym.webp","width":1000,"height":1000},{"@type":"BreadcrumbList","@id":"https:\/\/limpol.pl\/produkty\/biala-fasola-w-sosie-pomidorowym-2650-g-vera\/#breadcrumb","itemListElement":[{"@type":"ListItem","position":1,"name":"Strona g\u0142\u00f3wna","item":"https:\/\/limpol.pl\/"},{"@type":"ListItem","position":2,"name":"Produkty","item":"https:\/\/limpol.pl\/shop\/"},{"@type":"ListItem","position":3,"name":"Bia\u0142a fasola w sosie pomidorowym 2650 g, VERA"}]},{"@type":"WebSite","@id":"https:\/\/limpol.pl\/#website","url":"https:\/\/limpol.pl\/","name":"Limpol - \u0414\u0438\u0441\u0442\u0440\u0438\u0431'\u044e\u0442\u043e\u0440 \u043f\u0440\u043e\u0434\u0443\u043a\u0442\u0456\u0432 \u0445\u0430\u0440\u0447\u0443\u0432\u0430\u043d\u043d\u044f | \u0406\u043c\u043f\u043e\u0440\u0442 \u0415\u043a\u0441\u043f\u043e\u0440\u0442","description":"\u0406\u043c\u043f\u043e\u0440\u0442\u0435\u0440 \u0442\u0430 \u0435\u043a\u0441\u043f\u043e\u0440\u0442\u0435\u0440 \u043f\u0440\u043e\u0434\u0443\u043a\u0442\u0456\u0432 \u0445\u0430\u0440\u0447\u0443\u0432\u0430\u043d\u043d\u044f","potentialAction":[{"@type":"SearchAction","target":{"@type":"EntryPoint","urlTemplate":"https:\/\/limpol.pl\/?s={search_term_string}"},"query-input":{"@type":"PropertyValueSpecification","valueRequired":true,"valueName":"search_term_string"}}],"inLanguage":"uk"}]}},"_links":{"self":[{"href":"https:\/\/limpol.pl\/uk\/wp-json\/wp\/v2\/product\/6535","targetHints":{"allow":["GET"]}}],"collection":[{"href":"https:\/\/limpol.pl\/uk\/wp-json\/wp\/v2\/product"}],"about":[{"href":"https:\/\/limpol.pl\/uk\/wp-json\/wp\/v2\/types\/product"}],"wp:featuredmedia":[{"embeddable":true,"href":"https:\/\/limpol.pl\/uk\/wp-json\/wp\/v2\/media\/6536"}],"wp:attachment":[{"href":"https:\/\/limpol.pl\/uk\/wp-json\/wp\/v2\/media?parent=6535"}],"wp:term":[{"taxonomy":"product_brand","embeddable":true,"href":"https:\/\/limpol.pl\/uk\/wp-json\/wp\/v2\/product_brand?post=6535"},{"taxonomy":"product_cat","embeddable":true,"href":"https:\/\/limpol.pl\/uk\/wp-json\/wp\/v2\/product_cat?post=6535"},{"taxonomy":"product_tag","embeddable":true,"href":"https:\/\/limpol.pl\/uk\/wp-json\/wp\/v2\/product_tag?post=6535"}],"curies":[{"name":"wp","href":"https:\/\/api.w.org\/{rel}","templated":true}]}}