{"id":6694,"date":"2026-03-10T12:41:47","date_gmt":"2026-03-10T11:41:47","guid":{"rendered":"https:\/\/limpol.pl\/?post_type=product&#038;p=6694"},"modified":"2026-03-11T10:36:59","modified_gmt":"2026-03-11T09:36:59","slug":"mini-kolby-kukurydzy-2950g-puszka","status":"publish","type":"product","link":"https:\/\/limpol.pl\/uk\/\u043f\u0440\u043e\u0434\u0443\u043a\u0442\u0438\/mini-kolby-kukurydzy-2950g-puszka\/","title":{"rendered":"Mini kolby kukurydzy 2950g puszka"},"content":{"rendered":"<p data-path-to-node=\"14\">Wizualna i smakowa gwiazda kuchni Fusion oraz azjatyckiej. Mini kolby kukurydzy Vera to produkt najwy\u017cszej klasy, kt\u00f3ry dodaje daniom elegancji i po\u017c\u0105danej tekstury. \u015awietne jako chrupi\u0105ca przek\u0105ska, element bar\u00f3w sa\u0142atkowych, dodatek do kolorowych stir-fry oraz dekoracja p\u00f3\u0142misk\u00f3w cateringowych i da\u0144 mi\u0119snych. Jasno\u017c\u00f3\u0142ty, jednolity kolor oraz charakterystyczna &#8222;strzelaj\u0105ca&#8221; pod z\u0119bami chrupko\u015b\u0107. Kolby s\u0105 r\u00f3wnej wielko\u015bci, co u\u0142atwia porcjowanie i kontrol\u0119 koszt\u00f3w (<i data-path-to-node=\"15,1,0\" data-index-in-node=\"175\">food cost<\/i>). Produkt dedykowany dla sektora HoReCa.<\/p>","protected":false},"excerpt":{"rendered":"<p>Wizualna i smakowa gwiazda kuchni Fusion oraz azjatyckiej. Mini kolby kukurydzy Vera to produkt najwy\u017cszej klasy, kt\u00f3ry dodaje daniom elegancji i po\u017c\u0105danej tekstury. \u015awietne jako chrupi\u0105ca przek\u0105ska, element bar\u00f3w sa\u0142atkowych, dodatek do kolorowych stir-fry oraz dekoracja p\u00f3\u0142misk\u00f3w cateringowych i da\u0144 mi\u0119snych. Jasno\u017c\u00f3\u0142ty, jednolity kolor oraz charakterystyczna &#8222;strzelaj\u0105ca&#8221; pod z\u0119bami chrupko\u015b\u0107. Kolby s\u0105 r\u00f3wnej wielko\u015bci, co [&hellip;]<\/p>\n","protected":false},"featured_media":6693,"template":"","meta":[],"product_brand":[],"product_cat":[785,57,263],"product_tag":[],"class_list":{"0":"post-6694","1":"product","2":"type-product","3":"status-publish","4":"has-post-thumbnail","6":"product_cat-nowe-produkty","7":"product_cat-produkty-vera","8":"product_cat-przetwory-warzywne","9":"pa_atrybut-detal-horeca-horeca","10":"pa_ilosc-sztuk-na-palecie-203","11":"pa_masa-netto-2950g","12":"pa_masa-po-odsaczeniu-1500g-en","13":"pa_sztuk-w-kartonie-115","15":"first","16":"instock","17":"shipping-taxable","18":"product-type-simple"},"yoast_head":"<!-- This site is optimized with the Yoast SEO plugin v27.3 - https:\/\/yoast.com\/product\/yoast-seo-wordpress\/ -->\n<title>Mini kolby kukurydzy 2950g puszka - Limpol - Dystrybutor produkt\u00f3w spo\u017cywczych | Import Eksport<\/title>\n<meta name=\"robots\" content=\"index, follow, max-snippet:-1, max-image-preview:large, max-video-preview:-1\" \/>\n<link rel=\"canonical\" href=\"https:\/\/limpol.pl\/uk\/\u043f\u0440\u043e\u0434\u0443\u043a\u0442\u0438\/mini-kolby-kukurydzy-2950g-puszka\/\" \/>\n<meta property=\"og:locale\" content=\"uk_UA\" \/>\n<meta property=\"og:type\" content=\"article\" \/>\n<meta property=\"og:title\" content=\"Mini kolby kukurydzy 2950g puszka - Limpol - Dystrybutor produkt\u00f3w spo\u017cywczych | Import Eksport\" \/>\n<meta property=\"og:description\" content=\"Wizualna i smakowa gwiazda kuchni Fusion oraz azjatyckiej. Mini kolby kukurydzy Vera to produkt najwy\u017cszej klasy, kt\u00f3ry dodaje daniom elegancji i po\u017c\u0105danej tekstury. \u015awietne jako chrupi\u0105ca przek\u0105ska, element bar\u00f3w sa\u0142atkowych, dodatek do kolorowych stir-fry oraz dekoracja p\u00f3\u0142misk\u00f3w cateringowych i da\u0144 mi\u0119snych. Jasno\u017c\u00f3\u0142ty, jednolity kolor oraz charakterystyczna &#8222;strzelaj\u0105ca&#8221; pod z\u0119bami chrupko\u015b\u0107. Kolby s\u0105 r\u00f3wnej wielko\u015bci, co [&hellip;]\" \/>\n<meta property=\"og:url\" content=\"https:\/\/limpol.pl\/uk\/\u043f\u0440\u043e\u0434\u0443\u043a\u0442\u0438\/mini-kolby-kukurydzy-2950g-puszka\/\" \/>\n<meta property=\"og:site_name\" content=\"Limpol - Dystrybutor produkt\u00f3w spo\u017cywczych | Import Eksport\" \/>\n<meta property=\"article:publisher\" content=\"https:\/\/www.facebook.com\/firmalimpol\/\" \/>\n<meta property=\"article:modified_time\" content=\"2026-03-11T09:36:59+00:00\" \/>\n<meta property=\"og:image\" content=\"https:\/\/limpol.pl\/wp-content\/uploads\/2026\/03\/mini-kolby-kukurydzy-2950g-nowosc.webp\" \/>\n\t<meta property=\"og:image:width\" content=\"1000\" \/>\n\t<meta property=\"og:image:height\" content=\"1000\" \/>\n\t<meta property=\"og:image:type\" content=\"image\/webp\" \/>\n<meta name=\"twitter:card\" content=\"summary_large_image\" \/>\n<meta name=\"twitter:label1\" content=\"\u041f\u0440\u0438\u0431\u043b. \u0447\u0430\u0441 \u0447\u0438\u0442\u0430\u043d\u043d\u044f\" \/>\n\t<meta name=\"twitter:data1\" content=\"1 \u0445\u0432\u0438\u043b\u0438\u043d\u0430\" \/>\n<script type=\"application\/ld+json\" class=\"yoast-schema-graph\">{\"@context\":\"https:\\\/\\\/schema.org\",\"@graph\":[{\"@type\":\"WebPage\",\"@id\":\"https:\\\/\\\/limpol.pl\\\/produkty\\\/mini-kolby-kukurydzy-2950g-puszka\\\/\",\"url\":\"https:\\\/\\\/limpol.pl\\\/produkty\\\/mini-kolby-kukurydzy-2950g-puszka\\\/\",\"name\":\"Mini kolby kukurydzy 2950g puszka - Limpol - Dystrybutor produkt\u00f3w spo\u017cywczych | Import Eksport\",\"isPartOf\":{\"@id\":\"https:\\\/\\\/limpol.pl\\\/#website\"},\"primaryImageOfPage\":{\"@id\":\"https:\\\/\\\/limpol.pl\\\/produkty\\\/mini-kolby-kukurydzy-2950g-puszka\\\/#primaryimage\"},\"image\":{\"@id\":\"https:\\\/\\\/limpol.pl\\\/produkty\\\/mini-kolby-kukurydzy-2950g-puszka\\\/#primaryimage\"},\"thumbnailUrl\":\"https:\\\/\\\/limpol.pl\\\/wp-content\\\/uploads\\\/2026\\\/03\\\/mini-kolby-kukurydzy-2950g-nowosc.webp\",\"datePublished\":\"2026-03-10T11:41:47+00:00\",\"dateModified\":\"2026-03-11T09:36:59+00:00\",\"breadcrumb\":{\"@id\":\"https:\\\/\\\/limpol.pl\\\/produkty\\\/mini-kolby-kukurydzy-2950g-puszka\\\/#breadcrumb\"},\"inLanguage\":\"uk\",\"potentialAction\":[{\"@type\":\"ReadAction\",\"target\":[\"https:\\\/\\\/limpol.pl\\\/produkty\\\/mini-kolby-kukurydzy-2950g-puszka\\\/\"]}]},{\"@type\":\"ImageObject\",\"inLanguage\":\"uk\",\"@id\":\"https:\\\/\\\/limpol.pl\\\/produkty\\\/mini-kolby-kukurydzy-2950g-puszka\\\/#primaryimage\",\"url\":\"https:\\\/\\\/limpol.pl\\\/wp-content\\\/uploads\\\/2026\\\/03\\\/mini-kolby-kukurydzy-2950g-nowosc.webp\",\"contentUrl\":\"https:\\\/\\\/limpol.pl\\\/wp-content\\\/uploads\\\/2026\\\/03\\\/mini-kolby-kukurydzy-2950g-nowosc.webp\",\"width\":1000,\"height\":1000},{\"@type\":\"BreadcrumbList\",\"@id\":\"https:\\\/\\\/limpol.pl\\\/produkty\\\/mini-kolby-kukurydzy-2950g-puszka\\\/#breadcrumb\",\"itemListElement\":[{\"@type\":\"ListItem\",\"position\":1,\"name\":\"Strona g\u0142\u00f3wna\",\"item\":\"https:\\\/\\\/limpol.pl\\\/\"},{\"@type\":\"ListItem\",\"position\":2,\"name\":\"Produkty\",\"item\":\"https:\\\/\\\/limpol.pl\\\/shop\\\/\"},{\"@type\":\"ListItem\",\"position\":3,\"name\":\"Mini kolby kukurydzy 2950g puszka\"}]},{\"@type\":\"WebSite\",\"@id\":\"https:\\\/\\\/limpol.pl\\\/#website\",\"url\":\"https:\\\/\\\/limpol.pl\\\/\",\"name\":\"Limpol - Dystrybutor produkt\u00f3w spo\u017cywczych | Import Eksport\",\"description\":\"Importer i eksporter produkt\u00f3w spo\u017cywczych\",\"potentialAction\":[{\"@type\":\"SearchAction\",\"target\":{\"@type\":\"EntryPoint\",\"urlTemplate\":\"https:\\\/\\\/limpol.pl\\\/?s={search_term_string}\"},\"query-input\":{\"@type\":\"PropertyValueSpecification\",\"valueRequired\":true,\"valueName\":\"search_term_string\"}}],\"inLanguage\":\"uk\"}]}<\/script>\n<!-- \/ Yoast SEO plugin. -->","yoast_head_json":{"title":"Mini kolby kukurydzy 2950g puszka - Limpol - Dystrybutor produkt\u00f3w spo\u017cywczych | Import Eksport","robots":{"index":"index","follow":"follow","max-snippet":"max-snippet:-1","max-image-preview":"max-image-preview:large","max-video-preview":"max-video-preview:-1"},"canonical":"https:\/\/limpol.pl\/uk\/\u043f\u0440\u043e\u0434\u0443\u043a\u0442\u0438\/mini-kolby-kukurydzy-2950g-puszka\/","og_locale":"uk_UA","og_type":"article","og_title":"Mini kolby kukurydzy 2950g puszka - Limpol - Dystrybutor produkt\u00f3w spo\u017cywczych | Import Eksport","og_description":"Wizualna i smakowa gwiazda kuchni Fusion oraz azjatyckiej. Mini kolby kukurydzy Vera to produkt najwy\u017cszej klasy, kt\u00f3ry dodaje daniom elegancji i po\u017c\u0105danej tekstury. \u015awietne jako chrupi\u0105ca przek\u0105ska, element bar\u00f3w sa\u0142atkowych, dodatek do kolorowych stir-fry oraz dekoracja p\u00f3\u0142misk\u00f3w cateringowych i da\u0144 mi\u0119snych. Jasno\u017c\u00f3\u0142ty, jednolity kolor oraz charakterystyczna &#8222;strzelaj\u0105ca&#8221; pod z\u0119bami chrupko\u015b\u0107. Kolby s\u0105 r\u00f3wnej wielko\u015bci, co [&hellip;]","og_url":"https:\/\/limpol.pl\/uk\/\u043f\u0440\u043e\u0434\u0443\u043a\u0442\u0438\/mini-kolby-kukurydzy-2950g-puszka\/","og_site_name":"Limpol - Dystrybutor produkt\u00f3w spo\u017cywczych | Import Eksport","article_publisher":"https:\/\/www.facebook.com\/firmalimpol\/","article_modified_time":"2026-03-11T09:36:59+00:00","og_image":[{"width":1000,"height":1000,"url":"https:\/\/limpol.pl\/wp-content\/uploads\/2026\/03\/mini-kolby-kukurydzy-2950g-nowosc.webp","type":"image\/webp"}],"twitter_card":"summary_large_image","twitter_misc":{"\u041f\u0440\u0438\u0431\u043b. \u0447\u0430\u0441 \u0447\u0438\u0442\u0430\u043d\u043d\u044f":"1 \u0445\u0432\u0438\u043b\u0438\u043d\u0430"},"schema":{"@context":"https:\/\/schema.org","@graph":[{"@type":"WebPage","@id":"https:\/\/limpol.pl\/produkty\/mini-kolby-kukurydzy-2950g-puszka\/","url":"https:\/\/limpol.pl\/produkty\/mini-kolby-kukurydzy-2950g-puszka\/","name":"Mini kolby kukurydzy 2950g puszka - Limpol - Dystrybutor produkt\u00f3w spo\u017cywczych | Import Eksport","isPartOf":{"@id":"https:\/\/limpol.pl\/#website"},"primaryImageOfPage":{"@id":"https:\/\/limpol.pl\/produkty\/mini-kolby-kukurydzy-2950g-puszka\/#primaryimage"},"image":{"@id":"https:\/\/limpol.pl\/produkty\/mini-kolby-kukurydzy-2950g-puszka\/#primaryimage"},"thumbnailUrl":"https:\/\/limpol.pl\/wp-content\/uploads\/2026\/03\/mini-kolby-kukurydzy-2950g-nowosc.webp","datePublished":"2026-03-10T11:41:47+00:00","dateModified":"2026-03-11T09:36:59+00:00","breadcrumb":{"@id":"https:\/\/limpol.pl\/produkty\/mini-kolby-kukurydzy-2950g-puszka\/#breadcrumb"},"inLanguage":"uk","potentialAction":[{"@type":"ReadAction","target":["https:\/\/limpol.pl\/produkty\/mini-kolby-kukurydzy-2950g-puszka\/"]}]},{"@type":"ImageObject","inLanguage":"uk","@id":"https:\/\/limpol.pl\/produkty\/mini-kolby-kukurydzy-2950g-puszka\/#primaryimage","url":"https:\/\/limpol.pl\/wp-content\/uploads\/2026\/03\/mini-kolby-kukurydzy-2950g-nowosc.webp","contentUrl":"https:\/\/limpol.pl\/wp-content\/uploads\/2026\/03\/mini-kolby-kukurydzy-2950g-nowosc.webp","width":1000,"height":1000},{"@type":"BreadcrumbList","@id":"https:\/\/limpol.pl\/produkty\/mini-kolby-kukurydzy-2950g-puszka\/#breadcrumb","itemListElement":[{"@type":"ListItem","position":1,"name":"Strona g\u0142\u00f3wna","item":"https:\/\/limpol.pl\/"},{"@type":"ListItem","position":2,"name":"Produkty","item":"https:\/\/limpol.pl\/shop\/"},{"@type":"ListItem","position":3,"name":"Mini kolby kukurydzy 2950g puszka"}]},{"@type":"WebSite","@id":"https:\/\/limpol.pl\/#website","url":"https:\/\/limpol.pl\/","name":"Limpol - \u0414\u0438\u0441\u0442\u0440\u0438\u0431'\u044e\u0442\u043e\u0440 \u043f\u0440\u043e\u0434\u0443\u043a\u0442\u0456\u0432 \u0445\u0430\u0440\u0447\u0443\u0432\u0430\u043d\u043d\u044f | \u0406\u043c\u043f\u043e\u0440\u0442 \u0415\u043a\u0441\u043f\u043e\u0440\u0442","description":"\u0406\u043c\u043f\u043e\u0440\u0442\u0435\u0440 \u0442\u0430 \u0435\u043a\u0441\u043f\u043e\u0440\u0442\u0435\u0440 \u043f\u0440\u043e\u0434\u0443\u043a\u0442\u0456\u0432 \u0445\u0430\u0440\u0447\u0443\u0432\u0430\u043d\u043d\u044f","potentialAction":[{"@type":"SearchAction","target":{"@type":"EntryPoint","urlTemplate":"https:\/\/limpol.pl\/?s={search_term_string}"},"query-input":{"@type":"PropertyValueSpecification","valueRequired":true,"valueName":"search_term_string"}}],"inLanguage":"uk"}]}},"_links":{"self":[{"href":"https:\/\/limpol.pl\/uk\/wp-json\/wp\/v2\/product\/6694","targetHints":{"allow":["GET"]}}],"collection":[{"href":"https:\/\/limpol.pl\/uk\/wp-json\/wp\/v2\/product"}],"about":[{"href":"https:\/\/limpol.pl\/uk\/wp-json\/wp\/v2\/types\/product"}],"wp:featuredmedia":[{"embeddable":true,"href":"https:\/\/limpol.pl\/uk\/wp-json\/wp\/v2\/media\/6693"}],"wp:attachment":[{"href":"https:\/\/limpol.pl\/uk\/wp-json\/wp\/v2\/media?parent=6694"}],"wp:term":[{"taxonomy":"product_brand","embeddable":true,"href":"https:\/\/limpol.pl\/uk\/wp-json\/wp\/v2\/product_brand?post=6694"},{"taxonomy":"product_cat","embeddable":true,"href":"https:\/\/limpol.pl\/uk\/wp-json\/wp\/v2\/product_cat?post=6694"},{"taxonomy":"product_tag","embeddable":true,"href":"https:\/\/limpol.pl\/uk\/wp-json\/wp\/v2\/product_tag?post=6694"}],"curies":[{"name":"wp","href":"https:\/\/api.w.org\/{rel}","templated":true}]}}